{"id":115,"date":"2024-02-16T13:12:37","date_gmt":"2024-02-16T13:12:37","guid":{"rendered":"https:\/\/blog.yoopies.lt\/ieskau-aukles\/sutartis-su-aukle\/"},"modified":"2025-06-12T08:48:24","modified_gmt":"2025-06-12T08:48:24","slug":"sutartis-su-aukle","status":"publish","type":"page","link":"https:\/\/yoopies.lt\/c\/ieskau-aukles\/sutartis-su-aukle\/","title":{"rendered":"Sutartis su aukle: k\u0105 reikia \u017einoti prie\u0161 pasira\u0161ant"},"content":{"rendered":"<p><p>Pasira&scaron;yti sutart\u012f su aukle n\u0117ra prievol\u0117, ta\u010diau b\u016bt\u0173 tikslinga. Ra&scaron;tu suderint\u0173 detali\u0173 da\u017eniausiai geriau laikomasi. I&scaron;siskyrus nuomon\u0117ms, bet kada gal\u0117site sugr\u012f\u017eti prie sutartyje nurodyt\u0173 s\u0105lyg\u0173. Sutarties sudarymas da\u017enai gali apsaugoti jus nuo nesusipratim\u0173 bei kit\u0173 rizik\u0173.<\/p>\n<p>Atkreipkite d\u0117mes\u012f, jog auklei dirbant pagal individualios veiklos pa\u017eym\u0105 ar verslo liudijim\u0105, jums nereik\u0117s r\u016bpintis aukl\u0117s atostoginiais bei kitais mokes\u010diais, nes aukl\u0117 juos susimoka pati. Taipogi, jeigu aukl\u0117 dirba pagal individualios veiklos pa\u017eym\u0105 ar verslo liudijim\u0105, turite galimyb\u0119 susigra\u017einti net iki 400 eur., deklaruojant pajamas kiekvien\u0173 met\u0173 baland\u017eio m\u0117n.<\/p>\n<\/p>\n<p><h2>K\u0105 reik\u0117t\u0173 \u012ftraukti \u012f sutart\u012f su aukle?<\/h2>\n<\/p>\n<p>Pasistenkite \u012f sutart\u012f \u012ftraukti visus aspektus, net jei jie gali pasirodyti nereik&scaron;mingi, kad v\u0117liau neb\u016bt\u0173 d\u0117l ko gin\u010dytis. \u017dinokite, jog bet koks dviem egzemplioriais sura&scaron;ytas ir abiej\u0173 &scaron;ali\u0173 pasira&scaron;ytas susitarimas jau yra dokumentas. Taigi, k\u0105 b\u016bt\u0173 svarbu \u012ftraukti \u012f sutart\u012f? Darbo sutartis tur\u0117t\u0173 apimti:<\/p>\n<ol>\n<li><strong>Konfidencialumas.<\/strong>&nbsp;J\u016bs turite teis\u0119 papra&scaron;yti, tiksliau &ndash; reikalauti, kad niekam neb\u016bt\u0173 atskleista informacija nei apie ma\u017eyl\u012f, nei apie jus, nei apie j\u016bs\u0173 namus. Pasir\u016bpinkite savo &scaron;eimos privatumu.\n<\/li>\n<li><strong>Darbo laikas.&nbsp;<\/strong>Tiksliai nurodykite aukl\u0117s darbo valandas. Jei neturite tikslaus grafiko, nurodykite darbo valandas per dien\u0105 ar savait\u0119 bei sutarkite kiek laiko prie&scaron; darbo prad\u017ei\u0105, tur\u0117site prane&scaron;ti auklei jos darbo valandas. Jei pageidausite, jog aukl\u0117 retkar\u010diais dirbt\u0173 vir&scaron;valand\u017eius (vakarais ar savaitgaliais) arba kartu vykt\u0173 su jumis atostog\u0173, nepamir&scaron;kite aptarti ir &scaron;i\u0173 s\u0105lyg\u0173. Taip pat sutarkitear aukl\u0117 retkar\u010diais gal\u0117s papra&scaron;yti laisvo pusdienio, pavyzd\u017eiui, prireikus nueiti pas gydytoj\u0105 ar susitvarkyti kitus skubius reikalus. \n<\/li>\n<li><strong>Darbo u\u017emokestis.&nbsp;<\/strong>Atlyginimas auklei turi b\u016bti mokamas sutartu laiku. Suma gali priklausyti nuo j\u016bs\u0173 susitarimo &ndash; u\u017e valandas, savait\u0119 ar m\u0117nes\u012f. Paprastai valandin\u0117 auklyt\u0117 kainuoja brangiau, nei ta, kuri dirb\u0105 vis\u0105 dien\u0105. Nepamir&scaron;kite aptarti ir vir&scaron;valand\u017ei\u0173 klausimo, jeigu \u012fkainis skirsis &#8211; nurodykite ir vir&scaron;valand\u017ei\u0173 atlyginim\u0105.\n<\/li>\n<li><strong>Maistas.&nbsp;<\/strong>\u010cia yra visi&scaron;kai susitarimo reikalas. Maisto klausimas priklauso ir nuo aukl\u0117s darbo valand\u0173, t.y. auklei dirban\u010diai tik kelias valandas per dien\u0105 gal ir nebus toks aktualus maisto klausimas, ta\u010diau visuomet geriau aptarti, kad v\u0117liau nekilt\u0173 klausim\u0173. Galite pasi\u016blyti auklei ne&scaron;tis savo maist\u0105, kur\u012f pas jus tik pasi&scaron;ildys. O galite susitarti ir tai, kad aukl\u0117 valgys tai, k\u0105 gamins j\u016bs\u0173 ma\u017eyliui.  \n<\/li>\n<li><strong>Papildomi darbai.<\/strong>&nbsp; Pagrindin\u0117 aukl\u0117s pareiga &ndash; r\u016bpintis ma\u017eyliu ir sutvarkyti jo kambar\u012f ar buvimo zon\u0105, tiksliau &ndash; palikti namus tokius, kokius ir surado. D\u0117l papildom\u0173 darb\u0173 (kambari\u0173 tvarkymo, drabu\u017ei\u0173 skalbimo ar lyginimo, maisto visai &scaron;eimai gaminimo) tur\u0117t\u0173 b\u016bti deramasi atskirai. <\/li>\n<\/ol>\n<p>Papildoma informacij\u0105, kuri\u0105 b\u016bt\u0173 gerai aptarti ir \u012fsitraukti \u012f sutart\u012f:<\/p>\n<ol>\n<li><strong>Re\u017eimas.<\/strong>&nbsp;Nurodykite, kokio re\u017eimo pageidaujate: kada ma\u017eyl\u012f guldyti, kada maitinti, kada vesti \u012f lauk\u0105. Jei manote, kad aukl\u0117 turi visa tai \u017einoti, smarkiai klystate &ndash; kiekvieni t\u0117vai nustato skirting\u0105 r\u0117\u017eim\u0105. Pavyzd\u017eiui, vieniems t\u0117vams labai svarbu, kad ma\u017eylis kuo daugiau laiko praleist\u0173 kieme, net jei oro s\u0105lygos n\u0117ra pa\u010dios palankiausios, o kiti t\u0117vai \u012fsitikin\u0119, kad \u012f lauk\u0105 reikia eiti tik &scaron;vie\u010diant saulei. \n<\/li>\n<li><strong>Maitinimas.&nbsp;<\/strong>Aptarkite, kieno pareiga gaminti maist\u0105. Kiek ir k\u0105 j\u016bs\u0173 vaikas valgys, ko jis valgyti negali, ypatingai, ar turi alergij\u0173. Jei nenorite, kad u\u017ekand\u017eiaut\u0173 tarp pagrindini\u0173 maitinim\u0173 arba valgyt\u0173 tik vaisius, apie tai taip pat nepamir&scaron;kite pasakyti. B\u016btinai aptarkite, kaip auklei elgtis, jei vaikas nevalgo &ndash; ar \u017e\u016btb\u016bt m\u0117ginti jam \u012fsi\u016blyti, ar neb\u016btinai. Jei namie yra vyresni\u0173 vaik\u0173, turi b\u016bti susitarta, ar aukl\u0117 turi gaminti jiems, ar turi pasir\u016bpinti, kad jie pavalgyt\u0173 ir pan.\n<\/li>\n<li><strong>Veikla.<\/strong>&nbsp;I&scaron;reik&scaron;kite savo l\u016bkes\u010dius, kaip nor\u0117tum\u0117te, kad prab\u0117gt\u0173 j\u016bs\u0173 at\u017ealos diena. Jeigu norite, kad vaikas kaskart eit\u0173 tik \u012f park\u0105, o ne s\u0117d\u0117t\u0173 kiemo sm\u0117lio d\u0117\u017e\u0117je, o galb\u016bt norite, jog kiekvien\u0105 dien\u0105 vaikas praleist\u0173 skirtingai, u\u017esiimant skirtinga veikla? T\u0105 taipogi svarbu nurodyti, kad aukl\u0117 \u017einot\u0173 j\u016bs\u0173 l\u016bkes\u010dius. Taip pat, ar gr\u012f\u017eus namo vaikui galima kartais \u012fjungti filmukus, ar televizoriaus \u017ei\u016br\u0117jimas yra draud\u017eiamas? Aptarkite \u012fvairiausias veiklas, kurias norite, jog j\u016bs\u0173 vaikas u\u017esiimt\u0173 arba visai neatlikt\u0173, pavyzd\u017eiui, knygeli\u0173 skaitymas, \u017eaidimas su kitais vaikais ir kt.\n<\/li>\n<li><strong>Tvarka.<\/strong>&nbsp;Nuspr\u0119skite, ar aukl\u0117s pareiga tik sutvarkyti ma\u017eylio i&scaron;m\u0117tytus daiktus, ar dar ir i&scaron;skalbti jo suteptus drabu\u017e\u0117lius. Ar ji turi i&scaron;plauti tik vaiko duben\u0117l\u012f, ar dar ir puod\u0105, kuriame vir\u0117 maistas, nuvalyti vyrykl\u0119. Gali b\u016bti ir taip, kad aukl\u0117s nuomone, ji pasitarnaus, jei radusi laisvo laiko patvarkys namus, o jums prie&scaron;ingai &ndash; visai nesinori, kad svetimas \u017emogus ki&scaron;t\u0173si \u012f j\u016bs\u0173 buit\u012f.\n<\/li>\n<li><strong>Laikas, kai vaikas miega.&nbsp;<\/strong>Pasikalb\u0117kite, k\u0105 tuo metu nor\u0117t\u0173 veikti aukl\u0117 ir ar tai jums priimtina. Ar ji gali tyliai \u017ei\u016br\u0117ti televizori\u0173, kalb\u0117ti telefonu, ar norite kad tuo metu aptvarkyt\u0173 namus ir kt.\n<\/li>\n<li><strong>Higiena. <\/strong>Kiekvieno asmens higiena yra skirtinga ir kas jums gali atrodyti savaime suprantama, kitam asmeniui taip nepasirodys. Tad b\u016btinai pasir\u016bpinkite, jog aukl\u0117 \u017eino j\u016bs\u0173 &scaron;eimos higien\u0105. Pavyzd\u017eiui, nurodykite, jog auklei su ma\u017eyliu sugr\u012f\u017eus i&scaron; lauko, yra reikalinga pirmiausia nusiplauti rankas. Taip pat su rank\u0173 plovimu prie&scaron; maisto valgym\u0105. Nepamir&scaron;kite aptarti su aukle, ar norite jog ji nupraust\u0173 j\u016bs\u0173 vaik\u0105 ir paruo&scaron;t\u0173 miegui, ar tai j\u016bs\u0173 ritualas.<\/li>\n<\/ol>\n<p>Daugiau apie aukl\u0117s paie&scaron;kas, kainas, klausimus, kuriuos galite u\u017eduoti ir kita informacija prieinama m\u016bs\u0173 straipsnyje <a href=\"https:\/\/yoopies.lt\/c\/ieskau-aukles\/sutartis-su-aukle\">\u010dia<\/a>.<\/p>\n<\/p>\n<figure><img decoding=\"async\" src=\"https:\/\/yoopies.lt\/c\/wp-content\/uploads\/sites\/12\/2024\/02\/c5ee55c6-da6e-4d8a-aaee-d6a950388eba-shutterstock-272956238.jpg\" \/><\/figure>\n","protected":false},"excerpt":{"rendered":"<p>Pasira&scaron;yti sutart\u012f su aukle n\u0117ra prievol\u0117, ta\u010diau b\u016bt\u0173 tikslinga. Ra&scaron;tu suderint\u0173 detali\u0173 da\u017eniausiai geriau laikomasi. &hellip; <\/p>\n","protected":false},"author":10,"featured_media":117,"parent":43,"menu_order":0,"comment_status":"closed","ping_status":"closed","template":"","meta":{"_acf_changed":false,"footnotes":""},"class_list":["post-115","page","type-page","status-publish","has-post-thumbnail","hentry"],"acf":[],"yoast_head":"<!-- This site is optimized with the Yoast SEO plugin v26.9 - https:\/\/yoast.com\/product\/yoast-seo-wordpress\/ -->\n<title>Sutartis su aukle: k\u0105 reikia \u017einoti prie\u0161 pasira\u0161ant<\/title>\n<meta name=\"description\" content=\"Planuojate pasinaudoti aukl\u0117s paslaugomis? Nepamir\u0161kite pasira\u0161yti sutarties. Susipa\u017einkite su sutarties su aukle dalimis bei atsisi\u0173skite sutarties pavyzd\u012f.\" \/>\n<meta name=\"robots\" content=\"index, follow, max-snippet:-1, max-image-preview:large, max-video-preview:-1\" \/>\n<link rel=\"canonical\" href=\"https:\/\/yoopies.lt\/c\/ieskau-aukles\/sutartis-su-aukle\/\" \/>\n<meta property=\"og:locale\" content=\"lt_LT\" \/>\n<meta property=\"og:type\" content=\"article\" \/>\n<meta property=\"og:title\" content=\"Sutartis su aukle: k\u0105 reikia \u017einoti prie\u0161 pasira\u0161ant\" \/>\n<meta property=\"og:description\" content=\"Planuojate pasinaudoti aukl\u0117s paslaugomis? Nepamir\u0161kite pasira\u0161yti sutarties. Susipa\u017einkite su sutarties su aukle dalimis bei atsisi\u0173skite sutarties pavyzd\u012f.\" \/>\n<meta property=\"og:url\" content=\"https:\/\/yoopies.lt\/c\/ieskau-aukles\/sutartis-su-aukle\/\" \/>\n<meta property=\"og:site_name\" content=\"Yoopies Lietuva Blog\" \/>\n<meta property=\"article:modified_time\" content=\"2025-06-12T08:48:24+00:00\" \/>\n<meta property=\"og:image\" content=\"https:\/\/yoopies.lt\/c\/wp-content\/uploads\/sites\/12\/2024\/02\/d07d688f-0985-424d-ae11-20c3a1cbd57e-shutterstock-272956238.jpg\" \/>\n\t<meta property=\"og:image:width\" content=\"1200\" \/>\n\t<meta property=\"og:image:height\" content=\"800\" \/>\n\t<meta property=\"og:image:type\" content=\"image\/jpeg\" \/>\n<meta name=\"twitter:card\" content=\"summary_large_image\" \/>\n<meta name=\"twitter:label1\" content=\"Est. reading time\" \/>\n\t<meta name=\"twitter:data1\" content=\"5 minut\u0117s\" \/>\n<script type=\"application\/ld+json\" class=\"yoast-schema-graph\">{\"@context\":\"https:\/\/schema.org\",\"@graph\":[{\"@type\":\"WebPage\",\"@id\":\"https:\/\/yoopies.lt\/c\/ieskau-aukles\/sutartis-su-aukle\/\",\"url\":\"https:\/\/yoopies.lt\/c\/ieskau-aukles\/sutartis-su-aukle\/\",\"name\":\"Sutartis su aukle: k\u0105 reikia \u017einoti prie\u0161 pasira\u0161ant\",\"isPartOf\":{\"@id\":\"https:\/\/yoopies.lt\/c\/#website\"},\"primaryImageOfPage\":{\"@id\":\"https:\/\/yoopies.lt\/c\/ieskau-aukles\/sutartis-su-aukle\/#primaryimage\"},\"image\":{\"@id\":\"https:\/\/yoopies.lt\/c\/ieskau-aukles\/sutartis-su-aukle\/#primaryimage\"},\"thumbnailUrl\":\"https:\/\/yoopies.lt\/c\/wp-content\/uploads\/sites\/12\/2024\/02\/d07d688f-0985-424d-ae11-20c3a1cbd57e-shutterstock-272956238.jpg\",\"datePublished\":\"2024-02-16T13:12:37+00:00\",\"dateModified\":\"2025-06-12T08:48:24+00:00\",\"description\":\"Planuojate pasinaudoti aukl\u0117s paslaugomis? Nepamir\u0161kite pasira\u0161yti sutarties. Susipa\u017einkite su sutarties su aukle dalimis bei atsisi\u0173skite sutarties pavyzd\u012f.\",\"breadcrumb\":{\"@id\":\"https:\/\/yoopies.lt\/c\/ieskau-aukles\/sutartis-su-aukle\/#breadcrumb\"},\"inLanguage\":\"lt-LT\",\"potentialAction\":[{\"@type\":\"ReadAction\",\"target\":[\"https:\/\/yoopies.lt\/c\/ieskau-aukles\/sutartis-su-aukle\/\"]}]},{\"@type\":\"ImageObject\",\"inLanguage\":\"lt-LT\",\"@id\":\"https:\/\/yoopies.lt\/c\/ieskau-aukles\/sutartis-su-aukle\/#primaryimage\",\"url\":\"https:\/\/yoopies.lt\/c\/wp-content\/uploads\/sites\/12\/2024\/02\/d07d688f-0985-424d-ae11-20c3a1cbd57e-shutterstock-272956238.jpg\",\"contentUrl\":\"https:\/\/yoopies.lt\/c\/wp-content\/uploads\/sites\/12\/2024\/02\/d07d688f-0985-424d-ae11-20c3a1cbd57e-shutterstock-272956238.jpg\",\"width\":1200,\"height\":800},{\"@type\":\"BreadcrumbList\",\"@id\":\"https:\/\/yoopies.lt\/c\/ieskau-aukles\/sutartis-su-aukle\/#breadcrumb\",\"itemListElement\":[{\"@type\":\"ListItem\",\"position\":1,\"name\":\"Home\",\"item\":\"https:\/\/yoopies.lt\/c\/\"},{\"@type\":\"ListItem\",\"position\":2,\"name\":\"Kaip rasti tinkam\u0105 aukl\u0119: patarimai ir gudryb\u0117s\",\"item\":\"https:\/\/yoopies.lt\/c\/ieskau-aukles\/\"},{\"@type\":\"ListItem\",\"position\":3,\"name\":\"Sutartis su aukle: k\u0105 reikia \u017einoti prie\u0161 pasira\u0161ant\"}]},{\"@type\":\"WebSite\",\"@id\":\"https:\/\/yoopies.lt\/c\/#website\",\"url\":\"https:\/\/yoopies.lt\/c\/\",\"name\":\"Yoopies Lietuva Blog\",\"description\":\"\",\"publisher\":{\"@id\":\"https:\/\/yoopies.lt\/c\/#organization\"},\"potentialAction\":[{\"@type\":\"SearchAction\",\"target\":{\"@type\":\"EntryPoint\",\"urlTemplate\":\"https:\/\/yoopies.lt\/c\/?s={search_term_string}\"},\"query-input\":{\"@type\":\"PropertyValueSpecification\",\"valueRequired\":true,\"valueName\":\"search_term_string\"}}],\"inLanguage\":\"lt-LT\"},{\"@type\":\"Organization\",\"@id\":\"https:\/\/yoopies.lt\/c\/#organization\",\"name\":\"Yoopies Lietuva Blog\",\"url\":\"https:\/\/yoopies.lt\/c\/\",\"logo\":{\"@type\":\"ImageObject\",\"inLanguage\":\"lt-LT\",\"@id\":\"https:\/\/yoopies.lt\/c\/#\/schema\/logo\/image\/\",\"url\":\"https:\/\/yoopies.lt\/c\/wp-content\/uploads\/sites\/12\/2025\/05\/cropped-Logo_Yoopies-2.png\",\"contentUrl\":\"https:\/\/yoopies.lt\/c\/wp-content\/uploads\/sites\/12\/2025\/05\/cropped-Logo_Yoopies-2.png\",\"width\":512,\"height\":512,\"caption\":\"Yoopies Lietuva Blog\"},\"image\":{\"@id\":\"https:\/\/yoopies.lt\/c\/#\/schema\/logo\/image\/\"}}]}<\/script>\n<!-- \/ Yoast SEO plugin. -->","yoast_head_json":{"title":"Sutartis su aukle: k\u0105 reikia \u017einoti prie\u0161 pasira\u0161ant","description":"Planuojate pasinaudoti aukl\u0117s paslaugomis? Nepamir\u0161kite pasira\u0161yti sutarties. Susipa\u017einkite su sutarties su aukle dalimis bei atsisi\u0173skite sutarties pavyzd\u012f.","robots":{"index":"index","follow":"follow","max-snippet":"max-snippet:-1","max-image-preview":"max-image-preview:large","max-video-preview":"max-video-preview:-1"},"canonical":"https:\/\/yoopies.lt\/c\/ieskau-aukles\/sutartis-su-aukle\/","og_locale":"lt_LT","og_type":"article","og_title":"Sutartis su aukle: k\u0105 reikia \u017einoti prie\u0161 pasira\u0161ant","og_description":"Planuojate pasinaudoti aukl\u0117s paslaugomis? Nepamir\u0161kite pasira\u0161yti sutarties. Susipa\u017einkite su sutarties su aukle dalimis bei atsisi\u0173skite sutarties pavyzd\u012f.","og_url":"https:\/\/yoopies.lt\/c\/ieskau-aukles\/sutartis-su-aukle\/","og_site_name":"Yoopies Lietuva Blog","article_modified_time":"2025-06-12T08:48:24+00:00","og_image":[{"width":1200,"height":800,"url":"https:\/\/yoopies.lt\/c\/wp-content\/uploads\/sites\/12\/2024\/02\/d07d688f-0985-424d-ae11-20c3a1cbd57e-shutterstock-272956238.jpg","type":"image\/jpeg"}],"twitter_card":"summary_large_image","twitter_misc":{"Est. reading time":"5 minut\u0117s"},"schema":{"@context":"https:\/\/schema.org","@graph":[{"@type":"WebPage","@id":"https:\/\/yoopies.lt\/c\/ieskau-aukles\/sutartis-su-aukle\/","url":"https:\/\/yoopies.lt\/c\/ieskau-aukles\/sutartis-su-aukle\/","name":"Sutartis su aukle: k\u0105 reikia \u017einoti prie\u0161 pasira\u0161ant","isPartOf":{"@id":"https:\/\/yoopies.lt\/c\/#website"},"primaryImageOfPage":{"@id":"https:\/\/yoopies.lt\/c\/ieskau-aukles\/sutartis-su-aukle\/#primaryimage"},"image":{"@id":"https:\/\/yoopies.lt\/c\/ieskau-aukles\/sutartis-su-aukle\/#primaryimage"},"thumbnailUrl":"https:\/\/yoopies.lt\/c\/wp-content\/uploads\/sites\/12\/2024\/02\/d07d688f-0985-424d-ae11-20c3a1cbd57e-shutterstock-272956238.jpg","datePublished":"2024-02-16T13:12:37+00:00","dateModified":"2025-06-12T08:48:24+00:00","description":"Planuojate pasinaudoti aukl\u0117s paslaugomis? Nepamir\u0161kite pasira\u0161yti sutarties. Susipa\u017einkite su sutarties su aukle dalimis bei atsisi\u0173skite sutarties pavyzd\u012f.","breadcrumb":{"@id":"https:\/\/yoopies.lt\/c\/ieskau-aukles\/sutartis-su-aukle\/#breadcrumb"},"inLanguage":"lt-LT","potentialAction":[{"@type":"ReadAction","target":["https:\/\/yoopies.lt\/c\/ieskau-aukles\/sutartis-su-aukle\/"]}]},{"@type":"ImageObject","inLanguage":"lt-LT","@id":"https:\/\/yoopies.lt\/c\/ieskau-aukles\/sutartis-su-aukle\/#primaryimage","url":"https:\/\/yoopies.lt\/c\/wp-content\/uploads\/sites\/12\/2024\/02\/d07d688f-0985-424d-ae11-20c3a1cbd57e-shutterstock-272956238.jpg","contentUrl":"https:\/\/yoopies.lt\/c\/wp-content\/uploads\/sites\/12\/2024\/02\/d07d688f-0985-424d-ae11-20c3a1cbd57e-shutterstock-272956238.jpg","width":1200,"height":800},{"@type":"BreadcrumbList","@id":"https:\/\/yoopies.lt\/c\/ieskau-aukles\/sutartis-su-aukle\/#breadcrumb","itemListElement":[{"@type":"ListItem","position":1,"name":"Home","item":"https:\/\/yoopies.lt\/c\/"},{"@type":"ListItem","position":2,"name":"Kaip rasti tinkam\u0105 aukl\u0119: patarimai ir gudryb\u0117s","item":"https:\/\/yoopies.lt\/c\/ieskau-aukles\/"},{"@type":"ListItem","position":3,"name":"Sutartis su aukle: k\u0105 reikia \u017einoti prie\u0161 pasira\u0161ant"}]},{"@type":"WebSite","@id":"https:\/\/yoopies.lt\/c\/#website","url":"https:\/\/yoopies.lt\/c\/","name":"Yoopies Lietuva Blog","description":"","publisher":{"@id":"https:\/\/yoopies.lt\/c\/#organization"},"potentialAction":[{"@type":"SearchAction","target":{"@type":"EntryPoint","urlTemplate":"https:\/\/yoopies.lt\/c\/?s={search_term_string}"},"query-input":{"@type":"PropertyValueSpecification","valueRequired":true,"valueName":"search_term_string"}}],"inLanguage":"lt-LT"},{"@type":"Organization","@id":"https:\/\/yoopies.lt\/c\/#organization","name":"Yoopies Lietuva Blog","url":"https:\/\/yoopies.lt\/c\/","logo":{"@type":"ImageObject","inLanguage":"lt-LT","@id":"https:\/\/yoopies.lt\/c\/#\/schema\/logo\/image\/","url":"https:\/\/yoopies.lt\/c\/wp-content\/uploads\/sites\/12\/2025\/05\/cropped-Logo_Yoopies-2.png","contentUrl":"https:\/\/yoopies.lt\/c\/wp-content\/uploads\/sites\/12\/2025\/05\/cropped-Logo_Yoopies-2.png","width":512,"height":512,"caption":"Yoopies Lietuva Blog"},"image":{"@id":"https:\/\/yoopies.lt\/c\/#\/schema\/logo\/image\/"}}]}},"_links":{"self":[{"href":"https:\/\/yoopies.lt\/c\/wp-json\/wp\/v2\/pages\/115","targetHints":{"allow":["GET"]}}],"collection":[{"href":"https:\/\/yoopies.lt\/c\/wp-json\/wp\/v2\/pages"}],"about":[{"href":"https:\/\/yoopies.lt\/c\/wp-json\/wp\/v2\/types\/page"}],"author":[{"embeddable":true,"href":"https:\/\/yoopies.lt\/c\/wp-json\/wp\/v2\/users\/10"}],"replies":[{"embeddable":true,"href":"https:\/\/yoopies.lt\/c\/wp-json\/wp\/v2\/comments?post=115"}],"version-history":[{"count":1,"href":"https:\/\/yoopies.lt\/c\/wp-json\/wp\/v2\/pages\/115\/revisions"}],"predecessor-version":[{"id":118,"href":"https:\/\/yoopies.lt\/c\/wp-json\/wp\/v2\/pages\/115\/revisions\/118"}],"up":[{"embeddable":true,"href":"https:\/\/yoopies.lt\/c\/wp-json\/wp\/v2\/pages\/43"}],"wp:featuredmedia":[{"embeddable":true,"href":"https:\/\/yoopies.lt\/c\/wp-json\/wp\/v2\/media\/117"}],"wp:attachment":[{"href":"https:\/\/yoopies.lt\/c\/wp-json\/wp\/v2\/media?parent=115"}],"curies":[{"name":"wp","href":"https:\/\/api.w.org\/{rel}","templated":true}]}}