{"id":119,"date":"2024-02-16T13:05:08","date_gmt":"2024-02-16T13:05:08","guid":{"rendered":"https:\/\/blog.yoopies.lt\/ieskau-aukles\/aukles-interviu-klausimai\/"},"modified":"2025-06-12T08:48:24","modified_gmt":"2025-06-12T08:48:24","slug":"aukles-interviu-klausimai","status":"publish","type":"page","link":"https:\/\/yoopies.lt\/c\/ieskau-aukles\/aukles-interviu-klausimai\/","title":{"rendered":"Klausimai auklei, kurie pad\u0117s tinkamai pasirinkti"},"content":{"rendered":"<p><p>Da\u017enai gali b\u016bti sunku i&scaron;sirinkti i&scaron; didelio aukli\u0173 rato. &#8222;Yoopies&#8221; turime daugyb\u0119 aukli\u0173 profili\u0173 tarp kuri\u0173 galite nar&scaron;yti ir rinktis, ta\u010diau spr\u0119sti vien i&scaron; internetinio puslapio gali b\u016bti sunku. Tod\u0117l labai rekomenduojame susitikti su kiekviena aukle, kuri patraukia j\u016bs\u0173 d\u0117mes\u012f, kad gal\u0117tum\u0117t daugiau apie j\u0105 su\u017einoti bei u\u017eduoti klausimus.<\/p>\n<\/p>\n<p>\u017demiau pateikiami kai kurie svarb\u016bs aukl\u0117s interviu klausimai ir patarimai, kurie, m\u016bs\u0173 manymu, yra b\u016btini, siekiant i&scaron;siai&scaron;kinti, ar &scaron;is asmuo yra tinkamas j\u016bs\u0173 &scaron;eimai. &Scaron;is s\u0105ra&scaron;as puikiai veikia, kaip aukl\u0117s interviu kontrolinis s\u0105ra&scaron;as t\u0117vams.<\/p>\n<\/p>\n<h2><strong>Klausimai auklei<\/strong><\/h2>\n<\/p>\n<p><strong>1. Kokia j\u016bs\u0173 patirtis?<\/strong><\/p>\n<p>Vis\u0173 pirma, nor\u0117site su\u017einoti, ar j\u016bs\u0173 kandidatas turi ankstesn\u0119 vaik\u0173 prie\u017ei\u016bros patirt\u012f, nesvarbu, ar tai b\u016bt\u0173 aukl\u0117, dar\u017eelio aukl\u0117toja, mokytoja ar pan. Tai yra j\u016bs\u0173 galimyb\u0117 su\u017einoti daugiau informacijos apie ankstesnes atsakomybes, kur aukl\u0117 dirbo, kokias pareigas atliko ir kt.<\/p>\n<p>Taip pat tai leid\u017eia \u012fsivertinti, kokias u\u017eduotis aukl\u0117 gal\u0117t\u0173 atlikti. Pavyzd\u017eiui, jei norite, kad j\u016bs\u0173 aukl\u0117 patvarkyt\u0173 namus, kol vaikas miega, tai b\u016bt\u0173 gerai pasi\u017ei\u016br\u0117ti ar jos anksten\u0117 patirtis ap\u0117m\u0117 &scaron;ias pareigybes.<\/p>\n<p>Taipogi gal\u0117site i&scaron;siai&scaron;kinti, ar j\u016bs\u0173 kandidatuojanti aukl\u0117 turi ankstesn\u0117s patirties su pana&scaron;aus am\u017eiaus vaikais. J\u016bs b\u016bsite labiau link\u0119 pasitik\u0117ti aukl\u0117s geb\u0117jimu pakeisti sauskelnes j\u016bs\u0173 ma\u017eyliui, jeigu ji ank&scaron;\u010diau dirbo su k\u016bdikiais. Taip pat, jeigu aukl\u0117 dirbo su tokio pat am\u017eiaus vaikais, kaip ir j\u016bs\u0173 vaikai, tai galite tik\u0117tis, jog mok\u0117s u\u017esiimti bei sudominti j\u016bs\u0173 at\u017ealas. Pasidom\u0117kite, kokiomis veiklomis aukl\u0117 u\u017eimdavo vaikus, galb\u016bt eidavo pasivaik\u010dioti \u012f parkus ir \u017eaisdavo \u017eaidimus, ar mokydavo angl\u0173 kalbos.<\/p>\n<\/p>\n<p><strong>2. Kod\u0117l nusprend\u0117te tapti aukle?<\/strong><\/p>\n<p>J\u016bs\u0173 vaikas yra j\u016bs\u0173 pasaulio centras ir, \u017einoma, nor\u0117site b\u016bti tikri, kad j\u016bs\u0173 vaikas auklei visada b\u016bt\u0173 prioritetas. Kalbant su potencialia aukle, b\u016bt\u0173 gerai paklausti, kod\u0117l ji nori &scaron;io darbo ir kas jai labiausiai patinka &scaron;iame darbe. I&scaron; gauto atsakymo da\u017enai galite matyti, ar aukl\u0117 turi toki\u0105 pa\u010di\u0105 vizij\u0105, kaip ir j\u016bs\u0173 &scaron;eima, ar ne.<\/p>\n<\/p>\n<p><strong>3. Kas jums yra svarbiausia pri\u017ei\u016brint vaik\u0105?<\/strong><\/p>\n<p>Visos &scaron;eimos yra skirtingos. Ta\u010diau yra tam tikr\u0173 aspekt\u0173, kurie yra labai svarb\u016bs pri\u017ei\u016brint kiekvien\u0105 vaik\u0105. Aukl\u0117, kuri\u0105 pasirinksite, tur\u0117t\u0173 suprasti, kad j\u016bs\u0173 vaiko saugumas yra pirmoje vietoje. Paklauskite kandidatuojan\u010dios aukl\u0117s, kur\u012f aspekt\u0105 ji laiko svarbiausiu, r\u016bpinantis vaikais.<\/p>\n<p>Ar norite asmens su kuriuo j\u016bs\u0173 vaikas ras bendr\u0105 ry&scaron;\u012f bei gal\u0117s pasitik\u0117ti? Draugo savo vaikui su kuriuo jis\/ji gal\u0117s \u017eaisti? Ar norite asmens, kuris atlikt\u0173 nam\u0173 ruo&scaron;os darbus, patvarkyt\u0173, paruo&scaron;t\u0173 valg\u012f bei paguldyt\u0173 vaik\u0105 \u012f lov\u0105? Interviu metu su\u017einoj\u0119, kaip aukl\u0117 \u012fsivaizduoja savo rol\u0119 ir atliekamus darbus, gal\u0117site nustatyti, ar j\u016bs\u0173 reikalavimai bei prioritetai r\u016bpinantis vaiku atitinka potencialios aukl\u0117s \u012fsivaizdavim\u0105.<\/p>\n<\/p>\n<p><strong>4. Papasakok daugiau apie save&#8230;<\/strong><\/p>\n<p>Galiausiai, \u017einoma, norite \u017einoti, k\u0105 kvie\u010diate \u012f savo namus. Pabandykite daugiau su\u017einoti apie kandidatuojan\u010dias aukles.<\/p>\n<p>Kokie yra j\u0173 pom\u0117giai ir interesai? Kur ank&scaron;\u010diau dirbo, kas patiko ir nepatiko? Ar turi vaik\u0173? Susipa\u017ein\u0119 su savo aukle artimiau, jausit\u0117s ramiau palikdami j\u0105 vien\u0105 su savo vaiku. Taipogi aukl\u0117 jausis patogiau ir laisviau, o tai bus puiki santyki\u0173 prad\u017eia.<\/p>\n<\/p>\n<h2><strong>Aukl\u0117s dokumentai<\/strong><\/h2>\n<\/p>\n<p>Prie&scaron; priimant aukl\u0119 \u012f darb\u0105, b\u016bt\u0173 gerai papra&scaron;yti toki\u0173 dokument\u0173, kaip:<\/p>\n<\/p>\n<p><strong>1. Pa\u017eyma apie (ne)teistum\u0105 ir Pirmosios pagalbos kursai<\/strong><\/p>\n<p>Jeigu niekada ank&scaron;\u010diau netur\u0117jote aukl\u0117s &#8211; pasitik\u0117jimas gali b\u016bti problema. Svarbus dokumentas, kur\u012f b\u016bt\u0173 gerai patikrinti &#8211; tai teistumo (neteistumo) pa\u017eyma. Pa\u017eymos i&scaron;davimo tikslas &#8211; &#8222;d\u0117l darbo, susijusio su vaik\u0173 prie\u017ei\u016bra&#8221;. Tai yra i&scaron;samus policijos patikrinimas. D\u0117l j\u016bs\u0173 ir j\u016bs\u0173 vaiko saugumo visada verta u\u017eklausti aukl\u0117s &scaron;ios pa\u017eymos.<\/p>\n<p>Kitas svarbus klausimas, ar aukl\u0117 turi patirties suteikiant pirm\u0105j\u0105 pagalb\u0105. Pirmosios pagalbos kurs\u0173 pa\u017eyma suteikia pasitik\u0117jimo aukl\u0117s sugeb\u0117jimais nelaimingo atsitikimo atveju. Jei kas nors atsitikt\u0173, jaustum\u0117t\u0117s kur kas ramiau, \u017einodami, kad j\u016bs\u0173 vaikas yra saugiose rankose su \u017emogumi, kuris \u017eino, k\u0105 daro. Jei j\u016bs\u0173 kandidatas nebuvo apmokytas d\u0117l pirmosios pagalbos, galite paklausti, ar jis nori sekti dviej\u0173 dien\u0173 mokym\u0105.<\/p>\n<\/p>\n<p><strong>2. Rekomendacijos<\/strong><\/p>\n<p>Kitas patarimas yra papra&scaron;yti rekomendacij\u0173 ar kontaktini\u0173 duomen\u0173 &scaron;eim\u0173, kuriose aukl\u0117 ank&scaron;\u010diau dirbo. J\u016bs\u0173 aukl\u0117 visuomet gali pateikti kelet\u0105 rekomendacij\u0173, kur galite susisiekti telefonu ir elektroniniu pa&scaron;tu, kad \u012fsitikintum\u0117te, jog pasirinkt\u0105 aukl\u0119 rekomenduoja kiti t\u0117vai.<\/p>\n<\/p>\n<p><strong>3. Si\u016blomos s\u0105lygos<\/strong><\/p>\n<p>Galiausiai, kalbant su aukl\u0117mis, svarbu tiksliai \u017einoti, ko norite. Sudarykite s\u0105ra&scaron;\u0105, k\u0105 si\u016blote, t.y. darbo valandas, kurias galite pasi\u016blyti, kiek norite mok\u0117ti ir u\u017eduotis, kurias norite, kad aukl\u0117 atlikt\u0173. Tai taip pat yra galimyb\u0117 daugiau papasakoti apie savo vaik\u0105, asmenyb\u0117s bruo\u017eus, interesus, k\u0105 m\u0117gsta ir ko nem\u0117gsta, ar turi kokias alergijas. Aukl\u0117 taipogi tik\u0117tina, kad tur\u0117s klausim\u0173, tad b\u016btinai paklauskite, ar yra ka\u017ekas, k\u0105 ji dar nor\u0117t\u0173 su\u017einoti bei suteikite kiek \u012fmanoma daugiau informacijos, atsakydami \u012f jos klausimus.<\/p>\n<p>Renkatis aukl\u0119 yra ne tik svarbu nurodyti savo l\u016bkes\u010dius, bet i&scaron;siai&scaron;kinti aukl\u0117s poreikius bei galimybes: atlyginimas, darbas lanks\u010diu grafiku bei kiti poreikiai. Vieni pasirenka aukl\u0119 ai&scaron;kiomis darbo valandomis, ta\u010diau kitiems kartais gali prireikti pagalbos vaikui susirgus ar retkar\u010diais vakarais vei savaitgaliais. I&scaron;siai&scaron;kinkite, ar j\u016bs\u0173 pasirinkta aukl\u0117 gali teikti jums aktualius variantus. Strukt\u016bruotas pokalbis suteiks jums geresn\u012f suprantim\u0105, ar tai j\u016bs\u0173 &scaron;eimai tinkantis \u017emogus. Taip pat nepamir&scaron;kite pasira&scaron;yti <a href=\"https:\/\/yoopies.lt\/c\/ieskau-aukles\/sutartis-su-aukle\">sutarties su aukle<\/a>.<\/p>\n<\/p>\n<p>Daugiau apie aukl\u0117s paie&scaron;k\u0105, kainas ir kit\u0105 nauding\u0105 informacij\u0105 galite rasti m\u016bs\u0173 straipsnyje <a href=\"https:\/\/yoopies.lt\/c\/ieskau-aukles\">\u010dia<\/a>.<\/p>\n<\/p>\n<p><em>Ie&scaron;kodami aukl\u0117s savo vietov\u0117je, galite naudotis m\u016bs\u0173 internetine platforma &bdquo;<a target=\"_blank\" rel=\"noopener\" href=\"https:\/\/yoopies.lt\/aukle\">Yoopies.lt&ldquo;<\/a>. Tiesiog \u012fveskite savo pa&scaron;to kod\u0105 ir nar&scaron;ykite po aukli\u0173 profilius visai &scaron;alia savo nam\u0173. Pritaikykite paie&scaron;k\u0105 pagal savo unikalius &scaron;eimos poreikius ir reikalavimus, kad rastum\u0117te jums tinkam\u0105 aukl\u0119.<\/em><\/p>\n<\/p>\n<p><a class=\"button\" href=\"https:\/\/yoopies.lt\/vaiku-prieziura\">RASK AUKL\u0118!<\/a><\/p>\n","protected":false},"excerpt":{"rendered":"<p>Da\u017enai gali b\u016bti sunku i&scaron;sirinkti i&scaron; didelio aukli\u0173 rato. &#8222;Yoopies&#8221; turime daugyb\u0119 aukli\u0173 profili\u0173 tarp &hellip; <\/p>\n","protected":false},"author":10,"featured_media":120,"parent":43,"menu_order":0,"comment_status":"closed","ping_status":"closed","template":"","meta":{"_acf_changed":false,"footnotes":""},"class_list":["post-119","page","type-page","status-publish","has-post-thumbnail","hentry"],"acf":[],"yoast_head":"<!-- This site is optimized with the Yoast SEO plugin v26.9 - https:\/\/yoast.com\/product\/yoast-seo-wordpress\/ -->\n<title>Klausimai auklei, kurie pad\u0117s tinkamai pasirinkti<\/title>\n<meta name=\"description\" content=\"Ne\u017einote, kokius klausimus u\u017eduoti kandidatuojan\u010diai auklei? Nesijaudinkite: mes turime svarbiausi\u0173 aukl\u0117s interviu klausim\u0173 ir patarim\u0173 s\u0105ra\u0161\u0105!\" \/>\n<meta name=\"robots\" content=\"index, follow, max-snippet:-1, max-image-preview:large, max-video-preview:-1\" \/>\n<link rel=\"canonical\" href=\"https:\/\/yoopies.lt\/c\/ieskau-aukles\/aukles-interviu-klausimai\/\" \/>\n<meta property=\"og:locale\" content=\"lt_LT\" \/>\n<meta property=\"og:type\" content=\"article\" \/>\n<meta property=\"og:title\" content=\"Klausimai auklei, kurie pad\u0117s tinkamai pasirinkti\" \/>\n<meta property=\"og:description\" content=\"Ne\u017einote, kokius klausimus u\u017eduoti kandidatuojan\u010diai auklei? Nesijaudinkite: mes turime svarbiausi\u0173 aukl\u0117s interviu klausim\u0173 ir patarim\u0173 s\u0105ra\u0161\u0105!\" \/>\n<meta property=\"og:url\" content=\"https:\/\/yoopies.lt\/c\/ieskau-aukles\/aukles-interviu-klausimai\/\" \/>\n<meta property=\"og:site_name\" content=\"Yoopies Lietuva Blog\" \/>\n<meta property=\"article:modified_time\" content=\"2025-06-12T08:48:24+00:00\" \/>\n<meta property=\"og:image\" content=\"https:\/\/yoopies.lt\/c\/wp-content\/uploads\/sites\/12\/2024\/02\/95192dce513cbf48f61035817fb8dbd4346feeb7-shutterstock-1069881335.jpg\" \/>\n\t<meta property=\"og:image:width\" content=\"1200\" \/>\n\t<meta property=\"og:image:height\" content=\"800\" \/>\n\t<meta property=\"og:image:type\" content=\"image\/jpeg\" \/>\n<meta name=\"twitter:card\" content=\"summary_large_image\" \/>\n<meta name=\"twitter:label1\" content=\"Est. reading time\" \/>\n\t<meta name=\"twitter:data1\" content=\"5 minut\u0117s\" \/>\n<script type=\"application\/ld+json\" class=\"yoast-schema-graph\">{\"@context\":\"https:\/\/schema.org\",\"@graph\":[{\"@type\":\"WebPage\",\"@id\":\"https:\/\/yoopies.lt\/c\/ieskau-aukles\/aukles-interviu-klausimai\/\",\"url\":\"https:\/\/yoopies.lt\/c\/ieskau-aukles\/aukles-interviu-klausimai\/\",\"name\":\"Klausimai auklei, kurie pad\u0117s tinkamai pasirinkti\",\"isPartOf\":{\"@id\":\"https:\/\/yoopies.lt\/c\/#website\"},\"primaryImageOfPage\":{\"@id\":\"https:\/\/yoopies.lt\/c\/ieskau-aukles\/aukles-interviu-klausimai\/#primaryimage\"},\"image\":{\"@id\":\"https:\/\/yoopies.lt\/c\/ieskau-aukles\/aukles-interviu-klausimai\/#primaryimage\"},\"thumbnailUrl\":\"https:\/\/yoopies.lt\/c\/wp-content\/uploads\/sites\/12\/2024\/02\/95192dce513cbf48f61035817fb8dbd4346feeb7-shutterstock-1069881335.jpg\",\"datePublished\":\"2024-02-16T13:05:08+00:00\",\"dateModified\":\"2025-06-12T08:48:24+00:00\",\"description\":\"Ne\u017einote, kokius klausimus u\u017eduoti kandidatuojan\u010diai auklei? Nesijaudinkite: mes turime svarbiausi\u0173 aukl\u0117s interviu klausim\u0173 ir patarim\u0173 s\u0105ra\u0161\u0105!\",\"breadcrumb\":{\"@id\":\"https:\/\/yoopies.lt\/c\/ieskau-aukles\/aukles-interviu-klausimai\/#breadcrumb\"},\"inLanguage\":\"lt-LT\",\"potentialAction\":[{\"@type\":\"ReadAction\",\"target\":[\"https:\/\/yoopies.lt\/c\/ieskau-aukles\/aukles-interviu-klausimai\/\"]}]},{\"@type\":\"ImageObject\",\"inLanguage\":\"lt-LT\",\"@id\":\"https:\/\/yoopies.lt\/c\/ieskau-aukles\/aukles-interviu-klausimai\/#primaryimage\",\"url\":\"https:\/\/yoopies.lt\/c\/wp-content\/uploads\/sites\/12\/2024\/02\/95192dce513cbf48f61035817fb8dbd4346feeb7-shutterstock-1069881335.jpg\",\"contentUrl\":\"https:\/\/yoopies.lt\/c\/wp-content\/uploads\/sites\/12\/2024\/02\/95192dce513cbf48f61035817fb8dbd4346feeb7-shutterstock-1069881335.jpg\",\"width\":1200,\"height\":800},{\"@type\":\"BreadcrumbList\",\"@id\":\"https:\/\/yoopies.lt\/c\/ieskau-aukles\/aukles-interviu-klausimai\/#breadcrumb\",\"itemListElement\":[{\"@type\":\"ListItem\",\"position\":1,\"name\":\"Home\",\"item\":\"https:\/\/yoopies.lt\/c\/\"},{\"@type\":\"ListItem\",\"position\":2,\"name\":\"Kaip rasti tinkam\u0105 aukl\u0119: patarimai ir gudryb\u0117s\",\"item\":\"https:\/\/yoopies.lt\/c\/ieskau-aukles\/\"},{\"@type\":\"ListItem\",\"position\":3,\"name\":\"Klausimai auklei, kurie pad\u0117s tinkamai pasirinkti\"}]},{\"@type\":\"WebSite\",\"@id\":\"https:\/\/yoopies.lt\/c\/#website\",\"url\":\"https:\/\/yoopies.lt\/c\/\",\"name\":\"Yoopies Lietuva Blog\",\"description\":\"\",\"publisher\":{\"@id\":\"https:\/\/yoopies.lt\/c\/#organization\"},\"potentialAction\":[{\"@type\":\"SearchAction\",\"target\":{\"@type\":\"EntryPoint\",\"urlTemplate\":\"https:\/\/yoopies.lt\/c\/?s={search_term_string}\"},\"query-input\":{\"@type\":\"PropertyValueSpecification\",\"valueRequired\":true,\"valueName\":\"search_term_string\"}}],\"inLanguage\":\"lt-LT\"},{\"@type\":\"Organization\",\"@id\":\"https:\/\/yoopies.lt\/c\/#organization\",\"name\":\"Yoopies Lietuva Blog\",\"url\":\"https:\/\/yoopies.lt\/c\/\",\"logo\":{\"@type\":\"ImageObject\",\"inLanguage\":\"lt-LT\",\"@id\":\"https:\/\/yoopies.lt\/c\/#\/schema\/logo\/image\/\",\"url\":\"https:\/\/yoopies.lt\/c\/wp-content\/uploads\/sites\/12\/2025\/05\/cropped-Logo_Yoopies-2.png\",\"contentUrl\":\"https:\/\/yoopies.lt\/c\/wp-content\/uploads\/sites\/12\/2025\/05\/cropped-Logo_Yoopies-2.png\",\"width\":512,\"height\":512,\"caption\":\"Yoopies Lietuva Blog\"},\"image\":{\"@id\":\"https:\/\/yoopies.lt\/c\/#\/schema\/logo\/image\/\"}}]}<\/script>\n<!-- \/ Yoast SEO plugin. -->","yoast_head_json":{"title":"Klausimai auklei, kurie pad\u0117s tinkamai pasirinkti","description":"Ne\u017einote, kokius klausimus u\u017eduoti kandidatuojan\u010diai auklei? Nesijaudinkite: mes turime svarbiausi\u0173 aukl\u0117s interviu klausim\u0173 ir patarim\u0173 s\u0105ra\u0161\u0105!","robots":{"index":"index","follow":"follow","max-snippet":"max-snippet:-1","max-image-preview":"max-image-preview:large","max-video-preview":"max-video-preview:-1"},"canonical":"https:\/\/yoopies.lt\/c\/ieskau-aukles\/aukles-interviu-klausimai\/","og_locale":"lt_LT","og_type":"article","og_title":"Klausimai auklei, kurie pad\u0117s tinkamai pasirinkti","og_description":"Ne\u017einote, kokius klausimus u\u017eduoti kandidatuojan\u010diai auklei? Nesijaudinkite: mes turime svarbiausi\u0173 aukl\u0117s interviu klausim\u0173 ir patarim\u0173 s\u0105ra\u0161\u0105!","og_url":"https:\/\/yoopies.lt\/c\/ieskau-aukles\/aukles-interviu-klausimai\/","og_site_name":"Yoopies Lietuva Blog","article_modified_time":"2025-06-12T08:48:24+00:00","og_image":[{"width":1200,"height":800,"url":"https:\/\/yoopies.lt\/c\/wp-content\/uploads\/sites\/12\/2024\/02\/95192dce513cbf48f61035817fb8dbd4346feeb7-shutterstock-1069881335.jpg","type":"image\/jpeg"}],"twitter_card":"summary_large_image","twitter_misc":{"Est. reading time":"5 minut\u0117s"},"schema":{"@context":"https:\/\/schema.org","@graph":[{"@type":"WebPage","@id":"https:\/\/yoopies.lt\/c\/ieskau-aukles\/aukles-interviu-klausimai\/","url":"https:\/\/yoopies.lt\/c\/ieskau-aukles\/aukles-interviu-klausimai\/","name":"Klausimai auklei, kurie pad\u0117s tinkamai pasirinkti","isPartOf":{"@id":"https:\/\/yoopies.lt\/c\/#website"},"primaryImageOfPage":{"@id":"https:\/\/yoopies.lt\/c\/ieskau-aukles\/aukles-interviu-klausimai\/#primaryimage"},"image":{"@id":"https:\/\/yoopies.lt\/c\/ieskau-aukles\/aukles-interviu-klausimai\/#primaryimage"},"thumbnailUrl":"https:\/\/yoopies.lt\/c\/wp-content\/uploads\/sites\/12\/2024\/02\/95192dce513cbf48f61035817fb8dbd4346feeb7-shutterstock-1069881335.jpg","datePublished":"2024-02-16T13:05:08+00:00","dateModified":"2025-06-12T08:48:24+00:00","description":"Ne\u017einote, kokius klausimus u\u017eduoti kandidatuojan\u010diai auklei? Nesijaudinkite: mes turime svarbiausi\u0173 aukl\u0117s interviu klausim\u0173 ir patarim\u0173 s\u0105ra\u0161\u0105!","breadcrumb":{"@id":"https:\/\/yoopies.lt\/c\/ieskau-aukles\/aukles-interviu-klausimai\/#breadcrumb"},"inLanguage":"lt-LT","potentialAction":[{"@type":"ReadAction","target":["https:\/\/yoopies.lt\/c\/ieskau-aukles\/aukles-interviu-klausimai\/"]}]},{"@type":"ImageObject","inLanguage":"lt-LT","@id":"https:\/\/yoopies.lt\/c\/ieskau-aukles\/aukles-interviu-klausimai\/#primaryimage","url":"https:\/\/yoopies.lt\/c\/wp-content\/uploads\/sites\/12\/2024\/02\/95192dce513cbf48f61035817fb8dbd4346feeb7-shutterstock-1069881335.jpg","contentUrl":"https:\/\/yoopies.lt\/c\/wp-content\/uploads\/sites\/12\/2024\/02\/95192dce513cbf48f61035817fb8dbd4346feeb7-shutterstock-1069881335.jpg","width":1200,"height":800},{"@type":"BreadcrumbList","@id":"https:\/\/yoopies.lt\/c\/ieskau-aukles\/aukles-interviu-klausimai\/#breadcrumb","itemListElement":[{"@type":"ListItem","position":1,"name":"Home","item":"https:\/\/yoopies.lt\/c\/"},{"@type":"ListItem","position":2,"name":"Kaip rasti tinkam\u0105 aukl\u0119: patarimai ir gudryb\u0117s","item":"https:\/\/yoopies.lt\/c\/ieskau-aukles\/"},{"@type":"ListItem","position":3,"name":"Klausimai auklei, kurie pad\u0117s tinkamai pasirinkti"}]},{"@type":"WebSite","@id":"https:\/\/yoopies.lt\/c\/#website","url":"https:\/\/yoopies.lt\/c\/","name":"Yoopies Lietuva Blog","description":"","publisher":{"@id":"https:\/\/yoopies.lt\/c\/#organization"},"potentialAction":[{"@type":"SearchAction","target":{"@type":"EntryPoint","urlTemplate":"https:\/\/yoopies.lt\/c\/?s={search_term_string}"},"query-input":{"@type":"PropertyValueSpecification","valueRequired":true,"valueName":"search_term_string"}}],"inLanguage":"lt-LT"},{"@type":"Organization","@id":"https:\/\/yoopies.lt\/c\/#organization","name":"Yoopies Lietuva Blog","url":"https:\/\/yoopies.lt\/c\/","logo":{"@type":"ImageObject","inLanguage":"lt-LT","@id":"https:\/\/yoopies.lt\/c\/#\/schema\/logo\/image\/","url":"https:\/\/yoopies.lt\/c\/wp-content\/uploads\/sites\/12\/2025\/05\/cropped-Logo_Yoopies-2.png","contentUrl":"https:\/\/yoopies.lt\/c\/wp-content\/uploads\/sites\/12\/2025\/05\/cropped-Logo_Yoopies-2.png","width":512,"height":512,"caption":"Yoopies Lietuva Blog"},"image":{"@id":"https:\/\/yoopies.lt\/c\/#\/schema\/logo\/image\/"}}]}},"_links":{"self":[{"href":"https:\/\/yoopies.lt\/c\/wp-json\/wp\/v2\/pages\/119","targetHints":{"allow":["GET"]}}],"collection":[{"href":"https:\/\/yoopies.lt\/c\/wp-json\/wp\/v2\/pages"}],"about":[{"href":"https:\/\/yoopies.lt\/c\/wp-json\/wp\/v2\/types\/page"}],"author":[{"embeddable":true,"href":"https:\/\/yoopies.lt\/c\/wp-json\/wp\/v2\/users\/10"}],"replies":[{"embeddable":true,"href":"https:\/\/yoopies.lt\/c\/wp-json\/wp\/v2\/comments?post=119"}],"version-history":[{"count":1,"href":"https:\/\/yoopies.lt\/c\/wp-json\/wp\/v2\/pages\/119\/revisions"}],"predecessor-version":[{"id":121,"href":"https:\/\/yoopies.lt\/c\/wp-json\/wp\/v2\/pages\/119\/revisions\/121"}],"up":[{"embeddable":true,"href":"https:\/\/yoopies.lt\/c\/wp-json\/wp\/v2\/pages\/43"}],"wp:featuredmedia":[{"embeddable":true,"href":"https:\/\/yoopies.lt\/c\/wp-json\/wp\/v2\/media\/120"}],"wp:attachment":[{"href":"https:\/\/yoopies.lt\/c\/wp-json\/wp\/v2\/media?parent=119"}],"curies":[{"name":"wp","href":"https:\/\/api.w.org\/{rel}","templated":true}]}}