{"id":125,"date":"2024-02-19T09:24:55","date_gmt":"2024-02-19T09:24:55","guid":{"rendered":"https:\/\/blog.yoopies.lt\/ieskau-aukles\/kiek-kainuoja-aukle\/"},"modified":"2025-06-12T08:48:24","modified_gmt":"2025-06-12T08:48:24","slug":"kiek-kainuoja-aukle","status":"publish","type":"page","link":"https:\/\/yoopies.lt\/c\/ieskau-aukles\/kiek-kainuoja-aukle\/","title":{"rendered":"Kiek kainuoja aukl\u0117?"},"content":{"rendered":"<p><p>Ie&scaron;kote aukl\u0117s, bet nesate tikri, kiek tur\u0117tum\u0117te mok\u0117ti? Na, j\u016bs tikrai ne vieni. Aukl\u0117s kaina priklauso nuo daugelio veiksni\u0173, \u012fskaitant aukl\u0117s am\u017ei\u0173, ankstesn\u0119 patirt\u012f su vaikais, dirbt\u0173 valand\u0173 skai\u010di\u0173, j\u016bs\u0173 buvimo viet\u0105 ir turim\u0173 vaik\u0173 skai\u010di\u0173.<\/p>\n<p>&Scaron;iame <a target=\"_blank\" rel=\"noopener\" href=\"https:\/\/yoopies.lt\/aukle\">Yoopies <\/a>straipsnyje ap\u017evelgiame veiksnius, daran\u010dius \u012ftak\u0105 aukl\u0117s kainai bei padedame atsakyti \u012f klausim\u0105: kiek kainuoja aukl\u0117 2023!<\/p>\n<\/p>\n<figure><img decoding=\"async\" src=\"https:\/\/yoopies.lt\/c\/wp-content\/uploads\/sites\/12\/2024\/02\/b77d3cfb-af3f-40bf-bf69-ab55d4b5cfda-adult-banking-blur-1288483.jpg\" \/><\/figure>\n<p><h2><strong>1. Kokios vidutin\u0117s aukl\u0117s kainos? <\/strong><\/h2>\n<\/p>\n<p>Norint \u012fvertinti aukli\u0173 kainas, pirmiausia b\u016btina atkreipti d\u0117mes\u012f ar tai bus valandin\u0117 paslauga, ar nuolatinis darbas. Kaip taisykl\u0117 valandin\u0117 aukl\u0117 kainuoja \u017eymiai brangiau nei nuolatin\u0117. Valandini\u0173 aukli\u0173 kainos skiriasi ne tik pagal miestus, bet ir rajonus. Yoopies duomenimis Vilniuje, Kaune ir Klaip\u0117doje vidutin\u0117 valandin\u0117s aukl\u0117s kaina 2023 metais gali svyruoti nuo 5-12 eur\u0173 u\u017e valand\u0105. Kaina gali dar i&scaron;augti, jeigu gyvenate rajone, nes aukl\u0117 tur\u0117s papildom\u0173 kuro ir laiko s\u0105naud\u0173 kelionei nuo nam\u0173 iki j\u016bs\u0173 ir atgal.<\/p>\n<p>Tuo tarpu nuolatin\u0117s aukl\u0117s m\u0117nesio atlygis didmies\u010diuose gali svyruoti nuo 700-1200eur., o ma\u017eesniuose miestuose valandin\u0117s aukl\u0117s paslaugos jums atsiseis apie 5 eur. u\u017e valand\u0105 arba jei tai nuolatin\u0117 prie\u017ei\u016bra &#8211; 600-900eur.<\/p>\n<p><a href=\"https:\/\/yoopies.lt\/c\/ieskau-aukles\/kiek-kainuoja-aukle-vilniuje\"><strong>Aukl\u0117s kaina Vilniuje<\/strong><\/a> vidutini&scaron;kai siekia 8 eur.\/val. Vilniuje aukl\u0117s kaina yra &scaron;iek tiek didesn\u0117 nei vidutinis aukl\u0117s atlyginimas kituose Lietuvos miestuose. <\/p>\n<p><a href=\"https:\/\/yoopies.lt\/c\/ieskau-aukles\/kiek-kainuoja-aukle-kaune\"><strong>Aukl\u0117s kaina Kaune<\/strong><\/a> yra apie 6-7 eur.\/val. Aukl\u0117s Kaune u\u017edirba kiek ma\u017eesn\u012f atlyginim\u0105 nei Vilniuje.<\/p>\n<p><a href=\"https:\/\/yoopies.lt\/c\/ieskau-aukles\/kiek-kainuoja-aukle-klaipedoje\"><strong>Aukl\u0117s kaina Klaip\u0117doje<\/strong><\/a> vidutini&scaron;kai siekia 5-6 eur.\/val. <\/p>\n<p>Aukl\u0117s kaina taip pat gali skirtis ir nuo vaiko am\u017eiaus. Vienokios atsakomyb\u0117s ir darbo patirtis reikalinga k\u016bdikiams, kitokios ikimokyklinio am\u017eiaus vaikams ir dar kitokios mokyklinukams. Daugiausia atsieis k\u016bdikio ir ikimokyklinio am\u017eiaus vaik\u0173 prie\u017ei\u016bra. \u010cia reikalinga patirtis, \u017einios, kantryb\u0117, tokio am\u017eiaus vaikai dar nesavaranki&scaron;ki, tad prie\u017ei\u016bra turi b\u016bti maksimali.<\/p>\n<p>Tuo tarpu mokyklinkumas da\u017eniausiai reikalinga palyda i&scaron;\/\u012f mokykl\u0105, pagalba su nam\u0173 darbais, maisto ruo&scaron;a. Toki\u0173 paslaug\u0173 kaina svyruoja 6-8eur. u\u017e valand\u0105.<\/p>\n<\/p>\n<h2><strong>2. Aukl\u0117s kaina ligos atveju<\/strong><\/h2>\n<\/p>\n<p>Labai didel\u0117 dalis t\u0117v\u0173 ie&scaron;ko aukl\u0117s ligos atveju. Prad\u0117j\u0119 lankyti dar\u017eel\u012f vaikai ypa\u010d da\u017enai serga ar sloga, ar lengvu kosuliu, ar tenka pasilikti namie sveikimo laikotarpiu. Tokiu atveju, kai prie\u017ei\u016bros nereikia nuolatos ir n\u0117ra tikslaus darbo grafiko t\u0117vai ir aukl\u0117 turi susitarti abiems priimtiniausi\u0105 variant\u0105. Labai svarbu pasteb\u0117ti, kaip da\u017enai ir kaip ilgai vaikas serga., kad tiksliau \u017einoti poreik\u012f aukl\u0117s paslaugoms. Yoopies i&scaron;skiria kelis aukl\u0117s ligos atveju darbo ir apmok\u0117jimo susitarimo variantus: <\/p>\n<p>1. Sutariamas<strong> fiksuotas m\u0117nesinis atlygis <\/strong>u\u017e nepiln\u0105 etat\u0105.. Pavyzd\u017eiui u\u017e dvi darbo savaites (nepriklausomai ar aukl\u0117 dirbs t\u0105 laik\u0105, ar ne) + vir&scaron;valand\u017eiai jei vaikas b\u016bna namie ilgiau. Toks variantas priimtinas &scaron;eimoms, kuriose vaikas serga da\u017enai, bet visgi pavyksta ka\u017ekiek lankyti dar\u017eel\u012f. Tok\u012f variant\u0105 renkasi aukl\u0117s, kurioms pilnas darbo kr\u016bvis neb\u016btinas, nori dirbti bet kartu  ir tur\u0117ti dar laisvo laiko. Da\u017eniausiai pri\u017ei\u016bri tik vienos &scaron;eimos vaik\u0105\/vaikus. <\/p>\n<p>2. Aukl\u0117s paslaugos apmokamos tik tiek kiek buvo dirbta. Be jokio fiksuoto mokes\u010dio, apmok\u0117jimas tik u\u017e <strong>i&scaron;dirbtas valandas<\/strong>. Tokiu atveju aukl\u0117 gali tur\u0117ti kelias &scaron;eimas, kuriose pri\u017ei\u016bri vaikus ligos atveju pagal tok\u012f susitarim\u0105, tad j\u016bs neb\u016bsite garantuoti, kad atsiradus poreikiu j\u016bs\u0173 aukl\u0117 tikrai bus laisva. &Scaron;is variantas brangesnis, ta\u010diau tinka toms &scaron;eimoms, kuri\u0173 vaikai neserga labai da\u017enai. <\/p>\n<p>3. Fiksuotas m\u0117nesio mokestis, <strong>nepriklausomai <\/strong>nuo i&scaron;dirbt\u0173 valand\u0173. Tokiu atveju t\u0117vai moka fiksuot\u0105 mokest\u012f m\u0117nesiui su garantija, kad bet kada paskambinus auklei ji gal\u0117s atvykti ir pasir\u016bpinti j\u016bs\u0173 ma\u017eyliu. &Scaron;is variantas priimtinas &scaron;eimoms, kuri\u0173 vaikai da\u017enai serga ir alternatyvios prie\u017ei\u016bros ligos atveju neturi. Kartu pageidauja, kad vaikas lankyt\u0173 dar\u017eel\u012f. <\/p>\n<\/p>\n<h2><strong>3. &Scaron;eimoje auga daugiau vaik\u0173, ar reik\u0117s mok\u0117ti papildomai &scaron;iems pasilikus kartu?<\/strong><\/h2>\n<\/p>\n<p>Kiek mok\u0117ti auklei, turite individualiai tartis, ta\u010diau verta nepamir&scaron;ti, kad daugiau vaik\u0173 i&scaron; esm\u0117s rei&scaron;kia didesn\u0119 atsakomyb\u0119 bei daugiau skiriamo d\u0117mesio. <\/p>\n<p>\u012eprastai auklei pri\u017ei\u016brint vien\u0105 vaik\u0105, u\u017e vyresn\u012f brol\u012f ar ses\u0119, pasilikus\u012f namie mokama papildomai. Atsi\u017evelgiant pagal am\u017ei\u0173 tai gal\u0117t\u0173 b\u016bti 1-3eur papildomai. Jei tai mokyklinio am\u017eiaus vaikas ir jam jokios prie\u017ei\u016bros nereikia, aukl\u0117 gali sutikti ir neimti papildomo u\u017emokes\u010dio. Jei tai ma\u017eesnis, kuriam pagalbos ir d\u0117m\u0117esio reikia daugiau &#8211;  \u012fprasta primok\u0117ti. <\/p>\n<\/p>\n<h2><strong>4. Ar atliekamos u\u017eduotys turi \u012ftakos aukl\u0117s kainai?  <\/strong><\/h2>\n<\/p>\n<p>Ar jums reik\u0117s aukl\u0117s vakare, kad gal\u0117tum\u0117t i&scaron;eiti \u012f miest\u0105 su savo partneriu? Ar auklei reik\u0117s atvykti, kai vaikai jau miega, ir tur\u0117s pabud\u0117ti, kol vaikas miega? Tokiu atveju aukl\u0117s kaina paprastai b\u016bna &scaron;iek tiek ma\u017eesn\u0117. Kita vertus, jeigu su aukle sutarsite papildomus nam\u0173 ruo&scaron;os darbus, tokius kaip lengvas nam\u0173 tvarkymas, skalbimas ar lyginimas, aukl\u0117s kaina tik\u0117tina bus didesn\u0117. Lygiai taip pat, jei j\u016bs\u0173 aukl\u0117 ve\u017ea vaikus \u012f mokykl\u0105 ir u\u017esi\u0117mimus, ar naudojasi vie&scaron;uoju transportu, tur\u0117tum\u0117te apsvarstyti galimyb\u0119 kompensuoti j\u0173 kelion\u0117s i&scaron;laidas, ypatingai jei tam reikalingas automobilis.<\/p>\n<\/p>\n<h2><strong>5. Ar aukl\u0117s patirtis ir am\u017eius turi \u012ftakos j\u0173 \u012fkainiams?<\/strong><\/h2>\n<\/p>\n<p>Paprastai kuo aukl\u0117 turi daugiau patirties su vaikais, tuo didesnis bus jos valandinis \u012fkainis. Aukl\u0117s paslaug\u0173 kaina gali did\u0117ti, jei ji turi pedagogo i&scaron;silavinim\u0105, patirties dirbant dar\u017eeliuose, turi pirmosios pagalbos pa\u017eym\u0117jim\u0105, pra\u0117jo aukl\u0117s kursus, psichologijos ir t.t.<\/p>\n<p>Ma\u017eiausia kaina da\u017eniausiai nustato jaunos, neturin\u010dios patirties aukl\u0117s. Ta\u010diau nereikt\u0173 nuvertinti tokio varianto, nes da\u017enai aukl\u0117mis nori dirbti merginos u\u017eaugusios &scaron;eimose, kur augo daugiau broli\u0173 ar seser\u0173.<\/p>\n<\/p>\n<h2><strong>6. Ar darbo valand\u0173 skai\u010dius turi \u012ftakos aukl\u0117s kainai?<\/strong><\/h2>\n<\/p>\n<p>Nor\u0117dami i&scaron;siai&scaron;kinti, kokia bus j\u016bs\u0173 vidutin\u0117 vaiko prie\u017ei\u016bros kaina per m\u0117nes\u012f, &bdquo;Yoopies&ldquo; labai patariame prie&scaron; susitikdami su potencialiomis aukl\u0117mis suskai\u010diuoti bendr\u0105 valand\u0173 skai\u010di\u0173 per savait\u0119 ar m\u0117nes\u012f, reikalinga j\u016bs\u0173 vaik\u0173 prie\u017ei\u016brai. Jeigu ie&scaron;kote valandin\u0117s aukl\u0117s, kuri atvykt\u0173 pri\u017ei\u016br\u0117ti j\u016bs\u0173 vaikus 2-3 valandas per dien\u0105, tuomet b\u016bkite pasiruo&scaron;\u0119 mok\u0117ti truputi daugiau, kadangi auklei u\u017etruks bei kainuos iki j\u016bs\u0173 atvykti. Paprastai valandin\u0117s aukl\u0117s kaina yra didesn\u0117 negu aukl\u0117s, dirban\u010dios pilnu etatu. I&scaron; anksto \u012fsivertinkite ir apskai\u010diuokite i&scaron;laidas, kurias galite skirti vaik\u0173 prie\u017ei\u016brai per m\u0117nes\u012f. Tai leis jums \u012fsivertinti, kokios aukl\u0117s tur\u0117tum\u0117t ie&scaron;koti, kokius reikalavimus kelti bei koks valandinis atlyginimas b\u016bt\u0173 tinkamiausias.<\/p>\n<\/p>\n<h2><strong>7. Ar renkantis aukl\u0119 per aukl\u0117s agent\u016br\u0105 kaina bus didesn\u0117?<\/strong><\/h2>\n<\/p>\n<p>Jei kreipiat\u0117s \u012f aukl\u0117s agent\u016br\u0105, kainos gali skirtis nuo aukl\u0117s, su kuria susisiek\u0117te tiesiogiai. Agent\u016bra paprastai imasi tam tikros atsakomyb\u0117s u\u017e savo paslaug\u0173 kokyb\u0119 ir aukli\u0173 patikimum\u0105. Tod\u0117l, pasitelkiant aukl\u0117s agent\u016br\u0105, galite tik\u0117tis didesn\u0117s kainos. Kainos gali skirtis priklausomai nuo aukl\u0117s patirties, am\u017eiaus ir darbo valand\u0173 skai\u010diaus. Aukl\u0117s agent\u016bros vadov\u0117 gali pad\u0117ti jums apskai\u010diuoti vidutin\u0119 kain\u0105 ir pasirinkti tinkam\u0105 aukl\u0119 pagal j\u016bs\u0173 poreikius ir galimybes. <\/p>\n<\/p>\n<p>Galutin\u0117 vaiko prie\u017ei\u016bros kaina priklauso nuo daugelio faktori\u0173, tod\u0117l svarbu gerai apgalvoti savo poreikius ir galimybes. Alg\u0173 dinamika yra tiesiogiai susijusi su aukl\u0117s patirtimi, am\u017eiumi, kvalifikacija, darbo valand\u0173 skai\u010diumi bei gyvenamaja vieta Tod\u0117l rekomenduojame atid\u017eiai apskai\u010diuoti savo biud\u017eeto galimybes, o pasirinkdami aukl\u0119, atsi\u017evelgti \u012f visas svarbias s\u0105lygas ir reikalavimus. Nepamir&scaron;kite, kad aukl\u0117 yra svarbi ne tik d\u0117l to, kad j\u016bs\u0173 vaikus pri\u017ei\u016bri, bet ir d\u0117l to, kad prisideda prie j\u0173 vystymosi ir gerov\u0117s. Tod\u0117l, ie&scaron;kodami aukl\u0117s, pasirinkite patikim\u0105 ir patyrusi\u0105 specialist\u0119, kuri tur\u0117s teigiam\u0105 \u012ftak\u0105 j\u016bs\u0173 vaik\u0173 gyvenimui.<\/p>\n<\/p>\n<h2><strong>Pasireng\u0119 susirasti savo aukl\u0119? <\/strong><\/h2>\n<p><em>Nor\u0117dami rasti jums tinkan\u010di\u0105 aukl\u0119, per\u017ei\u016br\u0117kite m\u016bs\u0173 straipsn\u012f: <a href=\"https:\/\/yoopies.lt\/c\/ieskau-aukles\/kaip-surasti-tinkama-aukle\">Kaip rasti tinkam\u0105 aukl\u0119!<\/a>  Ie&scaron;kodami aukl\u0117s, per\u017ei\u016br\u0117kite m\u016bs\u0173 internetin\u0119 platform\u0105 <a target=\"_blank\" rel=\"noopener\" href=\"https:\/\/yoopies.lt\/aukle\">&bdquo;Yoopies&ldquo;<\/a>. Tiesiog \u012fveskite savo pa&scaron;to kod\u0105 ir per\u017ei\u016br\u0117kite &scaron;imtus aukli\u0173 savo gyvenviet\u0117je. Naudodamiesi pa\u017eangiaja filtr\u0173 sistema galite pasirinkti aukl\u0117s kain\u0105, patirt\u012f ar kit\u0105 informacij\u0105.<\/em><\/p>\n<\/p>\n<p><a class=\"button\" href=\"https:\/\/yoopies.lt\/vaiku-prieziura\">IE\u0160KOTI AUKL\u0116S!<\/a><\/p>\n","protected":false},"excerpt":{"rendered":"<p>Ie&scaron;kote aukl\u0117s, bet nesate tikri, kiek tur\u0117tum\u0117te mok\u0117ti? Na, j\u016bs tikrai ne vieni. Aukl\u0117s kaina &hellip; <\/p>\n","protected":false},"author":10,"featured_media":127,"parent":43,"menu_order":0,"comment_status":"closed","ping_status":"closed","template":"","meta":{"_acf_changed":false,"footnotes":""},"class_list":["post-125","page","type-page","status-publish","has-post-thumbnail","hentry"],"acf":[],"yoast_head":"<!-- This site is optimized with the Yoast SEO plugin v26.9 - https:\/\/yoast.com\/product\/yoast-seo-wordpress\/ -->\n<title>Kiek kainuoja aukl\u0117? Klausimas, kylantis kiekvienai \u0161eimai<\/title>\n<meta name=\"description\" content=\"Yoopies dalinasi \u012fkainiais skirtinguose miestuose bei patarimais, kurie pad\u0117s \u012fsivertinti, kiek tur\u0117tum\u0117t mok\u0117ti auklei bei kokius reikalavimus kelti.\" \/>\n<meta name=\"robots\" content=\"index, follow, max-snippet:-1, max-image-preview:large, max-video-preview:-1\" \/>\n<link rel=\"canonical\" href=\"https:\/\/yoopies.lt\/c\/ieskau-aukles\/kiek-kainuoja-aukle\/\" \/>\n<meta property=\"og:locale\" content=\"lt_LT\" \/>\n<meta property=\"og:type\" content=\"article\" \/>\n<meta property=\"og:title\" content=\"Kiek kainuoja aukl\u0117? Klausimas, kylantis kiekvienai \u0161eimai\" \/>\n<meta property=\"og:description\" content=\"Yoopies dalinasi \u012fkainiais skirtinguose miestuose bei patarimais, kurie pad\u0117s \u012fsivertinti, kiek tur\u0117tum\u0117t mok\u0117ti auklei bei kokius reikalavimus kelti.\" \/>\n<meta property=\"og:url\" content=\"https:\/\/yoopies.lt\/c\/ieskau-aukles\/kiek-kainuoja-aukle\/\" \/>\n<meta property=\"og:site_name\" content=\"Yoopies Lietuva Blog\" \/>\n<meta property=\"article:modified_time\" content=\"2025-06-12T08:48:24+00:00\" \/>\n<meta property=\"og:image\" content=\"https:\/\/yoopies.lt\/c\/wp-content\/uploads\/sites\/12\/2024\/02\/c0fa7628-3ca6-4b20-9d22-77cb901e620c-diainternacionaldasmulheres-yoopies-1.jpg\" \/>\n\t<meta property=\"og:image:width\" content=\"1200\" \/>\n\t<meta property=\"og:image:height\" content=\"845\" \/>\n\t<meta property=\"og:image:type\" content=\"image\/jpeg\" \/>\n<meta name=\"twitter:card\" content=\"summary_large_image\" \/>\n<meta name=\"twitter:label1\" content=\"Est. reading time\" \/>\n\t<meta name=\"twitter:data1\" content=\"7 minut\u0117s\" \/>\n<script type=\"application\/ld+json\" class=\"yoast-schema-graph\">{\"@context\":\"https:\/\/schema.org\",\"@graph\":[{\"@type\":\"WebPage\",\"@id\":\"https:\/\/yoopies.lt\/c\/ieskau-aukles\/kiek-kainuoja-aukle\/\",\"url\":\"https:\/\/yoopies.lt\/c\/ieskau-aukles\/kiek-kainuoja-aukle\/\",\"name\":\"Kiek kainuoja aukl\u0117? Klausimas, kylantis kiekvienai \u0161eimai\",\"isPartOf\":{\"@id\":\"https:\/\/yoopies.lt\/c\/#website\"},\"primaryImageOfPage\":{\"@id\":\"https:\/\/yoopies.lt\/c\/ieskau-aukles\/kiek-kainuoja-aukle\/#primaryimage\"},\"image\":{\"@id\":\"https:\/\/yoopies.lt\/c\/ieskau-aukles\/kiek-kainuoja-aukle\/#primaryimage\"},\"thumbnailUrl\":\"https:\/\/yoopies.lt\/c\/wp-content\/uploads\/sites\/12\/2024\/02\/c0fa7628-3ca6-4b20-9d22-77cb901e620c-diainternacionaldasmulheres-yoopies-1.jpg\",\"datePublished\":\"2024-02-19T09:24:55+00:00\",\"dateModified\":\"2025-06-12T08:48:24+00:00\",\"description\":\"Yoopies dalinasi \u012fkainiais skirtinguose miestuose bei patarimais, kurie pad\u0117s \u012fsivertinti, kiek tur\u0117tum\u0117t mok\u0117ti auklei bei kokius reikalavimus kelti.\",\"breadcrumb\":{\"@id\":\"https:\/\/yoopies.lt\/c\/ieskau-aukles\/kiek-kainuoja-aukle\/#breadcrumb\"},\"inLanguage\":\"lt-LT\",\"potentialAction\":[{\"@type\":\"ReadAction\",\"target\":[\"https:\/\/yoopies.lt\/c\/ieskau-aukles\/kiek-kainuoja-aukle\/\"]}]},{\"@type\":\"ImageObject\",\"inLanguage\":\"lt-LT\",\"@id\":\"https:\/\/yoopies.lt\/c\/ieskau-aukles\/kiek-kainuoja-aukle\/#primaryimage\",\"url\":\"https:\/\/yoopies.lt\/c\/wp-content\/uploads\/sites\/12\/2024\/02\/c0fa7628-3ca6-4b20-9d22-77cb901e620c-diainternacionaldasmulheres-yoopies-1.jpg\",\"contentUrl\":\"https:\/\/yoopies.lt\/c\/wp-content\/uploads\/sites\/12\/2024\/02\/c0fa7628-3ca6-4b20-9d22-77cb901e620c-diainternacionaldasmulheres-yoopies-1.jpg\",\"width\":1200,\"height\":845},{\"@type\":\"BreadcrumbList\",\"@id\":\"https:\/\/yoopies.lt\/c\/ieskau-aukles\/kiek-kainuoja-aukle\/#breadcrumb\",\"itemListElement\":[{\"@type\":\"ListItem\",\"position\":1,\"name\":\"Home\",\"item\":\"https:\/\/yoopies.lt\/c\/\"},{\"@type\":\"ListItem\",\"position\":2,\"name\":\"Kaip rasti tinkam\u0105 aukl\u0119: patarimai ir gudryb\u0117s\",\"item\":\"https:\/\/yoopies.lt\/c\/ieskau-aukles\/\"},{\"@type\":\"ListItem\",\"position\":3,\"name\":\"Kiek kainuoja aukl\u0117?\"}]},{\"@type\":\"WebSite\",\"@id\":\"https:\/\/yoopies.lt\/c\/#website\",\"url\":\"https:\/\/yoopies.lt\/c\/\",\"name\":\"Yoopies Lietuva Blog\",\"description\":\"\",\"publisher\":{\"@id\":\"https:\/\/yoopies.lt\/c\/#organization\"},\"potentialAction\":[{\"@type\":\"SearchAction\",\"target\":{\"@type\":\"EntryPoint\",\"urlTemplate\":\"https:\/\/yoopies.lt\/c\/?s={search_term_string}\"},\"query-input\":{\"@type\":\"PropertyValueSpecification\",\"valueRequired\":true,\"valueName\":\"search_term_string\"}}],\"inLanguage\":\"lt-LT\"},{\"@type\":\"Organization\",\"@id\":\"https:\/\/yoopies.lt\/c\/#organization\",\"name\":\"Yoopies Lietuva Blog\",\"url\":\"https:\/\/yoopies.lt\/c\/\",\"logo\":{\"@type\":\"ImageObject\",\"inLanguage\":\"lt-LT\",\"@id\":\"https:\/\/yoopies.lt\/c\/#\/schema\/logo\/image\/\",\"url\":\"https:\/\/yoopies.lt\/c\/wp-content\/uploads\/sites\/12\/2025\/05\/cropped-Logo_Yoopies-2.png\",\"contentUrl\":\"https:\/\/yoopies.lt\/c\/wp-content\/uploads\/sites\/12\/2025\/05\/cropped-Logo_Yoopies-2.png\",\"width\":512,\"height\":512,\"caption\":\"Yoopies Lietuva Blog\"},\"image\":{\"@id\":\"https:\/\/yoopies.lt\/c\/#\/schema\/logo\/image\/\"}}]}<\/script>\n<!-- \/ Yoast SEO plugin. -->","yoast_head_json":{"title":"Kiek kainuoja aukl\u0117? Klausimas, kylantis kiekvienai \u0161eimai","description":"Yoopies dalinasi \u012fkainiais skirtinguose miestuose bei patarimais, kurie pad\u0117s \u012fsivertinti, kiek tur\u0117tum\u0117t mok\u0117ti auklei bei kokius reikalavimus kelti.","robots":{"index":"index","follow":"follow","max-snippet":"max-snippet:-1","max-image-preview":"max-image-preview:large","max-video-preview":"max-video-preview:-1"},"canonical":"https:\/\/yoopies.lt\/c\/ieskau-aukles\/kiek-kainuoja-aukle\/","og_locale":"lt_LT","og_type":"article","og_title":"Kiek kainuoja aukl\u0117? Klausimas, kylantis kiekvienai \u0161eimai","og_description":"Yoopies dalinasi \u012fkainiais skirtinguose miestuose bei patarimais, kurie pad\u0117s \u012fsivertinti, kiek tur\u0117tum\u0117t mok\u0117ti auklei bei kokius reikalavimus kelti.","og_url":"https:\/\/yoopies.lt\/c\/ieskau-aukles\/kiek-kainuoja-aukle\/","og_site_name":"Yoopies Lietuva Blog","article_modified_time":"2025-06-12T08:48:24+00:00","og_image":[{"width":1200,"height":845,"url":"https:\/\/yoopies.lt\/c\/wp-content\/uploads\/sites\/12\/2024\/02\/c0fa7628-3ca6-4b20-9d22-77cb901e620c-diainternacionaldasmulheres-yoopies-1.jpg","type":"image\/jpeg"}],"twitter_card":"summary_large_image","twitter_misc":{"Est. reading time":"7 minut\u0117s"},"schema":{"@context":"https:\/\/schema.org","@graph":[{"@type":"WebPage","@id":"https:\/\/yoopies.lt\/c\/ieskau-aukles\/kiek-kainuoja-aukle\/","url":"https:\/\/yoopies.lt\/c\/ieskau-aukles\/kiek-kainuoja-aukle\/","name":"Kiek kainuoja aukl\u0117? Klausimas, kylantis kiekvienai \u0161eimai","isPartOf":{"@id":"https:\/\/yoopies.lt\/c\/#website"},"primaryImageOfPage":{"@id":"https:\/\/yoopies.lt\/c\/ieskau-aukles\/kiek-kainuoja-aukle\/#primaryimage"},"image":{"@id":"https:\/\/yoopies.lt\/c\/ieskau-aukles\/kiek-kainuoja-aukle\/#primaryimage"},"thumbnailUrl":"https:\/\/yoopies.lt\/c\/wp-content\/uploads\/sites\/12\/2024\/02\/c0fa7628-3ca6-4b20-9d22-77cb901e620c-diainternacionaldasmulheres-yoopies-1.jpg","datePublished":"2024-02-19T09:24:55+00:00","dateModified":"2025-06-12T08:48:24+00:00","description":"Yoopies dalinasi \u012fkainiais skirtinguose miestuose bei patarimais, kurie pad\u0117s \u012fsivertinti, kiek tur\u0117tum\u0117t mok\u0117ti auklei bei kokius reikalavimus kelti.","breadcrumb":{"@id":"https:\/\/yoopies.lt\/c\/ieskau-aukles\/kiek-kainuoja-aukle\/#breadcrumb"},"inLanguage":"lt-LT","potentialAction":[{"@type":"ReadAction","target":["https:\/\/yoopies.lt\/c\/ieskau-aukles\/kiek-kainuoja-aukle\/"]}]},{"@type":"ImageObject","inLanguage":"lt-LT","@id":"https:\/\/yoopies.lt\/c\/ieskau-aukles\/kiek-kainuoja-aukle\/#primaryimage","url":"https:\/\/yoopies.lt\/c\/wp-content\/uploads\/sites\/12\/2024\/02\/c0fa7628-3ca6-4b20-9d22-77cb901e620c-diainternacionaldasmulheres-yoopies-1.jpg","contentUrl":"https:\/\/yoopies.lt\/c\/wp-content\/uploads\/sites\/12\/2024\/02\/c0fa7628-3ca6-4b20-9d22-77cb901e620c-diainternacionaldasmulheres-yoopies-1.jpg","width":1200,"height":845},{"@type":"BreadcrumbList","@id":"https:\/\/yoopies.lt\/c\/ieskau-aukles\/kiek-kainuoja-aukle\/#breadcrumb","itemListElement":[{"@type":"ListItem","position":1,"name":"Home","item":"https:\/\/yoopies.lt\/c\/"},{"@type":"ListItem","position":2,"name":"Kaip rasti tinkam\u0105 aukl\u0119: patarimai ir gudryb\u0117s","item":"https:\/\/yoopies.lt\/c\/ieskau-aukles\/"},{"@type":"ListItem","position":3,"name":"Kiek kainuoja aukl\u0117?"}]},{"@type":"WebSite","@id":"https:\/\/yoopies.lt\/c\/#website","url":"https:\/\/yoopies.lt\/c\/","name":"Yoopies Lietuva Blog","description":"","publisher":{"@id":"https:\/\/yoopies.lt\/c\/#organization"},"potentialAction":[{"@type":"SearchAction","target":{"@type":"EntryPoint","urlTemplate":"https:\/\/yoopies.lt\/c\/?s={search_term_string}"},"query-input":{"@type":"PropertyValueSpecification","valueRequired":true,"valueName":"search_term_string"}}],"inLanguage":"lt-LT"},{"@type":"Organization","@id":"https:\/\/yoopies.lt\/c\/#organization","name":"Yoopies Lietuva Blog","url":"https:\/\/yoopies.lt\/c\/","logo":{"@type":"ImageObject","inLanguage":"lt-LT","@id":"https:\/\/yoopies.lt\/c\/#\/schema\/logo\/image\/","url":"https:\/\/yoopies.lt\/c\/wp-content\/uploads\/sites\/12\/2025\/05\/cropped-Logo_Yoopies-2.png","contentUrl":"https:\/\/yoopies.lt\/c\/wp-content\/uploads\/sites\/12\/2025\/05\/cropped-Logo_Yoopies-2.png","width":512,"height":512,"caption":"Yoopies Lietuva Blog"},"image":{"@id":"https:\/\/yoopies.lt\/c\/#\/schema\/logo\/image\/"}}]}},"_links":{"self":[{"href":"https:\/\/yoopies.lt\/c\/wp-json\/wp\/v2\/pages\/125","targetHints":{"allow":["GET"]}}],"collection":[{"href":"https:\/\/yoopies.lt\/c\/wp-json\/wp\/v2\/pages"}],"about":[{"href":"https:\/\/yoopies.lt\/c\/wp-json\/wp\/v2\/types\/page"}],"author":[{"embeddable":true,"href":"https:\/\/yoopies.lt\/c\/wp-json\/wp\/v2\/users\/10"}],"replies":[{"embeddable":true,"href":"https:\/\/yoopies.lt\/c\/wp-json\/wp\/v2\/comments?post=125"}],"version-history":[{"count":1,"href":"https:\/\/yoopies.lt\/c\/wp-json\/wp\/v2\/pages\/125\/revisions"}],"predecessor-version":[{"id":128,"href":"https:\/\/yoopies.lt\/c\/wp-json\/wp\/v2\/pages\/125\/revisions\/128"}],"up":[{"embeddable":true,"href":"https:\/\/yoopies.lt\/c\/wp-json\/wp\/v2\/pages\/43"}],"wp:featuredmedia":[{"embeddable":true,"href":"https:\/\/yoopies.lt\/c\/wp-json\/wp\/v2\/media\/127"}],"wp:attachment":[{"href":"https:\/\/yoopies.lt\/c\/wp-json\/wp\/v2\/media?parent=125"}],"curies":[{"name":"wp","href":"https:\/\/api.w.org\/{rel}","templated":true}]}}