{"id":133,"date":"2022-03-22T13:34:49","date_gmt":"2022-03-22T13:34:49","guid":{"rendered":"https:\/\/blog.yoopies.lt\/ieskau-aukles\/treatwell-grozio-paslaugos\/"},"modified":"2025-06-12T08:48:24","modified_gmt":"2025-06-12T08:48:24","slug":"treatwell-grozio-paslaugos","status":"publish","type":"page","link":"https:\/\/yoopies.lt\/c\/ieskau-aukles\/treatwell-grozio-paslaugos\/","title":{"rendered":"Treatwell &#8211; program\u0117l\u0117, kurios d\u0117ka keliais paspaudimais gali u\u017esiregistruoti gro\u017eio paslaugoms"},"content":{"rendered":"<p><p>T\u0117v\u0173 darb\u0173 s\u0105ra&scaron;as yra ilgesnis nei tualetinio popieriaus rulonas, kuris atrodo, kad niekada nesibaigs. Kai kurios u\u017eduotys, pavyzd\u017eiui antgamtini\u0173 gyv\u016bn\u0173 pie&scaron;imas, vaivoryk&scaron;t\u0117s spalvinimas ar picos kepimas l\u0117li\u0173 namelyje, yra labai smagios.<\/p>\n<\/p>\n<p>Ar kada pagalvojai kaip svarbu yra r\u016bpintis savimi b\u016bnant mama ar t\u0117\u010diu? D\u0117mesys sau teigiamai veikia santykius su aplinkiniais, nes didina pasitik\u0117jim\u0105 savimi ir padeda pasiekti vidin\u0119 ramyb\u0119 bei saugum\u0105.<\/p>\n<\/p>\n<p>Laimei, kad yra <a target=\"_blank\" rel=\"noopener\" href=\"https:\/\/www.treatwell.lt\/\">Treatwell<\/a> &#8211; did\u017eiausia Europoje gro\u017eio ir sveikatinimo paslaug\u0173 u\u017esakymo platforma. Ji skirta tiems momentams kai tau nereikia r\u016bpintis kitais, o tik leisti, kad tavimi pasir\u016bpintu kiti. Tau tereikia atlikti tris \u017eingsnius: atsisi\u0173sti program\u0117l\u0119, i&scaron;sirinkti gro\u017eio proced\u016br\u0105 ir nueiti \u012f salon\u0105.<\/p>\n<\/p>\n<p><p class=\"block-img\"><img decoding=\"async\" src=\"https:\/\/yoopies.lt\/c\/wp-content\/uploads\/sites\/12\/2022\/03\/1a62d565-109d-48af-b10b-14bac9e22308_spa-cropped-line.jpg\" alt=\"\"><\/p>\n<\/p>\n<p><p><strong>Kas yra Treatwell ir kod\u0117l jis gali palengvinti tavo gyvenim\u0105?<\/strong><\/p>\n<\/p>\n<p><p>Treatwell yra did\u017eiausia gro\u017eio ir sveikatinimo paslaug\u0173 u\u017esakymo platforma. Ji palengvina gyvenim\u0105, nes suteikia galimyb\u0119 rezervuoti apsilankym\u0105 gro\u017eio salone 24 valandas per par\u0105, 7 dienas per savait\u0119. Puiki i&scaron;eitis mamoms, kurios keliasi nakt\u012f, kad pamaitint\u0173 naujagimius, nuramint\u0173 vaikus susapnavusius ko&scaron;marus, ar tiesiog kai pabunda nuo pilnos galvos min\u010di\u0173. Tavo naujas mylimas salonas gali b\u016bti tiesiog tau u\u017e kampo, o rasti j\u012f yra vieni juokai, nes gali naudoti daug nauding\u0173 filtr\u0173, pavyzd\u017eiui rajonas, paslaugos ar laikas. Mes \u017einome, kokios u\u017eimtos yra tavo dienos ir kaip svarbu skland\u017eiai susid\u0117lioti visus darbus. Treatwell d\u0117ka tu gali u\u017esira&scaron;yti net ir paskutin\u0119 minut\u0119, tad gali pasim\u0117gauti taip i&scaron;svajota depiliacija ar maniki\u016bru, kada tik atsiranda laisva akimirka.<\/p>\n<\/p>\n<p><p><strong>R\u016bpinimasis savimi nuramina mintis ir pagerina santykius su aplinkiniais<\/strong><\/p>\n<\/p>\n<p><p>Kiek daug d\u0117mesio skiri sau kai turi vaik\u0173? Prioritet\u0173 s\u0105ra&scaron;e tai matyt rikiuojasi po kasdienini\u0173 \u017eaidim\u0173 su vaikais, s\u0105skait\u0173 mok\u0117jim\u0173 ar verslo susitikim\u0173 organizavimo. Kai pasir\u016bpini visu pasauliu, tuomet (galb\u016bt) jau ateina laikas pasir\u016bpinti ir savimi. Net ir trumpos pertraukos per kurias sustoji ir pagalvoji apie save yra svarbios norint sugr\u012f\u017eti \u012f vidin\u0119 ramyb\u0119, pusiausvyr\u0105, palaikyti gerus santykius su aplinkiniai ar tiesiog pasikelti nuotaik\u0105. Ma\u017ei r\u016bpinimosi savimi ritualai padeda \u012fveikti stres\u0105 ir geriau susidoroti su netik\u0117tomis ir ne visada maloniomis gyvenimi&scaron;komis situacijomis.<\/p>\n<\/p>\n<p><p class=\"block-img\"><img decoding=\"async\" src=\"https:\/\/yoopies.lt\/c\/wp-content\/uploads\/sites\/12\/2022\/03\/3cff15a8-7b9f-4e03-92ee-8fc8e8853e9f_redhair-cropped-line.jpg\" alt=\"\"><\/p>\n<\/p>\n<p><p><strong>Tai pad\u0117s pasijusti geriau<\/strong><\/p>\n<\/p>\n<p><p>B\u016bnant mama nereikia pamir&scaron;ti, kad ir tau reikia d\u0117mesio ir &scaron;iek tiek pasilepinimo. Ir tikrai nevalia d\u0117l to jaustis kaltai &#8211; &scaron;ios akimirkos atsipirks su kaupu. Ar \u017einai koki\u0105 galyb\u0119 naudos turi paprastas masa\u017eas? Jis ma\u017eina nerim\u0105, gerina limfos cirkuliacij\u0105, skys\u010di\u0173 apykait\u0105, atpalaiduoja, suma\u017eina s\u0105nari\u0173 ir raumen\u0173 skausmus. Ar dar pameni t\u0105 d\u017eiaugsmo ir nekantrumo nuotaik\u0105 kai s\u0117di kirp\u0117jo k\u0117d\u0117je ir lauki, kada i&scaron;vysi savo nauj\u0105j\u012f \u012fvaizd\u012f? Jei kartais pamir&scaron;ai, Treatwell nori tau tai priminti. Atsisi\u0173sk program\u0117l\u0119 ir atliekant pirm\u0105j\u012f u\u017esakym\u0105 bei \u012fvedus kod\u0105 <strong>YOOPIES<\/strong> tau bus suteikta <strong>8 EUR nuolaida<\/strong>.<\/p>\n<\/p>\n<p><a class=\"button\" href=\"http:\/\/tinyurl.com\/yyjmc53z\">SUSIPA\u017dINTI SU TREATWELL<\/a><\/p>\n<p><p><em>Pasi\u016blymo s\u0105lygos: Pasi\u016blymas galioja nuo 2020 m. rugs\u0117jo 7 iki 2020 m. spalio 31 d. Atliekant pirm\u0105j\u012f u\u017esakym\u0105 per Treatwell platform\u0105 kai minimali krep&scaron;elio vert\u0117 yra 20 EUR. Kod\u0105 reikia \u012fvesti paskutiniame u\u017esakymo \u017eingsnyje pasirinkus mok\u0117jim\u0105 i&scaron; anksto ( jei tok\u012f mok\u0117jimo b\u016bd\u0105 si\u016blo salonas).<\/em><\/p><\/p>\n","protected":false},"excerpt":{"rendered":"<p>T\u0117v\u0173 darb\u0173 s\u0105ra&scaron;as yra ilgesnis nei tualetinio popieriaus rulonas, kuris atrodo, kad niekada nesibaigs. Kai &hellip; <\/p>\n","protected":false},"author":10,"featured_media":136,"parent":43,"menu_order":0,"comment_status":"closed","ping_status":"closed","template":"","meta":{"_acf_changed":false,"footnotes":""},"class_list":["post-133","page","type-page","status-publish","has-post-thumbnail","hentry"],"acf":[],"yoast_head":"<!-- This site is optimized with the Yoast SEO plugin v26.9 - https:\/\/yoast.com\/product\/yoast-seo-wordpress\/ -->\n<title>Treatwell - program\u0117l\u0117 kuria gali u\u017esiregistruoti gro\u017eio paslaugoms<\/title>\n<meta name=\"description\" content=\"Treatwell dalinasi nuolaida Yoopies mamoms ir t\u0117\u010diams! Pasinaudok nuolaidos kodu ir m\u0117gaukis gro\u017eio proced\u016bromis.\" \/>\n<meta name=\"robots\" content=\"index, follow, max-snippet:-1, max-image-preview:large, max-video-preview:-1\" \/>\n<link rel=\"canonical\" href=\"https:\/\/yoopies.lt\/c\/ieskau-aukles\/treatwell-grozio-paslaugos\/\" \/>\n<meta property=\"og:locale\" content=\"lt_LT\" \/>\n<meta property=\"og:type\" content=\"article\" \/>\n<meta property=\"og:title\" content=\"Treatwell - program\u0117l\u0117 kuria gali u\u017esiregistruoti gro\u017eio paslaugoms\" \/>\n<meta property=\"og:description\" content=\"Treatwell dalinasi nuolaida Yoopies mamoms ir t\u0117\u010diams! Pasinaudok nuolaidos kodu ir m\u0117gaukis gro\u017eio proced\u016bromis.\" \/>\n<meta property=\"og:url\" content=\"https:\/\/yoopies.lt\/c\/ieskau-aukles\/treatwell-grozio-paslaugos\/\" \/>\n<meta property=\"og:site_name\" content=\"Yoopies Lietuva Blog\" \/>\n<meta property=\"article:modified_time\" content=\"2025-06-12T08:48:24+00:00\" \/>\n<meta property=\"og:image\" content=\"https:\/\/yoopies.lt\/c\/wp-content\/uploads\/sites\/12\/2022\/03\/3cff15a8-7b9f-4e03-92ee-8fc8e8853e9f-redhair-cropped-line.jpg\" \/>\n\t<meta property=\"og:image:width\" content=\"1200\" \/>\n\t<meta property=\"og:image:height\" content=\"857\" \/>\n\t<meta property=\"og:image:type\" content=\"image\/jpeg\" \/>\n<meta name=\"twitter:card\" content=\"summary_large_image\" \/>\n<meta name=\"twitter:label1\" content=\"Est. reading time\" \/>\n\t<meta name=\"twitter:data1\" content=\"3 minut\u0117s\" \/>\n<script type=\"application\/ld+json\" class=\"yoast-schema-graph\">{\"@context\":\"https:\/\/schema.org\",\"@graph\":[{\"@type\":\"WebPage\",\"@id\":\"https:\/\/yoopies.lt\/c\/ieskau-aukles\/treatwell-grozio-paslaugos\/\",\"url\":\"https:\/\/yoopies.lt\/c\/ieskau-aukles\/treatwell-grozio-paslaugos\/\",\"name\":\"Treatwell - program\u0117l\u0117 kuria gali u\u017esiregistruoti gro\u017eio paslaugoms\",\"isPartOf\":{\"@id\":\"https:\/\/yoopies.lt\/c\/#website\"},\"primaryImageOfPage\":{\"@id\":\"https:\/\/yoopies.lt\/c\/ieskau-aukles\/treatwell-grozio-paslaugos\/#primaryimage\"},\"image\":{\"@id\":\"https:\/\/yoopies.lt\/c\/ieskau-aukles\/treatwell-grozio-paslaugos\/#primaryimage\"},\"thumbnailUrl\":\"https:\/\/yoopies.lt\/c\/wp-content\/uploads\/sites\/12\/2022\/03\/3cff15a8-7b9f-4e03-92ee-8fc8e8853e9f-redhair-cropped-line.jpg\",\"datePublished\":\"2022-03-22T13:34:49+00:00\",\"dateModified\":\"2025-06-12T08:48:24+00:00\",\"description\":\"Treatwell dalinasi nuolaida Yoopies mamoms ir t\u0117\u010diams! Pasinaudok nuolaidos kodu ir m\u0117gaukis gro\u017eio proced\u016bromis.\",\"breadcrumb\":{\"@id\":\"https:\/\/yoopies.lt\/c\/ieskau-aukles\/treatwell-grozio-paslaugos\/#breadcrumb\"},\"inLanguage\":\"lt-LT\",\"potentialAction\":[{\"@type\":\"ReadAction\",\"target\":[\"https:\/\/yoopies.lt\/c\/ieskau-aukles\/treatwell-grozio-paslaugos\/\"]}]},{\"@type\":\"ImageObject\",\"inLanguage\":\"lt-LT\",\"@id\":\"https:\/\/yoopies.lt\/c\/ieskau-aukles\/treatwell-grozio-paslaugos\/#primaryimage\",\"url\":\"https:\/\/yoopies.lt\/c\/wp-content\/uploads\/sites\/12\/2022\/03\/3cff15a8-7b9f-4e03-92ee-8fc8e8853e9f-redhair-cropped-line.jpg\",\"contentUrl\":\"https:\/\/yoopies.lt\/c\/wp-content\/uploads\/sites\/12\/2022\/03\/3cff15a8-7b9f-4e03-92ee-8fc8e8853e9f-redhair-cropped-line.jpg\",\"width\":1200,\"height\":857},{\"@type\":\"BreadcrumbList\",\"@id\":\"https:\/\/yoopies.lt\/c\/ieskau-aukles\/treatwell-grozio-paslaugos\/#breadcrumb\",\"itemListElement\":[{\"@type\":\"ListItem\",\"position\":1,\"name\":\"Home\",\"item\":\"https:\/\/yoopies.lt\/c\/\"},{\"@type\":\"ListItem\",\"position\":2,\"name\":\"Kaip rasti tinkam\u0105 aukl\u0119: patarimai ir gudryb\u0117s\",\"item\":\"https:\/\/yoopies.lt\/c\/ieskau-aukles\/\"},{\"@type\":\"ListItem\",\"position\":3,\"name\":\"Treatwell &#8211; program\u0117l\u0117, kurios d\u0117ka keliais paspaudimais gali u\u017esiregistruoti gro\u017eio paslaugoms\"}]},{\"@type\":\"WebSite\",\"@id\":\"https:\/\/yoopies.lt\/c\/#website\",\"url\":\"https:\/\/yoopies.lt\/c\/\",\"name\":\"Yoopies Lietuva Blog\",\"description\":\"\",\"publisher\":{\"@id\":\"https:\/\/yoopies.lt\/c\/#organization\"},\"potentialAction\":[{\"@type\":\"SearchAction\",\"target\":{\"@type\":\"EntryPoint\",\"urlTemplate\":\"https:\/\/yoopies.lt\/c\/?s={search_term_string}\"},\"query-input\":{\"@type\":\"PropertyValueSpecification\",\"valueRequired\":true,\"valueName\":\"search_term_string\"}}],\"inLanguage\":\"lt-LT\"},{\"@type\":\"Organization\",\"@id\":\"https:\/\/yoopies.lt\/c\/#organization\",\"name\":\"Yoopies Lietuva Blog\",\"url\":\"https:\/\/yoopies.lt\/c\/\",\"logo\":{\"@type\":\"ImageObject\",\"inLanguage\":\"lt-LT\",\"@id\":\"https:\/\/yoopies.lt\/c\/#\/schema\/logo\/image\/\",\"url\":\"https:\/\/yoopies.lt\/c\/wp-content\/uploads\/sites\/12\/2025\/05\/cropped-Logo_Yoopies-2.png\",\"contentUrl\":\"https:\/\/yoopies.lt\/c\/wp-content\/uploads\/sites\/12\/2025\/05\/cropped-Logo_Yoopies-2.png\",\"width\":512,\"height\":512,\"caption\":\"Yoopies Lietuva Blog\"},\"image\":{\"@id\":\"https:\/\/yoopies.lt\/c\/#\/schema\/logo\/image\/\"}}]}<\/script>\n<!-- \/ Yoast SEO plugin. -->","yoast_head_json":{"title":"Treatwell - program\u0117l\u0117 kuria gali u\u017esiregistruoti gro\u017eio paslaugoms","description":"Treatwell dalinasi nuolaida Yoopies mamoms ir t\u0117\u010diams! Pasinaudok nuolaidos kodu ir m\u0117gaukis gro\u017eio proced\u016bromis.","robots":{"index":"index","follow":"follow","max-snippet":"max-snippet:-1","max-image-preview":"max-image-preview:large","max-video-preview":"max-video-preview:-1"},"canonical":"https:\/\/yoopies.lt\/c\/ieskau-aukles\/treatwell-grozio-paslaugos\/","og_locale":"lt_LT","og_type":"article","og_title":"Treatwell - program\u0117l\u0117 kuria gali u\u017esiregistruoti gro\u017eio paslaugoms","og_description":"Treatwell dalinasi nuolaida Yoopies mamoms ir t\u0117\u010diams! Pasinaudok nuolaidos kodu ir m\u0117gaukis gro\u017eio proced\u016bromis.","og_url":"https:\/\/yoopies.lt\/c\/ieskau-aukles\/treatwell-grozio-paslaugos\/","og_site_name":"Yoopies Lietuva Blog","article_modified_time":"2025-06-12T08:48:24+00:00","og_image":[{"width":1200,"height":857,"url":"https:\/\/yoopies.lt\/c\/wp-content\/uploads\/sites\/12\/2022\/03\/3cff15a8-7b9f-4e03-92ee-8fc8e8853e9f-redhair-cropped-line.jpg","type":"image\/jpeg"}],"twitter_card":"summary_large_image","twitter_misc":{"Est. reading time":"3 minut\u0117s"},"schema":{"@context":"https:\/\/schema.org","@graph":[{"@type":"WebPage","@id":"https:\/\/yoopies.lt\/c\/ieskau-aukles\/treatwell-grozio-paslaugos\/","url":"https:\/\/yoopies.lt\/c\/ieskau-aukles\/treatwell-grozio-paslaugos\/","name":"Treatwell - program\u0117l\u0117 kuria gali u\u017esiregistruoti gro\u017eio paslaugoms","isPartOf":{"@id":"https:\/\/yoopies.lt\/c\/#website"},"primaryImageOfPage":{"@id":"https:\/\/yoopies.lt\/c\/ieskau-aukles\/treatwell-grozio-paslaugos\/#primaryimage"},"image":{"@id":"https:\/\/yoopies.lt\/c\/ieskau-aukles\/treatwell-grozio-paslaugos\/#primaryimage"},"thumbnailUrl":"https:\/\/yoopies.lt\/c\/wp-content\/uploads\/sites\/12\/2022\/03\/3cff15a8-7b9f-4e03-92ee-8fc8e8853e9f-redhair-cropped-line.jpg","datePublished":"2022-03-22T13:34:49+00:00","dateModified":"2025-06-12T08:48:24+00:00","description":"Treatwell dalinasi nuolaida Yoopies mamoms ir t\u0117\u010diams! Pasinaudok nuolaidos kodu ir m\u0117gaukis gro\u017eio proced\u016bromis.","breadcrumb":{"@id":"https:\/\/yoopies.lt\/c\/ieskau-aukles\/treatwell-grozio-paslaugos\/#breadcrumb"},"inLanguage":"lt-LT","potentialAction":[{"@type":"ReadAction","target":["https:\/\/yoopies.lt\/c\/ieskau-aukles\/treatwell-grozio-paslaugos\/"]}]},{"@type":"ImageObject","inLanguage":"lt-LT","@id":"https:\/\/yoopies.lt\/c\/ieskau-aukles\/treatwell-grozio-paslaugos\/#primaryimage","url":"https:\/\/yoopies.lt\/c\/wp-content\/uploads\/sites\/12\/2022\/03\/3cff15a8-7b9f-4e03-92ee-8fc8e8853e9f-redhair-cropped-line.jpg","contentUrl":"https:\/\/yoopies.lt\/c\/wp-content\/uploads\/sites\/12\/2022\/03\/3cff15a8-7b9f-4e03-92ee-8fc8e8853e9f-redhair-cropped-line.jpg","width":1200,"height":857},{"@type":"BreadcrumbList","@id":"https:\/\/yoopies.lt\/c\/ieskau-aukles\/treatwell-grozio-paslaugos\/#breadcrumb","itemListElement":[{"@type":"ListItem","position":1,"name":"Home","item":"https:\/\/yoopies.lt\/c\/"},{"@type":"ListItem","position":2,"name":"Kaip rasti tinkam\u0105 aukl\u0119: patarimai ir gudryb\u0117s","item":"https:\/\/yoopies.lt\/c\/ieskau-aukles\/"},{"@type":"ListItem","position":3,"name":"Treatwell &#8211; program\u0117l\u0117, kurios d\u0117ka keliais paspaudimais gali u\u017esiregistruoti gro\u017eio paslaugoms"}]},{"@type":"WebSite","@id":"https:\/\/yoopies.lt\/c\/#website","url":"https:\/\/yoopies.lt\/c\/","name":"Yoopies Lietuva Blog","description":"","publisher":{"@id":"https:\/\/yoopies.lt\/c\/#organization"},"potentialAction":[{"@type":"SearchAction","target":{"@type":"EntryPoint","urlTemplate":"https:\/\/yoopies.lt\/c\/?s={search_term_string}"},"query-input":{"@type":"PropertyValueSpecification","valueRequired":true,"valueName":"search_term_string"}}],"inLanguage":"lt-LT"},{"@type":"Organization","@id":"https:\/\/yoopies.lt\/c\/#organization","name":"Yoopies Lietuva Blog","url":"https:\/\/yoopies.lt\/c\/","logo":{"@type":"ImageObject","inLanguage":"lt-LT","@id":"https:\/\/yoopies.lt\/c\/#\/schema\/logo\/image\/","url":"https:\/\/yoopies.lt\/c\/wp-content\/uploads\/sites\/12\/2025\/05\/cropped-Logo_Yoopies-2.png","contentUrl":"https:\/\/yoopies.lt\/c\/wp-content\/uploads\/sites\/12\/2025\/05\/cropped-Logo_Yoopies-2.png","width":512,"height":512,"caption":"Yoopies Lietuva Blog"},"image":{"@id":"https:\/\/yoopies.lt\/c\/#\/schema\/logo\/image\/"}}]}},"_links":{"self":[{"href":"https:\/\/yoopies.lt\/c\/wp-json\/wp\/v2\/pages\/133","targetHints":{"allow":["GET"]}}],"collection":[{"href":"https:\/\/yoopies.lt\/c\/wp-json\/wp\/v2\/pages"}],"about":[{"href":"https:\/\/yoopies.lt\/c\/wp-json\/wp\/v2\/types\/page"}],"author":[{"embeddable":true,"href":"https:\/\/yoopies.lt\/c\/wp-json\/wp\/v2\/users\/10"}],"replies":[{"embeddable":true,"href":"https:\/\/yoopies.lt\/c\/wp-json\/wp\/v2\/comments?post=133"}],"version-history":[{"count":1,"href":"https:\/\/yoopies.lt\/c\/wp-json\/wp\/v2\/pages\/133\/revisions"}],"predecessor-version":[{"id":137,"href":"https:\/\/yoopies.lt\/c\/wp-json\/wp\/v2\/pages\/133\/revisions\/137"}],"up":[{"embeddable":true,"href":"https:\/\/yoopies.lt\/c\/wp-json\/wp\/v2\/pages\/43"}],"wp:featuredmedia":[{"embeddable":true,"href":"https:\/\/yoopies.lt\/c\/wp-json\/wp\/v2\/media\/136"}],"wp:attachment":[{"href":"https:\/\/yoopies.lt\/c\/wp-json\/wp\/v2\/media?parent=133"}],"curies":[{"name":"wp","href":"https:\/\/api.w.org\/{rel}","templated":true}]}}