{"id":138,"date":"2022-03-22T13:29:00","date_gmt":"2022-03-22T13:29:00","guid":{"rendered":"https:\/\/blog.yoopies.lt\/ieskau-aukles\/uzsakymas-internetu\/"},"modified":"2025-06-12T08:48:24","modified_gmt":"2025-06-12T08:48:24","slug":"uzsakymas-internetu","status":"publish","type":"page","link":"https:\/\/yoopies.lt\/c\/ieskau-aukles\/uzsakymas-internetu\/","title":{"rendered":"Aukl\u0117s paslaug\u0173 u\u017esakymas internetu!"},"content":{"rendered":"<p><h4>Paslaug\u0173 u\u017esakymas ir mok\u0117jimas internetu<\/h4>\n<\/p>\n<p>Yoopies pristato nauj\u0105 funkcij\u0105 &#8211;&nbsp;paslaug\u0173 u\u017esakymas internetu!&nbsp;Nuo &scaron;iol Yoopies gal\u0117site ne tik rasti jums patinkan\u010di\u0105 aukl\u0119, bei ir u\u017esakyti paslaugas bei atsiskaityti internetu.<strong><\/p>\n<p>Kokie privalumai?<\/strong><\/p>\n<ul>\n<li>Greitas ir paprastas atsiskaitymas &ndash; daugiau joki\u0173 bankomat\u0173 ir gryn\u0173j\u0173 pinig\u0173 i&scaron;\u0117mimo<\/li>\n<li>Patogi Yoopies u\u017esakym\u0173 sistema su kiekvieno m\u0117nesio suvestin\u0117mis<\/li>\n<li>Pasinaudokite lengvata ir susigr\u0105\u017einkite iki 400eur. u\u017e vaik\u0173 prie\u017ei\u016bros paslaugas. Daugiau informacijos galite rasti&nbsp;<strong><a target=\"_blank\" rel=\"noopener\" href=\"https:\/\/yoopies.lt\/c\/patarimai-tevams\/lengvata-uz-aukles-paslaugas\">\u010dia<\/a><\/strong><\/li>\n<\/ul>\n<p><strong>Kaip tai veikia?<\/strong><\/p>\n<ul>\n<li>Aukl\u0117s profilyje spauskite &bdquo;U\u017esakyti&ldquo;<\/li>\n<li>Nurodykite aukl\u0117s darbo valandas (v\u0117liau &scaron;ias valandas gal\u0117site koreguoti)<\/li>\n<li>Aukl\u0117 tur\u0117s 48val. priimti arba atsisakyti j\u016bs\u0173 u\u017eklausos<\/li>\n<li>Jei tai vienkartinis u\u017esakymas, po aukl\u0117s paslaugos suteikimo tur\u0117site 48 val. patikslinti aukl\u0117s fakti&scaron;kai i&scaron;dirbt\u0105 valand\u0173 skai\u010di\u0173<\/li>\n<li>Jei tai reguliari vaik\u0173 prie\u017ei\u016bra, aukl\u0117s i&scaron;dirbt\u0105 valand\u0173 skai\u010di\u0173 gal\u0117site koreguoti nuo m\u0117nesio 25d. iki kito m\u0117nesio 1d.<\/li>\n<li>Ir viskas! Auklei atliekamas pavedimas \u012f banko s\u0105skait\u0105.<\/li>\n<\/ul>\n<p><a class=\"button\" href=\"https:\/\/yoopies.helpdocs.io\/l\/lt\/uzsakymai-ir-mokejimai\/darbdavys-paslaugu-uzsakymo-sistema\">Pla\u010diau apie u\u017esakym\u0173 funkcij\u0105<\/a><\/p>\n<figure><img decoding=\"async\" src=\"https:\/\/yoopies.lt\/c\/wp-content\/uploads\/sites\/12\/2022\/03\/b2d889d6-0510-4517-9229-3eb840692d50-freresoeur28329.jpg\" \/><\/figure>\n","protected":false},"excerpt":{"rendered":"<p>Paslaug\u0173 u\u017esakymas ir mok\u0117jimas internetu Yoopies pristato nauj\u0105 funkcij\u0105 &#8211;&nbsp;paslaug\u0173 u\u017esakymas internetu!&nbsp;Nuo &scaron;iol Yoopies gal\u0117site &hellip; <\/p>\n","protected":false},"author":10,"featured_media":140,"parent":43,"menu_order":0,"comment_status":"closed","ping_status":"closed","template":"","meta":{"_acf_changed":false,"footnotes":""},"class_list":["post-138","page","type-page","status-publish","has-post-thumbnail","hentry"],"acf":[],"yoast_head":"<!-- This site is optimized with the Yoast SEO plugin v26.9 - https:\/\/yoast.com\/product\/yoast-seo-wordpress\/ -->\n<title>Rezervuok tau patinkan\u010di\u0105 aukl\u0119 ir atsiskaityk internetu!<\/title>\n<meta name=\"description\" content=\"Daugiau joki\u0173 gryn\u0173j\u0173 pinig\u0173 i\u0161\u0117mimo - Yoopies su aukle galite atsiskaityti bankiniu pavedimu. Pasinaudok m\u016bs\u0173 u\u017esakymo sistema.\" \/>\n<meta name=\"robots\" content=\"index, follow, max-snippet:-1, max-image-preview:large, max-video-preview:-1\" \/>\n<link rel=\"canonical\" href=\"https:\/\/yoopies.lt\/c\/ieskau-aukles\/uzsakymas-internetu\/\" \/>\n<meta property=\"og:locale\" content=\"lt_LT\" \/>\n<meta property=\"og:type\" content=\"article\" \/>\n<meta property=\"og:title\" content=\"Rezervuok tau patinkan\u010di\u0105 aukl\u0119 ir atsiskaityk internetu!\" \/>\n<meta property=\"og:description\" content=\"Daugiau joki\u0173 gryn\u0173j\u0173 pinig\u0173 i\u0161\u0117mimo - Yoopies su aukle galite atsiskaityti bankiniu pavedimu. Pasinaudok m\u016bs\u0173 u\u017esakymo sistema.\" \/>\n<meta property=\"og:url\" content=\"https:\/\/yoopies.lt\/c\/ieskau-aukles\/uzsakymas-internetu\/\" \/>\n<meta property=\"og:site_name\" content=\"Yoopies Lietuva Blog\" \/>\n<meta property=\"article:modified_time\" content=\"2025-06-12T08:48:24+00:00\" \/>\n<meta property=\"og:image\" content=\"https:\/\/yoopies.lt\/c\/wp-content\/uploads\/sites\/12\/2022\/03\/b2d889d6-0510-4517-9229-3eb840692d50-freresoeur28329-1.jpg\" \/>\n\t<meta property=\"og:image:width\" content=\"1200\" \/>\n\t<meta property=\"og:image:height\" content=\"675\" \/>\n\t<meta property=\"og:image:type\" content=\"image\/jpeg\" \/>\n<meta name=\"twitter:card\" content=\"summary_large_image\" \/>\n<meta name=\"twitter:label1\" content=\"Est. reading time\" \/>\n\t<meta name=\"twitter:data1\" content=\"1 minut\u0117\" \/>\n<script type=\"application\/ld+json\" class=\"yoast-schema-graph\">{\"@context\":\"https:\/\/schema.org\",\"@graph\":[{\"@type\":\"WebPage\",\"@id\":\"https:\/\/yoopies.lt\/c\/ieskau-aukles\/uzsakymas-internetu\/\",\"url\":\"https:\/\/yoopies.lt\/c\/ieskau-aukles\/uzsakymas-internetu\/\",\"name\":\"Rezervuok tau patinkan\u010di\u0105 aukl\u0119 ir atsiskaityk internetu!\",\"isPartOf\":{\"@id\":\"https:\/\/yoopies.lt\/c\/#website\"},\"primaryImageOfPage\":{\"@id\":\"https:\/\/yoopies.lt\/c\/ieskau-aukles\/uzsakymas-internetu\/#primaryimage\"},\"image\":{\"@id\":\"https:\/\/yoopies.lt\/c\/ieskau-aukles\/uzsakymas-internetu\/#primaryimage\"},\"thumbnailUrl\":\"https:\/\/yoopies.lt\/c\/wp-content\/uploads\/sites\/12\/2022\/03\/b2d889d6-0510-4517-9229-3eb840692d50-freresoeur28329-1.jpg\",\"datePublished\":\"2022-03-22T13:29:00+00:00\",\"dateModified\":\"2025-06-12T08:48:24+00:00\",\"description\":\"Daugiau joki\u0173 gryn\u0173j\u0173 pinig\u0173 i\u0161\u0117mimo - Yoopies su aukle galite atsiskaityti bankiniu pavedimu. Pasinaudok m\u016bs\u0173 u\u017esakymo sistema.\",\"breadcrumb\":{\"@id\":\"https:\/\/yoopies.lt\/c\/ieskau-aukles\/uzsakymas-internetu\/#breadcrumb\"},\"inLanguage\":\"lt-LT\",\"potentialAction\":[{\"@type\":\"ReadAction\",\"target\":[\"https:\/\/yoopies.lt\/c\/ieskau-aukles\/uzsakymas-internetu\/\"]}]},{\"@type\":\"ImageObject\",\"inLanguage\":\"lt-LT\",\"@id\":\"https:\/\/yoopies.lt\/c\/ieskau-aukles\/uzsakymas-internetu\/#primaryimage\",\"url\":\"https:\/\/yoopies.lt\/c\/wp-content\/uploads\/sites\/12\/2022\/03\/b2d889d6-0510-4517-9229-3eb840692d50-freresoeur28329-1.jpg\",\"contentUrl\":\"https:\/\/yoopies.lt\/c\/wp-content\/uploads\/sites\/12\/2022\/03\/b2d889d6-0510-4517-9229-3eb840692d50-freresoeur28329-1.jpg\",\"width\":1200,\"height\":675},{\"@type\":\"BreadcrumbList\",\"@id\":\"https:\/\/yoopies.lt\/c\/ieskau-aukles\/uzsakymas-internetu\/#breadcrumb\",\"itemListElement\":[{\"@type\":\"ListItem\",\"position\":1,\"name\":\"Home\",\"item\":\"https:\/\/yoopies.lt\/c\/\"},{\"@type\":\"ListItem\",\"position\":2,\"name\":\"Kaip rasti tinkam\u0105 aukl\u0119: patarimai ir gudryb\u0117s\",\"item\":\"https:\/\/yoopies.lt\/c\/ieskau-aukles\/\"},{\"@type\":\"ListItem\",\"position\":3,\"name\":\"Aukl\u0117s paslaug\u0173 u\u017esakymas internetu!\"}]},{\"@type\":\"WebSite\",\"@id\":\"https:\/\/yoopies.lt\/c\/#website\",\"url\":\"https:\/\/yoopies.lt\/c\/\",\"name\":\"Yoopies Lietuva Blog\",\"description\":\"\",\"publisher\":{\"@id\":\"https:\/\/yoopies.lt\/c\/#organization\"},\"potentialAction\":[{\"@type\":\"SearchAction\",\"target\":{\"@type\":\"EntryPoint\",\"urlTemplate\":\"https:\/\/yoopies.lt\/c\/?s={search_term_string}\"},\"query-input\":{\"@type\":\"PropertyValueSpecification\",\"valueRequired\":true,\"valueName\":\"search_term_string\"}}],\"inLanguage\":\"lt-LT\"},{\"@type\":\"Organization\",\"@id\":\"https:\/\/yoopies.lt\/c\/#organization\",\"name\":\"Yoopies Lietuva Blog\",\"url\":\"https:\/\/yoopies.lt\/c\/\",\"logo\":{\"@type\":\"ImageObject\",\"inLanguage\":\"lt-LT\",\"@id\":\"https:\/\/yoopies.lt\/c\/#\/schema\/logo\/image\/\",\"url\":\"https:\/\/yoopies.lt\/c\/wp-content\/uploads\/sites\/12\/2025\/05\/cropped-Logo_Yoopies-2.png\",\"contentUrl\":\"https:\/\/yoopies.lt\/c\/wp-content\/uploads\/sites\/12\/2025\/05\/cropped-Logo_Yoopies-2.png\",\"width\":512,\"height\":512,\"caption\":\"Yoopies Lietuva Blog\"},\"image\":{\"@id\":\"https:\/\/yoopies.lt\/c\/#\/schema\/logo\/image\/\"}}]}<\/script>\n<!-- \/ Yoast SEO plugin. -->","yoast_head_json":{"title":"Rezervuok tau patinkan\u010di\u0105 aukl\u0119 ir atsiskaityk internetu!","description":"Daugiau joki\u0173 gryn\u0173j\u0173 pinig\u0173 i\u0161\u0117mimo - Yoopies su aukle galite atsiskaityti bankiniu pavedimu. Pasinaudok m\u016bs\u0173 u\u017esakymo sistema.","robots":{"index":"index","follow":"follow","max-snippet":"max-snippet:-1","max-image-preview":"max-image-preview:large","max-video-preview":"max-video-preview:-1"},"canonical":"https:\/\/yoopies.lt\/c\/ieskau-aukles\/uzsakymas-internetu\/","og_locale":"lt_LT","og_type":"article","og_title":"Rezervuok tau patinkan\u010di\u0105 aukl\u0119 ir atsiskaityk internetu!","og_description":"Daugiau joki\u0173 gryn\u0173j\u0173 pinig\u0173 i\u0161\u0117mimo - Yoopies su aukle galite atsiskaityti bankiniu pavedimu. Pasinaudok m\u016bs\u0173 u\u017esakymo sistema.","og_url":"https:\/\/yoopies.lt\/c\/ieskau-aukles\/uzsakymas-internetu\/","og_site_name":"Yoopies Lietuva Blog","article_modified_time":"2025-06-12T08:48:24+00:00","og_image":[{"width":1200,"height":675,"url":"https:\/\/yoopies.lt\/c\/wp-content\/uploads\/sites\/12\/2022\/03\/b2d889d6-0510-4517-9229-3eb840692d50-freresoeur28329-1.jpg","type":"image\/jpeg"}],"twitter_card":"summary_large_image","twitter_misc":{"Est. reading time":"1 minut\u0117"},"schema":{"@context":"https:\/\/schema.org","@graph":[{"@type":"WebPage","@id":"https:\/\/yoopies.lt\/c\/ieskau-aukles\/uzsakymas-internetu\/","url":"https:\/\/yoopies.lt\/c\/ieskau-aukles\/uzsakymas-internetu\/","name":"Rezervuok tau patinkan\u010di\u0105 aukl\u0119 ir atsiskaityk internetu!","isPartOf":{"@id":"https:\/\/yoopies.lt\/c\/#website"},"primaryImageOfPage":{"@id":"https:\/\/yoopies.lt\/c\/ieskau-aukles\/uzsakymas-internetu\/#primaryimage"},"image":{"@id":"https:\/\/yoopies.lt\/c\/ieskau-aukles\/uzsakymas-internetu\/#primaryimage"},"thumbnailUrl":"https:\/\/yoopies.lt\/c\/wp-content\/uploads\/sites\/12\/2022\/03\/b2d889d6-0510-4517-9229-3eb840692d50-freresoeur28329-1.jpg","datePublished":"2022-03-22T13:29:00+00:00","dateModified":"2025-06-12T08:48:24+00:00","description":"Daugiau joki\u0173 gryn\u0173j\u0173 pinig\u0173 i\u0161\u0117mimo - Yoopies su aukle galite atsiskaityti bankiniu pavedimu. Pasinaudok m\u016bs\u0173 u\u017esakymo sistema.","breadcrumb":{"@id":"https:\/\/yoopies.lt\/c\/ieskau-aukles\/uzsakymas-internetu\/#breadcrumb"},"inLanguage":"lt-LT","potentialAction":[{"@type":"ReadAction","target":["https:\/\/yoopies.lt\/c\/ieskau-aukles\/uzsakymas-internetu\/"]}]},{"@type":"ImageObject","inLanguage":"lt-LT","@id":"https:\/\/yoopies.lt\/c\/ieskau-aukles\/uzsakymas-internetu\/#primaryimage","url":"https:\/\/yoopies.lt\/c\/wp-content\/uploads\/sites\/12\/2022\/03\/b2d889d6-0510-4517-9229-3eb840692d50-freresoeur28329-1.jpg","contentUrl":"https:\/\/yoopies.lt\/c\/wp-content\/uploads\/sites\/12\/2022\/03\/b2d889d6-0510-4517-9229-3eb840692d50-freresoeur28329-1.jpg","width":1200,"height":675},{"@type":"BreadcrumbList","@id":"https:\/\/yoopies.lt\/c\/ieskau-aukles\/uzsakymas-internetu\/#breadcrumb","itemListElement":[{"@type":"ListItem","position":1,"name":"Home","item":"https:\/\/yoopies.lt\/c\/"},{"@type":"ListItem","position":2,"name":"Kaip rasti tinkam\u0105 aukl\u0119: patarimai ir gudryb\u0117s","item":"https:\/\/yoopies.lt\/c\/ieskau-aukles\/"},{"@type":"ListItem","position":3,"name":"Aukl\u0117s paslaug\u0173 u\u017esakymas internetu!"}]},{"@type":"WebSite","@id":"https:\/\/yoopies.lt\/c\/#website","url":"https:\/\/yoopies.lt\/c\/","name":"Yoopies Lietuva Blog","description":"","publisher":{"@id":"https:\/\/yoopies.lt\/c\/#organization"},"potentialAction":[{"@type":"SearchAction","target":{"@type":"EntryPoint","urlTemplate":"https:\/\/yoopies.lt\/c\/?s={search_term_string}"},"query-input":{"@type":"PropertyValueSpecification","valueRequired":true,"valueName":"search_term_string"}}],"inLanguage":"lt-LT"},{"@type":"Organization","@id":"https:\/\/yoopies.lt\/c\/#organization","name":"Yoopies Lietuva Blog","url":"https:\/\/yoopies.lt\/c\/","logo":{"@type":"ImageObject","inLanguage":"lt-LT","@id":"https:\/\/yoopies.lt\/c\/#\/schema\/logo\/image\/","url":"https:\/\/yoopies.lt\/c\/wp-content\/uploads\/sites\/12\/2025\/05\/cropped-Logo_Yoopies-2.png","contentUrl":"https:\/\/yoopies.lt\/c\/wp-content\/uploads\/sites\/12\/2025\/05\/cropped-Logo_Yoopies-2.png","width":512,"height":512,"caption":"Yoopies Lietuva Blog"},"image":{"@id":"https:\/\/yoopies.lt\/c\/#\/schema\/logo\/image\/"}}]}},"_links":{"self":[{"href":"https:\/\/yoopies.lt\/c\/wp-json\/wp\/v2\/pages\/138","targetHints":{"allow":["GET"]}}],"collection":[{"href":"https:\/\/yoopies.lt\/c\/wp-json\/wp\/v2\/pages"}],"about":[{"href":"https:\/\/yoopies.lt\/c\/wp-json\/wp\/v2\/types\/page"}],"author":[{"embeddable":true,"href":"https:\/\/yoopies.lt\/c\/wp-json\/wp\/v2\/users\/10"}],"replies":[{"embeddable":true,"href":"https:\/\/yoopies.lt\/c\/wp-json\/wp\/v2\/comments?post=138"}],"version-history":[{"count":1,"href":"https:\/\/yoopies.lt\/c\/wp-json\/wp\/v2\/pages\/138\/revisions"}],"predecessor-version":[{"id":141,"href":"https:\/\/yoopies.lt\/c\/wp-json\/wp\/v2\/pages\/138\/revisions\/141"}],"up":[{"embeddable":true,"href":"https:\/\/yoopies.lt\/c\/wp-json\/wp\/v2\/pages\/43"}],"wp:featuredmedia":[{"embeddable":true,"href":"https:\/\/yoopies.lt\/c\/wp-json\/wp\/v2\/media\/140"}],"wp:attachment":[{"href":"https:\/\/yoopies.lt\/c\/wp-json\/wp\/v2\/media?parent=138"}],"curies":[{"name":"wp","href":"https:\/\/api.w.org\/{rel}","templated":true}]}}