{"id":142,"date":"2020-05-27T15:09:15","date_gmt":"2020-05-27T15:09:15","guid":{"rendered":"https:\/\/blog.yoopies.lt\/ieskau-aukles\/darbo-ir-seimos-balansas\/"},"modified":"2025-06-12T08:48:24","modified_gmt":"2025-06-12T08:48:24","slug":"darbo-ir-seimos-balansas","status":"publish","type":"page","link":"https:\/\/yoopies.lt\/c\/ieskau-aukles\/darbo-ir-seimos-balansas\/","title":{"rendered":"Kaip \u201etobuli t\u0117vai\u201c atranda darbo ir \u0161eimos balans\u0105?"},"content":{"rendered":"<p><p>Tobuli t\u0117vai? Vis\u0173 pirma, n\u0117ra nieko tobulo, tad tobul\u0173 t\u0117v\u0173 konceptas tiesiog neegzistuoja. <\/p>\n<p>Tobulos mamyt\u0117s \u012fvaizdis gali b\u016bti kuriamas tinklara&scaron;tininki\u0173 socialin\u0117se erdv\u0117se, ta\u010diau tai tiesiog nerealu, tad b\u016bkite ram\u016bs. Toks \u012fvaizdis susikuria tik paskelbus svarbiausius vaik\u0173 gyvenimo momentus, giriantis visais nuostabiais dalykais, kuriuos jie suteikia savo vaikams. Tai i&scaron;kreipia realyb\u0117s vaizd\u0105 su kuriuo v\u0117liau save lyginame.<\/p>\n<p>D\u0117l tokio elgesio internete j\u016bs visada nerimaujate, ar esate &bdquo;tobuli t\u0117vai&ldquo;, ar ne.<\/p>\n<p>Tiesa ta, kad j\u016bs\u0173 vaikai labiausiai trok&scaron;ta j\u016bs\u0173 meil\u0117s ir d\u0117mesio &#8211; ir jei j\u016bs tai reguliariai suteikiate jiems, jau esate daugiau nei &bdquo;tobuli t\u0117vai&ldquo;.<\/p>\n<p>O kas, jei j\u016bs negalite savo vaikams skirti tiek d\u0117mesio, kiek nor\u0117tum\u0117t d\u0117l j\u016bs\u0173 alinan\u010dio darbo kr\u016bvio? Tai yra \u012fprastas t\u0117v\u0173 r\u016bpestis, atsi\u017evelgiant \u012f did\u0117jant\u012f abiej\u0173 t\u0117v\u0173 u\u017eimtum\u0105 ir aktyvum\u0105 darbo rinkoje, ta\u010diau tai galima i&scaron;spr\u0119sti.<\/p>\n<p>Su laiku ir &scaron;iek tiek pastang\u0173, laikas vaikams gali b\u016bti nebe stres\u0105 kelianti u\u017eduotis, bet puikus t\u0117vyst\u0117s laim\u0117jimas.<\/p>\n<p>Sprendimas paprastas: turite sukurti sveik\u0105 darbo ir &scaron;eimos balans\u0105, kuris atitinka j\u016bs\u0173 &scaron;eimos rutin\u0105.<\/p>\n<\/p>\n<h3>\u010cia yra 6 b\u016bdai, kaip pasiekti darbo ir asmeninio gyvenimo pusiausvyr\u0105 namuose:<\/h3>\n<\/p>\n<h4><strong>1. Kokybi&scaron;kas laikas<\/strong><\/h4>\n<p>Skirkite individual\u0173 kokybi&scaron;k\u0105 laik\u0105 kiekvienam vaikui atskirai. Per t\u0105 laik\u0105 j\u016bs skiriate vaikui savo nedalom\u0105 d\u0117mes\u012f. J\u0173 netrukdo broliai ir seserys &#8211; j\u016bs tiesiog m\u0117gaujat\u0117s laiku kartu. Tai suma\u017eins bet koki\u0105 konkurencij\u0105 ar pavyd\u0105, kur\u012f jie gali jausti, kai leid\u017eiate laik\u0105 su visais vaikais kartu. Savait\u0117s prad\u017eioje prane&scaron;kite, kuri diena jiems skirta ir b\u016btinai laikykit\u0117s jos.<\/p>\n<\/p>\n<h4><strong>2. Palikite darbus darbe<\/strong><\/h4>\n<p>Pasistenkite nesine&scaron;ti savo darbo r\u016bpes\u010di\u0173 \u012f namus. Po ilgos darbo dienos palikite skai\u010diavimus ir ketvir\u010dio ataskaitas prie dur\u0173. Tai yra j\u016bs\u0173 galimyb\u0117 smagiai praleisti laik\u0105 su vaikais &#8211; \u017eaisti \u017eaidimus, atsiriboti nuo r\u016bpes\u010di\u0173 ir u\u017emegzti ry&scaron;\u012f su &scaron;eima. Jei svarstysite darbo problemas su savo partneriu prie&scaron;ais vaikus, kol jie bandys \u017eaisti su jumis, jie jausis ignoruojami. Tokiais atvejais bus sunkiau suderinti darb\u0105 ir asmenin\u012f gyvenim\u0105. Galvokite, jog b\u016bdami namuose ir galvodomi apie darbo r\u016bpes\u010dius nieko nepakeisite, tad geriau susitelkite \u012f savo &scaron;eim\u0105.<\/p>\n<\/p>\n<h4><strong>3. Ma\u017ei dalykai yra svarb\u016bs<\/strong><\/h4>\n<p>Prisiminkite ma\u017eas vaiko gyvenimo detales ir prie&scaron; i&scaron;eidami \u012f darb\u0105 paklauskite apie tai savo vaik\u0173. Pavyzd\u017eiui, ar j\u016bs\u0173 dukra ar s\u016bnus susidraugavo su kitais vaikais mokykloje, ar yra art\u0117janti mokykl\u0173 mug\u0117, apie kuri\u0105 jie kalb\u0117jo. Kalb\u0117kit\u0117s apie tai per pusry\u010dius ar paklauskite apie tai automobilyje. Tai leis jiems jaustis i&scaron;girstiems ir pasteb\u0117tiems, net jei pastaruoju metu daug dirbote. <\/p>\n<\/p>\n<h4><strong>4. Valgykite kartu<\/strong><\/h4>\n<p>Kai tik galite, valgykite kartu su vaikais. S\u0117dint ir valgant su &scaron;eima yra psichologinis ry&scaron;ys, sukuriantis stipr\u0173 &scaron;eimos ry&scaron;\u012f. Per t\u0105 laik\u0105 galite paeiliui paklausti vienas kito apie j\u0173 dien\u0105. Jei atsitiko kas nors \u012fdomaus, u\u017eduokite daugiau klausim\u0173, kad j\u016bs\u0173 vaikai \u017einot\u0173, jog jums yra svarbus j\u0173 asmeninis gyvenimas.<\/p>\n<\/p>\n<h4><strong>5. Planuokite veiklas<\/strong><\/h4>\n<p>U\u017esiimkite veikla, kuri\u0105 kartu daro tik &scaron;eima. Jei turite &scaron;un\u012f, b\u016btinai j\u012f ved\u017eiokite kartu su &scaron;eima. &Scaron;\u012f laik\u0105 naudokite ne vaik\u0173 u\u017esi\u0117mimams ir sportui. Padarykite &bdquo;vaik&scaron;\u010diojim\u0105 su &scaron;unimi&ldquo; &scaron;eimos renginiu, kurio laukia j\u016bs\u0173 vaikai, nesir\u016bpindami nam\u0173 ruo&scaron;os darbais ar mokykla. Kartu pasiimkite kreideles, kad gal\u0117tum\u0117t pie&scaron;ti ant &scaron;aligatvio ir vaikai u\u017esiimt\u0173 k\u016brybinga veikla. Pasirinkdami veikl\u0105, kuri\u0105 atliekate tik su &scaron;eima, j\u016bs\u0173 vaikai matys, kaip svarbu leisti laik\u0105 kartu.<\/p>\n<\/p>\n<h4><strong>6. R\u016bpinkit\u0117s savimi<\/strong><\/h4>\n<p>\u012esitikinkite, kad gr\u012f\u017etate namo i&scaron; darbo ramioje b\u016bsenoje. Paskutinis dalykas, kur\u012f norite padaryti, tai perduoti stres\u0105 ir nerim\u0105 savo &scaron;eimai, kai bandote praleisti daugiau laiko su jais. Va\u017eiuodami namo i&scaron; darbo, klausykite ka\u017eko, kas jus ramina. Ar tai j\u016bs\u0173 m\u0117gstama muzika, ar jogos meditacijos vadovas &#8211; klausykite jo va\u017eiuodami \u012f darb\u0105 ir atgal, kad gr\u012f\u017e\u0119 namo gal\u0117tum\u0117te visi&scaron;kai atsipalaiduoti. J\u016bs\u0173 vaikai nor\u0117s nedelsiant apkrauti jus d\u0117mesiu vos \u012f\u017eengus jums pro duris. Jei nesate tam pasireng\u0119 ir tinkamai nusiteik\u0119, galite perduoti savo vaikams klaiding\u0105 signal\u0105. Kad tai nety\u010dia nesugadint\u0173 pusiausvyros, prie&scaron; gr\u012f\u017edami namo nusiraminkite ir vaikus pasitikite taipogi geros b\u016bsenos.<\/p>\n<\/p>\n<p><p>Nors tai gali atrodyti kaip kruop&scaron;tus darbas, sukurti sveik\u0105 profesinio ir asmeninio gyvenimo pusiausvyr\u0105 yra vertas ir atsakingas sprendimas j\u016bs\u0173 &scaron;eimai.  \u012egyvendindami &scaron;iuos 6 b\u016bdus, galite leisti savo &scaron;eimai jaustis labiau i&scaron;girstiems, priimtiems ir vertinamiems.  Mokykla, draugai ir darbas padaro mus visus labai u\u017eimtus, ta\u010diau tai nepaneigia galimyb\u0117s, kad tai \u012fmanoma suderinti.  Dabar j\u016bs s\u0117kmingai einate \u012f sveikesn\u012f profesinio ir asmeninio gyvenimo balans\u0105, kuris sustiprins j\u016bs\u0173 santykius su vaikais!<\/p>\n<\/p>\n<figure><img decoding=\"async\" src=\"https:\/\/yoopies.lt\/c\/wp-content\/uploads\/sites\/12\/2020\/05\/710b02aa-27b2-4bef-9549-ada039453613-untitleddesign28129.jpg\" \/><\/figure>\n","protected":false},"excerpt":{"rendered":"<p>Tobuli t\u0117vai? Vis\u0173 pirma, n\u0117ra nieko tobulo, tad tobul\u0173 t\u0117v\u0173 konceptas tiesiog neegzistuoja. Tobulos mamyt\u0117s &hellip; <\/p>\n","protected":false},"author":10,"featured_media":144,"parent":43,"menu_order":0,"comment_status":"closed","ping_status":"closed","template":"","meta":{"_acf_changed":false,"footnotes":""},"class_list":["post-142","page","type-page","status-publish","has-post-thumbnail","hentry"],"acf":[],"yoast_head":"<!-- This site is optimized with the Yoast SEO plugin v26.9 - https:\/\/yoast.com\/product\/yoast-seo-wordpress\/ -->\n<title>Kaip \u201etobuli t\u0117vai\u201c atranda darbo ir \u0161eimos balans\u0105?<\/title>\n<meta name=\"description\" content=\"Visiems t\u0117vams, norintiems suderinti santykius, d\u0117mes\u012f vaikams ir darbo kr\u016bv\u012f. Skiriame kelet\u0105 patarim\u0173, kurie jums gali pad\u0117ti.\" \/>\n<meta name=\"robots\" content=\"index, follow, max-snippet:-1, max-image-preview:large, max-video-preview:-1\" \/>\n<link rel=\"canonical\" href=\"https:\/\/yoopies.lt\/c\/ieskau-aukles\/darbo-ir-seimos-balansas\/\" \/>\n<meta property=\"og:locale\" content=\"lt_LT\" \/>\n<meta property=\"og:type\" content=\"article\" \/>\n<meta property=\"og:title\" content=\"Kaip \u201etobuli t\u0117vai\u201c atranda darbo ir \u0161eimos balans\u0105?\" \/>\n<meta property=\"og:description\" content=\"Visiems t\u0117vams, norintiems suderinti santykius, d\u0117mes\u012f vaikams ir darbo kr\u016bv\u012f. Skiriame kelet\u0105 patarim\u0173, kurie jums gali pad\u0117ti.\" \/>\n<meta property=\"og:url\" content=\"https:\/\/yoopies.lt\/c\/ieskau-aukles\/darbo-ir-seimos-balansas\/\" \/>\n<meta property=\"og:site_name\" content=\"Yoopies Lietuva Blog\" \/>\n<meta property=\"article:modified_time\" content=\"2025-06-12T08:48:24+00:00\" \/>\n<meta property=\"og:image\" content=\"https:\/\/yoopies.lt\/c\/wp-content\/uploads\/sites\/12\/2020\/05\/710b02aa-27b2-4bef-9549-ada039453613-untitleddesign28129-1.jpg\" \/>\n\t<meta property=\"og:image:width\" content=\"1200\" \/>\n\t<meta property=\"og:image:height\" content=\"576\" \/>\n\t<meta property=\"og:image:type\" content=\"image\/jpeg\" \/>\n<meta name=\"twitter:card\" content=\"summary_large_image\" \/>\n<meta name=\"twitter:label1\" content=\"Est. reading time\" \/>\n\t<meta name=\"twitter:data1\" content=\"4 minut\u0117s\" \/>\n<script type=\"application\/ld+json\" class=\"yoast-schema-graph\">{\"@context\":\"https:\/\/schema.org\",\"@graph\":[{\"@type\":\"WebPage\",\"@id\":\"https:\/\/yoopies.lt\/c\/ieskau-aukles\/darbo-ir-seimos-balansas\/\",\"url\":\"https:\/\/yoopies.lt\/c\/ieskau-aukles\/darbo-ir-seimos-balansas\/\",\"name\":\"Kaip \u201etobuli t\u0117vai\u201c atranda darbo ir \u0161eimos balans\u0105?\",\"isPartOf\":{\"@id\":\"https:\/\/yoopies.lt\/c\/#website\"},\"primaryImageOfPage\":{\"@id\":\"https:\/\/yoopies.lt\/c\/ieskau-aukles\/darbo-ir-seimos-balansas\/#primaryimage\"},\"image\":{\"@id\":\"https:\/\/yoopies.lt\/c\/ieskau-aukles\/darbo-ir-seimos-balansas\/#primaryimage\"},\"thumbnailUrl\":\"https:\/\/yoopies.lt\/c\/wp-content\/uploads\/sites\/12\/2020\/05\/710b02aa-27b2-4bef-9549-ada039453613-untitleddesign28129-1.jpg\",\"datePublished\":\"2020-05-27T15:09:15+00:00\",\"dateModified\":\"2025-06-12T08:48:24+00:00\",\"description\":\"Visiems t\u0117vams, norintiems suderinti santykius, d\u0117mes\u012f vaikams ir darbo kr\u016bv\u012f. Skiriame kelet\u0105 patarim\u0173, kurie jums gali pad\u0117ti.\",\"breadcrumb\":{\"@id\":\"https:\/\/yoopies.lt\/c\/ieskau-aukles\/darbo-ir-seimos-balansas\/#breadcrumb\"},\"inLanguage\":\"lt-LT\",\"potentialAction\":[{\"@type\":\"ReadAction\",\"target\":[\"https:\/\/yoopies.lt\/c\/ieskau-aukles\/darbo-ir-seimos-balansas\/\"]}]},{\"@type\":\"ImageObject\",\"inLanguage\":\"lt-LT\",\"@id\":\"https:\/\/yoopies.lt\/c\/ieskau-aukles\/darbo-ir-seimos-balansas\/#primaryimage\",\"url\":\"https:\/\/yoopies.lt\/c\/wp-content\/uploads\/sites\/12\/2020\/05\/710b02aa-27b2-4bef-9549-ada039453613-untitleddesign28129-1.jpg\",\"contentUrl\":\"https:\/\/yoopies.lt\/c\/wp-content\/uploads\/sites\/12\/2020\/05\/710b02aa-27b2-4bef-9549-ada039453613-untitleddesign28129-1.jpg\",\"width\":1200,\"height\":576},{\"@type\":\"BreadcrumbList\",\"@id\":\"https:\/\/yoopies.lt\/c\/ieskau-aukles\/darbo-ir-seimos-balansas\/#breadcrumb\",\"itemListElement\":[{\"@type\":\"ListItem\",\"position\":1,\"name\":\"Home\",\"item\":\"https:\/\/yoopies.lt\/c\/\"},{\"@type\":\"ListItem\",\"position\":2,\"name\":\"Kaip rasti tinkam\u0105 aukl\u0119: patarimai ir gudryb\u0117s\",\"item\":\"https:\/\/yoopies.lt\/c\/ieskau-aukles\/\"},{\"@type\":\"ListItem\",\"position\":3,\"name\":\"Kaip \u201etobuli t\u0117vai\u201c atranda darbo ir \u0161eimos balans\u0105?\"}]},{\"@type\":\"WebSite\",\"@id\":\"https:\/\/yoopies.lt\/c\/#website\",\"url\":\"https:\/\/yoopies.lt\/c\/\",\"name\":\"Yoopies Lietuva Blog\",\"description\":\"\",\"publisher\":{\"@id\":\"https:\/\/yoopies.lt\/c\/#organization\"},\"potentialAction\":[{\"@type\":\"SearchAction\",\"target\":{\"@type\":\"EntryPoint\",\"urlTemplate\":\"https:\/\/yoopies.lt\/c\/?s={search_term_string}\"},\"query-input\":{\"@type\":\"PropertyValueSpecification\",\"valueRequired\":true,\"valueName\":\"search_term_string\"}}],\"inLanguage\":\"lt-LT\"},{\"@type\":\"Organization\",\"@id\":\"https:\/\/yoopies.lt\/c\/#organization\",\"name\":\"Yoopies Lietuva Blog\",\"url\":\"https:\/\/yoopies.lt\/c\/\",\"logo\":{\"@type\":\"ImageObject\",\"inLanguage\":\"lt-LT\",\"@id\":\"https:\/\/yoopies.lt\/c\/#\/schema\/logo\/image\/\",\"url\":\"https:\/\/yoopies.lt\/c\/wp-content\/uploads\/sites\/12\/2025\/05\/cropped-Logo_Yoopies-2.png\",\"contentUrl\":\"https:\/\/yoopies.lt\/c\/wp-content\/uploads\/sites\/12\/2025\/05\/cropped-Logo_Yoopies-2.png\",\"width\":512,\"height\":512,\"caption\":\"Yoopies Lietuva Blog\"},\"image\":{\"@id\":\"https:\/\/yoopies.lt\/c\/#\/schema\/logo\/image\/\"}}]}<\/script>\n<!-- \/ Yoast SEO plugin. -->","yoast_head_json":{"title":"Kaip \u201etobuli t\u0117vai\u201c atranda darbo ir \u0161eimos balans\u0105?","description":"Visiems t\u0117vams, norintiems suderinti santykius, d\u0117mes\u012f vaikams ir darbo kr\u016bv\u012f. Skiriame kelet\u0105 patarim\u0173, kurie jums gali pad\u0117ti.","robots":{"index":"index","follow":"follow","max-snippet":"max-snippet:-1","max-image-preview":"max-image-preview:large","max-video-preview":"max-video-preview:-1"},"canonical":"https:\/\/yoopies.lt\/c\/ieskau-aukles\/darbo-ir-seimos-balansas\/","og_locale":"lt_LT","og_type":"article","og_title":"Kaip \u201etobuli t\u0117vai\u201c atranda darbo ir \u0161eimos balans\u0105?","og_description":"Visiems t\u0117vams, norintiems suderinti santykius, d\u0117mes\u012f vaikams ir darbo kr\u016bv\u012f. Skiriame kelet\u0105 patarim\u0173, kurie jums gali pad\u0117ti.","og_url":"https:\/\/yoopies.lt\/c\/ieskau-aukles\/darbo-ir-seimos-balansas\/","og_site_name":"Yoopies Lietuva Blog","article_modified_time":"2025-06-12T08:48:24+00:00","og_image":[{"width":1200,"height":576,"url":"https:\/\/yoopies.lt\/c\/wp-content\/uploads\/sites\/12\/2020\/05\/710b02aa-27b2-4bef-9549-ada039453613-untitleddesign28129-1.jpg","type":"image\/jpeg"}],"twitter_card":"summary_large_image","twitter_misc":{"Est. reading time":"4 minut\u0117s"},"schema":{"@context":"https:\/\/schema.org","@graph":[{"@type":"WebPage","@id":"https:\/\/yoopies.lt\/c\/ieskau-aukles\/darbo-ir-seimos-balansas\/","url":"https:\/\/yoopies.lt\/c\/ieskau-aukles\/darbo-ir-seimos-balansas\/","name":"Kaip \u201etobuli t\u0117vai\u201c atranda darbo ir \u0161eimos balans\u0105?","isPartOf":{"@id":"https:\/\/yoopies.lt\/c\/#website"},"primaryImageOfPage":{"@id":"https:\/\/yoopies.lt\/c\/ieskau-aukles\/darbo-ir-seimos-balansas\/#primaryimage"},"image":{"@id":"https:\/\/yoopies.lt\/c\/ieskau-aukles\/darbo-ir-seimos-balansas\/#primaryimage"},"thumbnailUrl":"https:\/\/yoopies.lt\/c\/wp-content\/uploads\/sites\/12\/2020\/05\/710b02aa-27b2-4bef-9549-ada039453613-untitleddesign28129-1.jpg","datePublished":"2020-05-27T15:09:15+00:00","dateModified":"2025-06-12T08:48:24+00:00","description":"Visiems t\u0117vams, norintiems suderinti santykius, d\u0117mes\u012f vaikams ir darbo kr\u016bv\u012f. Skiriame kelet\u0105 patarim\u0173, kurie jums gali pad\u0117ti.","breadcrumb":{"@id":"https:\/\/yoopies.lt\/c\/ieskau-aukles\/darbo-ir-seimos-balansas\/#breadcrumb"},"inLanguage":"lt-LT","potentialAction":[{"@type":"ReadAction","target":["https:\/\/yoopies.lt\/c\/ieskau-aukles\/darbo-ir-seimos-balansas\/"]}]},{"@type":"ImageObject","inLanguage":"lt-LT","@id":"https:\/\/yoopies.lt\/c\/ieskau-aukles\/darbo-ir-seimos-balansas\/#primaryimage","url":"https:\/\/yoopies.lt\/c\/wp-content\/uploads\/sites\/12\/2020\/05\/710b02aa-27b2-4bef-9549-ada039453613-untitleddesign28129-1.jpg","contentUrl":"https:\/\/yoopies.lt\/c\/wp-content\/uploads\/sites\/12\/2020\/05\/710b02aa-27b2-4bef-9549-ada039453613-untitleddesign28129-1.jpg","width":1200,"height":576},{"@type":"BreadcrumbList","@id":"https:\/\/yoopies.lt\/c\/ieskau-aukles\/darbo-ir-seimos-balansas\/#breadcrumb","itemListElement":[{"@type":"ListItem","position":1,"name":"Home","item":"https:\/\/yoopies.lt\/c\/"},{"@type":"ListItem","position":2,"name":"Kaip rasti tinkam\u0105 aukl\u0119: patarimai ir gudryb\u0117s","item":"https:\/\/yoopies.lt\/c\/ieskau-aukles\/"},{"@type":"ListItem","position":3,"name":"Kaip \u201etobuli t\u0117vai\u201c atranda darbo ir \u0161eimos balans\u0105?"}]},{"@type":"WebSite","@id":"https:\/\/yoopies.lt\/c\/#website","url":"https:\/\/yoopies.lt\/c\/","name":"Yoopies Lietuva Blog","description":"","publisher":{"@id":"https:\/\/yoopies.lt\/c\/#organization"},"potentialAction":[{"@type":"SearchAction","target":{"@type":"EntryPoint","urlTemplate":"https:\/\/yoopies.lt\/c\/?s={search_term_string}"},"query-input":{"@type":"PropertyValueSpecification","valueRequired":true,"valueName":"search_term_string"}}],"inLanguage":"lt-LT"},{"@type":"Organization","@id":"https:\/\/yoopies.lt\/c\/#organization","name":"Yoopies Lietuva Blog","url":"https:\/\/yoopies.lt\/c\/","logo":{"@type":"ImageObject","inLanguage":"lt-LT","@id":"https:\/\/yoopies.lt\/c\/#\/schema\/logo\/image\/","url":"https:\/\/yoopies.lt\/c\/wp-content\/uploads\/sites\/12\/2025\/05\/cropped-Logo_Yoopies-2.png","contentUrl":"https:\/\/yoopies.lt\/c\/wp-content\/uploads\/sites\/12\/2025\/05\/cropped-Logo_Yoopies-2.png","width":512,"height":512,"caption":"Yoopies Lietuva Blog"},"image":{"@id":"https:\/\/yoopies.lt\/c\/#\/schema\/logo\/image\/"}}]}},"_links":{"self":[{"href":"https:\/\/yoopies.lt\/c\/wp-json\/wp\/v2\/pages\/142","targetHints":{"allow":["GET"]}}],"collection":[{"href":"https:\/\/yoopies.lt\/c\/wp-json\/wp\/v2\/pages"}],"about":[{"href":"https:\/\/yoopies.lt\/c\/wp-json\/wp\/v2\/types\/page"}],"author":[{"embeddable":true,"href":"https:\/\/yoopies.lt\/c\/wp-json\/wp\/v2\/users\/10"}],"replies":[{"embeddable":true,"href":"https:\/\/yoopies.lt\/c\/wp-json\/wp\/v2\/comments?post=142"}],"version-history":[{"count":1,"href":"https:\/\/yoopies.lt\/c\/wp-json\/wp\/v2\/pages\/142\/revisions"}],"predecessor-version":[{"id":145,"href":"https:\/\/yoopies.lt\/c\/wp-json\/wp\/v2\/pages\/142\/revisions\/145"}],"up":[{"embeddable":true,"href":"https:\/\/yoopies.lt\/c\/wp-json\/wp\/v2\/pages\/43"}],"wp:featuredmedia":[{"embeddable":true,"href":"https:\/\/yoopies.lt\/c\/wp-json\/wp\/v2\/media\/144"}],"wp:attachment":[{"href":"https:\/\/yoopies.lt\/c\/wp-json\/wp\/v2\/media?parent=142"}],"curies":[{"name":"wp","href":"https:\/\/api.w.org\/{rel}","templated":true}]}}