{"id":155,"date":"2024-02-15T15:00:05","date_gmt":"2024-02-15T15:00:05","guid":{"rendered":"https:\/\/blog.yoopies.lt\/informacija-auklems\/zaidimai-su-vaikais\/"},"modified":"2025-06-12T08:48:25","modified_gmt":"2025-06-12T08:48:25","slug":"zaidimai-su-vaikais","status":"publish","type":"page","link":"https:\/\/yoopies.lt\/c\/informacija-auklems\/zaidimai-su-vaikais\/","title":{"rendered":"\u017daidimai su vaikais: geriausi b\u016bdai, kaip i\u0161laikyti vaik\u0173 susidom\u0117jim\u0105"},"content":{"rendered":"<p><p>Nesvarbu, ar esate aukl\u0117, ar patyr\u0119s vaik\u0173 prie\u017ei\u016bros specialistas, darbas su vaikais vistiek gali b\u016bti didelis i&scaron;&scaron;\u016bkis. Tikriausiai j\u016bs nustat\u0117te vaikui taisykles, kuri\u0173 &scaron;eima paprastai laikosi namuose, pvz. nesinaudoti technologijomis (televizija ar kompiuteriai) arba paruo&scaron;ti nam\u0173 darbus prie&scaron; pradedant \u017eaidimus. Ta\u010diau, kai vaiko akys krypsta \u012f jus &#8211; gali b\u016bti sunku sugalvoti u\u017esi\u0117mimus, kurie patraukt\u0173 vaiko d\u0117mes\u012f. Laimei, truputi patyrin\u0117jus ir i&scaron;siai&scaron;kinus, k\u0105 vaikai m\u0117gsta labiausiai, ma\u017euosius pralinksminti ir sudominti gali b\u016bti labai paprasta!<\/p>\n<p>Jei norite, kad laikas pri\u017ei\u016brint vaikus prab\u0117gt\u0173 grei\u010diau, svarbu, kad tur\u0117tum\u0117t kelet\u0105 skirting\u0173 tip\u0173 \u017eaidim\u0173. Tai gali b\u016bti vidaus, lauko, ram\u016bs ir aktyv\u016bs \u017eaidimai. Priklausomai nuo oro s\u0105lyg\u0173 ir to, k\u0105 vaikas m\u0117gsta, galite pasirinkti i&scaron; daugyb\u0117s variant\u0173!<\/p>\n<\/p>\n<figure><img decoding=\"async\" src=\"https:\/\/yoopies.lt\/c\/wp-content\/uploads\/sites\/12\/2024\/02\/1d0c87b6f5a242876d024e39fbf9d9c63c8e4353-boy-bucket-child-6459.jpg\" \/><\/figure>\n<p><h2><strong>Vidaus \u017eaidimai<\/strong><\/h2>\n<\/p>\n<p>Vidaus \u017eaidimai yra puiki id\u0117ja, jei oras yra blogas, vaikams neleid\u017eiama i&scaron;eiti \u012f lauk\u0105, arba norite, kad vaikai b\u016bt\u0173 vietoje, kur galite juos steb\u0117ti. Ta\u010diau reikia nepamir&scaron;ti, kad namuose yra daug pavojing\u0173 viet\u0173, kur jie lygiai taip pat gali susi\u017eeisti, kaip ir lauke, tod\u0117l neb\u016btinai \u017eaidimai patalpoje rei&scaron;kia saugesn\u012f variant\u0105.<\/p>\n<p>Vienas puikus \u017eaidimas viduje yra <strong>namini\u0173 lobi\u0173 med\u017eiokl\u0117<\/strong>. &Scaron;iame \u017eaidime j\u016bs turite pasl\u0117pti tam tikrus daiktus ar \u017eaislus namuose, tada duoti vaikams u\u017euominas apie tai, kur jie gali b\u016bti. Priklausomai nuo to, kiek \u017eaisl\u0173 j\u016bs pasisl\u0117psite, tai gali trukti valandas! Jei namuose daugiau nei vienas vaikas, \u012ftraukite did\u012fj\u012f priz\u0105 tam, kuris visk\u0105 suranda pirmas, kad suteikti jiems &scaron;iek tiek lengvos ir smagios konkurencijos.<\/p>\n<p>Kitas puikus \u017eaidimas \u017eaisti viduje yra <strong>badmintonas balionu<\/strong>. Tam reikia prip\u016bsti kelet\u0105 spalving\u0173 balion\u0173, tada \u017eaisti badminton\u0105 su jais saugioje nam\u0173 erdv\u0117je. Vaikai tur\u0117s begalin\u012f malonum\u0105, mu&scaron;in\u0117jant balionus pirmyn ir atgal. I&scaron;laikykite kiekvienos komandos rezultat\u0105 (ar var\u017eovas b\u016btum\u0117t j\u016bs, ar brolis\/ses\u0117), kad nuspr\u0119stum\u0117te, kas laimi i&scaron;keptus sausainius!<\/p>\n<p>Jei vaikams labiau patinka u\u017esiimti ka\u017ekokia veikla nei \u017eaidimais, tai gali b\u016bti puiki id\u0117ja i&scaron;sitraukti<strong> akvarelinius da\u017eus, teptukus ir popieri\u0173<\/strong>. Tuomet vaikas gali tapyti or\u0105, kur\u012f jis mato lauke. Jei u\u017e lango lyja ar sninga, tuomet jis tiksliai \u017eino, k\u0105 tapyti! Tai taip pat bus puiki dovana t\u0117vams gr\u012f\u017eus namo.<\/p>\n<\/p>\n<h2><strong>Lauko \u017eaidimai<\/strong><\/h2>\n<\/p>\n<p>Lauko \u017eaidimai visada yra puiki galimyb\u0117, nes vaikams n\u0117ra nieko geriau nei lakstyti ir \u017eaisti lauke! Nepamir&scaron;kite paimti kepur\u0117s ir apsaugos nuo saul\u0117s, jei planuojate b\u016bti ant saul\u0117s ir \u017eaisti kelias valandas. Jei vaikai yra ypa\u010d ma\u017ei, steb\u0117kite juos ir visuomet b\u016bkite &scaron;alia, kad jie b\u016bt\u0173 saug\u016bs.<\/p>\n<p>Vienas puikus lauko \u017eaidimas, kur\u012f galima \u017eaisti, yra <strong>&scaron;okin\u0117jimas ant plyteli\u0173<\/strong>. Tam reikia &scaron;aligatvio dalies (arba tiesiog betono) ir spalvot\u0173 kreideli\u0173. &Scaron;iame \u017eaidime jums reik\u0117s nupie&scaron;ti skai\u010dius kvadratukuose vienoje linijoje nuo 1 iki 9, t.y. 1; 2 ir 3 vienoje eil\u0117je; 4; 5 ir 6 vienoje eil\u0117je; 7; 8 ir 9 vienoje eil\u0117je). Leiskite vaikui i&scaron;sirinkti akmenuk\u0105 nuo \u017eem\u0117s ir tuomet mesti j\u012f ant sunumeruot\u0173 kraidel\u0117mis kvadra\u010diuk\u0173. Vaikas turi &scaron;okin\u0117ti ant sunumeruot\u0173 plyteli\u0173 nuo 1 iki 9, praleid\u017eiant skai\u010di\u0173 ant kurio atsid\u016br\u0117 akmenukas.  Tai aktyvus ir daugumos vaik\u0173 m\u0117giamas \u017eaidimas!<\/p>\n<p>Kitas puikus lauko \u017eaidimas &#8211;<strong> &scaron;okin\u0117jimas virve<\/strong>. &Scaron;iame \u017eaidime reikia tur\u0117ti ilgesn\u0119 virv\u0119, arba dvi sujungtas virves. Virv\u0117 tur\u0117t\u0173 b\u016bti sukama i&scaron; abiej\u0173 virv\u0117s gal\u0173 (kaip &scaron;okdyn\u0117) ir vaikas arba keli vaikai turi &scaron;okin\u0117ti per &scaron;i\u0105 &scaron;okdyn\u0119. &Scaron;io \u017eaidimo metu gali b\u016bti smagu \u017eaisti pagal tam tikr\u0105 muzik\u0105 ar &scaron;okin\u0117jimo ritmus pagal kuriuos vaikai gal\u0117t\u0173 &scaron;okin\u0117ti. B\u016btinai dalyvaukite ir patys, kad vaikai pamatyt\u0173, jog tai smagus u\u017esi\u0117mimas bei mokyt\u0173si i&scaron; j\u016bs\u0173.<\/p>\n<p>Jei vaikai mieliau renkasi u\u017esiimti ka\u017ekuo ramesniu nei &scaron;okin\u0117jimas, taipogi yra pilna veikl\u0173, kuriomis galima u\u017esiimti be didelio aktyvumo. Tai gal\u0117t\u0173 b\u016bti grupiniai \u017eaidimai, kaip <strong>&bdquo;Suged\u0119s telefonas&ldquo;<\/strong> (kai reikia pa&scaron;nab\u017ed\u0117ti tam tikr\u0105 \u017einut\u0119 i&scaron; vienos pus\u0117s, keliaujant per grup\u0119 vaik\u0173 &scaron;nab\u017edant vienas kitam \u012f kit\u0105 pus\u0119 bei pasi\u017ei\u016br\u0117ti ar \u017einut\u0117 i&scaron;liko tokia pati, kaip pirmoji!), <strong>&bdquo;Auk&scaron;tyn \u017eem\u0119&ldquo;<\/strong> (kai paskutinis lie\u010diantis \u017eem\u0119 pralaimi), <strong>&bdquo;&Scaron;ilta &scaron;alta&ldquo;<\/strong> (kai ie&scaron;komas pasl\u0117ptas daiktas, nurodant &bdquo;&scaron;ilta&ldquo;, kai art\u0117jama bei &bdquo;&scaron;alta&ldquo;, kai tolstama) ir pan. Visi &scaron;ie \u017eaidimai yra puik\u016bs u\u017esi\u0117mimai lauke ir gali b\u016bti ypa\u010d geras pasirinkimas, jei &scaron;eima gyvena vietov\u0117je, kur yra didelis vaik\u0173 \u017eaidim\u0173 kiemas, kuriame susirenka daug vaik\u0173.<\/p>\n<\/p>\n<h2><strong>Nepraraskite j\u0173 susidom\u0117jimo!<\/strong><\/h2>\n<p>Jei kada nors pasteb\u0117site, kad vaikai, kuriuos pri\u017ei\u016brite, susiduria su sunkumais \u017eaid\u017eiant ar bendraujant, pasi\u017ei\u016br\u0117kite, k\u0105 jie veikia, kai j\u016bs\u0173 n\u0117ra &scaron;alia. Jei jie turi daug kompiuterini\u0173 \u017eaidim\u0173, paklauskite j\u0173 apie tai ir jei yra leid\u017eiama, pabandykite pa\u017eaisti su jais. Tai pritaikoma bet kokiai veiklai ar pom\u0117giui, kuriuo matote, jog vaikas u\u017esiima namuose. Droviam vaikui kartais reikia tiesiog ka\u017eko jiems pa\u017e\u012fstamo ir saugaus, kad gal\u0117t\u0173 praleisti smagaus laiko su jumis.<\/p>\n<p>Apskritai yra daugyb\u0117 \u017eaidim\u0173, kuriais galite u\u017esiimti kartu su vaikais. J\u016bs tikrai galite sugalvoti ka\u017ek\u0105 smagaus, kad i&scaron;laikytum\u0117t vaiko susidom\u0117jim\u0105 &#8211; tereikia b\u016bti k\u016brybingiems ir linksmai nusiteikus. \u017dinoma, vaikai turi ypa\u010d laki\u0105 vaizduot\u0119 ir sod\u0105 gali paversti d\u017eiugl\u0117mis, o teptuk\u0105 &#8211; raganos &scaron;luota!<\/p>\n<p>Kai tik rasite tinkamus \u017eaidimus ir u\u017esi\u0117mimus, \u012ftraukian\u010dius vaik\u0105, laikas prab\u0117gs raketos grei\u010diu, o t\u0117vai sugr\u012f&scaron; jums net nepasteb\u0117jus. Po vis\u0173 \u017eaidim\u0173 ir juok\u0173 &#8211; gal\u0117site sau ramiai atsipalaiduoti.<\/p>\n<p>Aukl\u0117s darbas gali b\u016bti vienas i&scaron; geriausi\u0173 b\u016bd\u0173, kaip u\u017edirbti pinig\u0173 studentams bei tai yra puiki galimyb\u0117 smagiai praleisti laik\u0105 su vaikais. Taigi, nesvarbu, ar ie&scaron;kote pastovaus aukl\u0117s darbo, ar tik vasaros atostog\u0173 met\u0173 &#8211; b\u016btinai pasinaudokite &scaron;iais si\u016blomais \u017eaidimais, kad vaikai b\u016bt\u0173 \u012fsitrauk\u0119 ir u\u017eimti!<\/p>\n<\/p>\n<h2><strong>Namini\u0173 led\u0173 gamyba!<\/strong><\/h2>\n<p>Namini\u0173 led\u0173 gamyba gali b\u016bti puikus u\u017esi\u0117mimas. O jei dar ledai ir sveikuoli&scaron;ki, tai t\u0117vams bus labai maloni staigmena! Yoopies si\u016blo <strong>10 namini\u0173 sveik\u0173 led\u0173 id\u0117j\u0173 vaikams be prid\u0117tinio cukraus. <\/strong>Receptai labai paprasti ir lengvai \u012fgyvendinami kiekvienam. Susipa\u017einkite su sveikais ir paprastais led\u0173 receptais <a href=\"https:\/\/yoopies.lt\/c\/naminiai-ledai-vaikams-10-receptu-be-pridetinio-cukraus\">\u010dia<\/a><\/p>\n<\/p>\n<p><a class=\"button\" href=\"https:\/\/yoopies.lt\/ieskau-aukles-darbo\">RASK AUKL\u0116S DARB\u0104!<\/a><\/p>\n","protected":false},"excerpt":{"rendered":"<p>Nesvarbu, ar esate aukl\u0117, ar patyr\u0119s vaik\u0173 prie\u017ei\u016bros specialistas, darbas su vaikais vistiek gali b\u016bti &hellip; <\/p>\n","protected":false},"author":10,"featured_media":157,"parent":86,"menu_order":0,"comment_status":"closed","ping_status":"closed","template":"","meta":{"_acf_changed":false,"footnotes":""},"class_list":["post-155","page","type-page","status-publish","has-post-thumbnail","hentry"],"acf":[],"yoast_head":"<!-- This site is optimized with the Yoast SEO plugin v26.9 - https:\/\/yoast.com\/product\/yoast-seo-wordpress\/ -->\n<title>Aukli\u0173 ir vaik\u0173 \u017eaidimai: i\u0161laikyk vaik\u0173 susidom\u0117jim\u0105<\/title>\n<meta name=\"description\" content=\"Visi geriausi aukli\u0173 ir vaik\u0173 \u017eaidimai, kurie leis palaikyti vaikus \u012fsitraukusius, u\u017esi\u0117musius bei besi\u0161ypsan\u010dius!\" \/>\n<meta name=\"robots\" content=\"index, follow, max-snippet:-1, max-image-preview:large, max-video-preview:-1\" \/>\n<link rel=\"canonical\" href=\"https:\/\/yoopies.lt\/c\/informacija-auklems\/zaidimai-su-vaikais\/\" \/>\n<meta property=\"og:locale\" content=\"lt_LT\" \/>\n<meta property=\"og:type\" content=\"article\" \/>\n<meta property=\"og:title\" content=\"Aukli\u0173 ir vaik\u0173 \u017eaidimai: i\u0161laikyk vaik\u0173 susidom\u0117jim\u0105\" \/>\n<meta property=\"og:description\" content=\"Visi geriausi aukli\u0173 ir vaik\u0173 \u017eaidimai, kurie leis palaikyti vaikus \u012fsitraukusius, u\u017esi\u0117musius bei besi\u0161ypsan\u010dius!\" \/>\n<meta property=\"og:url\" content=\"https:\/\/yoopies.lt\/c\/informacija-auklems\/zaidimai-su-vaikais\/\" \/>\n<meta property=\"og:site_name\" content=\"Yoopies Lietuva Blog\" \/>\n<meta property=\"article:modified_time\" content=\"2025-06-12T08:48:25+00:00\" \/>\n<meta property=\"og:image\" content=\"https:\/\/yoopies.lt\/c\/wp-content\/uploads\/sites\/12\/2024\/02\/16afdf553466faf6a86f8f23641ad5b965bcc4e5-boy-bucket-child-6459.jpg\" \/>\n\t<meta property=\"og:image:width\" content=\"1200\" \/>\n\t<meta property=\"og:image:height\" content=\"800\" \/>\n\t<meta property=\"og:image:type\" content=\"image\/jpeg\" \/>\n<meta name=\"twitter:card\" content=\"summary_large_image\" \/>\n<meta name=\"twitter:label1\" content=\"Est. reading time\" \/>\n\t<meta name=\"twitter:data1\" content=\"6 minut\u0117s\" \/>\n<script type=\"application\/ld+json\" class=\"yoast-schema-graph\">{\"@context\":\"https:\/\/schema.org\",\"@graph\":[{\"@type\":\"WebPage\",\"@id\":\"https:\/\/yoopies.lt\/c\/informacija-auklems\/zaidimai-su-vaikais\/\",\"url\":\"https:\/\/yoopies.lt\/c\/informacija-auklems\/zaidimai-su-vaikais\/\",\"name\":\"Aukli\u0173 ir vaik\u0173 \u017eaidimai: i\u0161laikyk vaik\u0173 susidom\u0117jim\u0105\",\"isPartOf\":{\"@id\":\"https:\/\/yoopies.lt\/c\/#website\"},\"primaryImageOfPage\":{\"@id\":\"https:\/\/yoopies.lt\/c\/informacija-auklems\/zaidimai-su-vaikais\/#primaryimage\"},\"image\":{\"@id\":\"https:\/\/yoopies.lt\/c\/informacija-auklems\/zaidimai-su-vaikais\/#primaryimage\"},\"thumbnailUrl\":\"https:\/\/yoopies.lt\/c\/wp-content\/uploads\/sites\/12\/2024\/02\/16afdf553466faf6a86f8f23641ad5b965bcc4e5-boy-bucket-child-6459.jpg\",\"datePublished\":\"2024-02-15T15:00:05+00:00\",\"dateModified\":\"2025-06-12T08:48:25+00:00\",\"description\":\"Visi geriausi aukli\u0173 ir vaik\u0173 \u017eaidimai, kurie leis palaikyti vaikus \u012fsitraukusius, u\u017esi\u0117musius bei besi\u0161ypsan\u010dius!\",\"breadcrumb\":{\"@id\":\"https:\/\/yoopies.lt\/c\/informacija-auklems\/zaidimai-su-vaikais\/#breadcrumb\"},\"inLanguage\":\"lt-LT\",\"potentialAction\":[{\"@type\":\"ReadAction\",\"target\":[\"https:\/\/yoopies.lt\/c\/informacija-auklems\/zaidimai-su-vaikais\/\"]}]},{\"@type\":\"ImageObject\",\"inLanguage\":\"lt-LT\",\"@id\":\"https:\/\/yoopies.lt\/c\/informacija-auklems\/zaidimai-su-vaikais\/#primaryimage\",\"url\":\"https:\/\/yoopies.lt\/c\/wp-content\/uploads\/sites\/12\/2024\/02\/16afdf553466faf6a86f8f23641ad5b965bcc4e5-boy-bucket-child-6459.jpg\",\"contentUrl\":\"https:\/\/yoopies.lt\/c\/wp-content\/uploads\/sites\/12\/2024\/02\/16afdf553466faf6a86f8f23641ad5b965bcc4e5-boy-bucket-child-6459.jpg\",\"width\":1200,\"height\":800},{\"@type\":\"BreadcrumbList\",\"@id\":\"https:\/\/yoopies.lt\/c\/informacija-auklems\/zaidimai-su-vaikais\/#breadcrumb\",\"itemListElement\":[{\"@type\":\"ListItem\",\"position\":1,\"name\":\"Home\",\"item\":\"https:\/\/yoopies.lt\/c\/\"},{\"@type\":\"ListItem\",\"position\":2,\"name\":\"Visa informacija ir patarimai aukl\u0117ms\",\"item\":\"https:\/\/yoopies.lt\/c\/informacija-auklems\/\"},{\"@type\":\"ListItem\",\"position\":3,\"name\":\"\u017daidimai su vaikais: geriausi b\u016bdai, kaip i\u0161laikyti vaik\u0173 susidom\u0117jim\u0105\"}]},{\"@type\":\"WebSite\",\"@id\":\"https:\/\/yoopies.lt\/c\/#website\",\"url\":\"https:\/\/yoopies.lt\/c\/\",\"name\":\"Yoopies Lietuva Blog\",\"description\":\"\",\"publisher\":{\"@id\":\"https:\/\/yoopies.lt\/c\/#organization\"},\"potentialAction\":[{\"@type\":\"SearchAction\",\"target\":{\"@type\":\"EntryPoint\",\"urlTemplate\":\"https:\/\/yoopies.lt\/c\/?s={search_term_string}\"},\"query-input\":{\"@type\":\"PropertyValueSpecification\",\"valueRequired\":true,\"valueName\":\"search_term_string\"}}],\"inLanguage\":\"lt-LT\"},{\"@type\":\"Organization\",\"@id\":\"https:\/\/yoopies.lt\/c\/#organization\",\"name\":\"Yoopies Lietuva Blog\",\"url\":\"https:\/\/yoopies.lt\/c\/\",\"logo\":{\"@type\":\"ImageObject\",\"inLanguage\":\"lt-LT\",\"@id\":\"https:\/\/yoopies.lt\/c\/#\/schema\/logo\/image\/\",\"url\":\"https:\/\/yoopies.lt\/c\/wp-content\/uploads\/sites\/12\/2025\/05\/cropped-Logo_Yoopies-2.png\",\"contentUrl\":\"https:\/\/yoopies.lt\/c\/wp-content\/uploads\/sites\/12\/2025\/05\/cropped-Logo_Yoopies-2.png\",\"width\":512,\"height\":512,\"caption\":\"Yoopies Lietuva Blog\"},\"image\":{\"@id\":\"https:\/\/yoopies.lt\/c\/#\/schema\/logo\/image\/\"}}]}<\/script>\n<!-- \/ Yoast SEO plugin. -->","yoast_head_json":{"title":"Aukli\u0173 ir vaik\u0173 \u017eaidimai: i\u0161laikyk vaik\u0173 susidom\u0117jim\u0105","description":"Visi geriausi aukli\u0173 ir vaik\u0173 \u017eaidimai, kurie leis palaikyti vaikus \u012fsitraukusius, u\u017esi\u0117musius bei besi\u0161ypsan\u010dius!","robots":{"index":"index","follow":"follow","max-snippet":"max-snippet:-1","max-image-preview":"max-image-preview:large","max-video-preview":"max-video-preview:-1"},"canonical":"https:\/\/yoopies.lt\/c\/informacija-auklems\/zaidimai-su-vaikais\/","og_locale":"lt_LT","og_type":"article","og_title":"Aukli\u0173 ir vaik\u0173 \u017eaidimai: i\u0161laikyk vaik\u0173 susidom\u0117jim\u0105","og_description":"Visi geriausi aukli\u0173 ir vaik\u0173 \u017eaidimai, kurie leis palaikyti vaikus \u012fsitraukusius, u\u017esi\u0117musius bei besi\u0161ypsan\u010dius!","og_url":"https:\/\/yoopies.lt\/c\/informacija-auklems\/zaidimai-su-vaikais\/","og_site_name":"Yoopies Lietuva Blog","article_modified_time":"2025-06-12T08:48:25+00:00","og_image":[{"width":1200,"height":800,"url":"https:\/\/yoopies.lt\/c\/wp-content\/uploads\/sites\/12\/2024\/02\/16afdf553466faf6a86f8f23641ad5b965bcc4e5-boy-bucket-child-6459.jpg","type":"image\/jpeg"}],"twitter_card":"summary_large_image","twitter_misc":{"Est. reading time":"6 minut\u0117s"},"schema":{"@context":"https:\/\/schema.org","@graph":[{"@type":"WebPage","@id":"https:\/\/yoopies.lt\/c\/informacija-auklems\/zaidimai-su-vaikais\/","url":"https:\/\/yoopies.lt\/c\/informacija-auklems\/zaidimai-su-vaikais\/","name":"Aukli\u0173 ir vaik\u0173 \u017eaidimai: i\u0161laikyk vaik\u0173 susidom\u0117jim\u0105","isPartOf":{"@id":"https:\/\/yoopies.lt\/c\/#website"},"primaryImageOfPage":{"@id":"https:\/\/yoopies.lt\/c\/informacija-auklems\/zaidimai-su-vaikais\/#primaryimage"},"image":{"@id":"https:\/\/yoopies.lt\/c\/informacija-auklems\/zaidimai-su-vaikais\/#primaryimage"},"thumbnailUrl":"https:\/\/yoopies.lt\/c\/wp-content\/uploads\/sites\/12\/2024\/02\/16afdf553466faf6a86f8f23641ad5b965bcc4e5-boy-bucket-child-6459.jpg","datePublished":"2024-02-15T15:00:05+00:00","dateModified":"2025-06-12T08:48:25+00:00","description":"Visi geriausi aukli\u0173 ir vaik\u0173 \u017eaidimai, kurie leis palaikyti vaikus \u012fsitraukusius, u\u017esi\u0117musius bei besi\u0161ypsan\u010dius!","breadcrumb":{"@id":"https:\/\/yoopies.lt\/c\/informacija-auklems\/zaidimai-su-vaikais\/#breadcrumb"},"inLanguage":"lt-LT","potentialAction":[{"@type":"ReadAction","target":["https:\/\/yoopies.lt\/c\/informacija-auklems\/zaidimai-su-vaikais\/"]}]},{"@type":"ImageObject","inLanguage":"lt-LT","@id":"https:\/\/yoopies.lt\/c\/informacija-auklems\/zaidimai-su-vaikais\/#primaryimage","url":"https:\/\/yoopies.lt\/c\/wp-content\/uploads\/sites\/12\/2024\/02\/16afdf553466faf6a86f8f23641ad5b965bcc4e5-boy-bucket-child-6459.jpg","contentUrl":"https:\/\/yoopies.lt\/c\/wp-content\/uploads\/sites\/12\/2024\/02\/16afdf553466faf6a86f8f23641ad5b965bcc4e5-boy-bucket-child-6459.jpg","width":1200,"height":800},{"@type":"BreadcrumbList","@id":"https:\/\/yoopies.lt\/c\/informacija-auklems\/zaidimai-su-vaikais\/#breadcrumb","itemListElement":[{"@type":"ListItem","position":1,"name":"Home","item":"https:\/\/yoopies.lt\/c\/"},{"@type":"ListItem","position":2,"name":"Visa informacija ir patarimai aukl\u0117ms","item":"https:\/\/yoopies.lt\/c\/informacija-auklems\/"},{"@type":"ListItem","position":3,"name":"\u017daidimai su vaikais: geriausi b\u016bdai, kaip i\u0161laikyti vaik\u0173 susidom\u0117jim\u0105"}]},{"@type":"WebSite","@id":"https:\/\/yoopies.lt\/c\/#website","url":"https:\/\/yoopies.lt\/c\/","name":"Yoopies Lietuva Blog","description":"","publisher":{"@id":"https:\/\/yoopies.lt\/c\/#organization"},"potentialAction":[{"@type":"SearchAction","target":{"@type":"EntryPoint","urlTemplate":"https:\/\/yoopies.lt\/c\/?s={search_term_string}"},"query-input":{"@type":"PropertyValueSpecification","valueRequired":true,"valueName":"search_term_string"}}],"inLanguage":"lt-LT"},{"@type":"Organization","@id":"https:\/\/yoopies.lt\/c\/#organization","name":"Yoopies Lietuva Blog","url":"https:\/\/yoopies.lt\/c\/","logo":{"@type":"ImageObject","inLanguage":"lt-LT","@id":"https:\/\/yoopies.lt\/c\/#\/schema\/logo\/image\/","url":"https:\/\/yoopies.lt\/c\/wp-content\/uploads\/sites\/12\/2025\/05\/cropped-Logo_Yoopies-2.png","contentUrl":"https:\/\/yoopies.lt\/c\/wp-content\/uploads\/sites\/12\/2025\/05\/cropped-Logo_Yoopies-2.png","width":512,"height":512,"caption":"Yoopies Lietuva Blog"},"image":{"@id":"https:\/\/yoopies.lt\/c\/#\/schema\/logo\/image\/"}}]}},"_links":{"self":[{"href":"https:\/\/yoopies.lt\/c\/wp-json\/wp\/v2\/pages\/155","targetHints":{"allow":["GET"]}}],"collection":[{"href":"https:\/\/yoopies.lt\/c\/wp-json\/wp\/v2\/pages"}],"about":[{"href":"https:\/\/yoopies.lt\/c\/wp-json\/wp\/v2\/types\/page"}],"author":[{"embeddable":true,"href":"https:\/\/yoopies.lt\/c\/wp-json\/wp\/v2\/users\/10"}],"replies":[{"embeddable":true,"href":"https:\/\/yoopies.lt\/c\/wp-json\/wp\/v2\/comments?post=155"}],"version-history":[{"count":1,"href":"https:\/\/yoopies.lt\/c\/wp-json\/wp\/v2\/pages\/155\/revisions"}],"predecessor-version":[{"id":158,"href":"https:\/\/yoopies.lt\/c\/wp-json\/wp\/v2\/pages\/155\/revisions\/158"}],"up":[{"embeddable":true,"href":"https:\/\/yoopies.lt\/c\/wp-json\/wp\/v2\/pages\/86"}],"wp:featuredmedia":[{"embeddable":true,"href":"https:\/\/yoopies.lt\/c\/wp-json\/wp\/v2\/media\/157"}],"wp:attachment":[{"href":"https:\/\/yoopies.lt\/c\/wp-json\/wp\/v2\/media?parent=155"}],"curies":[{"name":"wp","href":"https:\/\/api.w.org\/{rel}","templated":true}]}}