{"id":159,"date":"2024-02-15T15:01:53","date_gmt":"2024-02-15T15:01:53","guid":{"rendered":"https:\/\/blog.yoopies.lt\/informacija-auklems\/individuali-veikla-pagal-pazyma\/"},"modified":"2025-06-12T08:48:25","modified_gmt":"2025-06-12T08:48:25","slug":"individuali-veikla-pagal-pazyma","status":"publish","type":"page","link":"https:\/\/yoopies.lt\/c\/informacija-auklems\/individuali-veikla-pagal-pazyma\/","title":{"rendered":"Individuali veikla pagal pa\u017eym\u0105: aukl\u0117ms"},"content":{"rendered":"<p><h2>Kaip i&scaron;siimti individualios veiklos pa\u017eym\u0105?<\/h2>\n<\/p>\n<p><strong>Individuali veikla pagal pa\u017eym\u0105<\/strong>&nbsp;&ndash; tai dokumentas, kuris patvirtina, kad esate \u012fregistrav\u0119s vykdom\u0105 veikl\u0105 savo gyvenamosios vietos VMI ir galite verstis pa\u017eymoje nurodyta veikla.<\/p>\n<p>Gauti <a target=\"_blank\" rel=\"noopener\" href=\"https:\/\/saskaita123.lt\/\">individualios veiklos pa\u017eym\u0105<\/a> yra visi&scaron;kai paprasta ir u\u017etrunka vos kelias minutes, o geriausia yra tai, kad imtis individualios veiklos galima jau nuo teisingai u\u017epildyto pra&scaron;ymo pateikimo dienos. Be to, individualios veiklos pa\u017eym\u0117jimas i&scaron;duodamas neterminuotam laikui, taigi nereikia jo nuolat prat\u0119sti. Pra&scaron;ym\u0105 galima pateikti elektroniniu b\u016bdu prisijungus prie&nbsp;<a target=\"_blank\" rel=\"noopener\" href=\"https:\/\/www.vmi.lt\/manovmi\">Mano VMI<\/a>,  pa&scaron;tu ar fizi&scaron;kai nuvykus \u012f VMI skyri\u0173. I&scaron;sami\u0105 informacij\u0105, kaip i&scaron;siimti individuali\u0105 veikl\u0105 pagal pa\u017eym\u0105 internetu galite rasti \u010dia: <a href=\"http:\/\/1424.lt\/1uzsisakytipazyma.pdf\">http:\/\/1424.lt\/1uzsisakytipazyma.pdf<\/a> arba <a target=\"_blank\" rel=\"noopener\" href=\"https:\/\/www.cflow.lt\/individualios-veiklos-pazyma-internetu\">https:\/\/www.cflow.lt\/individualios-veiklos-pazyma-internetu<\/a>. Registruojant individuali\u0105 veikl\u0105 internetu, tuomet reik\u0117s tik identifikuoti save per savo internetin\u0119&nbsp;bankininkyst\u0119 arba gal\u0117site naudoti el. para&scaron;\u0105.<\/p>\n<p>Detali\u0105 VMI informacij\u0105 d\u0117l individualios veiklos \u012fregistravimo, i&scaron;registravimo ar duomen\u0173 keitimo mokes\u010di\u0173 mok\u0117toj\u0173 registre galite rasti <a target=\"_blank\" rel=\"noopener\" href=\"https:\/\/www.vmi.lt\/cms\/nuolatiniu-lietuvos-gyventoju-iregistravimas\">\u010dia<\/a>.<\/p>\n<p>Registruojant aukl\u0117s veikl\u0105, pasirinkite r\u016b&scaron;\u012f: <strong>97.00. Nam\u0173 \u016bki\u0173, samdan\u010di\u0173 nam\u0173 \u016bkio personal\u0105, veikla<\/strong>.<\/p>\n<\/p>\n<p><h2>Kokius mokes\u010dius turite sumok\u0117ti?<\/h2>\n<\/p>\n<p><strong>1. Gyventoj\u0173 pajam\u0173 mokestis (GPM) tarifas.<\/strong><\/p>\n<ol>\n<li>Nuo individualios veiklos pajam\u0173 mok\u0117tino pajam\u0173 mokes\u010dio dydis nustatomas i&scaron; metin\u0117ms apmokestinamosioms pajamoms pritaikius 15 proc. pajam\u0173 mokes\u010dio tarif\u0105 gautos sumos at\u0117mus pajam\u0173 mokes\u010dio kredito sum\u0105. Tad galutinis mokestis, priklausomai nuo j\u016bs\u0173 pajam\u0173, yra <strong>nuo 5% iki 15%<\/strong>.<br \/>\nSpauskite <a target=\"_blank\" rel=\"noopener\" href=\"https:\/\/www.vmi.lt\/cms\/web\/kmdb\/1.4.9.3.1\/-\/asset_publisher\/0OhS\/content\/kaip-apmokestinamos-individualios-veiklos-pajamos-\/10174?redirect=https%3A%2F%2Fwww.vmi.lt%2Fcms%2Fweb%2Fkmdb%2F1.4.9.3.1%3Fp_p_id%3D101_INSTANCE_0OhS%26p_p_lifecycle%3D0%26p_p_state%3Dnormal%26p_p_mode%3Dview%26p_p_col_id%3Dcolumn-1%26p_p_col_count%253\">\u010dia<\/a> ir pasiskai\u010diuokite jums taikom\u0105 galutin\u012f mokest\u012f.<\/li>\n<\/ol>\n<p><strong>2. Mokes\u010diai Sodrai: PSD (Privalomojo sveikatos draudimo) ir VSD (Valstybinio socialinio draudimo) \u012fmokos.<\/strong><\/p>\n<ul>\n<li><strong>Privalomojo sveikatos draudimo <\/strong>(PSD) tarifas &ndash;&nbsp;<strong>6,98 proc.&nbsp;<\/strong>Jis skai\u010diuojamos nuo pajam\u0173, nuo kuri\u0173 skai\u010diuojamos socialinio draudimo \u012fmokos, t.y. nuo 90 proc. apmokestinam\u0173j\u0173 pajam\u0173 (neat\u0117mus VSD ir PSD \u012fmok\u0173) sumos. Individuali\u0105 veikl\u0105 vykdantys asmenys kiekvien\u0105 m\u0117nes\u012f&nbsp;iki einamojo m\u0117nesio paskutin\u0117s dienos&nbsp;turi&nbsp;sumok\u0117ti&nbsp;6,98 proc. dyd\u017eio&nbsp;PSD \u012fmokas&nbsp;nuo minimaliosios m\u0117nesin\u0117s algos.&nbsp;MMA&nbsp;2019 m.&nbsp;yra 555 Eur, taigi&nbsp;<strong>PSD \u012fmokos dydis yra 38,74 Eur&nbsp;<\/strong>(555 Eur x 6,98 proc.).<br \/>\nPasibaigus kalendoriniams metams, asmenys, vykdantys individuali\u0105 veikl\u0105, turi perskai\u010diuoti u\u017e pra\u0117jusius kalendorinius metus mok\u0117tinas PSD \u012fmokas. Sumok\u0117t\u0173 ir mok\u0117tin\u0173 PSD \u012fmok\u0173 sum\u0173 skirtumas turi b\u016bti sumok\u0117tas iki metin\u0117s pajam\u0173 mokes\u010dio deklaracijos pateikimo Valstybinei mokes\u010di\u0173 inspekcijai termino paskutin\u0117s dienos (t.y. kiekvien\u0173 met\u0173 gegu\u017e\u0117s 1 d.).&nbsp;Daugiau informacijos &#8211;&nbsp;<a target=\"_blank\" rel=\"noopener\" href=\"https:\/\/www.sodra.lt\/lt\/situacijos\/informacija-draudejams\/noriu-sumoketi-imokas\/vykdau-individualia-veikla\">Sodros tinklalapyje<\/a>.\n<\/li>\n<li><strong>Valstybinio socialinio draudimo<\/strong> (VSD) tarifas (pensij\u0173, ligos, motinyst\u0117s draudimu) &ndash; nuo 90% individualios veiklos apmokestinam\u0173j\u0173 pajam\u0173 sumos (neat\u0117mus VSD ir PSD \u012fmok\u0173):<\/li>\n<\/ul>\n<p><strong>12,52 proc. <\/strong>(jei nekaupiate pensijai papildomai)<\/p>\n<p><strong>14,62 proc<\/strong>. (jeigu dalyvauja pensij\u0173 kaupime ir moka 2,1 proc.&nbsp;\u012fmokas)<\/p>\n<p><strong>15,52 proc.<\/strong>&nbsp;(jeigu dalyvauja pensij\u0173 kaupime ir moka 3&nbsp;proc.&nbsp;\u012fmokas)<\/p>\n<\/p>\n<p>Nors mokes\u010diai Sodrai gali pasirodyti dideli, ta\u010diau neapsigaukite ir pam\u0117ginkite pasinaudoti individualios veiklos skai\u010diuokle: <a target=\"_blank\" rel=\"noopener\" href=\"https:\/\/www.sodra.lt\/lt\/skaiciuokles\/individualios_veiklos_skaiciuokle\">https:\/\/www.sodra.lt\/lt\/skaiciuokles\/individualios_veiklos_skaiciuokle<\/a><\/p>\n<p>Individualios veiklos skai\u010diuokl\u0117 jums parodys tikslesnius mokes\u010dius, kuriuos tur\u0117site sumok\u0117ti. \u012eveskite savo planuojamas met\u0173 pajamas ir gal\u0117site geriau \u012fsivertinti, koki\u0105 sum\u0105 tur\u0117site sumok\u0117ti Sodrai.<\/p>\n<p>Daugiau informacijos galite rasti <a target=\"_blank\" rel=\"noopener\" href=\"https:\/\/www.sodra.lt\/lt\/situacijos\/imoku-tarifai\/imoku-tarifai-savarankiskai-dirbantiems\">\u010dia<\/a>.<\/p>\n<\/p>\n<p><strong>3. Prid\u0117tin\u0117s vert\u0117s mokes\u010dio (PVM) tarifas &ndash; 21% jeigu u\u017edirbate daugiau nei 45 000 eur. per metus.<\/strong><\/p>\n<p>Ta\u010diau, atkreipkite d\u0117mes\u012f, jog neu\u017edirbant daugiau nei 45 000 eur. per metus, &scaron;is apmokestinimas n\u0117ra taikomas t.y. Lietuvos Respublikos apmokestinamasis asmuo neprivalo pateikti pra&scaron;ymo \u012fregistruoti j\u012f PVM mok\u0117toju, jeigu bendra atlygio u\u017e vykdant ekonomin\u0119 veikl\u0105 &scaron;alies teritorijoje patiektas prekes ir (arba) suteiktas paslaugas suma per metus (paskutinius 12 m\u0117nesi\u0173) nevir&scaron;ijo 45 000 eur\u0173. Visa informacij\u0105 apie PVM galite rasti <a target=\"_blank\" rel=\"noopener\" href=\"https:\/\/www.vmi.lt\/cms\/pridetines-vertes-mokestis-pvm-\">\u010dia<\/a>.<\/p>\n<\/p>\n<p><h2>Individuali veikla pagal pa\u017eym\u0105 &#8211; privalumai<\/h2>\n<ul>\n<li><strong>Galimyb\u0117 dirbti legaliai ir mok\u0117ti mokes\u010dius.<\/strong>&nbsp;Niekada negali \u017einoti, ar &scaron;eima, kuri pra&scaron;o j\u016bs\u0173 pagalbos pri\u017ei\u016br\u0117ti j\u016bs\u0173 vaikus, n\u0117ra i&scaron; Darbo saugos inspekcijos ar VMI, imituojantis paslaugos u\u017esakym\u0105 ir visk\u0105 filmuojantis. Individuali veikla suteiks jums saugumo jausm\u0105 bei atvers nema\u017eai nauj\u0173 galimybi\u0173. Legalus darbas turi sav\u0173 plius\u0173.<\/li>\n<li><strong>Ma\u017ei mokes\u010diai.<\/strong>&nbsp;Mokamas tik 5-15% GPM, o kai kuriais atvejais &ndash; tik 5% (ne laisvosios profesijos) nuo nuo tam tikros j\u016bs\u0173 apmokestinam\u0173 pajam\u0173 sumos (kaip min\u0117ta straipsnio prad\u017eioje, pasiskai\u010diuoti galite <a target=\"_blank\" rel=\"noopener\" href=\"https:\/\/www.vmi.lt\/cms\/web\/kmdb\/1.4.9.3.1\/-\/asset_publisher\/0OhS\/content\/kaip-apmokestinamos-individualios-veiklos-pajamos-\/10174?redirect=https%3A%2F%2Fwww.vmi.lt%2Fcms%2Fweb%2Fkmdb%2F1.4.9.3.1%3Fp_p_id%3D101_INSTANCE_0OhS%26p_p_lifecycle%3D0%26p_p_state%3Dnormal%26p_p_mode%3Dview%26p_p_col_id%3Dcolumn-1%26p_p_col_count%253\">\u010dia<\/a>). Kiti mokes\u010diai yra SODROS &ndash; 38,74&euro; fiksuotas PSD mokestis mokamas kas m\u0117nes\u012f ir VSD mokestis (12,52-15,52%) nuo 90% nuo j\u016bs\u0173 pajam\u0173. SODROS mokes\u010diai yra ta garantija, kad susirgus jums nebus pateikta kosmin\u0117 s\u0105skaita u\u017e gydymo paslaugas i&scaron; Ligoni\u0173 kas\u0173. Pasitikrinti ar esate draustas, galite Valstybini\u0173 Ligoni\u0173 kas\u0173 portale.<\/li>\n<li><strong>Mokes\u010dius mok\u0117ti reikia tik kitais finansiniais metais.<\/strong>&nbsp;Pajamas gauni dabar, o mokes\u010diai &ndash; v\u0117liau. Kai kovo m\u0117nes\u012f yra suformuojamos preliminarios priva\u010di\u0173 asmen\u0173 pajam\u0173 deklaracijos, reikia susiskai\u010diuoti visk\u0105 ir pasi\u017ei\u016br\u0117ti, kiek mokes\u010di\u0173 SODRAI dar reikia sumok\u0117ti. Jei dalis pajam\u0173 buvo i&scaron;leistos paskolai, draudimui, dalis GPM yra gr\u0105\u017einama, tad gali b\u016bti atvej\u0173, kad mok\u0117ti net nereikia. 15% mokest\u012f susimok\u0117ti reikia iki gegu\u017e\u0117s 1 dienos. I&scaron;imtis tik su PSD mokes\u010diu, jis mokamas kiekvien\u0105 m\u0117nes\u012f, o kitais finansiniais metais tiesiog perskai\u010diuojama ar reikia sumok\u0117ti papildomai (jei pajamos vir&scaron;ijo 12 MMA).<\/li>\n<li><strong>Supaprastinta buhalterija.<\/strong>&nbsp;Papras\u010diausiai registruoji, kiek s\u0105skait\u0173 esi i&scaron;ra&scaron;\u0119s ir kokioms sumoms specialiame \u017eurnale, dar vadinamu pajam\u0173 &ndash; i&scaron;laid\u0173 \u017eurnalas. Ten paskai\u010diuojami mokes\u010diai, tad visada \u017einai, kiek reik\u0117s sumok\u0117ti kiekvienais metais. S\u0105skaitas gra\u017eiai susitvarkai kompiuteryje, tod\u0117l paskui labai paprasta visk\u0105 sukontroliuoti.<\/li>\n<li><strong>Galimyb\u0117 verstis keliomis veiklomis.<\/strong>&nbsp;Galima verstis keliomis veiklomis i&scaron; karto. Jas tereikia \u012fregistruoti VMI. Mokes\u010di\u0173 nuo to nepadaug\u0117s.<\/li>\n<\/ul>\n<p><h2>Svarb\u016bs dokumentai:<\/h2>\n<ul>\n<li><a href=\"https:\/\/yoopies-cms.cdn.prismic.io\/yoopies-cms\/db0118dd-e16c-4a09-aa03-2f8c5a37e6df_paslaugu-teikimo-sutartis-uzsiimantiems-individualia-veikla.doc\">Kontrakto pavyzdys<\/a> (daugiau informacijos apie sutarties sudarym\u0105 su &scaron;eima skaitykite <a target=\"_blank\" rel=\"noopener\" href=\"https:\/\/yoopies.lt\/c\/informacija-auklems\/sutartis\">\u010dia<\/a>)<\/li>\n<li><a href=\"https:\/\/yoopies-cms.cdn.prismic.io\/yoopies-cms\/486be7d3-1a8d-4d24-950f-fcac8ea672dd_KD-1586+pinig%C5%B3+pri%C4%97mimo+kvitas.pdf\">Pinig\u0173 pri\u0117mimo kvitas<\/a><\/li>\n<li><a href=\"https:\/\/yoopies-cms.cdn.prismic.io\/yoopies-cms\/ba246712-2753-4929-b0ce-d7a9c3f0192e_S%C4%85skaita-fakt%C5%ABra.pdf\">S\u0105skaita fakt\u016bra<\/a><\/li>\n<\/ul>\n<p><p>Daugiau informacijos apie individuali\u0105 veikl\u0105 galite rasti <a target=\"_blank\" rel=\"noopener\" href=\"https:\/\/www.vmi.lt\/cms\/vykdantiems-individualia-veikla\">VMI tinklalapyje<\/a>.<\/p>\n<p>VMI informacij\u0105 d\u0117l individualios veiklos \u012fregistravimo, i&scaron;registravimo ar duomen\u0173 keitimo mokes\u010di\u0173 mok\u0117toj\u0173 registre galite rasti <a target=\"_blank\" rel=\"noopener\" href=\"https:\/\/www.vmi.lt\/cms\/nuolatiniu-lietuvos-gyventoju-iregistravimas\">\u010dia<\/a>.<\/p>\n<p>Nor\u0117dami susipa\u017einti pla\u010diau su aukl\u0117s darbo galimyb\u0117mis, <a href=\"https:\/\/yoopies.lt\/c\/informacija-auklems\/ieskau-aukles-darbo\">skaitykite \u010dia<\/a>.<\/p>\n<\/p>\n<p><a class=\"button\" href=\"https:\/\/yoopies.lt\/ieskau-aukles-darbo\">\u012esidarbinti aukle<\/a><\/p>\n<figure><img decoding=\"async\" src=\"https:\/\/yoopies.lt\/c\/wp-content\/uploads\/sites\/12\/2024\/02\/d06e7d96-39be-445b-8daf-0d5973cf92ec-rawpixel-579264-unsplash.jpg\" \/><\/figure>\n","protected":false},"excerpt":{"rendered":"<p>Kaip i&scaron;siimti individualios veiklos pa\u017eym\u0105? Individuali veikla pagal pa\u017eym\u0105&nbsp;&ndash; tai dokumentas, kuris patvirtina, kad esate &hellip; <\/p>\n","protected":false},"author":10,"featured_media":161,"parent":86,"menu_order":0,"comment_status":"closed","ping_status":"closed","template":"","meta":{"_acf_changed":false,"footnotes":""},"class_list":["post-159","page","type-page","status-publish","has-post-thumbnail","hentry"],"acf":[],"yoast_head":"<!-- This site is optimized with the Yoast SEO plugin v26.9 - https:\/\/yoast.com\/product\/yoast-seo-wordpress\/ -->\n<title>Visa informacija apie individuali\u0105 veikl\u0105 aukl\u0117ms.<\/title>\n<meta name=\"description\" content=\"Pasir\u016bpink savo ateitimi ir i\u0161siimk individuali\u0105 veikl\u0105 pagal pa\u017eym\u0105. Visa informacija apie individualios veiklos mokes\u010dius, dokumentus bei privalumus.\" \/>\n<meta name=\"robots\" content=\"index, follow, max-snippet:-1, max-image-preview:large, max-video-preview:-1\" \/>\n<link rel=\"canonical\" href=\"https:\/\/yoopies.lt\/c\/informacija-auklems\/individuali-veikla-pagal-pazyma\/\" \/>\n<meta property=\"og:locale\" content=\"lt_LT\" \/>\n<meta property=\"og:type\" content=\"article\" \/>\n<meta property=\"og:title\" content=\"Visa informacija apie individuali\u0105 veikl\u0105 aukl\u0117ms.\" \/>\n<meta property=\"og:description\" content=\"Pasir\u016bpink savo ateitimi ir i\u0161siimk individuali\u0105 veikl\u0105 pagal pa\u017eym\u0105. Visa informacija apie individualios veiklos mokes\u010dius, dokumentus bei privalumus.\" \/>\n<meta property=\"og:url\" content=\"https:\/\/yoopies.lt\/c\/informacija-auklems\/individuali-veikla-pagal-pazyma\/\" \/>\n<meta property=\"og:site_name\" content=\"Yoopies Lietuva Blog\" \/>\n<meta property=\"article:modified_time\" content=\"2025-06-12T08:48:25+00:00\" \/>\n<meta property=\"og:image\" content=\"https:\/\/yoopies.lt\/c\/wp-content\/uploads\/sites\/12\/2024\/02\/d06e7d96-39be-445b-8daf-0d5973cf92ec-rawpixel-579264-unsplash-1.jpg\" \/>\n\t<meta property=\"og:image:width\" content=\"1200\" \/>\n\t<meta property=\"og:image:height\" content=\"818\" \/>\n\t<meta property=\"og:image:type\" content=\"image\/jpeg\" \/>\n<meta name=\"twitter:card\" content=\"summary_large_image\" \/>\n<meta name=\"twitter:label1\" content=\"Est. reading time\" \/>\n\t<meta name=\"twitter:data1\" content=\"5 minut\u0117s\" \/>\n<script type=\"application\/ld+json\" class=\"yoast-schema-graph\">{\"@context\":\"https:\/\/schema.org\",\"@graph\":[{\"@type\":\"WebPage\",\"@id\":\"https:\/\/yoopies.lt\/c\/informacija-auklems\/individuali-veikla-pagal-pazyma\/\",\"url\":\"https:\/\/yoopies.lt\/c\/informacija-auklems\/individuali-veikla-pagal-pazyma\/\",\"name\":\"Visa informacija apie individuali\u0105 veikl\u0105 aukl\u0117ms.\",\"isPartOf\":{\"@id\":\"https:\/\/yoopies.lt\/c\/#website\"},\"primaryImageOfPage\":{\"@id\":\"https:\/\/yoopies.lt\/c\/informacija-auklems\/individuali-veikla-pagal-pazyma\/#primaryimage\"},\"image\":{\"@id\":\"https:\/\/yoopies.lt\/c\/informacija-auklems\/individuali-veikla-pagal-pazyma\/#primaryimage\"},\"thumbnailUrl\":\"https:\/\/yoopies.lt\/c\/wp-content\/uploads\/sites\/12\/2024\/02\/d06e7d96-39be-445b-8daf-0d5973cf92ec-rawpixel-579264-unsplash-1.jpg\",\"datePublished\":\"2024-02-15T15:01:53+00:00\",\"dateModified\":\"2025-06-12T08:48:25+00:00\",\"description\":\"Pasir\u016bpink savo ateitimi ir i\u0161siimk individuali\u0105 veikl\u0105 pagal pa\u017eym\u0105. Visa informacija apie individualios veiklos mokes\u010dius, dokumentus bei privalumus.\",\"breadcrumb\":{\"@id\":\"https:\/\/yoopies.lt\/c\/informacija-auklems\/individuali-veikla-pagal-pazyma\/#breadcrumb\"},\"inLanguage\":\"lt-LT\",\"potentialAction\":[{\"@type\":\"ReadAction\",\"target\":[\"https:\/\/yoopies.lt\/c\/informacija-auklems\/individuali-veikla-pagal-pazyma\/\"]}]},{\"@type\":\"ImageObject\",\"inLanguage\":\"lt-LT\",\"@id\":\"https:\/\/yoopies.lt\/c\/informacija-auklems\/individuali-veikla-pagal-pazyma\/#primaryimage\",\"url\":\"https:\/\/yoopies.lt\/c\/wp-content\/uploads\/sites\/12\/2024\/02\/d06e7d96-39be-445b-8daf-0d5973cf92ec-rawpixel-579264-unsplash-1.jpg\",\"contentUrl\":\"https:\/\/yoopies.lt\/c\/wp-content\/uploads\/sites\/12\/2024\/02\/d06e7d96-39be-445b-8daf-0d5973cf92ec-rawpixel-579264-unsplash-1.jpg\",\"width\":1200,\"height\":818},{\"@type\":\"BreadcrumbList\",\"@id\":\"https:\/\/yoopies.lt\/c\/informacija-auklems\/individuali-veikla-pagal-pazyma\/#breadcrumb\",\"itemListElement\":[{\"@type\":\"ListItem\",\"position\":1,\"name\":\"Home\",\"item\":\"https:\/\/yoopies.lt\/c\/\"},{\"@type\":\"ListItem\",\"position\":2,\"name\":\"Visa informacija ir patarimai aukl\u0117ms\",\"item\":\"https:\/\/yoopies.lt\/c\/informacija-auklems\/\"},{\"@type\":\"ListItem\",\"position\":3,\"name\":\"Individuali veikla pagal pa\u017eym\u0105: aukl\u0117ms\"}]},{\"@type\":\"WebSite\",\"@id\":\"https:\/\/yoopies.lt\/c\/#website\",\"url\":\"https:\/\/yoopies.lt\/c\/\",\"name\":\"Yoopies Lietuva Blog\",\"description\":\"\",\"publisher\":{\"@id\":\"https:\/\/yoopies.lt\/c\/#organization\"},\"potentialAction\":[{\"@type\":\"SearchAction\",\"target\":{\"@type\":\"EntryPoint\",\"urlTemplate\":\"https:\/\/yoopies.lt\/c\/?s={search_term_string}\"},\"query-input\":{\"@type\":\"PropertyValueSpecification\",\"valueRequired\":true,\"valueName\":\"search_term_string\"}}],\"inLanguage\":\"lt-LT\"},{\"@type\":\"Organization\",\"@id\":\"https:\/\/yoopies.lt\/c\/#organization\",\"name\":\"Yoopies Lietuva Blog\",\"url\":\"https:\/\/yoopies.lt\/c\/\",\"logo\":{\"@type\":\"ImageObject\",\"inLanguage\":\"lt-LT\",\"@id\":\"https:\/\/yoopies.lt\/c\/#\/schema\/logo\/image\/\",\"url\":\"https:\/\/yoopies.lt\/c\/wp-content\/uploads\/sites\/12\/2025\/05\/cropped-Logo_Yoopies-2.png\",\"contentUrl\":\"https:\/\/yoopies.lt\/c\/wp-content\/uploads\/sites\/12\/2025\/05\/cropped-Logo_Yoopies-2.png\",\"width\":512,\"height\":512,\"caption\":\"Yoopies Lietuva Blog\"},\"image\":{\"@id\":\"https:\/\/yoopies.lt\/c\/#\/schema\/logo\/image\/\"}}]}<\/script>\n<!-- \/ Yoast SEO plugin. -->","yoast_head_json":{"title":"Visa informacija apie individuali\u0105 veikl\u0105 aukl\u0117ms.","description":"Pasir\u016bpink savo ateitimi ir i\u0161siimk individuali\u0105 veikl\u0105 pagal pa\u017eym\u0105. Visa informacija apie individualios veiklos mokes\u010dius, dokumentus bei privalumus.","robots":{"index":"index","follow":"follow","max-snippet":"max-snippet:-1","max-image-preview":"max-image-preview:large","max-video-preview":"max-video-preview:-1"},"canonical":"https:\/\/yoopies.lt\/c\/informacija-auklems\/individuali-veikla-pagal-pazyma\/","og_locale":"lt_LT","og_type":"article","og_title":"Visa informacija apie individuali\u0105 veikl\u0105 aukl\u0117ms.","og_description":"Pasir\u016bpink savo ateitimi ir i\u0161siimk individuali\u0105 veikl\u0105 pagal pa\u017eym\u0105. Visa informacija apie individualios veiklos mokes\u010dius, dokumentus bei privalumus.","og_url":"https:\/\/yoopies.lt\/c\/informacija-auklems\/individuali-veikla-pagal-pazyma\/","og_site_name":"Yoopies Lietuva Blog","article_modified_time":"2025-06-12T08:48:25+00:00","og_image":[{"width":1200,"height":818,"url":"https:\/\/yoopies.lt\/c\/wp-content\/uploads\/sites\/12\/2024\/02\/d06e7d96-39be-445b-8daf-0d5973cf92ec-rawpixel-579264-unsplash-1.jpg","type":"image\/jpeg"}],"twitter_card":"summary_large_image","twitter_misc":{"Est. reading time":"5 minut\u0117s"},"schema":{"@context":"https:\/\/schema.org","@graph":[{"@type":"WebPage","@id":"https:\/\/yoopies.lt\/c\/informacija-auklems\/individuali-veikla-pagal-pazyma\/","url":"https:\/\/yoopies.lt\/c\/informacija-auklems\/individuali-veikla-pagal-pazyma\/","name":"Visa informacija apie individuali\u0105 veikl\u0105 aukl\u0117ms.","isPartOf":{"@id":"https:\/\/yoopies.lt\/c\/#website"},"primaryImageOfPage":{"@id":"https:\/\/yoopies.lt\/c\/informacija-auklems\/individuali-veikla-pagal-pazyma\/#primaryimage"},"image":{"@id":"https:\/\/yoopies.lt\/c\/informacija-auklems\/individuali-veikla-pagal-pazyma\/#primaryimage"},"thumbnailUrl":"https:\/\/yoopies.lt\/c\/wp-content\/uploads\/sites\/12\/2024\/02\/d06e7d96-39be-445b-8daf-0d5973cf92ec-rawpixel-579264-unsplash-1.jpg","datePublished":"2024-02-15T15:01:53+00:00","dateModified":"2025-06-12T08:48:25+00:00","description":"Pasir\u016bpink savo ateitimi ir i\u0161siimk individuali\u0105 veikl\u0105 pagal pa\u017eym\u0105. Visa informacija apie individualios veiklos mokes\u010dius, dokumentus bei privalumus.","breadcrumb":{"@id":"https:\/\/yoopies.lt\/c\/informacija-auklems\/individuali-veikla-pagal-pazyma\/#breadcrumb"},"inLanguage":"lt-LT","potentialAction":[{"@type":"ReadAction","target":["https:\/\/yoopies.lt\/c\/informacija-auklems\/individuali-veikla-pagal-pazyma\/"]}]},{"@type":"ImageObject","inLanguage":"lt-LT","@id":"https:\/\/yoopies.lt\/c\/informacija-auklems\/individuali-veikla-pagal-pazyma\/#primaryimage","url":"https:\/\/yoopies.lt\/c\/wp-content\/uploads\/sites\/12\/2024\/02\/d06e7d96-39be-445b-8daf-0d5973cf92ec-rawpixel-579264-unsplash-1.jpg","contentUrl":"https:\/\/yoopies.lt\/c\/wp-content\/uploads\/sites\/12\/2024\/02\/d06e7d96-39be-445b-8daf-0d5973cf92ec-rawpixel-579264-unsplash-1.jpg","width":1200,"height":818},{"@type":"BreadcrumbList","@id":"https:\/\/yoopies.lt\/c\/informacija-auklems\/individuali-veikla-pagal-pazyma\/#breadcrumb","itemListElement":[{"@type":"ListItem","position":1,"name":"Home","item":"https:\/\/yoopies.lt\/c\/"},{"@type":"ListItem","position":2,"name":"Visa informacija ir patarimai aukl\u0117ms","item":"https:\/\/yoopies.lt\/c\/informacija-auklems\/"},{"@type":"ListItem","position":3,"name":"Individuali veikla pagal pa\u017eym\u0105: aukl\u0117ms"}]},{"@type":"WebSite","@id":"https:\/\/yoopies.lt\/c\/#website","url":"https:\/\/yoopies.lt\/c\/","name":"Yoopies Lietuva Blog","description":"","publisher":{"@id":"https:\/\/yoopies.lt\/c\/#organization"},"potentialAction":[{"@type":"SearchAction","target":{"@type":"EntryPoint","urlTemplate":"https:\/\/yoopies.lt\/c\/?s={search_term_string}"},"query-input":{"@type":"PropertyValueSpecification","valueRequired":true,"valueName":"search_term_string"}}],"inLanguage":"lt-LT"},{"@type":"Organization","@id":"https:\/\/yoopies.lt\/c\/#organization","name":"Yoopies Lietuva Blog","url":"https:\/\/yoopies.lt\/c\/","logo":{"@type":"ImageObject","inLanguage":"lt-LT","@id":"https:\/\/yoopies.lt\/c\/#\/schema\/logo\/image\/","url":"https:\/\/yoopies.lt\/c\/wp-content\/uploads\/sites\/12\/2025\/05\/cropped-Logo_Yoopies-2.png","contentUrl":"https:\/\/yoopies.lt\/c\/wp-content\/uploads\/sites\/12\/2025\/05\/cropped-Logo_Yoopies-2.png","width":512,"height":512,"caption":"Yoopies Lietuva Blog"},"image":{"@id":"https:\/\/yoopies.lt\/c\/#\/schema\/logo\/image\/"}}]}},"_links":{"self":[{"href":"https:\/\/yoopies.lt\/c\/wp-json\/wp\/v2\/pages\/159","targetHints":{"allow":["GET"]}}],"collection":[{"href":"https:\/\/yoopies.lt\/c\/wp-json\/wp\/v2\/pages"}],"about":[{"href":"https:\/\/yoopies.lt\/c\/wp-json\/wp\/v2\/types\/page"}],"author":[{"embeddable":true,"href":"https:\/\/yoopies.lt\/c\/wp-json\/wp\/v2\/users\/10"}],"replies":[{"embeddable":true,"href":"https:\/\/yoopies.lt\/c\/wp-json\/wp\/v2\/comments?post=159"}],"version-history":[{"count":1,"href":"https:\/\/yoopies.lt\/c\/wp-json\/wp\/v2\/pages\/159\/revisions"}],"predecessor-version":[{"id":162,"href":"https:\/\/yoopies.lt\/c\/wp-json\/wp\/v2\/pages\/159\/revisions\/162"}],"up":[{"embeddable":true,"href":"https:\/\/yoopies.lt\/c\/wp-json\/wp\/v2\/pages\/86"}],"wp:featuredmedia":[{"embeddable":true,"href":"https:\/\/yoopies.lt\/c\/wp-json\/wp\/v2\/media\/161"}],"wp:attachment":[{"href":"https:\/\/yoopies.lt\/c\/wp-json\/wp\/v2\/media?parent=159"}],"curies":[{"name":"wp","href":"https:\/\/api.w.org\/{rel}","templated":true}]}}