{"id":163,"date":"2024-02-15T15:01:19","date_gmt":"2024-02-15T15:01:19","guid":{"rendered":"https:\/\/blog.yoopies.lt\/informacija-auklems\/kaip-pasiruosti-aukles-darbui\/"},"modified":"2025-06-12T08:48:25","modified_gmt":"2025-06-12T08:48:25","slug":"kaip-pasiruosti-aukles-darbui","status":"publish","type":"page","link":"https:\/\/yoopies.lt\/c\/informacija-auklems\/kaip-pasiruosti-aukles-darbui\/","title":{"rendered":"Kaip pasiruo\u0161ti aukl\u0117s darbui?"},"content":{"rendered":"<p><p>Pirmojo \u012fsp\u016bd\u017eio kurimas darbdaviui visada buvo labai svarbus. Kod\u0117l? Nes jis \u012fvyksta tik kart\u0105 ir palieka labai svarb\u0173 ton\u0105 tolesniam bendravimui.<\/p>\n<p>Nors ir jaudinat\u0117s prie&scaron; susitinkant su naujais vaikais, kuriuos pri\u017ei\u016br\u0117site, nepamir&scaron;kite, kad t\u0117vai taipogi nerimauja. Savo vaik\u0173 patik\u0117jimas svetimoms rankoms yra svarbus \u017eingsnis kiekvienai &scaron;eimai.<\/p>\n<p>Nesvarbu, ar vaik\u0173 prie\u017ei\u016bra yra j\u016bs\u0173 pagrindin\u0117 profesija, vasaros darbas, ar papildomas darbas, visuomet tur\u0117tum\u0117t stengtis suteikti geriausi\u0105 prie\u017ei\u016br\u0105.<\/p>\n<p>Vietoj to, kad tiesiog pasirodytum\u0117te darbe, nustebinkite savo darbdavius ir sukurkite ger\u0105 pirm\u0105 \u012fsp\u016bd\u012f, pasiruo&scaron;dami i&scaron; anksto. \u017demiau Yoopies pateikia s\u0105ra&scaron;\u0105, kuris pad\u0117s jums pasiruo&scaron;ti.<\/p>\n<\/p>\n<figure><img decoding=\"async\" src=\"https:\/\/yoopies.lt\/c\/wp-content\/uploads\/sites\/12\/2024\/02\/d3754946799b963d6a8d8b93accd7fe69f4412e4-shutterstock-1058795099.jpg\" \/><\/figure>\n<p><h3><strong>Nustatykite savo \u012fkainius<\/strong><\/h3>\n<p>Jei aukl\u0117s darbo ie&scaron;kote tik vasarai, gali b\u016bti, kad ne\u017einosite kokie yra auki\u0173 \u012fkainiai, tod\u0117l geriausia pasiklausin\u0117ti aplinkui arba pasi\u017ei\u016br\u0117ti kokius \u012fkainius nurodo kitos aukl\u0117s. Aukl\u0117s \u012fkainiai da\u017eniausiai svyruoja nuo 6eur.\/val. iki 12eur.\/val., priklausomai nuo miesto, kuriame dirbate, kiek vaik\u0173 pri\u017ei\u016br\u0117site bei kokias papildomas u\u017eduotis gal\u0117site atlikti. Bet kuriuo atveju, i&scaron; anksto nurodykite savo valandin\u012f \u012fkain\u012f bei kitas galimas papildomas i&scaron;laidas, kaip pvz. taksi apmok\u0117jimas, papildomos darbo valandos ar u\u017eduotys, kurias &scaron;eima nor\u0117s, kad atliktum\u0117t, pvz. nam\u0173 aptvarkymas ir kt.<\/p>\n<\/p>\n<h3><strong>Suplanuokite savo kelion\u0119<\/strong><\/h3>\n<p>Pirmasis \u012fsp\u016bdis yra labai svarbus, tod\u0117l i&scaron; anksto planuokite kokiu mar&scaron;rutu va\u017eiuosite iki &scaron;eimos nam\u0173, kad atvyktum\u0117te laiku. Atvykus truputi ank&scaron;\u010diau, j\u016bs taip pat tur\u0117site laiko steb\u0117ti vaikus namuose ir u\u017eduoti klausimus t\u0117vams, neskubant jiems i&scaron;l\u0117kti pro duris.<\/p>\n<\/p>\n<h3><strong>Vaik\u0173 prie\u017ei\u016bra<\/strong><\/h3>\n<p>Jei tai yra j\u016bs\u0173 pirmas aukl\u0117s darbas su nauja &scaron;eima, i&scaron; karto paklauskite vaik\u0173 vard\u0173 ir am\u017eiaus bei pasistenkite \u012fsiminti. Taipogi i&scaron;siai&scaron;kinkite vaik\u0173 maitinimo bei miego \u012fpro\u010dius.<\/p>\n<p>Taipogi paklauskite, kokios yra bendrosios taisykl\u0117s, ar vaikai turi koki\u0173 nors speciali\u0173 reikalavim\u0173 (dieta ar alergijos), ir ar yra ka\u017ekas draud\u017eiama, ko vaikams geriau neleisti, kaip pvz. \u017eaidimai kompiuteriu ar televizorius.<\/p>\n<\/p>\n<h3><strong>T\u0117v\u0173 informacija<\/strong><\/h3>\n<p>Pasiruo&scaron;kite, kur u\u017esira&scaron;yti t\u0117v\u0173 kontaktinius duomenis, kuriais gal\u0117tum\u0117t susisiekti esant nenumatytiems atvejams. Taipogi b\u016bt\u0173 gerai u\u017esira&scaron;yti informacij\u0105, kur t\u0117vai bus, jei nepavykt\u0173 j\u0173 pasiekti telefonu.<\/p>\n<p>Esant kritinei situacijai yra labai paprasta u\u017emir&scaron;ti informacij\u0105, tod\u0117l t\u0117vai \u012fvertins j\u016bs\u0173 atsakingum\u0105, jei nepating\u0117site ir ka\u017ekur nurodyt\u0105 informacij\u0105 u\u017esira&scaron;ysite.<\/p>\n<\/p>\n<h3><strong>Pirmoji pagalba<\/strong><\/h3>\n<p>Visada gerai \u017einoti, kur yra pirmosios pagalbos rinkinys, nes vaikai yra link\u0119 susi\u017eeisti. Skubios pagalbos atveju taipogi reikia \u017einoti artimiausi\u0105 pirmosios pagalbos ligonin\u0119 bei tur\u0117t\u0173 t\u0117v\u0173 kontaktinius duomenis po ranka.<\/p>\n<\/p>\n<h3><strong>Maistas<\/strong><\/h3>\n<p>I&scaron; anksto pasikalb\u0117kite su &scaron;eima apie vaik\u0173 valgymo \u012fpro\u010dius. Jei dirbate vis\u0105 dien\u0105, tur\u0117site pagalvoti, kaip pavalgyti bei tuo pa\u010diu pasir\u016bpinti vaikais. Kai kurios &scaron;eimos jums paliks u\u017ekand\u017ei\u0173, kitos pasir\u016bpins, kad jums b\u016bt\u0173 palikt\u0105 gaminto maisto namuose, ta\u010diau bus &scaron;eim\u0173, kurios nor\u0117s, kad atsine&scaron;tum\u0117t savo maisto. Aukl\u0117s darbe svarbiausia i&scaron; anksto paklausti ir \u017einoti, ar tur\u0117site atsine&scaron;ti savo maisto, ar tuo pasir\u016bpins &scaron;eima, kad v\u0117liau nekilt\u0173 nesusipratim\u0173.<\/p>\n<p>Ta\u010diau b\u016bkite atsargus su savo atsine&scaron;to maisto &scaron;ildymu kit\u0173 \u017emoni\u0173 namuose, kad nepaliktum\u0117te blogo kvapo.<\/p>\n<\/p>\n<h3><strong>Apmok\u0117jimas<\/strong><\/h3>\n<p>Naudojant apmok\u0117jim\u0105 internetu i&scaron;vengsite nemaloni\u0173 ir nepatogi\u0173 situacij\u0173. Ta\u010diau tai visada verta aptarti i&scaron; anksto su &scaron;eima, kad b\u016bt\u0173 ai&scaron;ku, kaip bus atliekami mok\u0117jimai. Nepamir&scaron;kite <a href=\"https:\/\/yoopies.lt\/c\/informacija-auklems\/sutartis\">pasira&scaron;yti sutarties<\/a> bei <a href=\"https:\/\/yoopies.lt\/c\/informacija-auklems\/individuali-veikla-pagal-pazyma\">tur\u0117kite individualios veiklos pa\u017eym\u0117jim\u0105<\/a> s\u0117kmingai darbo prad\u017eiai.<\/p>\n<\/p>\n<h3><strong>Pramogos<\/strong><\/h3>\n<p>Priklausomai nuo j\u016bs\u0173 vaik\u0173 prie\u017ei\u016bros darbo pob\u016bd\u017eio, tur\u0117site praleisti nema\u017eai laiko su vaikais. Tai rei&scaron;kia valandas pramog\u0173!<\/p>\n<p>Turint omenyje, kad ma\u017eesniems vaikams ir k\u016bdikiams da\u017enai reikia numigti, tai b\u016bt\u0173 gerai veiklas pasiplanuoti i&scaron; anksto, kad tai nesutrikdyt\u0173 j\u0173 miego \u012fpro\u010di\u0173.<\/p>\n<p>Tai gali b\u016bti \u012fdom\u016bs vaik\u0173 \u017eaidimas namuose, pavyzd\u017eiui, sl\u0117pyn\u0117s ar auk&scaron;\u010diau \u017eem\u0117s. Galb\u016bt nor\u0117site i&scaron; anksto su\u017einoti vaik\u0173 m\u0117gstamus filmus, kad gal\u0117tum\u0117te atlikti ir suvaidinti tam tikras scenas i&scaron; j\u0173 m\u0117gstam\u0173 film\u0173 &#8211; vaikai u\u017e tai jums labai pad\u0117kos!<\/p>\n<p>Jei norite i&scaron;eiti su vaikais \u012f lauk\u0105, tai b\u016bt\u0173 gerai i&scaron; anksto paklausti t\u0117v\u0173 leidimo. Da\u017eniausiai t\u0117vai sutinka, kad vaikai i&scaron;eit\u0173 \u012f lauk\u0105 kartu su aukle, jei tai pastoviai atvykstanti, o ne aukl\u0117 vienam kartui, kur pasitik\u0117jimas dar labai ma\u017eas.<\/p>\n<p>Si\u016blome pasi\u017ei\u016br\u0117ti ir <a href=\"https:\/\/yoopies.lt\/c\/informacija-auklems\/zaidimai-su-vaikais\">paskaityti m\u016bs\u0173 si\u016blomus \u017eaidimus su vaikais<\/a>.<\/p>\n<\/p>\n<h3><strong>Planuokite savo laik\u0105<\/strong><\/h3>\n<p>Vaik\u0173 prie\u017ei\u016bra yra populiarus darbas studentams, nes tai suteikia jiems papildom\u0173 pajam\u0173 studij\u0173 metu. Ta\u010diau vaikai jums visada tur\u0117t\u0173 b\u016bti pirmasis ir pagrindinis prioritetas. Mokytis, kol vaikai miega yra gerai, ta\u010diau neatsine&scaron;kite per didelio kiekio med\u017eiagos mokslams, nes t\u0117vams gali kilti \u012ftarim\u0173, ar j\u016bs pakankamai skiriate laiko j\u0173 vaik\u0173 prie\u017ei\u016brai. <\/p>\n<p>Kai pri\u017ei\u016brite vaikus, nepamir&scaron;kite, kad vaikai yra labai s\u0105\u017einingi ir visk\u0105 prane&scaron;a savo t\u0117vams. Tod\u0117l, jei planuojate telefonu plep\u0117ti su draugais, geriausia t\u0105 daryti, kai vaikai miega.<\/p>\n<\/p>\n<p>Skaitykite daugiau, <a href=\"https:\/\/yoopies.lt\/c\/informacija-auklems\/8-patarimai-sekmingai-aukles-darbo-pradziai\">kaip s\u0117kmingai pasiruo&scaron;ti aukl\u0117s darbo prad\u017eiai<\/a> bei <a href=\"https:\/\/yoopies.lt\/c\/informacija-auklems\">visa informacija aukl\u0117ms<\/a>.<\/p>\n<\/p>\n<p><a class=\"button\" href=\"https:\/\/yoopies.lt\/ieskau-aukles-darbo\">RASK AUKL\u0116S DARB\u0104!<\/a><\/p>\n","protected":false},"excerpt":{"rendered":"<p>Pirmojo \u012fsp\u016bd\u017eio kurimas darbdaviui visada buvo labai svarbus. Kod\u0117l? Nes jis \u012fvyksta tik kart\u0105 ir &hellip; <\/p>\n","protected":false},"author":10,"featured_media":165,"parent":86,"menu_order":0,"comment_status":"closed","ping_status":"closed","template":"","meta":{"_acf_changed":false,"footnotes":""},"class_list":["post-163","page","type-page","status-publish","has-post-thumbnail","hentry"],"acf":[],"yoast_head":"<!-- This site is optimized with the Yoast SEO plugin v26.9 - https:\/\/yoast.com\/product\/yoast-seo-wordpress\/ -->\n<title>Aukl\u0117s atmintin\u0117: kaip pasiruo\u0161ti susitikimui su \u0161eima ir vaiku(-ais)<\/title>\n<meta name=\"description\" content=\"Nuo vaiko miego ir valgymo \u012fpro\u010di\u0173, \u017eaidim\u0173 iki aukl\u0117s \u012fkaini\u0173 bei mok\u0117jim\u0173... su\u017einok visk\u0105, kad pasiruo\u0161tum vaik\u0173 prie\u017ei\u016brai!\" \/>\n<meta name=\"robots\" content=\"index, follow, max-snippet:-1, max-image-preview:large, max-video-preview:-1\" \/>\n<link rel=\"canonical\" href=\"https:\/\/yoopies.lt\/c\/informacija-auklems\/kaip-pasiruosti-aukles-darbui\/\" \/>\n<meta property=\"og:locale\" content=\"lt_LT\" \/>\n<meta property=\"og:type\" content=\"article\" \/>\n<meta property=\"og:title\" content=\"Aukl\u0117s atmintin\u0117: kaip pasiruo\u0161ti susitikimui su \u0161eima ir vaiku(-ais)\" \/>\n<meta property=\"og:description\" content=\"Nuo vaiko miego ir valgymo \u012fpro\u010di\u0173, \u017eaidim\u0173 iki aukl\u0117s \u012fkaini\u0173 bei mok\u0117jim\u0173... su\u017einok visk\u0105, kad pasiruo\u0161tum vaik\u0173 prie\u017ei\u016brai!\" \/>\n<meta property=\"og:url\" content=\"https:\/\/yoopies.lt\/c\/informacija-auklems\/kaip-pasiruosti-aukles-darbui\/\" \/>\n<meta property=\"og:site_name\" content=\"Yoopies Lietuva Blog\" \/>\n<meta property=\"article:modified_time\" content=\"2025-06-12T08:48:25+00:00\" \/>\n<meta property=\"og:image\" content=\"https:\/\/yoopies.lt\/c\/wp-content\/uploads\/sites\/12\/2024\/02\/60ba8a3612b7025102088aa4a478ecf2399be123-shutterstock-1058795099.jpg\" \/>\n\t<meta property=\"og:image:width\" content=\"1200\" \/>\n\t<meta property=\"og:image:height\" content=\"800\" \/>\n\t<meta property=\"og:image:type\" content=\"image\/jpeg\" \/>\n<meta name=\"twitter:card\" content=\"summary_large_image\" \/>\n<meta name=\"twitter:label1\" content=\"Est. reading time\" \/>\n\t<meta name=\"twitter:data1\" content=\"5 minut\u0117s\" \/>\n<script type=\"application\/ld+json\" class=\"yoast-schema-graph\">{\"@context\":\"https:\/\/schema.org\",\"@graph\":[{\"@type\":\"WebPage\",\"@id\":\"https:\/\/yoopies.lt\/c\/informacija-auklems\/kaip-pasiruosti-aukles-darbui\/\",\"url\":\"https:\/\/yoopies.lt\/c\/informacija-auklems\/kaip-pasiruosti-aukles-darbui\/\",\"name\":\"Aukl\u0117s atmintin\u0117: kaip pasiruo\u0161ti susitikimui su \u0161eima ir vaiku(-ais)\",\"isPartOf\":{\"@id\":\"https:\/\/yoopies.lt\/c\/#website\"},\"primaryImageOfPage\":{\"@id\":\"https:\/\/yoopies.lt\/c\/informacija-auklems\/kaip-pasiruosti-aukles-darbui\/#primaryimage\"},\"image\":{\"@id\":\"https:\/\/yoopies.lt\/c\/informacija-auklems\/kaip-pasiruosti-aukles-darbui\/#primaryimage\"},\"thumbnailUrl\":\"https:\/\/yoopies.lt\/c\/wp-content\/uploads\/sites\/12\/2024\/02\/60ba8a3612b7025102088aa4a478ecf2399be123-shutterstock-1058795099.jpg\",\"datePublished\":\"2024-02-15T15:01:19+00:00\",\"dateModified\":\"2025-06-12T08:48:25+00:00\",\"description\":\"Nuo vaiko miego ir valgymo \u012fpro\u010di\u0173, \u017eaidim\u0173 iki aukl\u0117s \u012fkaini\u0173 bei mok\u0117jim\u0173... su\u017einok visk\u0105, kad pasiruo\u0161tum vaik\u0173 prie\u017ei\u016brai!\",\"breadcrumb\":{\"@id\":\"https:\/\/yoopies.lt\/c\/informacija-auklems\/kaip-pasiruosti-aukles-darbui\/#breadcrumb\"},\"inLanguage\":\"lt-LT\",\"potentialAction\":[{\"@type\":\"ReadAction\",\"target\":[\"https:\/\/yoopies.lt\/c\/informacija-auklems\/kaip-pasiruosti-aukles-darbui\/\"]}]},{\"@type\":\"ImageObject\",\"inLanguage\":\"lt-LT\",\"@id\":\"https:\/\/yoopies.lt\/c\/informacija-auklems\/kaip-pasiruosti-aukles-darbui\/#primaryimage\",\"url\":\"https:\/\/yoopies.lt\/c\/wp-content\/uploads\/sites\/12\/2024\/02\/60ba8a3612b7025102088aa4a478ecf2399be123-shutterstock-1058795099.jpg\",\"contentUrl\":\"https:\/\/yoopies.lt\/c\/wp-content\/uploads\/sites\/12\/2024\/02\/60ba8a3612b7025102088aa4a478ecf2399be123-shutterstock-1058795099.jpg\",\"width\":1200,\"height\":800},{\"@type\":\"BreadcrumbList\",\"@id\":\"https:\/\/yoopies.lt\/c\/informacija-auklems\/kaip-pasiruosti-aukles-darbui\/#breadcrumb\",\"itemListElement\":[{\"@type\":\"ListItem\",\"position\":1,\"name\":\"Home\",\"item\":\"https:\/\/yoopies.lt\/c\/\"},{\"@type\":\"ListItem\",\"position\":2,\"name\":\"Visa informacija ir patarimai aukl\u0117ms\",\"item\":\"https:\/\/yoopies.lt\/c\/informacija-auklems\/\"},{\"@type\":\"ListItem\",\"position\":3,\"name\":\"Kaip pasiruo\u0161ti aukl\u0117s darbui?\"}]},{\"@type\":\"WebSite\",\"@id\":\"https:\/\/yoopies.lt\/c\/#website\",\"url\":\"https:\/\/yoopies.lt\/c\/\",\"name\":\"Yoopies Lietuva Blog\",\"description\":\"\",\"publisher\":{\"@id\":\"https:\/\/yoopies.lt\/c\/#organization\"},\"potentialAction\":[{\"@type\":\"SearchAction\",\"target\":{\"@type\":\"EntryPoint\",\"urlTemplate\":\"https:\/\/yoopies.lt\/c\/?s={search_term_string}\"},\"query-input\":{\"@type\":\"PropertyValueSpecification\",\"valueRequired\":true,\"valueName\":\"search_term_string\"}}],\"inLanguage\":\"lt-LT\"},{\"@type\":\"Organization\",\"@id\":\"https:\/\/yoopies.lt\/c\/#organization\",\"name\":\"Yoopies Lietuva Blog\",\"url\":\"https:\/\/yoopies.lt\/c\/\",\"logo\":{\"@type\":\"ImageObject\",\"inLanguage\":\"lt-LT\",\"@id\":\"https:\/\/yoopies.lt\/c\/#\/schema\/logo\/image\/\",\"url\":\"https:\/\/yoopies.lt\/c\/wp-content\/uploads\/sites\/12\/2025\/05\/cropped-Logo_Yoopies-2.png\",\"contentUrl\":\"https:\/\/yoopies.lt\/c\/wp-content\/uploads\/sites\/12\/2025\/05\/cropped-Logo_Yoopies-2.png\",\"width\":512,\"height\":512,\"caption\":\"Yoopies Lietuva Blog\"},\"image\":{\"@id\":\"https:\/\/yoopies.lt\/c\/#\/schema\/logo\/image\/\"}}]}<\/script>\n<!-- \/ Yoast SEO plugin. -->","yoast_head_json":{"title":"Aukl\u0117s atmintin\u0117: kaip pasiruo\u0161ti susitikimui su \u0161eima ir vaiku(-ais)","description":"Nuo vaiko miego ir valgymo \u012fpro\u010di\u0173, \u017eaidim\u0173 iki aukl\u0117s \u012fkaini\u0173 bei mok\u0117jim\u0173... su\u017einok visk\u0105, kad pasiruo\u0161tum vaik\u0173 prie\u017ei\u016brai!","robots":{"index":"index","follow":"follow","max-snippet":"max-snippet:-1","max-image-preview":"max-image-preview:large","max-video-preview":"max-video-preview:-1"},"canonical":"https:\/\/yoopies.lt\/c\/informacija-auklems\/kaip-pasiruosti-aukles-darbui\/","og_locale":"lt_LT","og_type":"article","og_title":"Aukl\u0117s atmintin\u0117: kaip pasiruo\u0161ti susitikimui su \u0161eima ir vaiku(-ais)","og_description":"Nuo vaiko miego ir valgymo \u012fpro\u010di\u0173, \u017eaidim\u0173 iki aukl\u0117s \u012fkaini\u0173 bei mok\u0117jim\u0173... su\u017einok visk\u0105, kad pasiruo\u0161tum vaik\u0173 prie\u017ei\u016brai!","og_url":"https:\/\/yoopies.lt\/c\/informacija-auklems\/kaip-pasiruosti-aukles-darbui\/","og_site_name":"Yoopies Lietuva Blog","article_modified_time":"2025-06-12T08:48:25+00:00","og_image":[{"width":1200,"height":800,"url":"https:\/\/yoopies.lt\/c\/wp-content\/uploads\/sites\/12\/2024\/02\/60ba8a3612b7025102088aa4a478ecf2399be123-shutterstock-1058795099.jpg","type":"image\/jpeg"}],"twitter_card":"summary_large_image","twitter_misc":{"Est. reading time":"5 minut\u0117s"},"schema":{"@context":"https:\/\/schema.org","@graph":[{"@type":"WebPage","@id":"https:\/\/yoopies.lt\/c\/informacija-auklems\/kaip-pasiruosti-aukles-darbui\/","url":"https:\/\/yoopies.lt\/c\/informacija-auklems\/kaip-pasiruosti-aukles-darbui\/","name":"Aukl\u0117s atmintin\u0117: kaip pasiruo\u0161ti susitikimui su \u0161eima ir vaiku(-ais)","isPartOf":{"@id":"https:\/\/yoopies.lt\/c\/#website"},"primaryImageOfPage":{"@id":"https:\/\/yoopies.lt\/c\/informacija-auklems\/kaip-pasiruosti-aukles-darbui\/#primaryimage"},"image":{"@id":"https:\/\/yoopies.lt\/c\/informacija-auklems\/kaip-pasiruosti-aukles-darbui\/#primaryimage"},"thumbnailUrl":"https:\/\/yoopies.lt\/c\/wp-content\/uploads\/sites\/12\/2024\/02\/60ba8a3612b7025102088aa4a478ecf2399be123-shutterstock-1058795099.jpg","datePublished":"2024-02-15T15:01:19+00:00","dateModified":"2025-06-12T08:48:25+00:00","description":"Nuo vaiko miego ir valgymo \u012fpro\u010di\u0173, \u017eaidim\u0173 iki aukl\u0117s \u012fkaini\u0173 bei mok\u0117jim\u0173... su\u017einok visk\u0105, kad pasiruo\u0161tum vaik\u0173 prie\u017ei\u016brai!","breadcrumb":{"@id":"https:\/\/yoopies.lt\/c\/informacija-auklems\/kaip-pasiruosti-aukles-darbui\/#breadcrumb"},"inLanguage":"lt-LT","potentialAction":[{"@type":"ReadAction","target":["https:\/\/yoopies.lt\/c\/informacija-auklems\/kaip-pasiruosti-aukles-darbui\/"]}]},{"@type":"ImageObject","inLanguage":"lt-LT","@id":"https:\/\/yoopies.lt\/c\/informacija-auklems\/kaip-pasiruosti-aukles-darbui\/#primaryimage","url":"https:\/\/yoopies.lt\/c\/wp-content\/uploads\/sites\/12\/2024\/02\/60ba8a3612b7025102088aa4a478ecf2399be123-shutterstock-1058795099.jpg","contentUrl":"https:\/\/yoopies.lt\/c\/wp-content\/uploads\/sites\/12\/2024\/02\/60ba8a3612b7025102088aa4a478ecf2399be123-shutterstock-1058795099.jpg","width":1200,"height":800},{"@type":"BreadcrumbList","@id":"https:\/\/yoopies.lt\/c\/informacija-auklems\/kaip-pasiruosti-aukles-darbui\/#breadcrumb","itemListElement":[{"@type":"ListItem","position":1,"name":"Home","item":"https:\/\/yoopies.lt\/c\/"},{"@type":"ListItem","position":2,"name":"Visa informacija ir patarimai aukl\u0117ms","item":"https:\/\/yoopies.lt\/c\/informacija-auklems\/"},{"@type":"ListItem","position":3,"name":"Kaip pasiruo\u0161ti aukl\u0117s darbui?"}]},{"@type":"WebSite","@id":"https:\/\/yoopies.lt\/c\/#website","url":"https:\/\/yoopies.lt\/c\/","name":"Yoopies Lietuva Blog","description":"","publisher":{"@id":"https:\/\/yoopies.lt\/c\/#organization"},"potentialAction":[{"@type":"SearchAction","target":{"@type":"EntryPoint","urlTemplate":"https:\/\/yoopies.lt\/c\/?s={search_term_string}"},"query-input":{"@type":"PropertyValueSpecification","valueRequired":true,"valueName":"search_term_string"}}],"inLanguage":"lt-LT"},{"@type":"Organization","@id":"https:\/\/yoopies.lt\/c\/#organization","name":"Yoopies Lietuva Blog","url":"https:\/\/yoopies.lt\/c\/","logo":{"@type":"ImageObject","inLanguage":"lt-LT","@id":"https:\/\/yoopies.lt\/c\/#\/schema\/logo\/image\/","url":"https:\/\/yoopies.lt\/c\/wp-content\/uploads\/sites\/12\/2025\/05\/cropped-Logo_Yoopies-2.png","contentUrl":"https:\/\/yoopies.lt\/c\/wp-content\/uploads\/sites\/12\/2025\/05\/cropped-Logo_Yoopies-2.png","width":512,"height":512,"caption":"Yoopies Lietuva Blog"},"image":{"@id":"https:\/\/yoopies.lt\/c\/#\/schema\/logo\/image\/"}}]}},"_links":{"self":[{"href":"https:\/\/yoopies.lt\/c\/wp-json\/wp\/v2\/pages\/163","targetHints":{"allow":["GET"]}}],"collection":[{"href":"https:\/\/yoopies.lt\/c\/wp-json\/wp\/v2\/pages"}],"about":[{"href":"https:\/\/yoopies.lt\/c\/wp-json\/wp\/v2\/types\/page"}],"author":[{"embeddable":true,"href":"https:\/\/yoopies.lt\/c\/wp-json\/wp\/v2\/users\/10"}],"replies":[{"embeddable":true,"href":"https:\/\/yoopies.lt\/c\/wp-json\/wp\/v2\/comments?post=163"}],"version-history":[{"count":1,"href":"https:\/\/yoopies.lt\/c\/wp-json\/wp\/v2\/pages\/163\/revisions"}],"predecessor-version":[{"id":166,"href":"https:\/\/yoopies.lt\/c\/wp-json\/wp\/v2\/pages\/163\/revisions\/166"}],"up":[{"embeddable":true,"href":"https:\/\/yoopies.lt\/c\/wp-json\/wp\/v2\/pages\/86"}],"wp:featuredmedia":[{"embeddable":true,"href":"https:\/\/yoopies.lt\/c\/wp-json\/wp\/v2\/media\/165"}],"wp:attachment":[{"href":"https:\/\/yoopies.lt\/c\/wp-json\/wp\/v2\/media?parent=163"}],"curies":[{"name":"wp","href":"https:\/\/api.w.org\/{rel}","templated":true}]}}