{"id":167,"date":"2024-02-15T14:59:38","date_gmt":"2024-02-15T14:59:38","guid":{"rendered":"https:\/\/blog.yoopies.lt\/informacija-auklems\/sutartis\/"},"modified":"2025-06-12T08:48:25","modified_gmt":"2025-06-12T08:48:25","slug":"sutartis","status":"publish","type":"page","link":"https:\/\/yoopies.lt\/c\/informacija-auklems\/sutartis\/","title":{"rendered":"Sutartis u\u017e aukl\u0117s paslaugas: k\u0105 svarbu \u017einoti aukl\u0117ms"},"content":{"rendered":"<p><p>Da\u017enai aukl\u0117ms atrodo, kad sutarties sudarymas n\u0117ra reikalingas, ta\u010diau daugelio aukli\u0173 patirtis rodo kitaip. &Scaron;iame straipsnyje gal\u0117site atsis\u0173sti sutarties pavyzd\u012f bei aptarsime svarbiausius sutarties sudarymo privalumus.<\/p>\n<\/p>\n<p><h3>Prie\u017eastys, kod\u0117l reik\u0117t\u0173 pasira&scaron;yti paslaug\u0173 suteikimo sutart\u012f?<\/h3>\n<ol>\n<li><strong>Sutarimas d\u0117l s\u0105lyg\u0173. <\/strong>Da\u017enai &scaron;eimos ir aukl\u0117s neaptaria vis\u0173 atsakomybi\u0173 prie&scaron; pradedant dirbti. Pasir\u016bpinkite, jog darbo s\u0105lygos ir atsakomyb\u0117s jums yra ai&scaron;kiai suprantamos. I&scaron;siai&scaron;kinkite, ar &scaron;eima nor\u0117s, jog atliktum\u0117t papildomas u\u017eduotis, kaip nam\u0173 tvarkymas, maisto gaminimas ar kt. Tai pad\u0117s jums \u012fsivertinti, ar j\u016bs\u0173 sutariamas \u012fkainis atitinka &scaron;eimos reikalavimus. Sutarties pagalba gal\u0117site \u012fforminti visus sutarimus, kad abiems pus\u0117s paskui nekilt\u0173 klausim\u0173. \u017dodinis sutarimas grind\u017eiamas pasitik\u0117jimu, ta\u010diau ai&scaron;kus u\u017eduo\u010di\u0173 apra&scaron;ymas sutartyje tikrai jums pad\u0117s i&scaron;vengti nesusipratim\u0173 ateityje.<\/li>\n<li><strong>Atlyginimas.  <\/strong>Sutarties pagalba i&scaron;vengsite galimyb\u0117s, jog su jumis neatsiskaitys. Nurodykite atlyginimo sum\u0105, ar tai b\u016bt\u0173 valandinis atlyginimas ar fiksuotas bei darbo valandas ir b\u016bkite ram\u016bs, jog su jums bus atsiskaityta.<\/li>\n<li><strong>Saugumas. <\/strong>Daugeliui aspekt\u0173 sutartis jums ir &scaron;eimai suteiks saugum\u0105. Abiems pus\u0117s bus ai&scaron;k\u016bs sutarimai bei nekils problem\u0173, jog viena ar kita pus\u0117 suprato kitaip.<\/li>\n<\/ol>\n<p><h3>Sutarties pavyzdys<\/h3>\n<\/p>\n<p>Norime su jumis pasidalinti sutarties pavyzd\u017ei\u0173, kur\u012f galite pritaikyti pagal savo poreikius. Raudonai pa\u017eym\u0117tas teksto dalis pakeiskite pagal savo poreikius, nurodant tiek savo, tiek &scaron;eimos duomenis bei sutartas s\u0105lygas, kaip atlyginimas, darbo laikas ar atsakomyb\u0117s.<\/p>\n<p>Sutarties pavyzd\u012f galite atsi\u0173sti <a href=\"https:\/\/yoopies-cms.cdn.prismic.io\/yoopies-cms\/8e1dc723-b644-4066-ad26-03c353d105c8_paslaugu-teikimo-sutartis-aukle.doc\">\u010dia<\/a>.<\/p>\n<\/p>\n<p><h3>Aukl\u0117s paslaugos pagal individuali\u0105 veikl\u0105<\/h3>\n<\/p>\n<p>Aukl\u0117s, suteikian\u010dios paslaugas pagal individualios veiklos pa\u017eym\u0105, susilaukia nema\u017eai privalum\u0173, pradedant nuo legalaus darbo bei saugumo iki kit\u0173 privalum\u0173, kaip sveikatos apsauga, pensija ir kt. Jeigu norite rasti daugiau informacijos apie individuali\u0105 veikl\u0105 pagal pa\u017eym\u0105, suteikiant aukl\u0117s paslaugas, spauskite <a href=\"https:\/\/yoopies.lt\/c\/informacija-auklems\/individuali-veikla-pagal-pazyma\">\u010dia<\/a>.<\/p>\n<\/p>\n<p>Norite daugiau su\u017einoti apie aukl\u0117s darb\u0105? Daugiau informacijos nuo ko prad\u0117ti, kaip pasiruo&scaron;ti ir \u012fsidarbinti aukle skaitykite <a href=\"https:\/\/yoopies.lt\/c\/informacija-auklems\/ieskau-aukles-darbo\">\u010dia<\/a>.<\/p>\n<\/p>\n<figure><img decoding=\"async\" src=\"https:\/\/yoopies.lt\/c\/wp-content\/uploads\/sites\/12\/2024\/02\/c5ee55c6-da6e-4d8a-aaee-d6a950388eba-shutterstock-272956238-1.jpg\" \/><\/figure>\n","protected":false},"excerpt":{"rendered":"<p>Da\u017enai aukl\u0117ms atrodo, kad sutarties sudarymas n\u0117ra reikalingas, ta\u010diau daugelio aukli\u0173 patirtis rodo kitaip. &Scaron;iame &hellip; <\/p>\n","protected":false},"author":10,"featured_media":169,"parent":86,"menu_order":0,"comment_status":"closed","ping_status":"closed","template":"","meta":{"_acf_changed":false,"footnotes":""},"class_list":["post-167","page","type-page","status-publish","has-post-thumbnail","hentry"],"acf":[],"yoast_head":"<!-- This site is optimized with the Yoast SEO plugin v26.9 - https:\/\/yoast.com\/product\/yoast-seo-wordpress\/ -->\n<title>Sutartis u\u017e suteikiamas aukl\u0117s paslaugas - aukl\u0117ms<\/title>\n<meta name=\"description\" content=\"Nepamir\u0161kite pasira\u0161yti sutarties prie\u0161 pradedant dirbti aukle. Sutarties pasira\u0161ymas su \u0161eima - tai j\u016bs\u0173 garantija i\u0161kilus nesusipratimams. Sutarties pavyzdys.\" \/>\n<meta name=\"robots\" content=\"index, follow, max-snippet:-1, max-image-preview:large, max-video-preview:-1\" \/>\n<link rel=\"canonical\" href=\"https:\/\/yoopies.lt\/c\/informacija-auklems\/sutartis\/\" \/>\n<meta property=\"og:locale\" content=\"lt_LT\" \/>\n<meta property=\"og:type\" content=\"article\" \/>\n<meta property=\"og:title\" content=\"Sutartis u\u017e suteikiamas aukl\u0117s paslaugas - aukl\u0117ms\" \/>\n<meta property=\"og:description\" content=\"Nepamir\u0161kite pasira\u0161yti sutarties prie\u0161 pradedant dirbti aukle. Sutarties pasira\u0161ymas su \u0161eima - tai j\u016bs\u0173 garantija i\u0161kilus nesusipratimams. Sutarties pavyzdys.\" \/>\n<meta property=\"og:url\" content=\"https:\/\/yoopies.lt\/c\/informacija-auklems\/sutartis\/\" \/>\n<meta property=\"og:site_name\" content=\"Yoopies Lietuva Blog\" \/>\n<meta property=\"article:modified_time\" content=\"2025-06-12T08:48:25+00:00\" \/>\n<meta property=\"og:image\" content=\"https:\/\/yoopies.lt\/c\/wp-content\/uploads\/sites\/12\/2024\/02\/c5ee55c6-da6e-4d8a-aaee-d6a950388eba-shutterstock-272956238-2.jpg\" \/>\n\t<meta property=\"og:image:width\" content=\"1200\" \/>\n\t<meta property=\"og:image:height\" content=\"800\" \/>\n\t<meta property=\"og:image:type\" content=\"image\/jpeg\" \/>\n<meta name=\"twitter:card\" content=\"summary_large_image\" \/>\n<meta name=\"twitter:label1\" content=\"Est. reading time\" \/>\n\t<meta name=\"twitter:data1\" content=\"2 minut\u0117s\" \/>\n<script type=\"application\/ld+json\" class=\"yoast-schema-graph\">{\"@context\":\"https:\/\/schema.org\",\"@graph\":[{\"@type\":\"WebPage\",\"@id\":\"https:\/\/yoopies.lt\/c\/informacija-auklems\/sutartis\/\",\"url\":\"https:\/\/yoopies.lt\/c\/informacija-auklems\/sutartis\/\",\"name\":\"Sutartis u\u017e suteikiamas aukl\u0117s paslaugas - aukl\u0117ms\",\"isPartOf\":{\"@id\":\"https:\/\/yoopies.lt\/c\/#website\"},\"primaryImageOfPage\":{\"@id\":\"https:\/\/yoopies.lt\/c\/informacija-auklems\/sutartis\/#primaryimage\"},\"image\":{\"@id\":\"https:\/\/yoopies.lt\/c\/informacija-auklems\/sutartis\/#primaryimage\"},\"thumbnailUrl\":\"https:\/\/yoopies.lt\/c\/wp-content\/uploads\/sites\/12\/2024\/02\/c5ee55c6-da6e-4d8a-aaee-d6a950388eba-shutterstock-272956238-2.jpg\",\"datePublished\":\"2024-02-15T14:59:38+00:00\",\"dateModified\":\"2025-06-12T08:48:25+00:00\",\"description\":\"Nepamir\u0161kite pasira\u0161yti sutarties prie\u0161 pradedant dirbti aukle. Sutarties pasira\u0161ymas su \u0161eima - tai j\u016bs\u0173 garantija i\u0161kilus nesusipratimams. Sutarties pavyzdys.\",\"breadcrumb\":{\"@id\":\"https:\/\/yoopies.lt\/c\/informacija-auklems\/sutartis\/#breadcrumb\"},\"inLanguage\":\"lt-LT\",\"potentialAction\":[{\"@type\":\"ReadAction\",\"target\":[\"https:\/\/yoopies.lt\/c\/informacija-auklems\/sutartis\/\"]}]},{\"@type\":\"ImageObject\",\"inLanguage\":\"lt-LT\",\"@id\":\"https:\/\/yoopies.lt\/c\/informacija-auklems\/sutartis\/#primaryimage\",\"url\":\"https:\/\/yoopies.lt\/c\/wp-content\/uploads\/sites\/12\/2024\/02\/c5ee55c6-da6e-4d8a-aaee-d6a950388eba-shutterstock-272956238-2.jpg\",\"contentUrl\":\"https:\/\/yoopies.lt\/c\/wp-content\/uploads\/sites\/12\/2024\/02\/c5ee55c6-da6e-4d8a-aaee-d6a950388eba-shutterstock-272956238-2.jpg\",\"width\":1200,\"height\":800},{\"@type\":\"BreadcrumbList\",\"@id\":\"https:\/\/yoopies.lt\/c\/informacija-auklems\/sutartis\/#breadcrumb\",\"itemListElement\":[{\"@type\":\"ListItem\",\"position\":1,\"name\":\"Home\",\"item\":\"https:\/\/yoopies.lt\/c\/\"},{\"@type\":\"ListItem\",\"position\":2,\"name\":\"Visa informacija ir patarimai aukl\u0117ms\",\"item\":\"https:\/\/yoopies.lt\/c\/informacija-auklems\/\"},{\"@type\":\"ListItem\",\"position\":3,\"name\":\"Sutartis u\u017e aukl\u0117s paslaugas: k\u0105 svarbu \u017einoti aukl\u0117ms\"}]},{\"@type\":\"WebSite\",\"@id\":\"https:\/\/yoopies.lt\/c\/#website\",\"url\":\"https:\/\/yoopies.lt\/c\/\",\"name\":\"Yoopies Lietuva Blog\",\"description\":\"\",\"publisher\":{\"@id\":\"https:\/\/yoopies.lt\/c\/#organization\"},\"potentialAction\":[{\"@type\":\"SearchAction\",\"target\":{\"@type\":\"EntryPoint\",\"urlTemplate\":\"https:\/\/yoopies.lt\/c\/?s={search_term_string}\"},\"query-input\":{\"@type\":\"PropertyValueSpecification\",\"valueRequired\":true,\"valueName\":\"search_term_string\"}}],\"inLanguage\":\"lt-LT\"},{\"@type\":\"Organization\",\"@id\":\"https:\/\/yoopies.lt\/c\/#organization\",\"name\":\"Yoopies Lietuva Blog\",\"url\":\"https:\/\/yoopies.lt\/c\/\",\"logo\":{\"@type\":\"ImageObject\",\"inLanguage\":\"lt-LT\",\"@id\":\"https:\/\/yoopies.lt\/c\/#\/schema\/logo\/image\/\",\"url\":\"https:\/\/yoopies.lt\/c\/wp-content\/uploads\/sites\/12\/2025\/05\/cropped-Logo_Yoopies-2.png\",\"contentUrl\":\"https:\/\/yoopies.lt\/c\/wp-content\/uploads\/sites\/12\/2025\/05\/cropped-Logo_Yoopies-2.png\",\"width\":512,\"height\":512,\"caption\":\"Yoopies Lietuva Blog\"},\"image\":{\"@id\":\"https:\/\/yoopies.lt\/c\/#\/schema\/logo\/image\/\"}}]}<\/script>\n<!-- \/ Yoast SEO plugin. -->","yoast_head_json":{"title":"Sutartis u\u017e suteikiamas aukl\u0117s paslaugas - aukl\u0117ms","description":"Nepamir\u0161kite pasira\u0161yti sutarties prie\u0161 pradedant dirbti aukle. Sutarties pasira\u0161ymas su \u0161eima - tai j\u016bs\u0173 garantija i\u0161kilus nesusipratimams. Sutarties pavyzdys.","robots":{"index":"index","follow":"follow","max-snippet":"max-snippet:-1","max-image-preview":"max-image-preview:large","max-video-preview":"max-video-preview:-1"},"canonical":"https:\/\/yoopies.lt\/c\/informacija-auklems\/sutartis\/","og_locale":"lt_LT","og_type":"article","og_title":"Sutartis u\u017e suteikiamas aukl\u0117s paslaugas - aukl\u0117ms","og_description":"Nepamir\u0161kite pasira\u0161yti sutarties prie\u0161 pradedant dirbti aukle. Sutarties pasira\u0161ymas su \u0161eima - tai j\u016bs\u0173 garantija i\u0161kilus nesusipratimams. Sutarties pavyzdys.","og_url":"https:\/\/yoopies.lt\/c\/informacija-auklems\/sutartis\/","og_site_name":"Yoopies Lietuva Blog","article_modified_time":"2025-06-12T08:48:25+00:00","og_image":[{"width":1200,"height":800,"url":"https:\/\/yoopies.lt\/c\/wp-content\/uploads\/sites\/12\/2024\/02\/c5ee55c6-da6e-4d8a-aaee-d6a950388eba-shutterstock-272956238-2.jpg","type":"image\/jpeg"}],"twitter_card":"summary_large_image","twitter_misc":{"Est. reading time":"2 minut\u0117s"},"schema":{"@context":"https:\/\/schema.org","@graph":[{"@type":"WebPage","@id":"https:\/\/yoopies.lt\/c\/informacija-auklems\/sutartis\/","url":"https:\/\/yoopies.lt\/c\/informacija-auklems\/sutartis\/","name":"Sutartis u\u017e suteikiamas aukl\u0117s paslaugas - aukl\u0117ms","isPartOf":{"@id":"https:\/\/yoopies.lt\/c\/#website"},"primaryImageOfPage":{"@id":"https:\/\/yoopies.lt\/c\/informacija-auklems\/sutartis\/#primaryimage"},"image":{"@id":"https:\/\/yoopies.lt\/c\/informacija-auklems\/sutartis\/#primaryimage"},"thumbnailUrl":"https:\/\/yoopies.lt\/c\/wp-content\/uploads\/sites\/12\/2024\/02\/c5ee55c6-da6e-4d8a-aaee-d6a950388eba-shutterstock-272956238-2.jpg","datePublished":"2024-02-15T14:59:38+00:00","dateModified":"2025-06-12T08:48:25+00:00","description":"Nepamir\u0161kite pasira\u0161yti sutarties prie\u0161 pradedant dirbti aukle. Sutarties pasira\u0161ymas su \u0161eima - tai j\u016bs\u0173 garantija i\u0161kilus nesusipratimams. Sutarties pavyzdys.","breadcrumb":{"@id":"https:\/\/yoopies.lt\/c\/informacija-auklems\/sutartis\/#breadcrumb"},"inLanguage":"lt-LT","potentialAction":[{"@type":"ReadAction","target":["https:\/\/yoopies.lt\/c\/informacija-auklems\/sutartis\/"]}]},{"@type":"ImageObject","inLanguage":"lt-LT","@id":"https:\/\/yoopies.lt\/c\/informacija-auklems\/sutartis\/#primaryimage","url":"https:\/\/yoopies.lt\/c\/wp-content\/uploads\/sites\/12\/2024\/02\/c5ee55c6-da6e-4d8a-aaee-d6a950388eba-shutterstock-272956238-2.jpg","contentUrl":"https:\/\/yoopies.lt\/c\/wp-content\/uploads\/sites\/12\/2024\/02\/c5ee55c6-da6e-4d8a-aaee-d6a950388eba-shutterstock-272956238-2.jpg","width":1200,"height":800},{"@type":"BreadcrumbList","@id":"https:\/\/yoopies.lt\/c\/informacija-auklems\/sutartis\/#breadcrumb","itemListElement":[{"@type":"ListItem","position":1,"name":"Home","item":"https:\/\/yoopies.lt\/c\/"},{"@type":"ListItem","position":2,"name":"Visa informacija ir patarimai aukl\u0117ms","item":"https:\/\/yoopies.lt\/c\/informacija-auklems\/"},{"@type":"ListItem","position":3,"name":"Sutartis u\u017e aukl\u0117s paslaugas: k\u0105 svarbu \u017einoti aukl\u0117ms"}]},{"@type":"WebSite","@id":"https:\/\/yoopies.lt\/c\/#website","url":"https:\/\/yoopies.lt\/c\/","name":"Yoopies Lietuva Blog","description":"","publisher":{"@id":"https:\/\/yoopies.lt\/c\/#organization"},"potentialAction":[{"@type":"SearchAction","target":{"@type":"EntryPoint","urlTemplate":"https:\/\/yoopies.lt\/c\/?s={search_term_string}"},"query-input":{"@type":"PropertyValueSpecification","valueRequired":true,"valueName":"search_term_string"}}],"inLanguage":"lt-LT"},{"@type":"Organization","@id":"https:\/\/yoopies.lt\/c\/#organization","name":"Yoopies Lietuva Blog","url":"https:\/\/yoopies.lt\/c\/","logo":{"@type":"ImageObject","inLanguage":"lt-LT","@id":"https:\/\/yoopies.lt\/c\/#\/schema\/logo\/image\/","url":"https:\/\/yoopies.lt\/c\/wp-content\/uploads\/sites\/12\/2025\/05\/cropped-Logo_Yoopies-2.png","contentUrl":"https:\/\/yoopies.lt\/c\/wp-content\/uploads\/sites\/12\/2025\/05\/cropped-Logo_Yoopies-2.png","width":512,"height":512,"caption":"Yoopies Lietuva Blog"},"image":{"@id":"https:\/\/yoopies.lt\/c\/#\/schema\/logo\/image\/"}}]}},"_links":{"self":[{"href":"https:\/\/yoopies.lt\/c\/wp-json\/wp\/v2\/pages\/167","targetHints":{"allow":["GET"]}}],"collection":[{"href":"https:\/\/yoopies.lt\/c\/wp-json\/wp\/v2\/pages"}],"about":[{"href":"https:\/\/yoopies.lt\/c\/wp-json\/wp\/v2\/types\/page"}],"author":[{"embeddable":true,"href":"https:\/\/yoopies.lt\/c\/wp-json\/wp\/v2\/users\/10"}],"replies":[{"embeddable":true,"href":"https:\/\/yoopies.lt\/c\/wp-json\/wp\/v2\/comments?post=167"}],"version-history":[{"count":1,"href":"https:\/\/yoopies.lt\/c\/wp-json\/wp\/v2\/pages\/167\/revisions"}],"predecessor-version":[{"id":170,"href":"https:\/\/yoopies.lt\/c\/wp-json\/wp\/v2\/pages\/167\/revisions\/170"}],"up":[{"embeddable":true,"href":"https:\/\/yoopies.lt\/c\/wp-json\/wp\/v2\/pages\/86"}],"wp:featuredmedia":[{"embeddable":true,"href":"https:\/\/yoopies.lt\/c\/wp-json\/wp\/v2\/media\/169"}],"wp:attachment":[{"href":"https:\/\/yoopies.lt\/c\/wp-json\/wp\/v2\/media?parent=167"}],"curies":[{"name":"wp","href":"https:\/\/api.w.org\/{rel}","templated":true}]}}