{"id":171,"date":"2024-02-15T15:00:43","date_gmt":"2024-02-15T15:00:43","guid":{"rendered":"https:\/\/blog.yoopies.lt\/informacija-auklems\/8-patarimai-sekmingai-aukles-darbo-pradziai\/"},"modified":"2025-06-12T08:48:25","modified_gmt":"2025-06-12T08:48:25","slug":"8-patarimai-sekmingai-aukles-darbo-pradziai","status":"publish","type":"page","link":"https:\/\/yoopies.lt\/c\/informacija-auklems\/8-patarimai-sekmingai-aukles-darbo-pradziai\/","title":{"rendered":"8 patarimai s\u0117kmingai aukl\u0117s darbo prad\u017eiai"},"content":{"rendered":"<p><p>Nusprend\u0117te dirbti aukle? Svarstote, ar &scaron;is darbas tikrai jums? Nesvarbu ar tai b\u016bt\u0173 papildomas darbas studijuojant, trumpalaik\u0117 prie\u017ei\u016bra savaitgaliais, o gal esate pavargusi nuo \u012ftempto samdomo darbo ir jau\u010diate, kad pats metas pakeisti karjer\u0105 \u012f darb\u0105 aukle. Atrinkome 8 punktus, kuriuos vert\u0117t\u0173 apgalvoti nusprendus imtis aukl\u0117s darbo. <\/p>\n<p><strong>1.&nbsp;&nbsp;&nbsp;&nbsp;&nbsp;&nbsp; Patirtis.<\/strong> Kaip ir da\u017ename darbe, t\u0117vai pageidauja, kad aukl\u0117 tur\u0117t\u0173 patirt\u012f. O k\u0105 jeigu jos n\u0117ra? Pri\u017ei\u016br\u0117jote ma\u017eesnius brolius, seseris, pusbrolius ar pusseseres? Puiku &ndash; &nbsp;b\u016btinai pamin\u0117kite arba papra&scaron;ykite para&scaron;yti rekomendacij\u0105, kad ir i&scaron; giminai\u010di\u0173. J\u0105 gal\u0117site \u012fkelti savo <a target=\"_blank\" rel=\"noopener\" href=\"https:\/\/www.yoopies.lt\/ieskau-aukles-darbo\">yoopies.lt<\/a> paskyr\u0105. U\u017eauginote savo vaikus? Nuostabu! Gyvenimi&scaron;ka patirtis pati geriausia mokykla, kurioje ne vien sausa teorija, bet ir visa amplitud\u0117 patir\u010di\u0173, praversian\u010di\u0173 dirbant su vaikais. Neturint patirties lemiamas veiksnys gali tapti stipri motyvacija. Tikrai &scaron;eima paklaus j\u016bs\u0173, kod\u0117l norite dirbti aukle. Apgalvokite savo atsakym\u0105. <\/p>\n<p><strong>2.&nbsp;&nbsp;&nbsp;&nbsp;&nbsp;&nbsp; I&scaron;silavinimas.<\/strong> Tiesa, kad aukl\u0117s su pedagoginiu i&scaron;silavinimu sulaukia daugiau pasi\u016blym\u0173. Ta\u010diau, jei jo neturite yra galyb\u0117 kit\u0173 b\u016bd\u0173 gauti reikiam\u0173 \u017eini\u0173. Vienas i&scaron; j\u0173 aukli\u0173 kursai &ndash; puikus b\u016bdas gauti strukt\u016brizuotas vaik\u0173 prie\u017ei\u016bros gaires.<\/p>\n<p>Pirmosios pagalbos kursai &#8211; naudingi tiek jums, tiek vaikui, tiek t\u0117vams. Jei vaikas u\u017espringo, nusidegino, nusivert\u0117 nuo k\u0117d\u0117s &#8211; tur\u0117site \u017eini\u0173 k\u0105 daryti. T\u0117vai jausis ramiau, \u017einodami, kad nepasimesite i&scaron;tikus nelaimei. Pirmosios pagalbos kursai vyksta ir nuotoliniu b\u016bd\u0173, tad tikrai verta investicija \u012f j\u016bs\u0173 pasitik\u0117jim\u0105 ir \u017einias dirbant su vaikais. <\/p>\n<p>Mokymasis rodo \u017emogaus nor\u0105 tobul\u0117ti. Manote, kokio \u010dia mokslo reikia pa\u017eaisti ir pasir\u016bpinti vaiku, jei nesiruo&scaron;iate b\u016bti dar\u017eelio aukl\u0117toja ar mokytoja? &Scaron;ioje srityje kaip ir visur informacija ir rekomendacijos atsinaujina gan\u0117tinai da\u017enai. Kas tiko prie&scaron; 30 met\u0173, neb\u016btinai tiks &scaron;iuolaikiniams t\u0117vams.<\/p>\n<p>Knygos, straipsniai, literat\u016bra &#8211; rinktis tikrai yra i&scaron; ko. Gali atrodyti, kad jos aktualesn\u0117s t\u0117vams, ta\u010diau perskai\u010dius bent kelis &scaron;altinius tur\u0117site platesn\u012f ir gilesn\u012f supratim\u0105 apie \u017emogaus augimo ir vystymosi etapus. Ar jums gird\u0117ti tokie terminai, kaip papildomo maitinimo gabaliukais metodas (Baby-led weaning), vaiko raidos etapai, lavinamosios veiklos, smulkioji motorika, Montessori ugdymo sistema, pirm\u0173j\u0173 7 vaiko met\u0173 svarba? Jei visa tai negird\u0117ta, bus puiki proga pasidom\u0117ti prie&scaron; einant \u012f pokalb\u012f. <\/p>\n<p class=\"block-img\"><img decoding=\"async\" src=\"https:\/\/yoopies.lt\/c\/wp-content\/uploads\/sites\/12\/2024\/02\/644eebe4-b414-4c81-9231-d31d8f877de8_ieskauaukles.png\" alt=\"darbas\"><\/p>\n<p><strong>&nbsp;3.&nbsp;&nbsp;&nbsp;&nbsp;&nbsp;&nbsp; Komunikacija.<\/strong> Kuo daugiau klausin\u0117kite &scaron;eimos prie&scaron; pradedant dirbti aukle. Neapsiribokite vien maisto, miego klausimais ar k\u0105 veikas m\u0117gsta veikti. Koks jo migdymo b\u016bdas, ar nori s\u0117stis ant puoduko, ar nori b\u016bti savaranki&scaron;kas, o gal kaip tik reikia padr\u0105sinimo b\u016bti savaranki&scaron;ku. Ar nori b\u016bti myluojamas, o gal kaip tik nori i&scaron;laikyti atstum\u0105 prad\u017eioje? Kokia muzika patinka, o galb\u016bt visai smagu b\u016bt\u0173 paklausyti negird\u0117tos klasikin\u0117s muzikos, d\u017eiazo, o gal net rokenrolo? Ar namuose leid\u017eiama k\u016brybos laisv\u0117, o gal t\u0117vai kaip tik nori tvarkos ir reikalinga atidi prie\u017ei\u016bra, ma\u017eajam Picasso? Nepamir&scaron;kite po dienos, bent trumpai papasakoti t\u0117vams, kaip pra\u0117jo laikas kartu. T\u0117vams tikrai \u012fdomu, kas nutiko smagaus, su kokiais i&scaron;&scaron;\u016bkiais susid\u016br\u0117te ar kokias i&scaron;daigas i&scaron;kr\u0117t\u0117te. Gr\u012f\u017etamasis ry&scaron;ys labai svarbus abiems pus\u0117ms &ndash; bendraukite. <\/p>\n<p><strong>&nbsp;4.&nbsp;&nbsp;&nbsp;&nbsp;&nbsp;&nbsp; Pasiruo&scaron;imas<\/strong>. Kaip ir prie&scaron; kiekvien\u0105 darb\u0105, taip ir \u010dia reik\u0117s skirti laiko pasiruo&scaron;imui. Skirkite bent pusvaland\u012f apgalvojimui, k\u0105 nuveiksite su vaiku per dien\u0105. U\u017eduot\u012f palengvint\u0173 temos pasirinkimas, galb\u016bt art\u0117ja &scaron;vent\u0117s, kokia ypatinga proga, diena, kaip kad gyv\u016bn\u0173, te\u010dio, mamos diena. Ta tema galima ir veikl\u0173 susigalvoti. Pana&scaron;ykite internete nesud\u0117ting\u0173 darbeli\u0173 i&scaron; gamtoje ar tiesiog buityje randam\u0173 med\u017eiag\u0173. Jei t\u0117vai neprie&scaron;tarauja vaikui \u017ei\u016br\u0117ti televizori\u0173, pasidom\u0117kite, k\u0105 t\u0117vai nor\u0117t\u0173, kad vaikas matyt\u0173. Galite patys paie&scaron;koti edukacini\u0173 program\u0173 vaikams, dain\u0173 u\u017esienio kalba, pir&scaron;tuk\u0173 \u017eaidim\u0173. \u017daidimams su vaikais id\u0117j\u0173 galite rasti taip par ir <a href=\"https:\/\/yoopies.lt\/c\/informacija-auklems\/zaidimai-su-vaikais\">\u010dia<\/a>.&nbsp;Numatyti kelis \u017eingsnius \u012f priek\u012f labai gera savyb\u0117 dirbant su vaikais. Planas B, C ar net D, palengvins kylan\u010dius i&scaron;&scaron;\u016bkius. Taip pat nepamir&scaron;kite <a href=\"https:\/\/yoopies.lt\/c\/informacija-auklems\/kaip-pasiruosti-aukles-darbui\">pasiruo&scaron;ti susitikimui su &scaron;eima<\/a>, numatydami savo kelion\u0119, \u012fkainius ir kt.<\/p>\n<p class=\"block-img\"><img decoding=\"async\" src=\"https:\/\/yoopies.lt\/c\/wp-content\/uploads\/sites\/12\/2024\/02\/ab446ac5-101f-42fb-ae26-e40f0825df4e_auklesdarbas.png\" alt=\"aukle\"><\/p>\n<p><strong>5.&nbsp;&nbsp;&nbsp;&nbsp;&nbsp;&nbsp; Fizinis pasiruo&scaron;imas<\/strong>. Mes tikrai ne apie sporto klub\u0105 \ud83d\ude0a Vaikai m\u0117gsta b\u016bti ne&scaron;iojami, o kur dar &scaron;okiai kartu, ap\u017evalgos pro lang\u0105? K\u0117limo nei&scaron;vengsite, tad pagalvokite, ar gal\u0117site pakelti vaik\u0105, ar pavyks nuraminti ma\u017e\u0105j\u012f atrad\u0117j\u0105 pane&scaron;iojant. Da\u017enai t\u0117vai ie&scaron;ko aukli\u0173 ligos atveju, apsvarstykite ar nesate link\u0119 greitai pasigauti virus\u0173 ir patys. Tvarkinga ir tikrai patogi apranga. Did\u017ei\u0105j\u0105 laiko dal\u012f leisite ant \u017eem\u0117s \u017eaisdami, tad ypa\u010d svarbu patogi apranga, tokia, kurios nebus gaila, jei veikas nety\u010dia i&scaron;teps. Sezon\u0105 atitinkanti apranga &#8211; n\u0117ra blogo oro pasivaik&scaron;\u010diojimams, yra tik bloga apranga. B\u016bt\u0173 nemalonu jeigu jums tekt\u0173 gr\u012f\u017eti d\u0117l j\u016bs\u0173 &scaron;\u0105lan\u010di\u0173 koj\u0173 ar su&scaron;lapusi\u0173 pir&scaron;tini\u0173. <\/p>\n<p class=\"block-img\"><img decoding=\"async\" src=\"https:\/\/yoopies.lt\/c\/wp-content\/uploads\/sites\/12\/2024\/02\/4b661c93-7d35-4562-993a-97134e558108_auklesvilniuje.png\" alt=\"vaikas\"><\/p>\n<p><strong>&nbsp;6.&nbsp;&nbsp;&nbsp;&nbsp;&nbsp;&nbsp; Pagarba<\/strong>. Kiekviena &scaron;eima yra individuali ir gali nesutapti j\u016bs\u0173 ir jos po\u017ei\u016briai vienokiu ar kitokiu klausimu. &Scaron;ioje vietoje tai reikt\u0173 priimti, kaip darbo reikalavimus ir pirmoje vietoj yra &scaron;eimos taisykl\u0117s. Visgi, jei jus erzina vienoki ar kitoki reikalavimai, gal vert\u0117t\u0173 paie&scaron;koti kitos &scaron;eimos? <\/p>\n<p><strong>&nbsp;7.&nbsp;&nbsp;&nbsp;&nbsp;&nbsp;&nbsp; Lankstumas.<\/strong> Galite b\u016bti puikiai pasiruo&scaron;usi ir nusiteikusi nuotyki\u0173 pilnai dienai su ma\u017eyliu, bet gali nutikti ir taip, kad jam ne nuotaika ir jis nori &scaron;iandien \u017eaisti netrukdomas. Steb\u0117kite vaik\u0105, galb\u016bt t\u0105 dien\u0105 j\u016bs\u0173 u\u017eduotis bus tik b\u016bti steb\u0117toju. <\/p>\n<p><strong>&nbsp;8.&nbsp;&nbsp;&nbsp;&nbsp;&nbsp;&nbsp; Pastabumas.<\/strong> Jums jo tikrai labai prireiks. Teks naudotis visomis akimis, kiek tik j\u0173 turite \ud83d\ude0a &nbsp;Vaikai pilni fantazijos ir id\u0117j\u0173, net ne\u017einosi, kada jie k\u0105 sugalvos nuveikti. Daugelis \u017eino, kad tyla namuose rei&scaron;kia, kad ka\u017ekas vyksta \u012fdomaus\ud83d\ude0a Dirbant aukle su k\u016bdikiais teks atid\u017eiai \u012fsiklausyti ir bandyti suprasti, k\u0105 jo vienoks ar kitoks garsas, elgesys ar mimika rei&scaron;kia, kad teisingai atlieptum\u0117te poreikius. <\/p>\n<p class=\"block-img\"><img decoding=\"async\" src=\"https:\/\/yoopies.lt\/c\/wp-content\/uploads\/sites\/12\/2024\/02\/3d6ee3f4-0572-4b73-9fc7-cf83a86e8c61_aukleskaune.png\" alt=\"aukle\"><\/p>\n<p>Aukl\u0117s darbe labai daug meil\u0117s ir &scaron;ilt\u0173 akimirk\u0173, ta\u010diau kartu jame pilna ir i&scaron;&scaron;\u016bki\u0173. Tai darbas i&scaron; pa&scaron;aukimo, kurio pagrindinis reikalavimas &ndash; meil\u0117 vaikams. Vaikai gali b\u016bti linksmi ar pikti, i&scaron;dyk\u0119 ar suirz\u0119, paklusn\u016bs ir nevisai, tad kantryb\u0117s i&scaron; j\u016bs\u0173 pareikalaus. <\/p>\n<\/p>\n<p>Darbinat\u0117s aukle pirm\u0105 kart\u0105? Jums gali pagelb\u0117ti m\u016bs\u0173 straipsnis, <a href=\"https:\/\/yoopies.lt\/c\/informacija-auklems\/kaip-pasiruosti-aukles-darbui\">kaip pasiruo&scaron;ti pirmajam aukl\u0117s darbui<\/a>.<\/p>\n<p>&nbsp;<\/p>\n<p>O galb\u016bt visgi aukl\u0117s darbas ne jums? <a target=\"_blank\" rel=\"noopener\" href=\"https:\/\/www.yoopies.lt\">yoopies.lt<\/a> platformoje rasite ir kit\u0173 darbo pasi\u016blym\u0173.<\/p>\n<ul>\n<li>M\u0117gstate gilesnius pokalbius ir patinka r\u016bpintis senjorais?&ndash; <a target=\"_blank\" rel=\"noopener\" href=\"https:\/\/yoopies.lt\/slauges-darbas\">slaugos darbo pasi\u016blymai<\/a><\/li>\n<li>Negalite praeiti nepaglost\u0119s dar vieno &scaron;uniuko? &ndash; <a target=\"_blank\" rel=\"noopener\" href=\"https:\/\/yoopies.lt\/gyvunu-priziuretojo-darbas\">gyv\u016bn\u0173 prie\u017ei\u016bros darbo pasi\u016blymai<\/a><\/li>\n<li>Patinka tvarka ir &scaron;vara? &ndash; <a target=\"_blank\" rel=\"noopener\" href=\"https:\/\/yoopies.lt\/namu-tvarkytojos-darbas\">nam\u0173 tvarkymo darbo pasi\u016blymai<\/a><\/li>\n<li>Turite daug akademini\u0173 \u017eini\u0173? &ndash; <a target=\"_blank\" rel=\"noopener\" href=\"https:\/\/yoopies.lt\/korepetitoriaus-darbas\">korepetitoriaus darbo pasi\u016blymai<\/a><\/li>\n<\/ul>\n<p>Galb\u016bt esate studentas(-\u0117)? <a href=\"https:\/\/yoopies.lt\/c\/pranesimas-spaudai\/populiariausi-darbai-studentu-tarpe\">Per\u017ei\u016br\u0117kite populiariausius darbo pasi\u016blymus student\u0173 tarpe<\/a>.<\/p><\/p>\n","protected":false},"excerpt":{"rendered":"<p>Nusprend\u0117te dirbti aukle? Svarstote, ar &scaron;is darbas tikrai jums? Nesvarbu ar tai b\u016bt\u0173 papildomas darbas &hellip; <\/p>\n","protected":false},"author":10,"featured_media":176,"parent":86,"menu_order":0,"comment_status":"closed","ping_status":"closed","template":"","meta":{"_acf_changed":false,"footnotes":""},"class_list":["post-171","page","type-page","status-publish","has-post-thumbnail","hentry"],"acf":[],"yoast_head":"<!-- This site is optimized with the Yoast SEO plugin v26.9 - https:\/\/yoast.com\/product\/yoast-seo-wordpress\/ -->\n<title>8 patarimai s\u0117kmingai aukl\u0117s darbo prad\u017eiai<\/title>\n<meta name=\"description\" content=\"Ie\u0161kote pirmojo aukl\u0117s darbo? 8 patarimai, k\u0105 vert\u0117t\u0173 apsvarstyti s\u0117kmingai aukl\u0117s darbo prad\u017eiai.\" \/>\n<meta name=\"robots\" content=\"index, follow, max-snippet:-1, max-image-preview:large, max-video-preview:-1\" \/>\n<link rel=\"canonical\" href=\"https:\/\/yoopies.lt\/c\/informacija-auklems\/8-patarimai-sekmingai-aukles-darbo-pradziai\/\" \/>\n<meta property=\"og:locale\" content=\"lt_LT\" \/>\n<meta property=\"og:type\" content=\"article\" \/>\n<meta property=\"og:title\" content=\"8 patarimai s\u0117kmingai aukl\u0117s darbo prad\u017eiai\" \/>\n<meta property=\"og:description\" content=\"Ie\u0161kote pirmojo aukl\u0117s darbo? 8 patarimai, k\u0105 vert\u0117t\u0173 apsvarstyti s\u0117kmingai aukl\u0117s darbo prad\u017eiai.\" \/>\n<meta property=\"og:url\" content=\"https:\/\/yoopies.lt\/c\/informacija-auklems\/8-patarimai-sekmingai-aukles-darbo-pradziai\/\" \/>\n<meta property=\"og:site_name\" content=\"Yoopies Lietuva Blog\" \/>\n<meta property=\"article:modified_time\" content=\"2025-06-12T08:48:25+00:00\" \/>\n<meta property=\"og:image\" content=\"https:\/\/yoopies.lt\/c\/wp-content\/uploads\/sites\/12\/2024\/02\/5d611470-eb5f-49e0-adae-1f206239d9f8-galnusiprausiamsakau.jpg\" \/>\n\t<meta property=\"og:image:width\" content=\"1200\" \/>\n\t<meta property=\"og:image:height\" content=\"800\" \/>\n\t<meta property=\"og:image:type\" content=\"image\/jpeg\" \/>\n<meta name=\"twitter:card\" content=\"summary_large_image\" \/>\n<meta name=\"twitter:label1\" content=\"Est. reading time\" \/>\n\t<meta name=\"twitter:data1\" content=\"6 minut\u0117s\" \/>\n<script type=\"application\/ld+json\" class=\"yoast-schema-graph\">{\"@context\":\"https:\/\/schema.org\",\"@graph\":[{\"@type\":\"WebPage\",\"@id\":\"https:\/\/yoopies.lt\/c\/informacija-auklems\/8-patarimai-sekmingai-aukles-darbo-pradziai\/\",\"url\":\"https:\/\/yoopies.lt\/c\/informacija-auklems\/8-patarimai-sekmingai-aukles-darbo-pradziai\/\",\"name\":\"8 patarimai s\u0117kmingai aukl\u0117s darbo prad\u017eiai\",\"isPartOf\":{\"@id\":\"https:\/\/yoopies.lt\/c\/#website\"},\"primaryImageOfPage\":{\"@id\":\"https:\/\/yoopies.lt\/c\/informacija-auklems\/8-patarimai-sekmingai-aukles-darbo-pradziai\/#primaryimage\"},\"image\":{\"@id\":\"https:\/\/yoopies.lt\/c\/informacija-auklems\/8-patarimai-sekmingai-aukles-darbo-pradziai\/#primaryimage\"},\"thumbnailUrl\":\"https:\/\/yoopies.lt\/c\/wp-content\/uploads\/sites\/12\/2024\/02\/5d611470-eb5f-49e0-adae-1f206239d9f8-galnusiprausiamsakau.jpg\",\"datePublished\":\"2024-02-15T15:00:43+00:00\",\"dateModified\":\"2025-06-12T08:48:25+00:00\",\"description\":\"Ie\u0161kote pirmojo aukl\u0117s darbo? 8 patarimai, k\u0105 vert\u0117t\u0173 apsvarstyti s\u0117kmingai aukl\u0117s darbo prad\u017eiai.\",\"breadcrumb\":{\"@id\":\"https:\/\/yoopies.lt\/c\/informacija-auklems\/8-patarimai-sekmingai-aukles-darbo-pradziai\/#breadcrumb\"},\"inLanguage\":\"lt-LT\",\"potentialAction\":[{\"@type\":\"ReadAction\",\"target\":[\"https:\/\/yoopies.lt\/c\/informacija-auklems\/8-patarimai-sekmingai-aukles-darbo-pradziai\/\"]}]},{\"@type\":\"ImageObject\",\"inLanguage\":\"lt-LT\",\"@id\":\"https:\/\/yoopies.lt\/c\/informacija-auklems\/8-patarimai-sekmingai-aukles-darbo-pradziai\/#primaryimage\",\"url\":\"https:\/\/yoopies.lt\/c\/wp-content\/uploads\/sites\/12\/2024\/02\/5d611470-eb5f-49e0-adae-1f206239d9f8-galnusiprausiamsakau.jpg\",\"contentUrl\":\"https:\/\/yoopies.lt\/c\/wp-content\/uploads\/sites\/12\/2024\/02\/5d611470-eb5f-49e0-adae-1f206239d9f8-galnusiprausiamsakau.jpg\",\"width\":1200,\"height\":800},{\"@type\":\"BreadcrumbList\",\"@id\":\"https:\/\/yoopies.lt\/c\/informacija-auklems\/8-patarimai-sekmingai-aukles-darbo-pradziai\/#breadcrumb\",\"itemListElement\":[{\"@type\":\"ListItem\",\"position\":1,\"name\":\"Home\",\"item\":\"https:\/\/yoopies.lt\/c\/\"},{\"@type\":\"ListItem\",\"position\":2,\"name\":\"Visa informacija ir patarimai aukl\u0117ms\",\"item\":\"https:\/\/yoopies.lt\/c\/informacija-auklems\/\"},{\"@type\":\"ListItem\",\"position\":3,\"name\":\"8 patarimai s\u0117kmingai aukl\u0117s darbo prad\u017eiai\"}]},{\"@type\":\"WebSite\",\"@id\":\"https:\/\/yoopies.lt\/c\/#website\",\"url\":\"https:\/\/yoopies.lt\/c\/\",\"name\":\"Yoopies Lietuva Blog\",\"description\":\"\",\"publisher\":{\"@id\":\"https:\/\/yoopies.lt\/c\/#organization\"},\"potentialAction\":[{\"@type\":\"SearchAction\",\"target\":{\"@type\":\"EntryPoint\",\"urlTemplate\":\"https:\/\/yoopies.lt\/c\/?s={search_term_string}\"},\"query-input\":{\"@type\":\"PropertyValueSpecification\",\"valueRequired\":true,\"valueName\":\"search_term_string\"}}],\"inLanguage\":\"lt-LT\"},{\"@type\":\"Organization\",\"@id\":\"https:\/\/yoopies.lt\/c\/#organization\",\"name\":\"Yoopies Lietuva Blog\",\"url\":\"https:\/\/yoopies.lt\/c\/\",\"logo\":{\"@type\":\"ImageObject\",\"inLanguage\":\"lt-LT\",\"@id\":\"https:\/\/yoopies.lt\/c\/#\/schema\/logo\/image\/\",\"url\":\"https:\/\/yoopies.lt\/c\/wp-content\/uploads\/sites\/12\/2025\/05\/cropped-Logo_Yoopies-2.png\",\"contentUrl\":\"https:\/\/yoopies.lt\/c\/wp-content\/uploads\/sites\/12\/2025\/05\/cropped-Logo_Yoopies-2.png\",\"width\":512,\"height\":512,\"caption\":\"Yoopies Lietuva Blog\"},\"image\":{\"@id\":\"https:\/\/yoopies.lt\/c\/#\/schema\/logo\/image\/\"}}]}<\/script>\n<!-- \/ Yoast SEO plugin. -->","yoast_head_json":{"title":"8 patarimai s\u0117kmingai aukl\u0117s darbo prad\u017eiai","description":"Ie\u0161kote pirmojo aukl\u0117s darbo? 8 patarimai, k\u0105 vert\u0117t\u0173 apsvarstyti s\u0117kmingai aukl\u0117s darbo prad\u017eiai.","robots":{"index":"index","follow":"follow","max-snippet":"max-snippet:-1","max-image-preview":"max-image-preview:large","max-video-preview":"max-video-preview:-1"},"canonical":"https:\/\/yoopies.lt\/c\/informacija-auklems\/8-patarimai-sekmingai-aukles-darbo-pradziai\/","og_locale":"lt_LT","og_type":"article","og_title":"8 patarimai s\u0117kmingai aukl\u0117s darbo prad\u017eiai","og_description":"Ie\u0161kote pirmojo aukl\u0117s darbo? 8 patarimai, k\u0105 vert\u0117t\u0173 apsvarstyti s\u0117kmingai aukl\u0117s darbo prad\u017eiai.","og_url":"https:\/\/yoopies.lt\/c\/informacija-auklems\/8-patarimai-sekmingai-aukles-darbo-pradziai\/","og_site_name":"Yoopies Lietuva Blog","article_modified_time":"2025-06-12T08:48:25+00:00","og_image":[{"width":1200,"height":800,"url":"https:\/\/yoopies.lt\/c\/wp-content\/uploads\/sites\/12\/2024\/02\/5d611470-eb5f-49e0-adae-1f206239d9f8-galnusiprausiamsakau.jpg","type":"image\/jpeg"}],"twitter_card":"summary_large_image","twitter_misc":{"Est. reading time":"6 minut\u0117s"},"schema":{"@context":"https:\/\/schema.org","@graph":[{"@type":"WebPage","@id":"https:\/\/yoopies.lt\/c\/informacija-auklems\/8-patarimai-sekmingai-aukles-darbo-pradziai\/","url":"https:\/\/yoopies.lt\/c\/informacija-auklems\/8-patarimai-sekmingai-aukles-darbo-pradziai\/","name":"8 patarimai s\u0117kmingai aukl\u0117s darbo prad\u017eiai","isPartOf":{"@id":"https:\/\/yoopies.lt\/c\/#website"},"primaryImageOfPage":{"@id":"https:\/\/yoopies.lt\/c\/informacija-auklems\/8-patarimai-sekmingai-aukles-darbo-pradziai\/#primaryimage"},"image":{"@id":"https:\/\/yoopies.lt\/c\/informacija-auklems\/8-patarimai-sekmingai-aukles-darbo-pradziai\/#primaryimage"},"thumbnailUrl":"https:\/\/yoopies.lt\/c\/wp-content\/uploads\/sites\/12\/2024\/02\/5d611470-eb5f-49e0-adae-1f206239d9f8-galnusiprausiamsakau.jpg","datePublished":"2024-02-15T15:00:43+00:00","dateModified":"2025-06-12T08:48:25+00:00","description":"Ie\u0161kote pirmojo aukl\u0117s darbo? 8 patarimai, k\u0105 vert\u0117t\u0173 apsvarstyti s\u0117kmingai aukl\u0117s darbo prad\u017eiai.","breadcrumb":{"@id":"https:\/\/yoopies.lt\/c\/informacija-auklems\/8-patarimai-sekmingai-aukles-darbo-pradziai\/#breadcrumb"},"inLanguage":"lt-LT","potentialAction":[{"@type":"ReadAction","target":["https:\/\/yoopies.lt\/c\/informacija-auklems\/8-patarimai-sekmingai-aukles-darbo-pradziai\/"]}]},{"@type":"ImageObject","inLanguage":"lt-LT","@id":"https:\/\/yoopies.lt\/c\/informacija-auklems\/8-patarimai-sekmingai-aukles-darbo-pradziai\/#primaryimage","url":"https:\/\/yoopies.lt\/c\/wp-content\/uploads\/sites\/12\/2024\/02\/5d611470-eb5f-49e0-adae-1f206239d9f8-galnusiprausiamsakau.jpg","contentUrl":"https:\/\/yoopies.lt\/c\/wp-content\/uploads\/sites\/12\/2024\/02\/5d611470-eb5f-49e0-adae-1f206239d9f8-galnusiprausiamsakau.jpg","width":1200,"height":800},{"@type":"BreadcrumbList","@id":"https:\/\/yoopies.lt\/c\/informacija-auklems\/8-patarimai-sekmingai-aukles-darbo-pradziai\/#breadcrumb","itemListElement":[{"@type":"ListItem","position":1,"name":"Home","item":"https:\/\/yoopies.lt\/c\/"},{"@type":"ListItem","position":2,"name":"Visa informacija ir patarimai aukl\u0117ms","item":"https:\/\/yoopies.lt\/c\/informacija-auklems\/"},{"@type":"ListItem","position":3,"name":"8 patarimai s\u0117kmingai aukl\u0117s darbo prad\u017eiai"}]},{"@type":"WebSite","@id":"https:\/\/yoopies.lt\/c\/#website","url":"https:\/\/yoopies.lt\/c\/","name":"Yoopies Lietuva Blog","description":"","publisher":{"@id":"https:\/\/yoopies.lt\/c\/#organization"},"potentialAction":[{"@type":"SearchAction","target":{"@type":"EntryPoint","urlTemplate":"https:\/\/yoopies.lt\/c\/?s={search_term_string}"},"query-input":{"@type":"PropertyValueSpecification","valueRequired":true,"valueName":"search_term_string"}}],"inLanguage":"lt-LT"},{"@type":"Organization","@id":"https:\/\/yoopies.lt\/c\/#organization","name":"Yoopies Lietuva Blog","url":"https:\/\/yoopies.lt\/c\/","logo":{"@type":"ImageObject","inLanguage":"lt-LT","@id":"https:\/\/yoopies.lt\/c\/#\/schema\/logo\/image\/","url":"https:\/\/yoopies.lt\/c\/wp-content\/uploads\/sites\/12\/2025\/05\/cropped-Logo_Yoopies-2.png","contentUrl":"https:\/\/yoopies.lt\/c\/wp-content\/uploads\/sites\/12\/2025\/05\/cropped-Logo_Yoopies-2.png","width":512,"height":512,"caption":"Yoopies Lietuva Blog"},"image":{"@id":"https:\/\/yoopies.lt\/c\/#\/schema\/logo\/image\/"}}]}},"_links":{"self":[{"href":"https:\/\/yoopies.lt\/c\/wp-json\/wp\/v2\/pages\/171","targetHints":{"allow":["GET"]}}],"collection":[{"href":"https:\/\/yoopies.lt\/c\/wp-json\/wp\/v2\/pages"}],"about":[{"href":"https:\/\/yoopies.lt\/c\/wp-json\/wp\/v2\/types\/page"}],"author":[{"embeddable":true,"href":"https:\/\/yoopies.lt\/c\/wp-json\/wp\/v2\/users\/10"}],"replies":[{"embeddable":true,"href":"https:\/\/yoopies.lt\/c\/wp-json\/wp\/v2\/comments?post=171"}],"version-history":[{"count":1,"href":"https:\/\/yoopies.lt\/c\/wp-json\/wp\/v2\/pages\/171\/revisions"}],"predecessor-version":[{"id":177,"href":"https:\/\/yoopies.lt\/c\/wp-json\/wp\/v2\/pages\/171\/revisions\/177"}],"up":[{"embeddable":true,"href":"https:\/\/yoopies.lt\/c\/wp-json\/wp\/v2\/pages\/86"}],"wp:featuredmedia":[{"embeddable":true,"href":"https:\/\/yoopies.lt\/c\/wp-json\/wp\/v2\/media\/176"}],"wp:attachment":[{"href":"https:\/\/yoopies.lt\/c\/wp-json\/wp\/v2\/media?parent=171"}],"curies":[{"name":"wp","href":"https:\/\/api.w.org\/{rel}","templated":true}]}}