{"id":178,"date":"2024-02-15T14:58:37","date_gmt":"2024-02-15T14:58:37","guid":{"rendered":"https:\/\/blog.yoopies.lt\/informacija-auklems\/ieskau-aukles-darbo\/"},"modified":"2025-06-12T08:48:25","modified_gmt":"2025-06-12T08:48:25","slug":"ieskau-aukles-darbo","status":"publish","type":"page","link":"https:\/\/yoopies.lt\/c\/informacija-auklems\/ieskau-aukles-darbo\/","title":{"rendered":"Auk\u0117s darbas: viskas, k\u0105 turite \u017einoti"},"content":{"rendered":"<p><p>Nesvarbu, ar daug met\u0173 dirbote vaik\u0173 prie\u017ei\u016broje, ar esate visi&scaron;kai naujas &scaron;ios profesijos atstovas, norime pasidalinti informacija, kuri\u0105 tur\u0117t\u0173 \u017einoti kiekviena aukl\u0117. Darbas su vaikais gali b\u016bti nepaprastai naudingas ir \u012fdomus, nes grei\u010diausiai n\u0117ra dviej\u0173 vienod\u0173 dien\u0173, kai &scaron;alia yra ma\u017eame\u010di\u0173 vaik\u0173! Jei manote, kad esate aktyvus, r\u016bpestingas, kantrus ir energingas \u017emogus, m\u0117gstantis pad\u0117ti kitiems ir galintis parodyti ger\u0105 pavyzd\u012f, aukl\u0117s darbas gali b\u016bti puikus b\u016bdas papildomai u\u017esidirbti!<\/p>\n<\/p>\n<p><p class=\"block-img\"><img decoding=\"async\" src=\"https:\/\/yoopies.lt\/c\/wp-content\/uploads\/sites\/12\/2024\/02\/dda6f4e0-7fc5-4b0f-83f4-dc612a0ac6e1_UKPRISMICARTICLESGRAPHICS28129.jpg\" alt=\"aukles darbas\"><\/p>\n<h2><strong>Turinys:<\/strong><\/h2>\n<ul>\n<li><a target=\"_blank\" rel=\"noopener\" href=\"https:\/\/#h2-2\">Ie&scaron;kau aukl\u0117s darbo: nuo ko prad\u0117ti?<\/a><\/li>\n<li><a target=\"_blank\" rel=\"noopener\" href=\"https:\/\/#h2-3\">Kaip pasiruo&scaron;ti aukl\u0117s darbui?<\/a><\/li>\n<li><a target=\"_blank\" rel=\"noopener\" href=\"https:\/\/#h2-4\">U\u017esi\u0117mimai su vaikais<\/a><\/li>\n<li><a target=\"_blank\" rel=\"noopener\" href=\"https:\/\/#h2-5\">Aukl\u0117s veiklos registracija<\/a><\/li>\n<li><a target=\"_blank\" rel=\"noopener\" href=\"https:\/\/#h2-6\">Sutartis: k\u0105 svarbu \u017einoti aukl\u0117ms<\/a><\/li>\n<\/ul>\n<h2><strong>Ie&scaron;kau aukl\u0117s darbo: nuo ko prad\u0117ti? <\/strong><\/h2>\n<\/p>\n<p>Vis\u0173 pirma, tur\u0117tum\u0117t pasir\u016bpinti, jog ie&scaron;kote aukl\u0117s darbo per visus \u012fmanomus kanalus. <\/p>\n<p>Galite prad\u0117ti nuo savo pa\u017e\u012fstam\u0173 ar kaimyn\u0173, kurie turi vaik\u0173. Pasi\u016blykite savo pagalb\u0105, tai gali b\u016bt\u0173 puikus sprendimas greitai susirasti darb\u0105.<\/p>\n<p>Tuomet prijunkite prie internetin\u0117s platformos, kuri sujungia &scaron;eimas ir aukl\u0117s. Did\u017eiausia Europoje aukl\u0117s platforma <a target=\"_blank\" rel=\"noopener\" href=\"https:\/\/yoopies.lt\/ieskau-aukles-darbo\">Yoopies<\/a> si\u016blo nemokamai registruotis aukl\u0117ms bei si\u016blyti paslaugas pagal savo nustatytus \u012fkainius be joki\u0173 papildom\u0173 mokes\u010di\u0173. Tai puikus b\u016bdas greitai susirasti darb\u0105. &Scaron;eimos matys j\u016bs\u0173 profil\u012f ir gal\u0117s su jumis susisiekti bei j\u016bs gal\u0117site per\u017ei\u016br\u0117ti &scaron;eim\u0173 skelbimus ir susisiekti su jus dominan\u010diais skelbimais.<\/p>\n<\/p>\n<h2><strong>Kaip pasiruo&scaron;ti aukl\u0117s darbui?<\/strong><\/h2>\n<\/p>\n<p>Pirmas \u012fsp\u016bdis yra labai svarbus ir nepakei\u010diamas. Tad keliaudami \u012f <a href=\"https:\/\/yoopies.lt\/c\/informacija-auklems\/kaip-pasiruosti-aukles-darbui\">interviu d\u0117l aukl\u0117s darbo<\/a>, i&scaron; anksto pasir\u016bpinkite &scaron;ia informacija:<\/p>\n<ul>\n<li>I&scaron; anksto nustatykite ir \u017einokite savo \u012fkainius. Aukl\u0117s kaina da\u017eniausiai svyruoja nuo 6eur.\/val. iki 12eur.\/val., priklausomai nuo miesto, kuriame dirbate, kiek vaik\u0173 pri\u017ei\u016br\u0117site bei kokias papildomas u\u017eduotis planuojate atlikti. Taip pat nepamir&scaron;kite \u012fsivertinti papildom\u0173 i&scaron;laid\u0173, pvz.: transporto apmok\u0117jimas, papildom\u0173 darbo valand\u0173 kaina ir kt.<\/li>\n<li>I&scaron; anksto suplanuokite, kaip nuvyksite iki susitikimo vietos, jog atvyktum\u0117t laiku ir nev\u0117luotum\u0117te.<\/li>\n<li>I&scaron;siai&scaron;kinkite nam\u0173 taisykles: paklauskite, kokios yra bendrosios taisykl\u0117s, ar vaikai turi koki\u0173 nors speciali\u0173 reikalavim\u0173 (dieta ar alergijos), ir ar yra ka\u017ekas draud\u017eiama, ko vaikams geriau neleisti, kaip pvz. \u017eaidimai kompiuteriu ar televizorius.<\/li>\n<li>Pasir\u016bpinkite u\u017era&scaron;ine. U\u017emir&scaron;ti nauj\u0105 informacij\u0105 yra labai paprasta, tod\u0117l t\u0117vai \u012fvertins j\u016bs\u0173 atsakingum\u0105, jei nepating\u0117site ir ka\u017ekur nurodyt\u0105 informacij\u0105 u\u017esira&scaron;ysite.<\/li>\n<li>I&scaron;siai&scaron;kinkite, kur &scaron;eima laiko pirmosios pagalbos d\u0117\u017eut\u0119. Visada gerai \u017einoti, kur yra pirmosios pagalbos rinkinys, nes vaikai yra link\u0119 susi\u017eeisti. Skubios pagalbos atveju taipogi reikia \u017einoti artimiausi\u0105 pirmosios pagalbos ligonin\u0119 bei tur\u0117t\u0173 t\u0117v\u0173 kontaktinius duomenis po ranka.<\/li>\n<li>Maisto gaminimas. Paklauskite &scaron;eimos kokie vaik\u0173 valgymo \u012fpro\u010diai, ar jums reik\u0117s gaminti, ar maista bus paruo&scaron;tas. Taip pat, nepamir&scaron;kite paklausti, ar jums reik\u0117t\u0173 atsine&scaron;ti savo maisto, ar galite papietauti\/vakarieniauti kartu su vaiku.<\/li>\n<li>Apmok\u0117jimo b\u016bdas. Visuomet i&scaron; anksto sutarkite, kaip bus atliekamas apmok\u0117jimas. Naudojantis apmok\u0117jimu bankiniu pavedimu i&scaron;vengsite v\u0117liau galim\u0173 nesusipratim\u0173 d\u0117l pajam\u0173 deklaravimo.<\/li>\n<\/ul>\n<h2><strong>U\u017esi\u0117mimai su vaikais<\/strong><\/h2>\n<p>&nbsp;<\/p>\n<p>Nesvarbu, ar esate aukl\u0117, ar patyr\u0119s vaik\u0173 prie\u017ei\u016bros specialistas, kai vaiko akys krypsta \u012f jus &#8211; gali b\u016bti sunku sugalvoti u\u017esi\u0117mimus, kurie patraukt\u0173 vaiko d\u0117mes\u012f. Pasir\u016bpinkite kelias <a href=\"https:\/\/yoopies.lt\/c\/informacija-auklems\/zaidimai-su-vaikais\">vaik\u0173 \u017eaidimais viduje bei lauke<\/a>, kurie jus gelb\u0117s sud\u0117tingose situacijose.<\/p>\n<ul>\n<li>Vidaus \u017eaidimai. Vidaus \u017eaidimai yra puiki id\u0117ja, jei oras yra blogas, vaikams neleid\u017eiama i&scaron;eiti \u012f lauk\u0105, arba norite, kad vaikai b\u016bt\u0173 vietoje, kur galite juos steb\u0117ti. <strong>Namini\u0173 lobi\u0173 med\u017eiokl\u0117<\/strong> \u017eaidime j\u016bs turite pasl\u0117pti tam tikrus daiktus ar \u017eaislus namuose, tada duoti vaikams u\u017euominas apie tai, kur jie gali b\u016bti. <strong>Pie&scaron;imas<\/strong> gali b\u016bti kita labai smagi veikla. I&scaron;sitraukite <strong>akvarelinius da\u017eus, teptukus ir popieri\u0173<\/strong>. Vaikas gali tapyti or\u0105, kur\u012f jis mato lauke. Jei u\u017e lango lyja ar sninga, tuomet jis tiksliai \u017eino, k\u0105 tapyti! Tai taip pat bus puiki dovana t\u0117vams gr\u012f\u017eus namo.<\/li>\n<li> Lauko \u017eaidimai. Lauko \u017eaidimai visada yra puiki galimyb\u0117, nes vaikams n\u0117ra nieko geriau nei lakstyti ir \u017eaisti lauke! Vienas puikus lauko \u017eaidimas, kur\u012f galima \u017eaisti, yra <strong>&scaron;okin\u0117jimas ant plyteli\u0173<\/strong>. Tam reikia &scaron;aligatvio dalies (arba tiesiog betono) ir spalvot\u0173 kreideli\u0173. Kitas puikus lauko \u017eaidimas &#8211;<strong>&scaron;okin\u0117jimas virve<\/strong>. &Scaron;iame \u017eaidime reikia tur\u0117ti ilgesn\u0119 virv\u0119, arba dvi sujungtas virves. Virv\u0117 tur\u0117t\u0173 b\u016bti sukama i&scaron; abiej\u0173 virv\u0117s gal\u0173 (kaip &scaron;okdyn\u0117) ir vaikas arba keli vaikai turi &scaron;okin\u0117ti per &scaron;i\u0105 &scaron;okdyn\u0119. Kiti grupiniai \u017eaidimai gal\u0117t\u0173 b\u016bti <strong>&bdquo;Suged\u0119s telefonas&ldquo;<\/strong>,<strong>&bdquo;Auk&scaron;tyn \u017eem\u0119&ldquo;<\/strong>, <strong>&bdquo;&Scaron;ilta &scaron;alta&ldquo; ir kt.<\/strong><\/li>\n<li><a href=\"https:\/\/yoopies.lt\/c\/nesudetingi-darbeliai-vaikams-belaukiant-velyku\">Nesud\u0117tingi darbeliai su vaikais pavasario, Velyk\u0173 tematika. <\/a><\/li>\n<\/ul>\n<\/p>\n<h2><strong>Aukl\u0117s veiklos registracija<\/strong><\/h2>\n<\/p>\n<p>Nor\u0117dami dirbti legaliai ir mok\u0117ti mokes\u010dius, kiekviena aukl\u0117s tur\u0117t\u0173 pasir\u016bpinti savo veiklos registracija, t.y. individualia veikla pagal pa\u017eym\u0105. Vis\u0105 informacija d\u0117l taikom\u0173 mokes\u010di\u0173, galite rasti <a href=\"https:\/\/yoopies.lt\/c\/informacija-auklems\/individuali-veikla-pagal-pazyma\">m\u016bs\u0173 straipsnyje<\/a>. Veiklos \u012fforminimas suteiks jums daug privalum\u0173: ma\u017ei mokes\u010diai, supaprastinta buhalterija, galite verstis keliomis veiklomis, mokes\u010dius reikia mok\u0117ti tik kitais finansiniais metai ir, \u017einoma, j\u016bs\u0173 saugumas. I&scaron;si\u0117mus individuali\u0105 veikl\u0105 pagal pa\u017eym\u0105, b\u016btinai <a href=\"https:\/\/yoopies.lt\/c\/informacija-auklems\/sutartis\">pasir\u016bpinkite kitais dokumentais, kaip s\u0105skaitos fakt\u016bra, sutartis ar pinig\u0173 pri\u0117mimo kvitas. <\/a><\/p>\n<\/p>\n<h2><strong>Sutartis: k\u0105 svarbu \u017einoti aukl\u0117ms<\/strong><\/h2>\n<\/p>\n<p><a href=\"https:\/\/yoopies.lt\/c\/informacija-auklems\/sutartis\">Sutarties sudarymas<\/a> yra labai da\u017enai praleid\u017eiamas \u017eingsnis daugelio aukli\u0173, ta\u010diau &scaron;io dokumento pasir\u016bpinimas yra tiesiausias kelias \u012f j\u016bs\u0173 saugum\u0105. <\/p>\n<p>I&scaron;siai&scaron;kinkite, ar &scaron;eima nor\u0117s, jog atliktum\u0117t papildomas u\u017eduotis, kaip nam\u0173 tvarkymas, maisto gaminimas ir \u012ftraukite &scaron;iuos sutarimus \u012f sutart\u012f. Tai pad\u0117s jums \u012fsivertinti, ar j\u016bs\u0173 sutariamas \u012fkainis atitinka &scaron;eimos reikalavimus. Sutarties pagalba gal\u0117site \u012fforminti visus sutarimus, kad abiems pus\u0117s paskui nekilt\u0173 klausim\u0173. \u017dodinis sutarimas grind\u017eiamas pasitik\u0117jimu, ta\u010diau ai&scaron;kus u\u017eduo\u010di\u0173 apra&scaron;ymas sutartyje tikrai jums pad\u0117s i&scaron;vengti nesusipratim\u0173 ateityje.<\/p>\n<p>Sutarties pagalba i&scaron;vengsite galimyb\u0117s, jog su jumis neatsiskaitys. Nurodykite atlyginimo sum\u0105 (valandinis atlyginimas ar fiksuotas) bei darbo valandas ir b\u016bkite ram\u016bs, jog su jums bus sumok\u0117ta laiku.<\/p>\n<\/p>\n<p>Daugiau informacijos apie aukl\u0117s darb\u0105 skaitykite <a href=\"https:\/\/yoopies.lt\/c\/informacija-auklems\">\u010dia<\/a>.<\/p>\n<\/p>\n<p><a class=\"button\" href=\"https:\/\/yoopies.lt\/ieskau-aukles-darbo\">Ie\u0161koti aukl\u0117s darbo!<\/a><\/p>\n","protected":false},"excerpt":{"rendered":"<p>Nesvarbu, ar daug met\u0173 dirbote vaik\u0173 prie\u017ei\u016broje, ar esate visi&scaron;kai naujas &scaron;ios profesijos atstovas, norime &hellip; <\/p>\n","protected":false},"author":10,"featured_media":180,"parent":86,"menu_order":0,"comment_status":"closed","ping_status":"closed","template":"","meta":{"_acf_changed":false,"footnotes":""},"class_list":["post-178","page","type-page","status-publish","has-post-thumbnail","hentry"],"acf":[],"yoast_head":"<!-- This site is optimized with the Yoast SEO plugin v26.9 - https:\/\/yoast.com\/product\/yoast-seo-wordpress\/ -->\n<title>Auk\u0117s darbas: viskas, k\u0105 turite \u017einoti<\/title>\n<meta name=\"description\" content=\"Visa informacij\u0105, k\u0105 turi \u017einoti aukl\u0117s: nuo pasiruo\u0161imo pokalbiui su \u0161eima iki oficiali\u0173 dokument\u0173 tvarkymo bei veiklos \u012fregistravimo.\" \/>\n<meta name=\"robots\" content=\"index, follow, max-snippet:-1, max-image-preview:large, max-video-preview:-1\" \/>\n<link rel=\"canonical\" href=\"https:\/\/yoopies.lt\/c\/informacija-auklems\/ieskau-aukles-darbo\/\" \/>\n<meta property=\"og:locale\" content=\"lt_LT\" \/>\n<meta property=\"og:type\" content=\"article\" \/>\n<meta property=\"og:title\" content=\"Auk\u0117s darbas: viskas, k\u0105 turite \u017einoti\" \/>\n<meta property=\"og:description\" content=\"Visa informacij\u0105, k\u0105 turi \u017einoti aukl\u0117s: nuo pasiruo\u0161imo pokalbiui su \u0161eima iki oficiali\u0173 dokument\u0173 tvarkymo bei veiklos \u012fregistravimo.\" \/>\n<meta property=\"og:url\" content=\"https:\/\/yoopies.lt\/c\/informacija-auklems\/ieskau-aukles-darbo\/\" \/>\n<meta property=\"og:site_name\" content=\"Yoopies Lietuva Blog\" \/>\n<meta property=\"article:modified_time\" content=\"2025-06-12T08:48:25+00:00\" \/>\n<meta property=\"og:image\" content=\"https:\/\/yoopies.lt\/c\/wp-content\/uploads\/sites\/12\/2024\/02\/dda6f4e0-7fc5-4b0f-83f4-dc612a0ac6e1-ukprismicarticlesgraphics28129.jpg\" \/>\n\t<meta property=\"og:image:width\" content=\"1200\" \/>\n\t<meta property=\"og:image:height\" content=\"852\" \/>\n\t<meta property=\"og:image:type\" content=\"image\/jpeg\" \/>\n<meta name=\"twitter:card\" content=\"summary_large_image\" \/>\n<meta name=\"twitter:label1\" content=\"Est. reading time\" \/>\n\t<meta name=\"twitter:data1\" content=\"5 minut\u0117s\" \/>\n<script type=\"application\/ld+json\" class=\"yoast-schema-graph\">{\"@context\":\"https:\/\/schema.org\",\"@graph\":[{\"@type\":\"WebPage\",\"@id\":\"https:\/\/yoopies.lt\/c\/informacija-auklems\/ieskau-aukles-darbo\/\",\"url\":\"https:\/\/yoopies.lt\/c\/informacija-auklems\/ieskau-aukles-darbo\/\",\"name\":\"Auk\u0117s darbas: viskas, k\u0105 turite \u017einoti\",\"isPartOf\":{\"@id\":\"https:\/\/yoopies.lt\/c\/#website\"},\"primaryImageOfPage\":{\"@id\":\"https:\/\/yoopies.lt\/c\/informacija-auklems\/ieskau-aukles-darbo\/#primaryimage\"},\"image\":{\"@id\":\"https:\/\/yoopies.lt\/c\/informacija-auklems\/ieskau-aukles-darbo\/#primaryimage\"},\"thumbnailUrl\":\"https:\/\/yoopies.lt\/c\/wp-content\/uploads\/sites\/12\/2024\/02\/dda6f4e0-7fc5-4b0f-83f4-dc612a0ac6e1-ukprismicarticlesgraphics28129.jpg\",\"datePublished\":\"2024-02-15T14:58:37+00:00\",\"dateModified\":\"2025-06-12T08:48:25+00:00\",\"description\":\"Visa informacij\u0105, k\u0105 turi \u017einoti aukl\u0117s: nuo pasiruo\u0161imo pokalbiui su \u0161eima iki oficiali\u0173 dokument\u0173 tvarkymo bei veiklos \u012fregistravimo.\",\"breadcrumb\":{\"@id\":\"https:\/\/yoopies.lt\/c\/informacija-auklems\/ieskau-aukles-darbo\/#breadcrumb\"},\"inLanguage\":\"lt-LT\",\"potentialAction\":[{\"@type\":\"ReadAction\",\"target\":[\"https:\/\/yoopies.lt\/c\/informacija-auklems\/ieskau-aukles-darbo\/\"]}]},{\"@type\":\"ImageObject\",\"inLanguage\":\"lt-LT\",\"@id\":\"https:\/\/yoopies.lt\/c\/informacija-auklems\/ieskau-aukles-darbo\/#primaryimage\",\"url\":\"https:\/\/yoopies.lt\/c\/wp-content\/uploads\/sites\/12\/2024\/02\/dda6f4e0-7fc5-4b0f-83f4-dc612a0ac6e1-ukprismicarticlesgraphics28129.jpg\",\"contentUrl\":\"https:\/\/yoopies.lt\/c\/wp-content\/uploads\/sites\/12\/2024\/02\/dda6f4e0-7fc5-4b0f-83f4-dc612a0ac6e1-ukprismicarticlesgraphics28129.jpg\",\"width\":1200,\"height\":852},{\"@type\":\"BreadcrumbList\",\"@id\":\"https:\/\/yoopies.lt\/c\/informacija-auklems\/ieskau-aukles-darbo\/#breadcrumb\",\"itemListElement\":[{\"@type\":\"ListItem\",\"position\":1,\"name\":\"Home\",\"item\":\"https:\/\/yoopies.lt\/c\/\"},{\"@type\":\"ListItem\",\"position\":2,\"name\":\"Visa informacija ir patarimai aukl\u0117ms\",\"item\":\"https:\/\/yoopies.lt\/c\/informacija-auklems\/\"},{\"@type\":\"ListItem\",\"position\":3,\"name\":\"Auk\u0117s darbas: viskas, k\u0105 turite \u017einoti\"}]},{\"@type\":\"WebSite\",\"@id\":\"https:\/\/yoopies.lt\/c\/#website\",\"url\":\"https:\/\/yoopies.lt\/c\/\",\"name\":\"Yoopies Lietuva Blog\",\"description\":\"\",\"publisher\":{\"@id\":\"https:\/\/yoopies.lt\/c\/#organization\"},\"potentialAction\":[{\"@type\":\"SearchAction\",\"target\":{\"@type\":\"EntryPoint\",\"urlTemplate\":\"https:\/\/yoopies.lt\/c\/?s={search_term_string}\"},\"query-input\":{\"@type\":\"PropertyValueSpecification\",\"valueRequired\":true,\"valueName\":\"search_term_string\"}}],\"inLanguage\":\"lt-LT\"},{\"@type\":\"Organization\",\"@id\":\"https:\/\/yoopies.lt\/c\/#organization\",\"name\":\"Yoopies Lietuva Blog\",\"url\":\"https:\/\/yoopies.lt\/c\/\",\"logo\":{\"@type\":\"ImageObject\",\"inLanguage\":\"lt-LT\",\"@id\":\"https:\/\/yoopies.lt\/c\/#\/schema\/logo\/image\/\",\"url\":\"https:\/\/yoopies.lt\/c\/wp-content\/uploads\/sites\/12\/2025\/05\/cropped-Logo_Yoopies-2.png\",\"contentUrl\":\"https:\/\/yoopies.lt\/c\/wp-content\/uploads\/sites\/12\/2025\/05\/cropped-Logo_Yoopies-2.png\",\"width\":512,\"height\":512,\"caption\":\"Yoopies Lietuva Blog\"},\"image\":{\"@id\":\"https:\/\/yoopies.lt\/c\/#\/schema\/logo\/image\/\"}}]}<\/script>\n<!-- \/ Yoast SEO plugin. -->","yoast_head_json":{"title":"Auk\u0117s darbas: viskas, k\u0105 turite \u017einoti","description":"Visa informacij\u0105, k\u0105 turi \u017einoti aukl\u0117s: nuo pasiruo\u0161imo pokalbiui su \u0161eima iki oficiali\u0173 dokument\u0173 tvarkymo bei veiklos \u012fregistravimo.","robots":{"index":"index","follow":"follow","max-snippet":"max-snippet:-1","max-image-preview":"max-image-preview:large","max-video-preview":"max-video-preview:-1"},"canonical":"https:\/\/yoopies.lt\/c\/informacija-auklems\/ieskau-aukles-darbo\/","og_locale":"lt_LT","og_type":"article","og_title":"Auk\u0117s darbas: viskas, k\u0105 turite \u017einoti","og_description":"Visa informacij\u0105, k\u0105 turi \u017einoti aukl\u0117s: nuo pasiruo\u0161imo pokalbiui su \u0161eima iki oficiali\u0173 dokument\u0173 tvarkymo bei veiklos \u012fregistravimo.","og_url":"https:\/\/yoopies.lt\/c\/informacija-auklems\/ieskau-aukles-darbo\/","og_site_name":"Yoopies Lietuva Blog","article_modified_time":"2025-06-12T08:48:25+00:00","og_image":[{"width":1200,"height":852,"url":"https:\/\/yoopies.lt\/c\/wp-content\/uploads\/sites\/12\/2024\/02\/dda6f4e0-7fc5-4b0f-83f4-dc612a0ac6e1-ukprismicarticlesgraphics28129.jpg","type":"image\/jpeg"}],"twitter_card":"summary_large_image","twitter_misc":{"Est. reading time":"5 minut\u0117s"},"schema":{"@context":"https:\/\/schema.org","@graph":[{"@type":"WebPage","@id":"https:\/\/yoopies.lt\/c\/informacija-auklems\/ieskau-aukles-darbo\/","url":"https:\/\/yoopies.lt\/c\/informacija-auklems\/ieskau-aukles-darbo\/","name":"Auk\u0117s darbas: viskas, k\u0105 turite \u017einoti","isPartOf":{"@id":"https:\/\/yoopies.lt\/c\/#website"},"primaryImageOfPage":{"@id":"https:\/\/yoopies.lt\/c\/informacija-auklems\/ieskau-aukles-darbo\/#primaryimage"},"image":{"@id":"https:\/\/yoopies.lt\/c\/informacija-auklems\/ieskau-aukles-darbo\/#primaryimage"},"thumbnailUrl":"https:\/\/yoopies.lt\/c\/wp-content\/uploads\/sites\/12\/2024\/02\/dda6f4e0-7fc5-4b0f-83f4-dc612a0ac6e1-ukprismicarticlesgraphics28129.jpg","datePublished":"2024-02-15T14:58:37+00:00","dateModified":"2025-06-12T08:48:25+00:00","description":"Visa informacij\u0105, k\u0105 turi \u017einoti aukl\u0117s: nuo pasiruo\u0161imo pokalbiui su \u0161eima iki oficiali\u0173 dokument\u0173 tvarkymo bei veiklos \u012fregistravimo.","breadcrumb":{"@id":"https:\/\/yoopies.lt\/c\/informacija-auklems\/ieskau-aukles-darbo\/#breadcrumb"},"inLanguage":"lt-LT","potentialAction":[{"@type":"ReadAction","target":["https:\/\/yoopies.lt\/c\/informacija-auklems\/ieskau-aukles-darbo\/"]}]},{"@type":"ImageObject","inLanguage":"lt-LT","@id":"https:\/\/yoopies.lt\/c\/informacija-auklems\/ieskau-aukles-darbo\/#primaryimage","url":"https:\/\/yoopies.lt\/c\/wp-content\/uploads\/sites\/12\/2024\/02\/dda6f4e0-7fc5-4b0f-83f4-dc612a0ac6e1-ukprismicarticlesgraphics28129.jpg","contentUrl":"https:\/\/yoopies.lt\/c\/wp-content\/uploads\/sites\/12\/2024\/02\/dda6f4e0-7fc5-4b0f-83f4-dc612a0ac6e1-ukprismicarticlesgraphics28129.jpg","width":1200,"height":852},{"@type":"BreadcrumbList","@id":"https:\/\/yoopies.lt\/c\/informacija-auklems\/ieskau-aukles-darbo\/#breadcrumb","itemListElement":[{"@type":"ListItem","position":1,"name":"Home","item":"https:\/\/yoopies.lt\/c\/"},{"@type":"ListItem","position":2,"name":"Visa informacija ir patarimai aukl\u0117ms","item":"https:\/\/yoopies.lt\/c\/informacija-auklems\/"},{"@type":"ListItem","position":3,"name":"Auk\u0117s darbas: viskas, k\u0105 turite \u017einoti"}]},{"@type":"WebSite","@id":"https:\/\/yoopies.lt\/c\/#website","url":"https:\/\/yoopies.lt\/c\/","name":"Yoopies Lietuva Blog","description":"","publisher":{"@id":"https:\/\/yoopies.lt\/c\/#organization"},"potentialAction":[{"@type":"SearchAction","target":{"@type":"EntryPoint","urlTemplate":"https:\/\/yoopies.lt\/c\/?s={search_term_string}"},"query-input":{"@type":"PropertyValueSpecification","valueRequired":true,"valueName":"search_term_string"}}],"inLanguage":"lt-LT"},{"@type":"Organization","@id":"https:\/\/yoopies.lt\/c\/#organization","name":"Yoopies Lietuva Blog","url":"https:\/\/yoopies.lt\/c\/","logo":{"@type":"ImageObject","inLanguage":"lt-LT","@id":"https:\/\/yoopies.lt\/c\/#\/schema\/logo\/image\/","url":"https:\/\/yoopies.lt\/c\/wp-content\/uploads\/sites\/12\/2025\/05\/cropped-Logo_Yoopies-2.png","contentUrl":"https:\/\/yoopies.lt\/c\/wp-content\/uploads\/sites\/12\/2025\/05\/cropped-Logo_Yoopies-2.png","width":512,"height":512,"caption":"Yoopies Lietuva Blog"},"image":{"@id":"https:\/\/yoopies.lt\/c\/#\/schema\/logo\/image\/"}}]}},"_links":{"self":[{"href":"https:\/\/yoopies.lt\/c\/wp-json\/wp\/v2\/pages\/178","targetHints":{"allow":["GET"]}}],"collection":[{"href":"https:\/\/yoopies.lt\/c\/wp-json\/wp\/v2\/pages"}],"about":[{"href":"https:\/\/yoopies.lt\/c\/wp-json\/wp\/v2\/types\/page"}],"author":[{"embeddable":true,"href":"https:\/\/yoopies.lt\/c\/wp-json\/wp\/v2\/users\/10"}],"replies":[{"embeddable":true,"href":"https:\/\/yoopies.lt\/c\/wp-json\/wp\/v2\/comments?post=178"}],"version-history":[{"count":1,"href":"https:\/\/yoopies.lt\/c\/wp-json\/wp\/v2\/pages\/178\/revisions"}],"predecessor-version":[{"id":181,"href":"https:\/\/yoopies.lt\/c\/wp-json\/wp\/v2\/pages\/178\/revisions\/181"}],"up":[{"embeddable":true,"href":"https:\/\/yoopies.lt\/c\/wp-json\/wp\/v2\/pages\/86"}],"wp:featuredmedia":[{"embeddable":true,"href":"https:\/\/yoopies.lt\/c\/wp-json\/wp\/v2\/media\/180"}],"wp:attachment":[{"href":"https:\/\/yoopies.lt\/c\/wp-json\/wp\/v2\/media?parent=178"}],"curies":[{"name":"wp","href":"https:\/\/api.w.org\/{rel}","templated":true}]}}