{"id":18,"date":"2024-04-03T11:12:29","date_gmt":"2024-04-03T11:12:29","guid":{"rendered":"https:\/\/blog.yoopies.lt\/nesudetingi-darbeliai-vaikams-belaukiant-velyku\/"},"modified":"2025-06-12T08:48:24","modified_gmt":"2025-06-12T08:48:24","slug":"nesudetingi-darbeliai-vaikams-belaukiant-velyku","status":"publish","type":"page","link":"https:\/\/yoopies.lt\/c\/nesudetingi-darbeliai-vaikams-belaukiant-velyku\/","title":{"rendered":"Nesud\u0117tingi darbeliai vaikams belaukiant Velyk\u0173"},"content":{"rendered":"<p><p>Pavasaris tikras jud\u0117jimo laikotarpis gamtoje. Bundanti gamta, gr\u012f\u017etantys pauk&scaron;\u010diai, &scaron;ilt\u0117jan\u010dios ir &scaron;vies\u0117jan\u010dios dienos ir \u017einoma Velykos, nauj\u0173 poj\u016b\u010di\u0173, pa\u017einimo ir atradim\u0173 metas vaikams. Atrinkome 7 nesud\u0117tingus darbelius pavasario ir Velyk\u0173 tematika, kuriems nereikia speciali\u0173 priemoni\u0173 ar med\u017eiag\u0173, visk\u0105 galite rasti savo namuose. Atliekant darbelius galima aptarti kuo \u012fpatingas pavasaris, kaip kei\u010diasi med\u017eiai, kaip dygsta augalai, kod\u0117l b\u016btinas lietus ir t.t.<\/p>\n<h2>1. Saul\u0117gr\u0105\u017ea<\/h2>\n<p>Eiga: i&scaron; kartono lapo i&scaron;kirpkite apskirtim\u0105 &ndash; tai bus saul\u0117gr\u0105\u017eos viduriukas. Surinkite visus namie turimus skalbini\u0173 segtukus ir duokite vaikui aplinkui apskritim\u0105 susegioti juos. Labai gera treniruot\u0117 pir&scaron;t\u0173 ir rank\u0173 raum\u0117nims, kurie ypa\u010d bus reikalingi ra&scaron;ymui. <\/p>\n<p class=\"block-img\"><img decoding=\"async\" src=\"https:\/\/yoopies.lt\/c\/wp-content\/uploads\/sites\/12\/2024\/04\/33b2c29f-aefe-467a-a270-3725fc59b877_1.jpg\" alt=\"\"><\/p>\n<\/p>\n<p><h2>2. Bitut\u0117<\/h2>\n<p>Prie&scaron; darbel\u012f pakalb\u0117kite su vaiku kam reikalingos bitut\u0117s, kok\u012f svarb\u0173 darb\u0105 jos atlieka, kok\u012f skan\u0173 produkt\u0105 jos surenka, galb\u016bt net pavyks gamtoje kur pamatyti tikr\u0105 bitut\u0119. <\/p>\n<p>Darbeliui prireiks: <\/p>\n<ul>\n<li>popierin\u0117s vienkartin\u0117s l\u0117k&scaron;t\u0117s arba jeigu neturite galite i&scaron;sikirpti i&scaron; lapo ar kartono apskritim\u0105;<\/li>\n<li>gelton\u0173 ir juod\u0173 da\u017e\u0173 bei teptuko;<\/li>\n<li>segtuko nuo skalbini\u0173 ir vatos, kempin\u0117s ar pompom gumul\u0117lio.<\/li>\n<\/ul>\n<p>Eiga: <\/p>\n<ul>\n<li>Leiskite vaikui vis\u0105 apskritim\u0105 nuda\u017eyti geltonai;<\/li>\n<li>tada segtuku suspauskite vatos ir kit\u0105 gumul\u0117l\u012f ir juo da\u017eykite juoda spalva;<\/li>\n<li>suta&scaron;kuokite bitutei dry\u017eius;<\/li>\n<li>nupie&scaron;kite arba priklijuokite jai akis, sparnelius ir bitut\u0117s \u016bselius.<\/li>\n<\/ul>\n<p class=\"block-img\"><img decoding=\"async\" src=\"https:\/\/yoopies.lt\/c\/wp-content\/uploads\/sites\/12\/2024\/04\/bc9bb8cb-2e43-402f-8857-e404ecd661cf_3.jpg\" alt=\"\"><\/p>\n<\/p>\n<p><h2>3. Vi&scaron;\u010diukai<\/h2>\n<p>Vaikams be galo patinka pie&scaron;imas pir&scaron;tukais. Taip lavinami poj\u016b\u010diai, motorika. Gaminant vi&scaron;\u010diukus jums reik\u0117s:<\/p>\n<ul>\n<li>\u012e 4 dalis padalinto A4 formato lapo;<\/li>\n<li>gelton\u0173 da\u017e\u0173 ir teptuko;<\/li>\n<li>pie&scaron;tuk\u0173 ar va&scaron;kini\u0173 kreideli\u0173.<\/li>\n<\/ul>\n<p>Eiga labai paprasta: vien\u0105 delniuk\u0105 i&scaron;da\u017eykite geltonai ir leiskite vaikui padaryti jo antspaud\u0105 ant lapo. Paskui pie&scaron;kite vi&scaron;\u010diukui  akytes, snap\u0105 ir kojytes. <\/p>\n<p class=\"block-img\"><img decoding=\"async\" src=\"https:\/\/yoopies.lt\/c\/wp-content\/uploads\/sites\/12\/2024\/04\/fa2a5169-1519-478a-8f93-a75e76271983_5.jpg\" alt=\"\"><\/p>\n<\/p>\n<p><h2>4. Alkani vi&scaron;\u010diukai<\/h2>\n<p>I&scaron; panaudotos kaiu&scaron;ini\u0173 pakuot\u0117s padarykite vi&scaron;\u010diukus. Pradurkite burnyt\u0119, nupie&scaron;kite akytes ir snapel\u0117. Priklausomai nuo to, k\u0105 turite namuose, prikarpykite vi&scaron;\u010diukams &ldquo;sliek\u0173&rdquo;. Galima naudoti paprast\u0105 vielut\u0119, smulkius karoliukus, \u017eirniukus ar pana&scaron;iai. Tinka viskas, k\u0105 b\u016bt\u0173 galima &ldquo;sumaitinti&#8221; vi&scaron;\u010diukams. <\/p>\n<p class=\"block-img\"><img decoding=\"async\" src=\"https:\/\/yoopies.lt\/c\/wp-content\/uploads\/sites\/12\/2024\/04\/8b7aa034-b28a-4929-90d9-7847188aa1a7_7.jpg\" alt=\"\"><\/p>\n<\/p>\n<p><h2>5. Hiacintai<\/h2>\n<p>Pavasaris besiskleid\u017eian\u010di\u0173 \u017eied\u0173 metas. Ant lapo nupie&scaron;kite stiebeli\u0173 ir g\u0117li\u0173 lapelius, o vaikui leiskite pir&scaron;tukais prita&scaron;kuoti hiacinto \u017eiedelius. <\/p>\n<p class=\"block-img\"><img decoding=\"async\" src=\"https:\/\/yoopies.lt\/c\/wp-content\/uploads\/sites\/12\/2024\/04\/a735b490-e685-499f-91b7-a71e4b834999_4.jpg\" alt=\"\"><\/p>\n<\/p>\n<p><h2>6. Velykiniai margu\u010diai<\/h2>\n<p>I&scaron; kartono i&scaron;kerpkite kiau&scaron;inio formos i&scaron;karp\u0105. Jei vaikas turi daugiau kantryb\u0117s, duokite jam plastelino gabal\u0105 ir tegu jis pats pir&scaron;tukais ima po ma\u017e\u0105 gabaliuk\u0105, delnuose padaro rutuliuk\u0105, deda ant kiau&scaron;inio ir spaud\u017eia pir&scaron;tuku tiek, kad jis priliptu. Galima pad\u0117jus plastelino rutuliuka ir braukti pir&scaron;tuku, taip gausis kitokia marginimo forma.<\/p>\n<p>Tie, kurie kantryb\u0117s neturi tiek daug, j\u016bs patys gaite padaryti daug ma\u017e\u0173 plastelino rutuliuk\u0173 ir tiesiog duoti vaikui prispausti prie i&scaron;kirpto kartono. Puiki pir&scaron;tuk\u0173 treniruot\u0117. <\/p>\n<p class=\"block-img\"><img decoding=\"async\" src=\"https:\/\/yoopies.lt\/c\/wp-content\/uploads\/sites\/12\/2024\/04\/cefacdad-c477-4393-b1ae-743f066e65c0_2.jpg\" alt=\"\"><\/p>\n<\/p>\n<p><h2>7. Gaminame pavasarinius g\u0117l\u0117s \u017eiedus <\/h2>\n<p>Eiga: ant lapo i&scaron; plastelino padarykite kaubur\u0117l\u012f-g\u0117l\u0117s viduriuk\u0105. Nupie&scaron;kite kot\u0105, lapelius, sukarpykite aus\u0173 krap&scaron;tukus per pus\u0119 ir duokite vaikui susmaigstyti \u017eiedelius.<\/p>\n<p class=\"block-img\"><img decoding=\"async\" src=\"https:\/\/yoopies.lt\/c\/wp-content\/uploads\/sites\/12\/2024\/04\/b36cebf8-2e68-433e-a7be-0fb9e406985e_6.jpg\" alt=\"\"><\/p>\n<\/p>\n<p><p>Atliekant tokius darbelius lavinama vaiko smulkioji motorika, kuri pasak specialist\u0173, stipriai \u012ftakoja kalbos raidai. Vaikai mokosi kantryb\u0117s, ir susikaupimo. Labai svarbu vaikams atlikti u\u017eduotis, kuriose tvirt\u0117ja rank\u0173 raumenys, kaip pavyzd\u017eiui pie&scaron;imas ne flomasteriais, o pie&scaron;tukais, labai naudingas pratimas skalbini\u0173 segtuk\u0173 spaudin\u0117jimas, prispaudimo pir&scaron;tuku u\u017eduotys. <\/p>\n<p>S\u0117km\u0117s darbeliuose!<\/p><\/p>\n","protected":false},"excerpt":{"rendered":"<p>Pavasaris tikras jud\u0117jimo laikotarpis gamtoje. Bundanti gamta, gr\u012f\u017etantys pauk&scaron;\u010diai, &scaron;ilt\u0117jan\u010dios ir &scaron;vies\u0117jan\u010dios dienos ir \u017einoma &hellip; <\/p>\n","protected":false},"author":10,"featured_media":26,"parent":0,"menu_order":0,"comment_status":"closed","ping_status":"closed","template":"","meta":{"_acf_changed":false,"footnotes":""},"class_list":["post-18","page","type-page","status-publish","has-post-thumbnail","hentry"],"acf":[],"yoast_head":"<!-- This site is optimized with the Yoast SEO plugin v26.9 - https:\/\/yoast.com\/product\/yoast-seo-wordpress\/ -->\n<title>7 nesud\u0117tingi darbeliai vaikams belaukaint Velyk\u0173<\/title>\n<meta name=\"description\" content=\"Pavasaris gra\u017eiausias gamtos pabudimo laikotarpis. 7 nesud\u0117tingi darbeliai vaikams pavasario ir Velyk\u0173 tematika, kuriems nereiks ypating\u0173 med\u017eiag\u0173 ar \u012franki\u0173.\" \/>\n<meta name=\"robots\" content=\"index, follow, max-snippet:-1, max-image-preview:large, max-video-preview:-1\" \/>\n<link rel=\"canonical\" href=\"https:\/\/yoopies.lt\/c\/nesudetingi-darbeliai-vaikams-belaukiant-velyku\/\" \/>\n<meta property=\"og:locale\" content=\"lt_LT\" \/>\n<meta property=\"og:type\" content=\"article\" \/>\n<meta property=\"og:title\" content=\"7 nesud\u0117tingi darbeliai vaikams belaukaint Velyk\u0173\" \/>\n<meta property=\"og:description\" content=\"Pavasaris gra\u017eiausias gamtos pabudimo laikotarpis. 7 nesud\u0117tingi darbeliai vaikams pavasario ir Velyk\u0173 tematika, kuriems nereiks ypating\u0173 med\u017eiag\u0173 ar \u012franki\u0173.\" \/>\n<meta property=\"og:url\" content=\"https:\/\/yoopies.lt\/c\/nesudetingi-darbeliai-vaikams-belaukiant-velyku\/\" \/>\n<meta property=\"og:site_name\" content=\"Yoopies Lietuva Blog\" \/>\n<meta property=\"article:modified_time\" content=\"2025-06-12T08:48:24+00:00\" \/>\n<meta property=\"og:image\" content=\"https:\/\/yoopies.lt\/c\/wp-content\/uploads\/sites\/12\/2024\/04\/4f674b3f-b5bf-4374-995a-0fe28a0a9894-untitleddesign281129.jpg\" \/>\n\t<meta property=\"og:image:width\" content=\"1200\" \/>\n\t<meta property=\"og:image:height\" content=\"816\" \/>\n\t<meta property=\"og:image:type\" content=\"image\/jpeg\" \/>\n<meta name=\"twitter:card\" content=\"summary_large_image\" \/>\n<meta name=\"twitter:label1\" content=\"Est. reading time\" \/>\n\t<meta name=\"twitter:data1\" content=\"3 minut\u0117s\" \/>\n<script type=\"application\/ld+json\" class=\"yoast-schema-graph\">{\"@context\":\"https:\/\/schema.org\",\"@graph\":[{\"@type\":\"WebPage\",\"@id\":\"https:\/\/yoopies.lt\/c\/nesudetingi-darbeliai-vaikams-belaukiant-velyku\/\",\"url\":\"https:\/\/yoopies.lt\/c\/nesudetingi-darbeliai-vaikams-belaukiant-velyku\/\",\"name\":\"7 nesud\u0117tingi darbeliai vaikams belaukaint Velyk\u0173\",\"isPartOf\":{\"@id\":\"https:\/\/yoopies.lt\/c\/#website\"},\"primaryImageOfPage\":{\"@id\":\"https:\/\/yoopies.lt\/c\/nesudetingi-darbeliai-vaikams-belaukiant-velyku\/#primaryimage\"},\"image\":{\"@id\":\"https:\/\/yoopies.lt\/c\/nesudetingi-darbeliai-vaikams-belaukiant-velyku\/#primaryimage\"},\"thumbnailUrl\":\"https:\/\/yoopies.lt\/c\/wp-content\/uploads\/sites\/12\/2024\/04\/4f674b3f-b5bf-4374-995a-0fe28a0a9894-untitleddesign281129.jpg\",\"datePublished\":\"2024-04-03T11:12:29+00:00\",\"dateModified\":\"2025-06-12T08:48:24+00:00\",\"description\":\"Pavasaris gra\u017eiausias gamtos pabudimo laikotarpis. 7 nesud\u0117tingi darbeliai vaikams pavasario ir Velyk\u0173 tematika, kuriems nereiks ypating\u0173 med\u017eiag\u0173 ar \u012franki\u0173.\",\"breadcrumb\":{\"@id\":\"https:\/\/yoopies.lt\/c\/nesudetingi-darbeliai-vaikams-belaukiant-velyku\/#breadcrumb\"},\"inLanguage\":\"lt-LT\",\"potentialAction\":[{\"@type\":\"ReadAction\",\"target\":[\"https:\/\/yoopies.lt\/c\/nesudetingi-darbeliai-vaikams-belaukiant-velyku\/\"]}]},{\"@type\":\"ImageObject\",\"inLanguage\":\"lt-LT\",\"@id\":\"https:\/\/yoopies.lt\/c\/nesudetingi-darbeliai-vaikams-belaukiant-velyku\/#primaryimage\",\"url\":\"https:\/\/yoopies.lt\/c\/wp-content\/uploads\/sites\/12\/2024\/04\/4f674b3f-b5bf-4374-995a-0fe28a0a9894-untitleddesign281129.jpg\",\"contentUrl\":\"https:\/\/yoopies.lt\/c\/wp-content\/uploads\/sites\/12\/2024\/04\/4f674b3f-b5bf-4374-995a-0fe28a0a9894-untitleddesign281129.jpg\",\"width\":1200,\"height\":816},{\"@type\":\"BreadcrumbList\",\"@id\":\"https:\/\/yoopies.lt\/c\/nesudetingi-darbeliai-vaikams-belaukiant-velyku\/#breadcrumb\",\"itemListElement\":[{\"@type\":\"ListItem\",\"position\":1,\"name\":\"Home\",\"item\":\"https:\/\/yoopies.lt\/c\/\"},{\"@type\":\"ListItem\",\"position\":2,\"name\":\"Nesud\u0117tingi darbeliai vaikams belaukiant Velyk\u0173\"}]},{\"@type\":\"WebSite\",\"@id\":\"https:\/\/yoopies.lt\/c\/#website\",\"url\":\"https:\/\/yoopies.lt\/c\/\",\"name\":\"Yoopies Lietuva Blog\",\"description\":\"\",\"publisher\":{\"@id\":\"https:\/\/yoopies.lt\/c\/#organization\"},\"potentialAction\":[{\"@type\":\"SearchAction\",\"target\":{\"@type\":\"EntryPoint\",\"urlTemplate\":\"https:\/\/yoopies.lt\/c\/?s={search_term_string}\"},\"query-input\":{\"@type\":\"PropertyValueSpecification\",\"valueRequired\":true,\"valueName\":\"search_term_string\"}}],\"inLanguage\":\"lt-LT\"},{\"@type\":\"Organization\",\"@id\":\"https:\/\/yoopies.lt\/c\/#organization\",\"name\":\"Yoopies Lietuva Blog\",\"url\":\"https:\/\/yoopies.lt\/c\/\",\"logo\":{\"@type\":\"ImageObject\",\"inLanguage\":\"lt-LT\",\"@id\":\"https:\/\/yoopies.lt\/c\/#\/schema\/logo\/image\/\",\"url\":\"https:\/\/yoopies.lt\/c\/wp-content\/uploads\/sites\/12\/2025\/05\/cropped-Logo_Yoopies-2.png\",\"contentUrl\":\"https:\/\/yoopies.lt\/c\/wp-content\/uploads\/sites\/12\/2025\/05\/cropped-Logo_Yoopies-2.png\",\"width\":512,\"height\":512,\"caption\":\"Yoopies Lietuva Blog\"},\"image\":{\"@id\":\"https:\/\/yoopies.lt\/c\/#\/schema\/logo\/image\/\"}}]}<\/script>\n<!-- \/ Yoast SEO plugin. -->","yoast_head_json":{"title":"7 nesud\u0117tingi darbeliai vaikams belaukaint Velyk\u0173","description":"Pavasaris gra\u017eiausias gamtos pabudimo laikotarpis. 7 nesud\u0117tingi darbeliai vaikams pavasario ir Velyk\u0173 tematika, kuriems nereiks ypating\u0173 med\u017eiag\u0173 ar \u012franki\u0173.","robots":{"index":"index","follow":"follow","max-snippet":"max-snippet:-1","max-image-preview":"max-image-preview:large","max-video-preview":"max-video-preview:-1"},"canonical":"https:\/\/yoopies.lt\/c\/nesudetingi-darbeliai-vaikams-belaukiant-velyku\/","og_locale":"lt_LT","og_type":"article","og_title":"7 nesud\u0117tingi darbeliai vaikams belaukaint Velyk\u0173","og_description":"Pavasaris gra\u017eiausias gamtos pabudimo laikotarpis. 7 nesud\u0117tingi darbeliai vaikams pavasario ir Velyk\u0173 tematika, kuriems nereiks ypating\u0173 med\u017eiag\u0173 ar \u012franki\u0173.","og_url":"https:\/\/yoopies.lt\/c\/nesudetingi-darbeliai-vaikams-belaukiant-velyku\/","og_site_name":"Yoopies Lietuva Blog","article_modified_time":"2025-06-12T08:48:24+00:00","og_image":[{"width":1200,"height":816,"url":"https:\/\/yoopies.lt\/c\/wp-content\/uploads\/sites\/12\/2024\/04\/4f674b3f-b5bf-4374-995a-0fe28a0a9894-untitleddesign281129.jpg","type":"image\/jpeg"}],"twitter_card":"summary_large_image","twitter_misc":{"Est. reading time":"3 minut\u0117s"},"schema":{"@context":"https:\/\/schema.org","@graph":[{"@type":"WebPage","@id":"https:\/\/yoopies.lt\/c\/nesudetingi-darbeliai-vaikams-belaukiant-velyku\/","url":"https:\/\/yoopies.lt\/c\/nesudetingi-darbeliai-vaikams-belaukiant-velyku\/","name":"7 nesud\u0117tingi darbeliai vaikams belaukaint Velyk\u0173","isPartOf":{"@id":"https:\/\/yoopies.lt\/c\/#website"},"primaryImageOfPage":{"@id":"https:\/\/yoopies.lt\/c\/nesudetingi-darbeliai-vaikams-belaukiant-velyku\/#primaryimage"},"image":{"@id":"https:\/\/yoopies.lt\/c\/nesudetingi-darbeliai-vaikams-belaukiant-velyku\/#primaryimage"},"thumbnailUrl":"https:\/\/yoopies.lt\/c\/wp-content\/uploads\/sites\/12\/2024\/04\/4f674b3f-b5bf-4374-995a-0fe28a0a9894-untitleddesign281129.jpg","datePublished":"2024-04-03T11:12:29+00:00","dateModified":"2025-06-12T08:48:24+00:00","description":"Pavasaris gra\u017eiausias gamtos pabudimo laikotarpis. 7 nesud\u0117tingi darbeliai vaikams pavasario ir Velyk\u0173 tematika, kuriems nereiks ypating\u0173 med\u017eiag\u0173 ar \u012franki\u0173.","breadcrumb":{"@id":"https:\/\/yoopies.lt\/c\/nesudetingi-darbeliai-vaikams-belaukiant-velyku\/#breadcrumb"},"inLanguage":"lt-LT","potentialAction":[{"@type":"ReadAction","target":["https:\/\/yoopies.lt\/c\/nesudetingi-darbeliai-vaikams-belaukiant-velyku\/"]}]},{"@type":"ImageObject","inLanguage":"lt-LT","@id":"https:\/\/yoopies.lt\/c\/nesudetingi-darbeliai-vaikams-belaukiant-velyku\/#primaryimage","url":"https:\/\/yoopies.lt\/c\/wp-content\/uploads\/sites\/12\/2024\/04\/4f674b3f-b5bf-4374-995a-0fe28a0a9894-untitleddesign281129.jpg","contentUrl":"https:\/\/yoopies.lt\/c\/wp-content\/uploads\/sites\/12\/2024\/04\/4f674b3f-b5bf-4374-995a-0fe28a0a9894-untitleddesign281129.jpg","width":1200,"height":816},{"@type":"BreadcrumbList","@id":"https:\/\/yoopies.lt\/c\/nesudetingi-darbeliai-vaikams-belaukiant-velyku\/#breadcrumb","itemListElement":[{"@type":"ListItem","position":1,"name":"Home","item":"https:\/\/yoopies.lt\/c\/"},{"@type":"ListItem","position":2,"name":"Nesud\u0117tingi darbeliai vaikams belaukiant Velyk\u0173"}]},{"@type":"WebSite","@id":"https:\/\/yoopies.lt\/c\/#website","url":"https:\/\/yoopies.lt\/c\/","name":"Yoopies Lietuva Blog","description":"","publisher":{"@id":"https:\/\/yoopies.lt\/c\/#organization"},"potentialAction":[{"@type":"SearchAction","target":{"@type":"EntryPoint","urlTemplate":"https:\/\/yoopies.lt\/c\/?s={search_term_string}"},"query-input":{"@type":"PropertyValueSpecification","valueRequired":true,"valueName":"search_term_string"}}],"inLanguage":"lt-LT"},{"@type":"Organization","@id":"https:\/\/yoopies.lt\/c\/#organization","name":"Yoopies Lietuva Blog","url":"https:\/\/yoopies.lt\/c\/","logo":{"@type":"ImageObject","inLanguage":"lt-LT","@id":"https:\/\/yoopies.lt\/c\/#\/schema\/logo\/image\/","url":"https:\/\/yoopies.lt\/c\/wp-content\/uploads\/sites\/12\/2025\/05\/cropped-Logo_Yoopies-2.png","contentUrl":"https:\/\/yoopies.lt\/c\/wp-content\/uploads\/sites\/12\/2025\/05\/cropped-Logo_Yoopies-2.png","width":512,"height":512,"caption":"Yoopies Lietuva Blog"},"image":{"@id":"https:\/\/yoopies.lt\/c\/#\/schema\/logo\/image\/"}}]}},"_links":{"self":[{"href":"https:\/\/yoopies.lt\/c\/wp-json\/wp\/v2\/pages\/18","targetHints":{"allow":["GET"]}}],"collection":[{"href":"https:\/\/yoopies.lt\/c\/wp-json\/wp\/v2\/pages"}],"about":[{"href":"https:\/\/yoopies.lt\/c\/wp-json\/wp\/v2\/types\/page"}],"author":[{"embeddable":true,"href":"https:\/\/yoopies.lt\/c\/wp-json\/wp\/v2\/users\/10"}],"replies":[{"embeddable":true,"href":"https:\/\/yoopies.lt\/c\/wp-json\/wp\/v2\/comments?post=18"}],"version-history":[{"count":1,"href":"https:\/\/yoopies.lt\/c\/wp-json\/wp\/v2\/pages\/18\/revisions"}],"predecessor-version":[{"id":27,"href":"https:\/\/yoopies.lt\/c\/wp-json\/wp\/v2\/pages\/18\/revisions\/27"}],"wp:featuredmedia":[{"embeddable":true,"href":"https:\/\/yoopies.lt\/c\/wp-json\/wp\/v2\/media\/26"}],"wp:attachment":[{"href":"https:\/\/yoopies.lt\/c\/wp-json\/wp\/v2\/media?parent=18"}],"curies":[{"name":"wp","href":"https:\/\/api.w.org\/{rel}","templated":true}]}}