{"id":215,"date":"2024-02-15T13:28:29","date_gmt":"2024-02-15T13:28:29","guid":{"rendered":"https:\/\/blog.yoopies.lt\/pranesimas-spaudai\/populiariausi-darbai-studentu-tarpe\/"},"modified":"2025-06-12T08:48:25","modified_gmt":"2025-06-12T08:48:25","slug":"populiariausi-darbai-studentu-tarpe","status":"publish","type":"page","link":"https:\/\/yoopies.lt\/c\/pranesimas-spaudai\/populiariausi-darbai-studentu-tarpe\/","title":{"rendered":"Populiariausi darbai student\u0173 tarpe"},"content":{"rendered":"<p><p>Darbas studij\u0173 metu gali padengti ne tik dal\u012f studij\u0173 ir pragyvenimo i&scaron;laid\u0173, bet tai ir puiki proga prad\u0117ti savo karjer\u0105, \u012fgyti patirties bei \u012fg\u016bd\u017ei\u0173. Bet kokia patirtis &#8211; gera patirtis ypa\u010d, jei prie&scaron; tai niekur nedirbote. \u017dinoma, kad prioritetas visada i&scaron;liks studijos, ta\u010diau darbas lanks\u010diu grafiku gali b\u016bti neblogas pasirinkimas i&scaron;naudoti laisv\u0105 laik\u0105 nuo moksl\u0173 ir atitr\u016bkti nuo studij\u0173 bent kelioms valandoms.<\/p>\n<p>Darbas &bdquo;nuo&hellip;iki&ldquo; yra neabejotinai stabilesnis atlyginimo at\u017evilgiu, ta\u010diau toks darbas, da\u017enai b\u016bna ma\u017eiau lankstus. Turintiems ma\u017eai paskait\u0173, \u012f kurias privaloma atvykti tai gali atrodyti neblogas variantas, ta\u010diau reik\u0117t\u0173 nepamir&scaron;ti, kad laiko ruo&scaron;tis egzaminams, nam\u0173 darbams, kursiniams taip pat reik\u0117s. Ar pavyks po visos darbo dienos dar pasinerti \u012f studijas taip, kad dalykas b\u016bt\u0173 suprastas ir i&scaron;moktas?<\/p>\n<p>&Scaron;iuo metu da\u017enai girdima, kad Lietuvoje, kaip niekada tr\u016bksta darbuotoj\u0173. Remiantis U\u017eimtumo tarnybos duomenimis, nedarbas, tarp 16-29 met\u0173 jaunuoli\u0173, palaipsniui ma\u017e\u0117ja. 2021 gruod\u017eio m\u0117nesio nedarbas sudar\u0117 9,3%, ta\u010diau iki pandeminio laikotarpio nedarbingumo rodikli\u0173 dar yra kur padirb\u0117ti. Rei&scaron;kia, kad tikimyb\u0117 rasti tinkam\u0105 darbo viet\u0105, kuri\u0105 b\u016bt\u0173 galima derinti ir su studijomis tikrai nema\u017ea. Ekspertai pateikia populiariausi\u0173 13 papildom\u0173 darbo galimybi\u0173, lanks\u010diai derinam\u0173 su studijomis, ir kuo, net ir i&scaron; pa\u017ei\u016bros atrodantis paprastas darbas, gali b\u016bti naudingas asmenyb\u0117s tobul\u0117jimui bei praversti tolimesn\u0117je karjeroje.<\/p>\n<p class=\"block-img\"><img decoding=\"async\" src=\"https:\/\/yoopies.lt\/c\/wp-content\/uploads\/sites\/12\/2024\/02\/d187c96a-2993-4a3b-ba80-3fc35e5e1226_ltstudentjobs28229.jpg\" alt=\"studentas\"><\/p>\n<\/p>\n<p><p>1.&nbsp;&nbsp;&nbsp;&nbsp;&nbsp;&nbsp; <strong>Padav\u0117jai<\/strong>. Vienas i&scaron; populiariausi\u0173 darb\u0173 student\u0173 tarpe. Darbinantis da\u017enai nereikalaujama patirties, puiki pozicija \u012f\u0117jimui \u012f darbo rink\u0105. <em>Koki\u0173 \u012fg\u016bd\u017ei\u0173 \u012fgyjama &scaron;iame darbe?<\/em> Kantryb\u0117s ir pozityvaus po\u017ei\u016brio \u012f klient\u0105, laiko planavimo ir veiklos organizavimo. Tenka i&scaron;mokti i&scaron;klausyti nusiskundimus, i&scaron;girsti keis\u010diausius pageidavimus ir atsakyti mandagiai.&nbsp; Did\u017eiausias minusas, neskaitant arbatpinigi\u0173, tai vienas i&scaron; ma\u017eiausiai apmokam\u0173 valandini\u0173 darb\u0173. <\/p>\n<p>2.&nbsp;&nbsp;&nbsp;&nbsp;&nbsp;&nbsp; <strong>Kavos ruo&scaron;imo meistras (barista)<\/strong>. Kaip ir padav\u0117jo darbo pozicijoje, taip ir dirbant barista malonus klient\u0173 aptarnavimas &#8211; b\u016btinyb\u0117. &Scaron;iame darbe taip pat prireikia ir specifini\u0173 \u017eini\u0173 apie kav\u0105, jos ruo&scaron;imo b\u016bdus, kilm\u0117s &scaron;al\u012f. Gali tekti aptarnauti ir tikrus kavos m\u0117g\u0117jus, kurie gali nor\u0117ti su\u017einoti&nbsp; ir daugiau informacijos apie j\u016bs\u0173 ruo&scaron;iam\u0105 kav\u0105. <em>Koki\u0173 \u012fg\u016bd\u017ei\u0173 \u012fgyjama?<\/em> Be abejo tapsite tikras kavos ekspertas, tobulinami&nbsp; darbo laiko organizavimo \u012fg\u016bd\u017eiai, i&scaron;mokstama&nbsp; dirbti kasa, da\u017enai baristos dirba po vien\u0105 ar du, tad suktis tenka greitai. <\/p>\n<p>3.&nbsp;&nbsp;&nbsp;&nbsp;&nbsp;&nbsp; <strong>Darbas skambu\u010di\u0173 centre.<\/strong> Intensyvus darbas, gali kelti daug streso, pareikalaus &scaron;alt\u0173 nerv\u0173 i&scaron;klausyti klient\u0173 skundus, suprasti j\u0173 poreikius. Toks darbas tikrai gera patirtis greitai atpa\u017einti, ar pavyks atlaikyti intensyv\u0173 u\u017eklaus\u0173 sraut\u0105. O gal kaip tik tai bus didelis atradimas, kad pad\u0117ti \u017emon\u0117ms jums patinka, mokate ai&scaron;kiai kalb\u0117ti, nuraminti ir nukreipti klientus tinkamu keliu. <em>Koki\u0173 \u012fg\u016bd\u017ei\u0173 \u012fgyjama?<\/em> Ai&scaron;kus min\u010di\u0173 d\u0117stymas, greita orientacija ir efektyvus tinkamiausi\u0173 sprendim\u0173 pri\u0117mimas. <\/p>\n<p>4.&nbsp;&nbsp;&nbsp;&nbsp;&nbsp;&nbsp; <strong>Aukl\u0117<\/strong>. Yra &scaron;imtai &scaron;eim\u0173, ie&scaron;kan\u010di\u0173 aukli\u0173 lanks\u010diu grafiku. T\u0117vai norintys i&scaron;eiti \u012f teatr\u0105 ar kin\u0105, atlikti savo darbus ar tiesiog pails\u0117ti nuo rutinos, mielai priima studentus savo vaik\u0173 kompanijai. Aukl\u0117s darbas itin patrauklus mylintiems vaikus ir lengvai randantiems kalb\u0105, komunikabiliems, kvailiot ir &scaron;\u0117lioti norintiems jaunuoliams. Kartu &scaron;itas darbas yra be galo atsakingas. Visgi pri\u017ei\u016brimas brangiausias &scaron;eimos turtas &ndash; ma\u017eas \u017emogus. Aukli\u0173 da\u017eniausiai t\u0117vai ie&scaron;ko per pa\u017e\u012fstamus ar bent su rekomendacijomis, bet internete galima rasti specifines<a target=\"_blank\" rel=\"noopener\" href=\"http:\/\/www.yoopies.lt\"> aukli\u0173 paie&scaron;kos svetaines.<\/a><em> Koki\u0173 \u012fg\u016bd\u017ei\u0173 \u012fgyjama dirbant aukle?<\/em> Atsakingumo, kantryb\u0117s, k\u016brybi&scaron;kumo, laiko planavimo ir pasitik\u0117jimo savimi. Skaitykite \u010dia, jei norinte daugiau su\u017einoti apie <a href=\"https:\/\/yoopies.lt\/c\/informacija-auklems\/ieskau-aukles-darbo\">aukl\u0117s darb\u0105<\/a>.<\/p>\n<p>5.&nbsp;&nbsp;&nbsp;&nbsp;&nbsp;&nbsp; <strong>Virtualus asistentas.<\/strong> Gan\u0117tinai naujas darbo pob\u016bdis, bet labai populiarus u\u017esienyje. Toki\u0173 darb\u0173 didel\u0117 pasi\u016bla angl\u0173 kalba. Lankstus darbo grafikas, galima dirbti bet kokiomis valandomis net ir \u012fmonei ar asmeniui esan\u010diam kitame pasaulio kampelyje. Virtualus asistentas da\u017enai atsakin\u0117ja \u012f u\u017eklausas, ruo&scaron;ia pristatymus ar ataskaitas. <em>Koki\u0173 \u012fg\u016bd\u017ei\u0173 \u012fgyjama? <\/em>I&scaron;mokstama puikiai planuoti savo laik\u0105, kruop&scaron;tumo, tai puiki patirtis dirbant su u\u017esienio kompanijomis.<\/p>\n<p>6.&nbsp;&nbsp;&nbsp;&nbsp;&nbsp;&nbsp; <strong>Korepetitorius<\/strong>. Bene geriausiai apmokamas valandinis darbas. Puiki galimyb\u0117 \u012egytas akademines \u017einias panaudoti kit\u0173 mokini\u0173 mokymui. Kadangi mokiniams da\u017eniausiai pamokos vyksta rytais, o papildomai mokosi po j\u0173, tai darbas&nbsp; lengvai galima derinamas su paskait\u0173 laiku. O kur dar atsiradusi galimyb\u0117 mokyti nuotoliniu b\u016bdu. Surasti tok\u012f darb\u0105 galima d\u0117dant skelbimus \u012f socialinius tinklus arba specializuotas korepetitori\u0173 darbo skelbim\u0173 platformas. <em>Koki\u0173 \u012fg\u016bd\u017ei\u0173 i&scaron;mokstama? <\/em>Dirbant korepetitoriumi lav\u0117ja bendravimo \u012fg\u016bd\u017eiai, tai puiki lyderyst\u0117s patirtis, gera praktika svajojantiems tapti mokytojais ar d\u0117stytojais. Daugiau skaitykite \u010dia <a href=\"https:\/\/yoopies.lt\/c\/korepetitorius-papildomas-uzdarbis-lyderystes-patirtis\">apie korepetitoriaus darb\u0105<\/a> bei <a target=\"_blank\" rel=\"noopener\" href=\"https:\/\/yoopies.lt\/korepetitoriaus-darbas\">registruokit\u0117s Yoopies svetain\u0117je ir tapkite korepetitoriumi<\/a>!<\/p>\n<p>7.&nbsp;&nbsp;&nbsp;&nbsp;&nbsp;&nbsp; <strong>Pardav\u0117jai\/konsultantai.<\/strong>&nbsp; Dar vienas i&scaron; populiariausi\u0173 darb\u0173 studij\u0173 metu. Preki\u0173 sal\u0117je pildymas, bendravimas su klientais, darbas su kasa, pardavim\u0173 apskaita tai tik keletas u\u017eduo\u010di\u0173, kurias atlieka pardav\u0117jai ar sal\u0117s darbuotojai. Darbas lankstus, neretai sezoni&scaron;kas, tad esant galimyb\u0117ms visada galimas darbo valand\u0173 didinimas. Koki\u0173 \u012fg\u016bd\u017ei\u0173 \u012fgyjama dirbant &scaron;\u012f darb\u0105? Komunikabilumo, paslaugumo, greitos orientacijos.<\/p>\n<p>8.&nbsp;&nbsp;&nbsp;&nbsp;&nbsp;&nbsp; <strong>Maisto i&scaron;ve\u017eiotojas.<\/strong> Paskutiniu metu ypa\u010d i&scaron;populiar\u0117j\u0119s darbas did\u017eiuosiuose miestuose. Ypa\u010d lankstus darbo grafikas, kuris gali b\u016bti koreguojamas nors ir t\u0105 pa\u010di\u0105 dien\u0105. Kiek u\u017edirbsite, tiesiogiai priklausys tik nuo j\u016bs\u0173 pa\u010di\u0173 noro. Tai papildomas darbas, kurio metu pajud\u0117site ir fizi&scaron;kai,&nbsp; jei nutarsite pristatin\u0117ti dvira\u010diu ir p\u0117s\u010diomis. <\/p>\n<p>9.&nbsp;&nbsp;&nbsp;&nbsp;&nbsp;&nbsp; <strong>Duomen\u0173 \u012fvedimo darbuotojas.<\/strong> Ypa\u010d tinkamas studentams m\u0117gstantiems kruop&scaron;tum\u0105 ir atidum\u0105. Darbas, kur\u012f lengvai galima atlikti&nbsp; ir nuotoliniu b\u016bdu, o tai rei&scaron;kia dar lankstesnes darbo valandas. Daugyb\u0117 duomen\u0173 suvedimo darbo skelbim\u0173 galima rasti u\u017esienio freelancer&rsquo;i\u0173 darb\u0173 platformose. <em>Koki\u0173 \u012fg\u016bd\u017ei\u0173 \u012fgyjama? <\/em>Atidumo, kruop&scaron;tumo,&nbsp; darbo specifin\u0117mis programomis, grei\u010dio suvedin\u0117jant duomenis.<\/p>\n<p>10.&nbsp;&nbsp; <strong>Gyv\u016bn\u0173 pri\u017ei\u016br\u0117tojas.<\/strong> Paskutiniu itin metu i&scaron;populiar\u0117j\u0119s ir bene ma\u017eiausiai streso sukeliantis papildomas darbas. Gyv\u016bnai visada laukia draugijos, pasivaik&scaron;\u010diojim\u0173 ir yra geros nuotaikos. Tik b\u016btina \u012fvertinti fizines galimybes, jei tekt\u0173 pri\u017ei\u016br\u0117ti didel\u012f &scaron;un\u012f, tad bent kokia patirtis su gyv\u016bnais \u010dia tikrai pravers. <em>Koki\u0173 \u012fg\u016bd\u017ei\u0173 \u012fgyjama? <\/em>Atsakomyb\u0117s, pasitik\u0117jimo, tai gera praktika b\u016bsimiems veterinarijos gydytojams. Gyv\u016bn\u0105 pri\u017ei\u016br\u0117ti i&scaron;vykus gali papra&scaron;yti pri\u017ei\u016br\u0117ti draugas ar kaimynas, bet galite toki\u0173 darbo skelbim\u0173 rasti ir <a target=\"_blank\" rel=\"noopener\" href=\"https:\/\/yoopies.lt\/gyvunu-priziuretojo-darbas\">pagalbos namuose platformose<\/a>.&nbsp;Skaitykite \u010dia daugiau <a href=\"https:\/\/yoopies.lt\/c\/gyvunu-prieziura-papildomas-darbas\">apie gyv\u016bn\u0173 pri\u017ei\u016br\u0117tojo darb\u0105<\/a>.<\/p>\n<p>11.&nbsp;&nbsp; <strong>Nam\u0173 ir ofis\u0173 tvarkymas<\/strong>. Vidutinis nam\u0173 tvarkytojos atlygis u\u017e valand\u0105 yra 10eur., ta\u010diau priklauso nuo miesto, kuriame gyvenate. M\u0117gstantiems tvark\u0105 ir &scaron;var\u0105, tiems kam, patinka dirbti sau ir savo tempu, tai puikus papildomas u\u017edarbis po studij\u0173. Darbinantis valytoju \u012fmon\u0117je, did\u017eioji dauguma ofis\u0173 tvarkoma po darbo valand\u0173, tad suderinti darbo valandas netur\u0117t\u0173 b\u016bti sunku. Dirbant tok\u012f darb\u0105 I&scaron;mokstama&nbsp; laiko planavimo, darbo organizavimo, bendravimo su klientais bei atsakomyb\u0117s. Daugiau skaitykite \u010dia apie <a href=\"https:\/\/yoopies.lt\/c\/5-savybes-praverciancios-namu-tvarkytojos-darbe\">nam\u0173 tvarkytojos darbo galimybes<\/a> bei <a target=\"_blank\" rel=\"noopener\" href=\"https:\/\/yoopies.lt\/namu-tvarkytojos-darbas\">registruokit\u0117s Yoopies svetain\u0117je<\/a> ir raskite nam\u0173 tvarkytojos darb\u0105!<\/p>\n<p>12.&nbsp;&nbsp; <strong>Vyresnio am\u017eiaus \u017emoni\u0173 prie\u017ei\u016bra.<\/strong> M\u0117gstate gyvenimi&scaron;kas istorijas? Darbas gali b\u016bti tiek pagalba buityje, pasivaik&scaron;\u010diojimai, maisto pirkimas, tiek speciali\u0173j\u0173 prie\u017ei\u016bros poreiki\u0173 turin\u010di\u0173 senoli\u0173 prie\u017ei\u016bra. Puikus papildomas darbas medicinos studentams, slaug\u0117ms. Senoli\u0173 prie\u017ei\u016bra tai labai prasminga veikla, kuriame i&scaron;mokstama atjautos, bendravimo, kantryb\u0117s ir pastabumo. Daugiau skaitykite \u010dia apie <a href=\"https:\/\/yoopies.lt\/c\/senyvo-amziaus-zmoniu-slaugymas-ka-reiketu-zinoti\">slaugytojos darbo galimybes<\/a> bei registruokit\u0117s Yoopies svetain\u0117je ir <a target=\"_blank\" rel=\"noopener\" href=\"https:\/\/yoopies.lt\/slauges-darbas\">raskite slaugytojos darb\u0105<\/a>! <\/p>\n<p>13.&nbsp;&nbsp; <strong>Asistentai.<\/strong> Suradus asistento pozicij\u0105, atitinkan\u010di\u0105 studijuojam\u0173 studij\u0173 krypt\u012f, tai gali tapti puikus startas karjeros kelyje. Neretai asistentai lieka dirbti ir toliau \u012fmon\u0117je, gauna nauding\u0173 kontakt\u0173, rekomendacij\u0173. Tiesa, &scaron;is darbas ma\u017eiau lankstus, nes \u012fmon\u0117ms reikalingi asistentai&nbsp; j\u0173 darbo metu, ta\u010diau labai naudingas \u012fg\u016bd\u017eiams, susijusiems su b\u016bsima karjera, \u012fgyti. Skirting\u0173 darbo sri\u010di\u0173 asistentai atlieka labai skirtingas u\u017eduotis, ta\u010diau gyvenimo apra&scaron;ymas, padirbus asistento darb\u0105, pasipildys puikiais laiko, darbo organizavimo, paslaugumo ir problem\u0173 sprendimo \u012fg\u016bd\u017eiais. <\/p><\/p>\n","protected":false},"excerpt":{"rendered":"<p>Darbas studij\u0173 metu gali padengti ne tik dal\u012f studij\u0173 ir pragyvenimo i&scaron;laid\u0173, bet tai ir &hellip; <\/p>\n","protected":false},"author":10,"featured_media":217,"parent":101,"menu_order":0,"comment_status":"closed","ping_status":"closed","template":"","meta":{"_acf_changed":false,"footnotes":""},"class_list":["post-215","page","type-page","status-publish","has-post-thumbnail","hentry"],"acf":[],"yoast_head":"<!-- This site is optimized with the Yoast SEO plugin v26.9 - https:\/\/yoast.com\/product\/yoast-seo-wordpress\/ -->\n<title>Populiariausi darbai student\u0173 tarpe lanks\u010diu grafiku<\/title>\n<meta name=\"description\" content=\"Studijuoji ir ie\u0161kai papildomo darbo \u0161alia studij\u0173? Gali rinktis i\u0161 13 skirting\u0173 darbo galimybi\u0173 lanks\u010diu grafiku, lengvai derinam\u0173 su studijomis.\" \/>\n<meta name=\"robots\" content=\"index, follow, max-snippet:-1, max-image-preview:large, max-video-preview:-1\" \/>\n<link rel=\"canonical\" href=\"https:\/\/yoopies.lt\/c\/pranesimas-spaudai\/populiariausi-darbai-studentu-tarpe\/\" \/>\n<meta property=\"og:locale\" content=\"lt_LT\" \/>\n<meta property=\"og:type\" content=\"article\" \/>\n<meta property=\"og:title\" content=\"Populiariausi darbai student\u0173 tarpe lanks\u010diu grafiku\" \/>\n<meta property=\"og:description\" content=\"Studijuoji ir ie\u0161kai papildomo darbo \u0161alia studij\u0173? Gali rinktis i\u0161 13 skirting\u0173 darbo galimybi\u0173 lanks\u010diu grafiku, lengvai derinam\u0173 su studijomis.\" \/>\n<meta property=\"og:url\" content=\"https:\/\/yoopies.lt\/c\/pranesimas-spaudai\/populiariausi-darbai-studentu-tarpe\/\" \/>\n<meta property=\"og:site_name\" content=\"Yoopies Lietuva Blog\" \/>\n<meta property=\"article:modified_time\" content=\"2025-06-12T08:48:25+00:00\" \/>\n<meta property=\"og:image\" content=\"https:\/\/yoopies.lt\/c\/wp-content\/uploads\/sites\/12\/2024\/02\/e0c9a45c-3fda-489c-9a9c-06cb8058b528-ltstudentjobs282292.jpg\" \/>\n\t<meta property=\"og:image:width\" content=\"1199\" \/>\n\t<meta property=\"og:image:height\" content=\"1040\" \/>\n\t<meta property=\"og:image:type\" content=\"image\/jpeg\" \/>\n<meta name=\"twitter:card\" content=\"summary_large_image\" \/>\n<meta name=\"twitter:label1\" content=\"Est. reading time\" \/>\n\t<meta name=\"twitter:data1\" content=\"7 minut\u0117s\" \/>\n<script type=\"application\/ld+json\" class=\"yoast-schema-graph\">{\"@context\":\"https:\/\/schema.org\",\"@graph\":[{\"@type\":\"WebPage\",\"@id\":\"https:\/\/yoopies.lt\/c\/pranesimas-spaudai\/populiariausi-darbai-studentu-tarpe\/\",\"url\":\"https:\/\/yoopies.lt\/c\/pranesimas-spaudai\/populiariausi-darbai-studentu-tarpe\/\",\"name\":\"Populiariausi darbai student\u0173 tarpe lanks\u010diu grafiku\",\"isPartOf\":{\"@id\":\"https:\/\/yoopies.lt\/c\/#website\"},\"primaryImageOfPage\":{\"@id\":\"https:\/\/yoopies.lt\/c\/pranesimas-spaudai\/populiariausi-darbai-studentu-tarpe\/#primaryimage\"},\"image\":{\"@id\":\"https:\/\/yoopies.lt\/c\/pranesimas-spaudai\/populiariausi-darbai-studentu-tarpe\/#primaryimage\"},\"thumbnailUrl\":\"https:\/\/yoopies.lt\/c\/wp-content\/uploads\/sites\/12\/2024\/02\/e0c9a45c-3fda-489c-9a9c-06cb8058b528-ltstudentjobs282292.jpg\",\"datePublished\":\"2024-02-15T13:28:29+00:00\",\"dateModified\":\"2025-06-12T08:48:25+00:00\",\"description\":\"Studijuoji ir ie\u0161kai papildomo darbo \u0161alia studij\u0173? Gali rinktis i\u0161 13 skirting\u0173 darbo galimybi\u0173 lanks\u010diu grafiku, lengvai derinam\u0173 su studijomis.\",\"breadcrumb\":{\"@id\":\"https:\/\/yoopies.lt\/c\/pranesimas-spaudai\/populiariausi-darbai-studentu-tarpe\/#breadcrumb\"},\"inLanguage\":\"lt-LT\",\"potentialAction\":[{\"@type\":\"ReadAction\",\"target\":[\"https:\/\/yoopies.lt\/c\/pranesimas-spaudai\/populiariausi-darbai-studentu-tarpe\/\"]}]},{\"@type\":\"ImageObject\",\"inLanguage\":\"lt-LT\",\"@id\":\"https:\/\/yoopies.lt\/c\/pranesimas-spaudai\/populiariausi-darbai-studentu-tarpe\/#primaryimage\",\"url\":\"https:\/\/yoopies.lt\/c\/wp-content\/uploads\/sites\/12\/2024\/02\/e0c9a45c-3fda-489c-9a9c-06cb8058b528-ltstudentjobs282292.jpg\",\"contentUrl\":\"https:\/\/yoopies.lt\/c\/wp-content\/uploads\/sites\/12\/2024\/02\/e0c9a45c-3fda-489c-9a9c-06cb8058b528-ltstudentjobs282292.jpg\",\"width\":1199,\"height\":1040},{\"@type\":\"BreadcrumbList\",\"@id\":\"https:\/\/yoopies.lt\/c\/pranesimas-spaudai\/populiariausi-darbai-studentu-tarpe\/#breadcrumb\",\"itemListElement\":[{\"@type\":\"ListItem\",\"position\":1,\"name\":\"Home\",\"item\":\"https:\/\/yoopies.lt\/c\/\"},{\"@type\":\"ListItem\",\"position\":2,\"name\":\"Prane\u0161imai spaudai\",\"item\":\"https:\/\/yoopies.lt\/c\/pranesimas-spaudai\/\"},{\"@type\":\"ListItem\",\"position\":3,\"name\":\"Populiariausi darbai student\u0173 tarpe\"}]},{\"@type\":\"WebSite\",\"@id\":\"https:\/\/yoopies.lt\/c\/#website\",\"url\":\"https:\/\/yoopies.lt\/c\/\",\"name\":\"Yoopies Lietuva Blog\",\"description\":\"\",\"publisher\":{\"@id\":\"https:\/\/yoopies.lt\/c\/#organization\"},\"potentialAction\":[{\"@type\":\"SearchAction\",\"target\":{\"@type\":\"EntryPoint\",\"urlTemplate\":\"https:\/\/yoopies.lt\/c\/?s={search_term_string}\"},\"query-input\":{\"@type\":\"PropertyValueSpecification\",\"valueRequired\":true,\"valueName\":\"search_term_string\"}}],\"inLanguage\":\"lt-LT\"},{\"@type\":\"Organization\",\"@id\":\"https:\/\/yoopies.lt\/c\/#organization\",\"name\":\"Yoopies Lietuva Blog\",\"url\":\"https:\/\/yoopies.lt\/c\/\",\"logo\":{\"@type\":\"ImageObject\",\"inLanguage\":\"lt-LT\",\"@id\":\"https:\/\/yoopies.lt\/c\/#\/schema\/logo\/image\/\",\"url\":\"https:\/\/yoopies.lt\/c\/wp-content\/uploads\/sites\/12\/2025\/05\/cropped-Logo_Yoopies-2.png\",\"contentUrl\":\"https:\/\/yoopies.lt\/c\/wp-content\/uploads\/sites\/12\/2025\/05\/cropped-Logo_Yoopies-2.png\",\"width\":512,\"height\":512,\"caption\":\"Yoopies Lietuva Blog\"},\"image\":{\"@id\":\"https:\/\/yoopies.lt\/c\/#\/schema\/logo\/image\/\"}}]}<\/script>\n<!-- \/ Yoast SEO plugin. -->","yoast_head_json":{"title":"Populiariausi darbai student\u0173 tarpe lanks\u010diu grafiku","description":"Studijuoji ir ie\u0161kai papildomo darbo \u0161alia studij\u0173? Gali rinktis i\u0161 13 skirting\u0173 darbo galimybi\u0173 lanks\u010diu grafiku, lengvai derinam\u0173 su studijomis.","robots":{"index":"index","follow":"follow","max-snippet":"max-snippet:-1","max-image-preview":"max-image-preview:large","max-video-preview":"max-video-preview:-1"},"canonical":"https:\/\/yoopies.lt\/c\/pranesimas-spaudai\/populiariausi-darbai-studentu-tarpe\/","og_locale":"lt_LT","og_type":"article","og_title":"Populiariausi darbai student\u0173 tarpe lanks\u010diu grafiku","og_description":"Studijuoji ir ie\u0161kai papildomo darbo \u0161alia studij\u0173? Gali rinktis i\u0161 13 skirting\u0173 darbo galimybi\u0173 lanks\u010diu grafiku, lengvai derinam\u0173 su studijomis.","og_url":"https:\/\/yoopies.lt\/c\/pranesimas-spaudai\/populiariausi-darbai-studentu-tarpe\/","og_site_name":"Yoopies Lietuva Blog","article_modified_time":"2025-06-12T08:48:25+00:00","og_image":[{"width":1199,"height":1040,"url":"https:\/\/yoopies.lt\/c\/wp-content\/uploads\/sites\/12\/2024\/02\/e0c9a45c-3fda-489c-9a9c-06cb8058b528-ltstudentjobs282292.jpg","type":"image\/jpeg"}],"twitter_card":"summary_large_image","twitter_misc":{"Est. reading time":"7 minut\u0117s"},"schema":{"@context":"https:\/\/schema.org","@graph":[{"@type":"WebPage","@id":"https:\/\/yoopies.lt\/c\/pranesimas-spaudai\/populiariausi-darbai-studentu-tarpe\/","url":"https:\/\/yoopies.lt\/c\/pranesimas-spaudai\/populiariausi-darbai-studentu-tarpe\/","name":"Populiariausi darbai student\u0173 tarpe lanks\u010diu grafiku","isPartOf":{"@id":"https:\/\/yoopies.lt\/c\/#website"},"primaryImageOfPage":{"@id":"https:\/\/yoopies.lt\/c\/pranesimas-spaudai\/populiariausi-darbai-studentu-tarpe\/#primaryimage"},"image":{"@id":"https:\/\/yoopies.lt\/c\/pranesimas-spaudai\/populiariausi-darbai-studentu-tarpe\/#primaryimage"},"thumbnailUrl":"https:\/\/yoopies.lt\/c\/wp-content\/uploads\/sites\/12\/2024\/02\/e0c9a45c-3fda-489c-9a9c-06cb8058b528-ltstudentjobs282292.jpg","datePublished":"2024-02-15T13:28:29+00:00","dateModified":"2025-06-12T08:48:25+00:00","description":"Studijuoji ir ie\u0161kai papildomo darbo \u0161alia studij\u0173? Gali rinktis i\u0161 13 skirting\u0173 darbo galimybi\u0173 lanks\u010diu grafiku, lengvai derinam\u0173 su studijomis.","breadcrumb":{"@id":"https:\/\/yoopies.lt\/c\/pranesimas-spaudai\/populiariausi-darbai-studentu-tarpe\/#breadcrumb"},"inLanguage":"lt-LT","potentialAction":[{"@type":"ReadAction","target":["https:\/\/yoopies.lt\/c\/pranesimas-spaudai\/populiariausi-darbai-studentu-tarpe\/"]}]},{"@type":"ImageObject","inLanguage":"lt-LT","@id":"https:\/\/yoopies.lt\/c\/pranesimas-spaudai\/populiariausi-darbai-studentu-tarpe\/#primaryimage","url":"https:\/\/yoopies.lt\/c\/wp-content\/uploads\/sites\/12\/2024\/02\/e0c9a45c-3fda-489c-9a9c-06cb8058b528-ltstudentjobs282292.jpg","contentUrl":"https:\/\/yoopies.lt\/c\/wp-content\/uploads\/sites\/12\/2024\/02\/e0c9a45c-3fda-489c-9a9c-06cb8058b528-ltstudentjobs282292.jpg","width":1199,"height":1040},{"@type":"BreadcrumbList","@id":"https:\/\/yoopies.lt\/c\/pranesimas-spaudai\/populiariausi-darbai-studentu-tarpe\/#breadcrumb","itemListElement":[{"@type":"ListItem","position":1,"name":"Home","item":"https:\/\/yoopies.lt\/c\/"},{"@type":"ListItem","position":2,"name":"Prane\u0161imai spaudai","item":"https:\/\/yoopies.lt\/c\/pranesimas-spaudai\/"},{"@type":"ListItem","position":3,"name":"Populiariausi darbai student\u0173 tarpe"}]},{"@type":"WebSite","@id":"https:\/\/yoopies.lt\/c\/#website","url":"https:\/\/yoopies.lt\/c\/","name":"Yoopies Lietuva Blog","description":"","publisher":{"@id":"https:\/\/yoopies.lt\/c\/#organization"},"potentialAction":[{"@type":"SearchAction","target":{"@type":"EntryPoint","urlTemplate":"https:\/\/yoopies.lt\/c\/?s={search_term_string}"},"query-input":{"@type":"PropertyValueSpecification","valueRequired":true,"valueName":"search_term_string"}}],"inLanguage":"lt-LT"},{"@type":"Organization","@id":"https:\/\/yoopies.lt\/c\/#organization","name":"Yoopies Lietuva Blog","url":"https:\/\/yoopies.lt\/c\/","logo":{"@type":"ImageObject","inLanguage":"lt-LT","@id":"https:\/\/yoopies.lt\/c\/#\/schema\/logo\/image\/","url":"https:\/\/yoopies.lt\/c\/wp-content\/uploads\/sites\/12\/2025\/05\/cropped-Logo_Yoopies-2.png","contentUrl":"https:\/\/yoopies.lt\/c\/wp-content\/uploads\/sites\/12\/2025\/05\/cropped-Logo_Yoopies-2.png","width":512,"height":512,"caption":"Yoopies Lietuva Blog"},"image":{"@id":"https:\/\/yoopies.lt\/c\/#\/schema\/logo\/image\/"}}]}},"_links":{"self":[{"href":"https:\/\/yoopies.lt\/c\/wp-json\/wp\/v2\/pages\/215","targetHints":{"allow":["GET"]}}],"collection":[{"href":"https:\/\/yoopies.lt\/c\/wp-json\/wp\/v2\/pages"}],"about":[{"href":"https:\/\/yoopies.lt\/c\/wp-json\/wp\/v2\/types\/page"}],"author":[{"embeddable":true,"href":"https:\/\/yoopies.lt\/c\/wp-json\/wp\/v2\/users\/10"}],"replies":[{"embeddable":true,"href":"https:\/\/yoopies.lt\/c\/wp-json\/wp\/v2\/comments?post=215"}],"version-history":[{"count":1,"href":"https:\/\/yoopies.lt\/c\/wp-json\/wp\/v2\/pages\/215\/revisions"}],"predecessor-version":[{"id":218,"href":"https:\/\/yoopies.lt\/c\/wp-json\/wp\/v2\/pages\/215\/revisions\/218"}],"up":[{"embeddable":true,"href":"https:\/\/yoopies.lt\/c\/wp-json\/wp\/v2\/pages\/101"}],"wp:featuredmedia":[{"embeddable":true,"href":"https:\/\/yoopies.lt\/c\/wp-json\/wp\/v2\/media\/217"}],"wp:attachment":[{"href":"https:\/\/yoopies.lt\/c\/wp-json\/wp\/v2\/media?parent=215"}],"curies":[{"name":"wp","href":"https:\/\/api.w.org\/{rel}","templated":true}]}}