{"id":28,"date":"2024-02-16T13:22:29","date_gmt":"2024-02-16T13:22:29","guid":{"rendered":"https:\/\/blog.yoopies.lt\/darzelis-ar-aukle\/"},"modified":"2025-06-12T08:48:24","modified_gmt":"2025-06-12T08:48:24","slug":"darzelis-ar-aukle","status":"publish","type":"page","link":"https:\/\/yoopies.lt\/c\/darzelis-ar-aukle\/","title":{"rendered":"Dar\u017eelis ar aukl\u0117: K\u0105 pasirinkti savo vaikui?"},"content":{"rendered":"<p><p>Kiekvienoje &scaron;eimoje vaik\u0105 pri\u017ei\u016brin\u010diam nariui at\u0117jus laikui sugr\u012f\u017eti \u012f darbus, mokslus ar atsiradus poreikiui vaik\u0105 ka\u017ekur palikti, i&scaron;kyla dvejon\u0117s, kas juo pasir\u016bpins geriausiai? Neturintiems galimybi\u0173 palikti ma\u017eyl\u012f seneliams lieka du pasirinkimai &ndash; dar\u017eelis arba aukl\u0117.<\/p>\n<p>Be abejo vieno atsakymo n\u0117ra, visi vaikai, &scaron;eimos ir j\u0173 situacijos labai skirtingos. Tiek vienas, tiek kitas variantas turi savo plius\u0173 ir minus\u0173. \u012e k\u0105 reik\u0117t\u0173 atkreipti d\u0117mes\u012f ir k\u0105 apsvarstyti tur\u0117t\u0173 &scaron;eima prie&scaron; priimant sprendim\u0105, aptarsime &scaron;iame straipsnyje.<\/p>\n<\/p>\n<figure><img decoding=\"async\" src=\"https:\/\/yoopies.lt\/c\/wp-content\/uploads\/sites\/12\/2024\/02\/72c1ad7f-1d61-456a-9e47-397984b6404b-craftsforkidslt28629.jpg\" \/><\/figure>\n<p><h2><strong>Dar\u017eelis<\/strong><\/h2>\n<\/p>\n<p>Ugdymo \u012fstaiga organizuojanti vaik\u0173 prie\u017ei\u016br\u0105 grup\u0117je.&nbsp; Vaik\u0173 kiekis labai priklauso nuo \u012fstaigos, ta\u010diau vidutini&scaron;kai valstybiniuose dar\u017eeliuose da\u017eniausiai b\u016bna nuo 15 iki 24 vaik\u0173. Priva\u010diame dar\u017eelyje nuo vos keli\u0173 iki keliolikos, priklausomai nuo konkretaus dar\u017eelio. <\/p>\n<h4><strong>Dar\u017eelio privalumai<\/strong><\/h4>\n<ul>\n<li>Viena i&scaron; pagrindini\u0173 prie\u017eas\u010di\u0173, kod\u0117l t\u0117vai renkasi dar\u017eel\u012f &ndash; socializacija. Tikimasi, kad ma\u017eyliai i&scaron;moks bendrauti, dalintis, palaukti, susiras draug\u0173, kurs santykius.<\/li>\n<li> Didelis pliusas dar\u017eelio yra strukt\u016brizuota dienotvark\u0117. Vaikai saugiau jau\u010diasi \u017einodami, kas po ko vyksta, kada pusry\u010diai, piet\u016bs ir vakarien\u0117, kada piet\u0173 miegelis ir kada ateis t\u0117veliai pasiimti. Rutina vaikams \u012f naud\u0105, ko ne visada pavyksta laikytis b\u016bnant namuose su aukle. <\/li>\n<li>Dar\u017eelyje samdomi tik pedagogin\u012f (arba tuo metu mokomasi) i&scaron;silavinim\u0105 turintys darbuotojai. Vesdami vaik\u0105 \u012f dar\u017eel\u012f, galite b\u016bti tikri, kad pri\u017ei\u016brintys asmenys, turi i&scaron;silavinim\u0105, reikaling\u0105 darbui su vaikais.<\/li>\n<li>Kaina. Pigiausias variantas vaiko prie\u017ei\u016brai &ndash; valstybinis dar\u017eelis. Pilnai lankant ir gaunant maitinim\u0105 valstybinis dar\u017eelis atsieis iki 100 eur per m\u0117nes\u012f. Tuo tarpu privatus dar\u017eelis &ndash; \u017eymiai brangiau. Pavyzd\u017eiui privataus dar\u017eelio kaina Vilniuje be savivaldyb\u0117s kompensacijos siekia nuo 250eur iki 700eur per m\u0117nes\u012f ne\u012fskai\u010dius maitinimo. Renkantis privat\u0173 dar\u017eel\u012f, jo kaina neretai nesiskiria ir nuo aukl\u0117s kainos. <\/li>\n<\/ul>\n<h4><strong>Dar\u017eelio tr\u016bkumai<\/strong><\/h4>\n<ul>\n<li> Prie dar\u017eelio ritmo ir tvarkara&scaron;\u010dio tur\u0117site prisitaikyti j\u016bs. Pavyzd\u017eiui ilgai miegantiems vaikams, m\u0117gstantiems v\u0117liau pusry\u010diauti ar turintiems visai kitok\u012f dienos ritm\u0105, gali b\u016bti sunku persiorientuoti prie naujo tvarkara&scaron;\u010dio. <\/li>\n<li>Personalo kaita. Ar privatus dar\u017eelis, ar valstybinis da\u017enai tiesa yra ta, kad darbuotojai kei\u010diasi da\u017enai. Prierai&scaron;iems, ma\u017eiems vaikams tai gali b\u016bti i&scaron;&scaron;\u016bkis. Pripratus prie vienos, staiga atsiranda kita, tuomet v\u0117l tenka kur\u012f laik\u0105 pratintis.<\/li>\n<li> Da\u017eni susirgimai. Tiek gydytojai, tiek t\u0117vai sutinka, kad ten kur susib\u016brimai &#8211; ten ir da\u017enos ligos. Turint omenyje, kad vaikai pradeda lankyti dar\u017eel\u012f ruden\u012f &ndash; nei&scaron;vengiamai bus ir susirgim\u0173. Nuo papras\u010diausio per&scaron;alimo iki infekcini\u0173 lig\u0173. Silpnesnio imuniteto vaikai \u012f dar\u017eel\u012f da\u017eniau neina, nei eina. Tai bene pagrindin\u0117 prie\u017eastis, kod\u0117l t\u0117vai ima svarstyti apie aukl\u0117s paslaugas. <\/li>\n<\/ul>\n<figure><img decoding=\"async\" src=\"https:\/\/yoopies.lt\/c\/wp-content\/uploads\/sites\/12\/2024\/02\/efac64d3-bfec-434c-9e4a-9cc420d9c33a-craftsforkidslt28429.jpg\" \/><\/figure>\n<p><h2><strong>Aukl\u0117 <\/strong><\/h2>\n<p>&nbsp;<\/p>\n<p>Individuali vaiko prie\u017ei\u016bra, atliepianti visus reikalingus fizinius, emocinius ir socialinius poreikius. Saugiausias, bet brangiausias variantas. T\u0117vai kartais baiminasi, <a href=\"https:\/\/yoopies.lt\/c\/ieskau-aukles\/aukles-interviu-klausimai\">pasirinkdami aukl\u0117s paslaugas<\/a>, kad vaikas nei&scaron;moks bendrauti, dalintis, palaukti visada b\u016bdamas su aukle. Ta\u010diau tai lengvai galite i&scaron;spr\u0119sti sutardami su aukle, kad tokie vaiko \u012fg\u016bd\u017eiai jums labai svarb\u016bs. Pra&scaron;ykite vaik\u0105 vesti kuo daugiau \u012f \u017eaidim\u0173 aik&scaron;teles, b\u016brelius, u\u017esi\u0117mimus, muzikos pamok\u0117les.<\/p>\n<p>Aukl\u0117 vienareik&scaron;mi&scaron;kai geriausias pasirinkimas daug sergantiems vaikams. Nors galima i&scaron;girsti pasisakymu, kad vaikui sirgti per mokslo metus iki 10 kart\u0173 normalu, visgi \u017emoni\u0173 organizmai labai skirtingi. Kas vienam liga gali b\u016bti imuniteto formavimasis, kit\u0105 da\u017enas sirgimas gali nema\u017eai i&scaron;varginti. \u012esisukus lig\u0173 ratui pavargsta ir vaikas, ir t\u0117vai.<\/p>\n<\/p>\n<h4><strong>Aukl\u0117s privalumai<\/strong><\/h4>\n<\/p>\n<ul>\n<li>Lengvesni pirmieji i&scaron;siskyrimai. Vien tai, kad vaikui tenka atsiskirti su t\u0117vais ir pasilikti su svetimu \u017emogumi, yra pirmas didelis stresas. Aukl\u0117s at\u0117jimas \u012f namus situacij\u0105 tikrai gali su&scaron;velninti, nes nesikei\u010dia bent aplinka &#8211; vaiko \u017eaislai, lova, puodukas ir visi kiti \u012fprasti dalykai lieka nepakit\u0119. <\/li>\n<li>Tinkama aukl\u0117 geb\u0117s pasir\u016bpinti individualia vaiko fizine, socialine ir emocine b\u016bkle. Visas aukl\u0117s laikas ir d\u0117mesys bus skirtas tik j\u016bs\u0173 vaiko prie\u017ei\u016brai. Jos lankstesn\u0117s, nei kad dar\u017eelyje dirban\u010dios aukl\u0117tojos. Aukl\u0117 gali b\u016bti puikus tarpkult\u016brinis pa\u017einimo &scaron;altinis. Aukli\u0173 paie&scaron;k\u0173 platformose galite surasti aukl\u0119 i&scaron; kitos &scaron;alies, kuri dar papildomai, kaip bonus\u0105 gal\u0117s pamokyti vaik\u0105 ir naujos kalbos. <\/li>\n<li> Lankstus grafikas. Aukl\u0117 tikrai lanks\u010diai gali prisitaikyti tiek prie j\u016bs\u0173 darbo grafikos, tiek prie vaiko individualios rutinos. Ateiti anks\u010diau ar v\u0117liau \u012f darb\u0105. Toks variantas tinka &scaron;eimoms, kur t\u0117vai dirba slenkan\u010diu ar nepastoviu grafiku. \n<\/li>\n<\/ul>\n<h4><strong>Aukli\u0173 tr\u016bkumai<\/strong><\/h4>\n<ul>\n<li><a href=\"https:\/\/yoopies.lt\/c\/ieskau-aukles\/kiek-kainuoja-aukle\">Aukl\u0117s paslaugos kainuoja<\/a> tikrai brangiau lyginant su valstybiniu dar\u017eeliu. Yoopies duomenimis <a href=\"https:\/\/yoopies.lt\/c\/ieskau-aukles\/kiek-kainuoja-aukle-vilniuje\">Vilniuje<\/a>, <a href=\"https:\/\/yoopies.lt\/c\/ieskau-aukles\/kiek-kainuoja-aukle-kaune\">Kaune <\/a>ir <a href=\"https:\/\/yoopies.lt\/c\/ieskau-aukles\/kiek-kainuoja-aukle-klaipedoje\">Klaip\u0117doje<\/a> vidutin\u0117 valandin\u0117s aukl\u0117s kaina 2023 metais gali svyruoti nuo 6 iki 12 eur u\u017e valand\u0105. Nuolatin\u0117s aukl\u0117s m\u0117nesio atlygis didmies\u010diuose gali svyruoti nuo 800-1200eur, o ma\u017eesniuose miestuose atsiseis 5 eur u\u017e valand\u0105 arba jei tai nuolatin\u0117 prie\u017ei\u016bra &#8211; 600-900eur.<\/li>\n<li>Jei dar\u017eelyje susirgus aukl\u0117tojai, ka\u017ek\u0105 j\u0105 pavaduoja, tai susirgus auklei, teks ie&scaron;koti kitos prie\u017ei\u016bros.<\/li>\n<li>Paie&scaron;kos gali u\u017etrukti. Surasti \u017emog\u0173, kuriam patik\u0117site savo did\u017eiausi\u0105 turt\u0105 gali u\u017etrukti nema\u017eai laiko. Geriausias variantas &ndash; rekomendacijos. Jei turite draug\u0173, pa\u017e\u012fstam\u0173 ar kaimyn\u0173, kurie nuo&scaron;ird\u017eiai gali rekomenduoti aukl\u0119 pra&scaron;ykite kontakt\u0173. Galite i&scaron;siklausin\u0117ti buvusios &scaron;eimos net ir smulkiausias detales. Kitas variantas paie&scaron;kos platformos. Sugai&scaron;ite ma\u017eiau laiko tiesiog d\u0117dami skelbimus ar ie&scaron;kodami aukli\u0173&nbsp; internete, <a target=\"_blank\" rel=\"noopener\" href=\"https:\/\/yoopies.lt\/aukle\">pasinaudojant aukli\u0173 paie&scaron;kos platformomis<\/a>. Daugiau informacijos, kaip surasti tinkam\u0105 aukl\u0119 skaitykite <a href=\"https:\/\/yoopies.lt\/c\/ieskau-aukles\/kaip-surasti-tinkama-aukle\">\u010dia<\/a>.<\/li>\n<\/ul>\n<p>Samdyti aukl\u0119 paprastai pasirenka &scaron;eima, kuriai reikalinga pagalba retkar\u010diais, kai seneliai ar kiti &scaron;eimos nariai negali pad\u0117ti. Apsispr\u0119sti gali neb\u016bti lengva, ta\u010diau j\u016bs\u0173 sprendimas bus tinkamiausias j\u016bs\u0173 &scaron;eimai. Pirma savait\u0117 su nauju asmeniu gali b\u016bti sud\u0117tinga j\u016bs\u0173 vaikui, ta\u010diau taipogi adaptacija dar\u017eelyje ar lop&scaron;elyje u\u017etrunka nema\u017eai laiko. Tad svarbiausiai \u012fsivertinti aukl\u0117s bei dar\u017eelio pliusus ir minusus ir pasirinkti variant\u0105, kuris bus tinkamiausias j\u016bs\u0173 &scaron;eimai.<\/p>\n<\/p>\n<figure><img decoding=\"async\" src=\"https:\/\/yoopies.lt\/c\/wp-content\/uploads\/sites\/12\/2024\/02\/0d26e06f-80ec-44a0-a568-37f30f093505-craftsforkidslt28529.jpg\" \/><\/figure>\n<p><a class=\"button\" href=\"https:\/\/yoopies.lt\/vaiku-prieziura\">Ie\u0161koti aukl\u0117s<\/a><\/p>\n","protected":false},"excerpt":{"rendered":"<p>Kiekvienoje &scaron;eimoje vaik\u0105 pri\u017ei\u016brin\u010diam nariui at\u0117jus laikui sugr\u012f\u017eti \u012f darbus, mokslus ar atsiradus poreikiui vaik\u0105 &hellip; <\/p>\n","protected":false},"author":10,"featured_media":32,"parent":0,"menu_order":0,"comment_status":"closed","ping_status":"closed","template":"","meta":{"_acf_changed":false,"footnotes":""},"class_list":["post-28","page","type-page","status-publish","has-post-thumbnail","hentry"],"acf":[],"yoast_head":"<!-- This site is optimized with the Yoast SEO plugin v26.9 - https:\/\/yoast.com\/product\/yoast-seo-wordpress\/ -->\n<title>Dar\u017eelis ar aukl\u0117: K\u0105 pasirinkti savo vaikui?<\/title>\n<meta name=\"description\" content=\"Trumpas gidas svarstantiems vaiko prie\u017ei\u016bros variantus, kas geriau - aukl\u0117 ar dar\u017eelis? Pateikiame aukl\u0117s bei dar\u017eelio privalumus ir tr\u016bkumus.\" \/>\n<meta name=\"robots\" content=\"index, follow, max-snippet:-1, max-image-preview:large, max-video-preview:-1\" \/>\n<link rel=\"canonical\" href=\"https:\/\/yoopies.lt\/c\/darzelis-ar-aukle\/\" \/>\n<meta property=\"og:locale\" content=\"lt_LT\" \/>\n<meta property=\"og:type\" content=\"article\" \/>\n<meta property=\"og:title\" content=\"Dar\u017eelis ar aukl\u0117: K\u0105 pasirinkti savo vaikui?\" \/>\n<meta property=\"og:description\" content=\"Trumpas gidas svarstantiems vaiko prie\u017ei\u016bros variantus, kas geriau - aukl\u0117 ar dar\u017eelis? Pateikiame aukl\u0117s bei dar\u017eelio privalumus ir tr\u016bkumus.\" \/>\n<meta property=\"og:url\" content=\"https:\/\/yoopies.lt\/c\/darzelis-ar-aukle\/\" \/>\n<meta property=\"og:site_name\" content=\"Yoopies Lietuva Blog\" \/>\n<meta property=\"article:modified_time\" content=\"2025-06-12T08:48:24+00:00\" \/>\n<meta property=\"og:image\" content=\"https:\/\/yoopies.lt\/c\/wp-content\/uploads\/sites\/12\/2024\/02\/0d26e06f-80ec-44a0-a568-37f30f093505-craftsforkidslt28529-1.jpg\" \/>\n\t<meta property=\"og:image:width\" content=\"1200\" \/>\n\t<meta property=\"og:image:height\" content=\"432\" \/>\n\t<meta property=\"og:image:type\" content=\"image\/jpeg\" \/>\n<meta name=\"twitter:card\" content=\"summary_large_image\" \/>\n<meta name=\"twitter:label1\" content=\"Est. reading time\" \/>\n\t<meta name=\"twitter:data1\" content=\"5 minut\u0117s\" \/>\n<script type=\"application\/ld+json\" class=\"yoast-schema-graph\">{\"@context\":\"https:\/\/schema.org\",\"@graph\":[{\"@type\":\"WebPage\",\"@id\":\"https:\/\/yoopies.lt\/c\/darzelis-ar-aukle\/\",\"url\":\"https:\/\/yoopies.lt\/c\/darzelis-ar-aukle\/\",\"name\":\"Dar\u017eelis ar aukl\u0117: K\u0105 pasirinkti savo vaikui?\",\"isPartOf\":{\"@id\":\"https:\/\/yoopies.lt\/c\/#website\"},\"primaryImageOfPage\":{\"@id\":\"https:\/\/yoopies.lt\/c\/darzelis-ar-aukle\/#primaryimage\"},\"image\":{\"@id\":\"https:\/\/yoopies.lt\/c\/darzelis-ar-aukle\/#primaryimage\"},\"thumbnailUrl\":\"https:\/\/yoopies.lt\/c\/wp-content\/uploads\/sites\/12\/2024\/02\/0d26e06f-80ec-44a0-a568-37f30f093505-craftsforkidslt28529-1.jpg\",\"datePublished\":\"2024-02-16T13:22:29+00:00\",\"dateModified\":\"2025-06-12T08:48:24+00:00\",\"description\":\"Trumpas gidas svarstantiems vaiko prie\u017ei\u016bros variantus, kas geriau - aukl\u0117 ar dar\u017eelis? Pateikiame aukl\u0117s bei dar\u017eelio privalumus ir tr\u016bkumus.\",\"breadcrumb\":{\"@id\":\"https:\/\/yoopies.lt\/c\/darzelis-ar-aukle\/#breadcrumb\"},\"inLanguage\":\"lt-LT\",\"potentialAction\":[{\"@type\":\"ReadAction\",\"target\":[\"https:\/\/yoopies.lt\/c\/darzelis-ar-aukle\/\"]}]},{\"@type\":\"ImageObject\",\"inLanguage\":\"lt-LT\",\"@id\":\"https:\/\/yoopies.lt\/c\/darzelis-ar-aukle\/#primaryimage\",\"url\":\"https:\/\/yoopies.lt\/c\/wp-content\/uploads\/sites\/12\/2024\/02\/0d26e06f-80ec-44a0-a568-37f30f093505-craftsforkidslt28529-1.jpg\",\"contentUrl\":\"https:\/\/yoopies.lt\/c\/wp-content\/uploads\/sites\/12\/2024\/02\/0d26e06f-80ec-44a0-a568-37f30f093505-craftsforkidslt28529-1.jpg\",\"width\":1200,\"height\":432},{\"@type\":\"BreadcrumbList\",\"@id\":\"https:\/\/yoopies.lt\/c\/darzelis-ar-aukle\/#breadcrumb\",\"itemListElement\":[{\"@type\":\"ListItem\",\"position\":1,\"name\":\"Home\",\"item\":\"https:\/\/yoopies.lt\/c\/\"},{\"@type\":\"ListItem\",\"position\":2,\"name\":\"Dar\u017eelis ar aukl\u0117: K\u0105 pasirinkti savo vaikui?\"}]},{\"@type\":\"WebSite\",\"@id\":\"https:\/\/yoopies.lt\/c\/#website\",\"url\":\"https:\/\/yoopies.lt\/c\/\",\"name\":\"Yoopies Lietuva Blog\",\"description\":\"\",\"publisher\":{\"@id\":\"https:\/\/yoopies.lt\/c\/#organization\"},\"potentialAction\":[{\"@type\":\"SearchAction\",\"target\":{\"@type\":\"EntryPoint\",\"urlTemplate\":\"https:\/\/yoopies.lt\/c\/?s={search_term_string}\"},\"query-input\":{\"@type\":\"PropertyValueSpecification\",\"valueRequired\":true,\"valueName\":\"search_term_string\"}}],\"inLanguage\":\"lt-LT\"},{\"@type\":\"Organization\",\"@id\":\"https:\/\/yoopies.lt\/c\/#organization\",\"name\":\"Yoopies Lietuva Blog\",\"url\":\"https:\/\/yoopies.lt\/c\/\",\"logo\":{\"@type\":\"ImageObject\",\"inLanguage\":\"lt-LT\",\"@id\":\"https:\/\/yoopies.lt\/c\/#\/schema\/logo\/image\/\",\"url\":\"https:\/\/yoopies.lt\/c\/wp-content\/uploads\/sites\/12\/2025\/05\/cropped-Logo_Yoopies-2.png\",\"contentUrl\":\"https:\/\/yoopies.lt\/c\/wp-content\/uploads\/sites\/12\/2025\/05\/cropped-Logo_Yoopies-2.png\",\"width\":512,\"height\":512,\"caption\":\"Yoopies Lietuva Blog\"},\"image\":{\"@id\":\"https:\/\/yoopies.lt\/c\/#\/schema\/logo\/image\/\"}}]}<\/script>\n<!-- \/ Yoast SEO plugin. -->","yoast_head_json":{"title":"Dar\u017eelis ar aukl\u0117: K\u0105 pasirinkti savo vaikui?","description":"Trumpas gidas svarstantiems vaiko prie\u017ei\u016bros variantus, kas geriau - aukl\u0117 ar dar\u017eelis? Pateikiame aukl\u0117s bei dar\u017eelio privalumus ir tr\u016bkumus.","robots":{"index":"index","follow":"follow","max-snippet":"max-snippet:-1","max-image-preview":"max-image-preview:large","max-video-preview":"max-video-preview:-1"},"canonical":"https:\/\/yoopies.lt\/c\/darzelis-ar-aukle\/","og_locale":"lt_LT","og_type":"article","og_title":"Dar\u017eelis ar aukl\u0117: K\u0105 pasirinkti savo vaikui?","og_description":"Trumpas gidas svarstantiems vaiko prie\u017ei\u016bros variantus, kas geriau - aukl\u0117 ar dar\u017eelis? Pateikiame aukl\u0117s bei dar\u017eelio privalumus ir tr\u016bkumus.","og_url":"https:\/\/yoopies.lt\/c\/darzelis-ar-aukle\/","og_site_name":"Yoopies Lietuva Blog","article_modified_time":"2025-06-12T08:48:24+00:00","og_image":[{"width":1200,"height":432,"url":"https:\/\/yoopies.lt\/c\/wp-content\/uploads\/sites\/12\/2024\/02\/0d26e06f-80ec-44a0-a568-37f30f093505-craftsforkidslt28529-1.jpg","type":"image\/jpeg"}],"twitter_card":"summary_large_image","twitter_misc":{"Est. reading time":"5 minut\u0117s"},"schema":{"@context":"https:\/\/schema.org","@graph":[{"@type":"WebPage","@id":"https:\/\/yoopies.lt\/c\/darzelis-ar-aukle\/","url":"https:\/\/yoopies.lt\/c\/darzelis-ar-aukle\/","name":"Dar\u017eelis ar aukl\u0117: K\u0105 pasirinkti savo vaikui?","isPartOf":{"@id":"https:\/\/yoopies.lt\/c\/#website"},"primaryImageOfPage":{"@id":"https:\/\/yoopies.lt\/c\/darzelis-ar-aukle\/#primaryimage"},"image":{"@id":"https:\/\/yoopies.lt\/c\/darzelis-ar-aukle\/#primaryimage"},"thumbnailUrl":"https:\/\/yoopies.lt\/c\/wp-content\/uploads\/sites\/12\/2024\/02\/0d26e06f-80ec-44a0-a568-37f30f093505-craftsforkidslt28529-1.jpg","datePublished":"2024-02-16T13:22:29+00:00","dateModified":"2025-06-12T08:48:24+00:00","description":"Trumpas gidas svarstantiems vaiko prie\u017ei\u016bros variantus, kas geriau - aukl\u0117 ar dar\u017eelis? Pateikiame aukl\u0117s bei dar\u017eelio privalumus ir tr\u016bkumus.","breadcrumb":{"@id":"https:\/\/yoopies.lt\/c\/darzelis-ar-aukle\/#breadcrumb"},"inLanguage":"lt-LT","potentialAction":[{"@type":"ReadAction","target":["https:\/\/yoopies.lt\/c\/darzelis-ar-aukle\/"]}]},{"@type":"ImageObject","inLanguage":"lt-LT","@id":"https:\/\/yoopies.lt\/c\/darzelis-ar-aukle\/#primaryimage","url":"https:\/\/yoopies.lt\/c\/wp-content\/uploads\/sites\/12\/2024\/02\/0d26e06f-80ec-44a0-a568-37f30f093505-craftsforkidslt28529-1.jpg","contentUrl":"https:\/\/yoopies.lt\/c\/wp-content\/uploads\/sites\/12\/2024\/02\/0d26e06f-80ec-44a0-a568-37f30f093505-craftsforkidslt28529-1.jpg","width":1200,"height":432},{"@type":"BreadcrumbList","@id":"https:\/\/yoopies.lt\/c\/darzelis-ar-aukle\/#breadcrumb","itemListElement":[{"@type":"ListItem","position":1,"name":"Home","item":"https:\/\/yoopies.lt\/c\/"},{"@type":"ListItem","position":2,"name":"Dar\u017eelis ar aukl\u0117: K\u0105 pasirinkti savo vaikui?"}]},{"@type":"WebSite","@id":"https:\/\/yoopies.lt\/c\/#website","url":"https:\/\/yoopies.lt\/c\/","name":"Yoopies Lietuva Blog","description":"","publisher":{"@id":"https:\/\/yoopies.lt\/c\/#organization"},"potentialAction":[{"@type":"SearchAction","target":{"@type":"EntryPoint","urlTemplate":"https:\/\/yoopies.lt\/c\/?s={search_term_string}"},"query-input":{"@type":"PropertyValueSpecification","valueRequired":true,"valueName":"search_term_string"}}],"inLanguage":"lt-LT"},{"@type":"Organization","@id":"https:\/\/yoopies.lt\/c\/#organization","name":"Yoopies Lietuva Blog","url":"https:\/\/yoopies.lt\/c\/","logo":{"@type":"ImageObject","inLanguage":"lt-LT","@id":"https:\/\/yoopies.lt\/c\/#\/schema\/logo\/image\/","url":"https:\/\/yoopies.lt\/c\/wp-content\/uploads\/sites\/12\/2025\/05\/cropped-Logo_Yoopies-2.png","contentUrl":"https:\/\/yoopies.lt\/c\/wp-content\/uploads\/sites\/12\/2025\/05\/cropped-Logo_Yoopies-2.png","width":512,"height":512,"caption":"Yoopies Lietuva Blog"},"image":{"@id":"https:\/\/yoopies.lt\/c\/#\/schema\/logo\/image\/"}}]}},"_links":{"self":[{"href":"https:\/\/yoopies.lt\/c\/wp-json\/wp\/v2\/pages\/28","targetHints":{"allow":["GET"]}}],"collection":[{"href":"https:\/\/yoopies.lt\/c\/wp-json\/wp\/v2\/pages"}],"about":[{"href":"https:\/\/yoopies.lt\/c\/wp-json\/wp\/v2\/types\/page"}],"author":[{"embeddable":true,"href":"https:\/\/yoopies.lt\/c\/wp-json\/wp\/v2\/users\/10"}],"replies":[{"embeddable":true,"href":"https:\/\/yoopies.lt\/c\/wp-json\/wp\/v2\/comments?post=28"}],"version-history":[{"count":1,"href":"https:\/\/yoopies.lt\/c\/wp-json\/wp\/v2\/pages\/28\/revisions"}],"predecessor-version":[{"id":33,"href":"https:\/\/yoopies.lt\/c\/wp-json\/wp\/v2\/pages\/28\/revisions\/33"}],"wp:featuredmedia":[{"embeddable":true,"href":"https:\/\/yoopies.lt\/c\/wp-json\/wp\/v2\/media\/32"}],"wp:attachment":[{"href":"https:\/\/yoopies.lt\/c\/wp-json\/wp\/v2\/media?parent=28"}],"curies":[{"name":"wp","href":"https:\/\/api.w.org\/{rel}","templated":true}]}}