{"id":34,"date":"2024-02-19T14:00:26","date_gmt":"2024-02-19T14:00:26","guid":{"rendered":"https:\/\/blog.yoopies.lt\/nuotolinis-mokymasis-ar-mokymasis-gyvai\/"},"modified":"2025-06-12T08:48:24","modified_gmt":"2025-06-12T08:48:24","slug":"nuotolinis-mokymasis-ar-mokymasis-gyvai","status":"publish","type":"page","link":"https:\/\/yoopies.lt\/c\/nuotolinis-mokymasis-ar-mokymasis-gyvai\/","title":{"rendered":"Nutolinis mokymasis ar tradicinis mokymasis susitikus gyvai?"},"content":{"rendered":"<p><p>Skaitmeninis pasaulis yra pa\u017eeng\u0119s labiau nei bet kada, \u012fskaitant mokymo paslaugas. Turint galimyb\u0119 mokytis i&scaron; savo kambario, naudojantis skaitmeniniais \u012frankiais, tokiais kaip &bdquo;Skype&ldquo;, &bdquo;Google Hangouts&ldquo;, &bdquo;Zoom&ldquo; ar kt., tradicinis mokymas, susitikus mokytojui ir mokiniui neb\u0117ra vienintelis b\u016bdas mokytis. <\/p>\n<p>\u017dvelgiant \u012f gan\u0117tinai nauj\u0105 nuotolinio mokymosi format\u0105, mums kilo klausimas, ar viena mokymosi forma yra prana&scaron;esn\u0117 u\u017e kit\u0105. Pirmas atsakymas b\u016bt\u0173: pasirinkimas tarp nuotolinio mokymo ir mokymosi bendraujant tiesiogiai priklauso nuo <strong>j\u016bs\u0173 <\/strong>poreiki\u0173. Svarstant geriausi\u0105 mokymosi b\u016bd\u0105, svarbu pasverti abiej\u0173 privalumus ir tr\u016bkumus. Tuomet gal\u0117site geriau \u012fsivertinti, kuris mokymosi b\u016bdas yra jums optimaliausias, atitinka j\u016bs\u0173 tvarkara&scaron;t\u012f bei planuojamas skirti investicijas. Nor\u0117dami pad\u0117ti jums apsispr\u0119sti, mes pareng\u0117me penki\u0173 svarbiausi\u0173 veiksni\u0173 s\u0105ra&scaron;\u0105, pasirenkant jums tinkamiausi\u0105 mokymosi b\u016bd\u0105.<\/p>\n<\/p>\n<figure><img decoding=\"async\" src=\"https:\/\/static.yoopies.com\/upload\/cms\/image\/34b7e77d06a3575c7c446b750100f8edd78f3a9e-prismic-foto-lavoro.jpg\" \/><\/figure>\n<p><h2><strong>1. Kokie j\u016bs\u0173 mokymosi poreikiai?<\/strong> <\/h2>\n<p>Renkantis nuotolin\u012f mokym\u0105 ar bendraujant tiesiogiai, turite \u012fsivertinti savo stipri\u0105sias puses bei mokymosi poreikius &#8211; ar jums labiau patinka mokytis per praktik\u0105, ar mielai mokot\u0117s naudodamiesi reg\u0117jimo ir klausos metodais? Ar lengvai bla&scaron;kot\u0117s, kai naudojat\u0117s kompiuteriu, ar jau\u010diat\u0117s patogiau mokydamiesi namuose?<\/p>\n<p>Taip pat labai svarbu pagalvoti apie dalyk\u0105, kur\u012f norite i&scaron;mokti. Tokie dalykai kaip matematika ar gamtos mokslai yra lengvai mokomi internetu, o mokytis naujo instrumento ar meno nuotoliniu b\u016bdu gali b\u016bti &scaron;iek tiek sud\u0117tingiau.<\/p>\n<\/p>\n<h2><strong>2. Kokiu metu galite mokytis? <\/strong><\/h2>\n<p>Kaip garsusis Markas Tvenas pasak\u0117: &bdquo;Prad\u0117jimo paslaptis yra prad\u017eia.&ldquo; Kaip greitai norite pasiekti rezultat\u0173? Kaip ilgai svarstyti apie mokymosi prad\u017ei\u0105? Nesvarbu, ar pasirenkate mokymasi nuotoliniu b\u016bdu ar bendraujant gyvai, geriausias laikas prad\u0117ti yra&#8230; dabar!<\/p>\n<p>Apskritai tiek mokymasis gyvai, tiek nuotoliniu b\u016bdu yra lankstus, nes korepetitoriai paprastai prisitaiko prie j\u016bs\u0173 grafiko. Visi korepetitoriai supranta, jog studentai turi \u012ftempt\u0105 tvarkara&scaron;t\u012f (juk jie stengiasi i&scaron;siver\u017eti \u012f priek\u012f ir pagerinti savo rezultatus). Vis d\u0117lto mokymasis nuotoliniu b\u016bdu suteikia &scaron;iek tiek daugiau lankstumo, kadangi yra sutaupoma laiko keliaujant transportu. Korepetitoriai, mokantys nuotoliniu b\u016bdu, paprastai gali suteikti pamokas bet kuriuo laiku, kas paprastai tinka asmenims su labai u\u017eimtu grafiku.<\/p>\n<h4> <\/h4>\n<h2><strong>3.<\/strong> <strong>Kur norite mokytis?<\/strong><\/h2>\n<p>Nuotolinis mokymasis yra akivaizdus pasirinkimas \u017emon\u0117ms, norintiems tur\u0117ti lankstum\u0105 d\u0117l vietos. Pasirinkdami nuotolin\u012f mokym\u0105si, galite mokytis i&scaron; bet kur ir bet kada. Pavyzd\u017eiui, jei reguliariai keliaujate ar atostogaujate, mokymasis internetu nesukelia jums nepatogum\u0173 ir galite u\u017etikrinti mokymosi t\u0119stinum\u0105.<\/p>\n<p>Ta\u010diau, tai nerei&scaron;kia, jog mokymasis bendraujant tiesiogiai n\u0117ra lankstus. Abipusiai su korepetitoriumi tur\u0117site nuspr\u0119sti d\u0117l mokymosi vietos, ar tai bus j\u016bs\u0173, ar korepetitoriaus namuose, o galb\u016bt jums patinkan\u010dioje ir patogioje vietoje esan\u010dioje kavinuk\u0117je.<\/p>\n<\/p>\n<h2><strong>4.<\/strong> <strong>Koks j\u016bs\u0173 biud\u017eetas?<\/strong><\/h2>\n<p>Paprastai mokymasis gyvai yra brangesnis nei mokymasis nuotoliniu b\u016bdu, vis\u0173 pirma d\u0117l transporto i&scaron;laid\u0173, laiko praleid\u017eiamo kelion\u0117je bei i&scaron;laid\u0173 mokymosi priemon\u0117ms, kaip knygos ir pratybos. Jei planuojate keliauti pas korepetitori\u0173, nepamir&scaron;kite \u012f savo biud\u017eet\u0105 \u012ftraukti kelion\u0117s \u012f priek\u012f ir atgal i&scaron;laid\u0173.<\/p>\n<h4> <\/h4>\n<h2><strong>5.<\/strong> <strong>Vis dar negalite apsispr\u0119sti?<\/strong><\/h2>\n<p>Jei vis dar negalite pasirinkti jums tinkamiausio mokymosi b\u016bdo, per\u017ei\u016br\u0117kite m\u016bs\u0173 <a href=\"https:\/\/yoopies.lt\/c\/kaip-surasti-korepetitoriu\">patarimus<\/a>, kur rasite daugiau informacijos apie mokymosi tikslus, galimybes ir kainas!<\/p>\n<p>Taip pat galite i&scaron;m\u0117ginti m\u016bs\u0173 internetin\u0119 platform\u0105 <a target=\"_blank\" rel=\"noopener\" href=\"https:\/\/yoopies.lt\">Yoopies.lt<\/a>. Tiesiog \u012fveskite savo pa&scaron;to kod\u0105 ir per\u017ei\u016br\u0117kite &scaron;imtus korepetitori\u0173, si\u016blan\u010di\u0173 savo paslaugas. I&scaron;sirinkite jums tinkamiausi\u0105 pagal kvalifikacij\u0105, patirt\u012f bei kain\u0105.<\/p>\n<\/p>\n<p><a class=\"button\" href=\"https:\/\/yoopies.lt\/korepetitoriai\">Ie\u0161koti korepetitoriaus su Yoopies<\/a><\/p>\n","protected":false},"excerpt":{"rendered":"<p>Skaitmeninis pasaulis yra pa\u017eeng\u0119s labiau nei bet kada, \u012fskaitant mokymo paslaugas. Turint galimyb\u0119 mokytis i&scaron; &hellip; <\/p>\n","protected":false},"author":10,"featured_media":35,"parent":0,"menu_order":0,"comment_status":"closed","ping_status":"closed","template":"","meta":{"_acf_changed":false,"footnotes":""},"class_list":["post-34","page","type-page","status-publish","has-post-thumbnail","hentry"],"acf":[],"yoast_head":"<!-- This site is optimized with the Yoast SEO plugin v26.9 - https:\/\/yoast.com\/product\/yoast-seo-wordpress\/ -->\n<title>Nutolinis mokymasis ar tradicinis mokymasis gyvai?<\/title>\n<meta name=\"description\" content=\"Koks yra geresnis pasirinkimas: nuotolinis mokymasis ar mokymasis bendraujant gyvai? Leiskite mums ap\u017evelgti abiej\u0173 privalumus ir tr\u016bkumus!\" \/>\n<meta name=\"robots\" content=\"index, follow, max-snippet:-1, max-image-preview:large, max-video-preview:-1\" \/>\n<link rel=\"canonical\" href=\"https:\/\/yoopies.lt\/c\/nuotolinis-mokymasis-ar-mokymasis-gyvai\/\" \/>\n<meta property=\"og:locale\" content=\"lt_LT\" \/>\n<meta property=\"og:type\" content=\"article\" \/>\n<meta property=\"og:title\" content=\"Nutolinis mokymasis ar tradicinis mokymasis gyvai?\" \/>\n<meta property=\"og:description\" content=\"Koks yra geresnis pasirinkimas: nuotolinis mokymasis ar mokymasis bendraujant gyvai? Leiskite mums ap\u017evelgti abiej\u0173 privalumus ir tr\u016bkumus!\" \/>\n<meta property=\"og:url\" content=\"https:\/\/yoopies.lt\/c\/nuotolinis-mokymasis-ar-mokymasis-gyvai\/\" \/>\n<meta property=\"og:site_name\" content=\"Yoopies Lietuva Blog\" \/>\n<meta property=\"article:modified_time\" content=\"2025-06-12T08:48:24+00:00\" \/>\n<meta property=\"og:image\" content=\"https:\/\/yoopies.lt\/c\/wp-content\/uploads\/sites\/12\/2024\/02\/ce122f3d-ea7a-4bb2-9429-f246e51d0330-jobinterviewpic.jpg\" \/>\n\t<meta property=\"og:image:width\" content=\"1200\" \/>\n\t<meta property=\"og:image:height\" content=\"800\" \/>\n\t<meta property=\"og:image:type\" content=\"image\/jpeg\" \/>\n<meta name=\"twitter:card\" content=\"summary_large_image\" \/>\n<meta name=\"twitter:label1\" content=\"Est. reading time\" \/>\n\t<meta name=\"twitter:data1\" content=\"3 minut\u0117s\" \/>\n<script type=\"application\/ld+json\" class=\"yoast-schema-graph\">{\"@context\":\"https:\/\/schema.org\",\"@graph\":[{\"@type\":\"WebPage\",\"@id\":\"https:\/\/yoopies.lt\/c\/nuotolinis-mokymasis-ar-mokymasis-gyvai\/\",\"url\":\"https:\/\/yoopies.lt\/c\/nuotolinis-mokymasis-ar-mokymasis-gyvai\/\",\"name\":\"Nutolinis mokymasis ar tradicinis mokymasis gyvai?\",\"isPartOf\":{\"@id\":\"https:\/\/yoopies.lt\/c\/#website\"},\"primaryImageOfPage\":{\"@id\":\"https:\/\/yoopies.lt\/c\/nuotolinis-mokymasis-ar-mokymasis-gyvai\/#primaryimage\"},\"image\":{\"@id\":\"https:\/\/yoopies.lt\/c\/nuotolinis-mokymasis-ar-mokymasis-gyvai\/#primaryimage\"},\"thumbnailUrl\":\"https:\/\/yoopies.lt\/c\/wp-content\/uploads\/sites\/12\/2024\/02\/ce122f3d-ea7a-4bb2-9429-f246e51d0330-jobinterviewpic.jpg\",\"datePublished\":\"2024-02-19T14:00:26+00:00\",\"dateModified\":\"2025-06-12T08:48:24+00:00\",\"description\":\"Koks yra geresnis pasirinkimas: nuotolinis mokymasis ar mokymasis bendraujant gyvai? Leiskite mums ap\u017evelgti abiej\u0173 privalumus ir tr\u016bkumus!\",\"breadcrumb\":{\"@id\":\"https:\/\/yoopies.lt\/c\/nuotolinis-mokymasis-ar-mokymasis-gyvai\/#breadcrumb\"},\"inLanguage\":\"lt-LT\",\"potentialAction\":[{\"@type\":\"ReadAction\",\"target\":[\"https:\/\/yoopies.lt\/c\/nuotolinis-mokymasis-ar-mokymasis-gyvai\/\"]}]},{\"@type\":\"ImageObject\",\"inLanguage\":\"lt-LT\",\"@id\":\"https:\/\/yoopies.lt\/c\/nuotolinis-mokymasis-ar-mokymasis-gyvai\/#primaryimage\",\"url\":\"https:\/\/yoopies.lt\/c\/wp-content\/uploads\/sites\/12\/2024\/02\/ce122f3d-ea7a-4bb2-9429-f246e51d0330-jobinterviewpic.jpg\",\"contentUrl\":\"https:\/\/yoopies.lt\/c\/wp-content\/uploads\/sites\/12\/2024\/02\/ce122f3d-ea7a-4bb2-9429-f246e51d0330-jobinterviewpic.jpg\",\"width\":1200,\"height\":800},{\"@type\":\"BreadcrumbList\",\"@id\":\"https:\/\/yoopies.lt\/c\/nuotolinis-mokymasis-ar-mokymasis-gyvai\/#breadcrumb\",\"itemListElement\":[{\"@type\":\"ListItem\",\"position\":1,\"name\":\"Home\",\"item\":\"https:\/\/yoopies.lt\/c\/\"},{\"@type\":\"ListItem\",\"position\":2,\"name\":\"Nutolinis mokymasis ar tradicinis mokymasis susitikus gyvai?\"}]},{\"@type\":\"WebSite\",\"@id\":\"https:\/\/yoopies.lt\/c\/#website\",\"url\":\"https:\/\/yoopies.lt\/c\/\",\"name\":\"Yoopies Lietuva Blog\",\"description\":\"\",\"publisher\":{\"@id\":\"https:\/\/yoopies.lt\/c\/#organization\"},\"potentialAction\":[{\"@type\":\"SearchAction\",\"target\":{\"@type\":\"EntryPoint\",\"urlTemplate\":\"https:\/\/yoopies.lt\/c\/?s={search_term_string}\"},\"query-input\":{\"@type\":\"PropertyValueSpecification\",\"valueRequired\":true,\"valueName\":\"search_term_string\"}}],\"inLanguage\":\"lt-LT\"},{\"@type\":\"Organization\",\"@id\":\"https:\/\/yoopies.lt\/c\/#organization\",\"name\":\"Yoopies Lietuva Blog\",\"url\":\"https:\/\/yoopies.lt\/c\/\",\"logo\":{\"@type\":\"ImageObject\",\"inLanguage\":\"lt-LT\",\"@id\":\"https:\/\/yoopies.lt\/c\/#\/schema\/logo\/image\/\",\"url\":\"https:\/\/yoopies.lt\/c\/wp-content\/uploads\/sites\/12\/2025\/05\/cropped-Logo_Yoopies-2.png\",\"contentUrl\":\"https:\/\/yoopies.lt\/c\/wp-content\/uploads\/sites\/12\/2025\/05\/cropped-Logo_Yoopies-2.png\",\"width\":512,\"height\":512,\"caption\":\"Yoopies Lietuva Blog\"},\"image\":{\"@id\":\"https:\/\/yoopies.lt\/c\/#\/schema\/logo\/image\/\"}}]}<\/script>\n<!-- \/ Yoast SEO plugin. -->","yoast_head_json":{"title":"Nutolinis mokymasis ar tradicinis mokymasis gyvai?","description":"Koks yra geresnis pasirinkimas: nuotolinis mokymasis ar mokymasis bendraujant gyvai? Leiskite mums ap\u017evelgti abiej\u0173 privalumus ir tr\u016bkumus!","robots":{"index":"index","follow":"follow","max-snippet":"max-snippet:-1","max-image-preview":"max-image-preview:large","max-video-preview":"max-video-preview:-1"},"canonical":"https:\/\/yoopies.lt\/c\/nuotolinis-mokymasis-ar-mokymasis-gyvai\/","og_locale":"lt_LT","og_type":"article","og_title":"Nutolinis mokymasis ar tradicinis mokymasis gyvai?","og_description":"Koks yra geresnis pasirinkimas: nuotolinis mokymasis ar mokymasis bendraujant gyvai? Leiskite mums ap\u017evelgti abiej\u0173 privalumus ir tr\u016bkumus!","og_url":"https:\/\/yoopies.lt\/c\/nuotolinis-mokymasis-ar-mokymasis-gyvai\/","og_site_name":"Yoopies Lietuva Blog","article_modified_time":"2025-06-12T08:48:24+00:00","og_image":[{"width":1200,"height":800,"url":"https:\/\/yoopies.lt\/c\/wp-content\/uploads\/sites\/12\/2024\/02\/ce122f3d-ea7a-4bb2-9429-f246e51d0330-jobinterviewpic.jpg","type":"image\/jpeg"}],"twitter_card":"summary_large_image","twitter_misc":{"Est. reading time":"3 minut\u0117s"},"schema":{"@context":"https:\/\/schema.org","@graph":[{"@type":"WebPage","@id":"https:\/\/yoopies.lt\/c\/nuotolinis-mokymasis-ar-mokymasis-gyvai\/","url":"https:\/\/yoopies.lt\/c\/nuotolinis-mokymasis-ar-mokymasis-gyvai\/","name":"Nutolinis mokymasis ar tradicinis mokymasis gyvai?","isPartOf":{"@id":"https:\/\/yoopies.lt\/c\/#website"},"primaryImageOfPage":{"@id":"https:\/\/yoopies.lt\/c\/nuotolinis-mokymasis-ar-mokymasis-gyvai\/#primaryimage"},"image":{"@id":"https:\/\/yoopies.lt\/c\/nuotolinis-mokymasis-ar-mokymasis-gyvai\/#primaryimage"},"thumbnailUrl":"https:\/\/yoopies.lt\/c\/wp-content\/uploads\/sites\/12\/2024\/02\/ce122f3d-ea7a-4bb2-9429-f246e51d0330-jobinterviewpic.jpg","datePublished":"2024-02-19T14:00:26+00:00","dateModified":"2025-06-12T08:48:24+00:00","description":"Koks yra geresnis pasirinkimas: nuotolinis mokymasis ar mokymasis bendraujant gyvai? Leiskite mums ap\u017evelgti abiej\u0173 privalumus ir tr\u016bkumus!","breadcrumb":{"@id":"https:\/\/yoopies.lt\/c\/nuotolinis-mokymasis-ar-mokymasis-gyvai\/#breadcrumb"},"inLanguage":"lt-LT","potentialAction":[{"@type":"ReadAction","target":["https:\/\/yoopies.lt\/c\/nuotolinis-mokymasis-ar-mokymasis-gyvai\/"]}]},{"@type":"ImageObject","inLanguage":"lt-LT","@id":"https:\/\/yoopies.lt\/c\/nuotolinis-mokymasis-ar-mokymasis-gyvai\/#primaryimage","url":"https:\/\/yoopies.lt\/c\/wp-content\/uploads\/sites\/12\/2024\/02\/ce122f3d-ea7a-4bb2-9429-f246e51d0330-jobinterviewpic.jpg","contentUrl":"https:\/\/yoopies.lt\/c\/wp-content\/uploads\/sites\/12\/2024\/02\/ce122f3d-ea7a-4bb2-9429-f246e51d0330-jobinterviewpic.jpg","width":1200,"height":800},{"@type":"BreadcrumbList","@id":"https:\/\/yoopies.lt\/c\/nuotolinis-mokymasis-ar-mokymasis-gyvai\/#breadcrumb","itemListElement":[{"@type":"ListItem","position":1,"name":"Home","item":"https:\/\/yoopies.lt\/c\/"},{"@type":"ListItem","position":2,"name":"Nutolinis mokymasis ar tradicinis mokymasis susitikus gyvai?"}]},{"@type":"WebSite","@id":"https:\/\/yoopies.lt\/c\/#website","url":"https:\/\/yoopies.lt\/c\/","name":"Yoopies Lietuva Blog","description":"","publisher":{"@id":"https:\/\/yoopies.lt\/c\/#organization"},"potentialAction":[{"@type":"SearchAction","target":{"@type":"EntryPoint","urlTemplate":"https:\/\/yoopies.lt\/c\/?s={search_term_string}"},"query-input":{"@type":"PropertyValueSpecification","valueRequired":true,"valueName":"search_term_string"}}],"inLanguage":"lt-LT"},{"@type":"Organization","@id":"https:\/\/yoopies.lt\/c\/#organization","name":"Yoopies Lietuva Blog","url":"https:\/\/yoopies.lt\/c\/","logo":{"@type":"ImageObject","inLanguage":"lt-LT","@id":"https:\/\/yoopies.lt\/c\/#\/schema\/logo\/image\/","url":"https:\/\/yoopies.lt\/c\/wp-content\/uploads\/sites\/12\/2025\/05\/cropped-Logo_Yoopies-2.png","contentUrl":"https:\/\/yoopies.lt\/c\/wp-content\/uploads\/sites\/12\/2025\/05\/cropped-Logo_Yoopies-2.png","width":512,"height":512,"caption":"Yoopies Lietuva Blog"},"image":{"@id":"https:\/\/yoopies.lt\/c\/#\/schema\/logo\/image\/"}}]}},"_links":{"self":[{"href":"https:\/\/yoopies.lt\/c\/wp-json\/wp\/v2\/pages\/34","targetHints":{"allow":["GET"]}}],"collection":[{"href":"https:\/\/yoopies.lt\/c\/wp-json\/wp\/v2\/pages"}],"about":[{"href":"https:\/\/yoopies.lt\/c\/wp-json\/wp\/v2\/types\/page"}],"author":[{"embeddable":true,"href":"https:\/\/yoopies.lt\/c\/wp-json\/wp\/v2\/users\/10"}],"replies":[{"embeddable":true,"href":"https:\/\/yoopies.lt\/c\/wp-json\/wp\/v2\/comments?post=34"}],"version-history":[{"count":1,"href":"https:\/\/yoopies.lt\/c\/wp-json\/wp\/v2\/pages\/34\/revisions"}],"predecessor-version":[{"id":36,"href":"https:\/\/yoopies.lt\/c\/wp-json\/wp\/v2\/pages\/34\/revisions\/36"}],"wp:featuredmedia":[{"embeddable":true,"href":"https:\/\/yoopies.lt\/c\/wp-json\/wp\/v2\/media\/35"}],"wp:attachment":[{"href":"https:\/\/yoopies.lt\/c\/wp-json\/wp\/v2\/media?parent=34"}],"curies":[{"name":"wp","href":"https:\/\/api.w.org\/{rel}","templated":true}]}}