{"id":43,"date":"2024-02-19T12:18:50","date_gmt":"2024-02-19T12:18:50","guid":{"rendered":"https:\/\/blog.yoopies.lt\/ieskau-aukles\/"},"modified":"2025-06-12T08:48:24","modified_gmt":"2025-06-12T08:48:24","slug":"ieskau-aukles","status":"publish","type":"page","link":"https:\/\/yoopies.lt\/c\/ieskau-aukles\/","title":{"rendered":"Kaip rasti tinkam\u0105 aukl\u0119: patarimai ir gudryb\u0117s"},"content":{"rendered":"<p><p>Rasti tinkam\u0105 aukl\u0119 savo vaikui gali b\u016bti i&scaron;&scaron;\u016bkis. Nors rinkoje yra daugyb\u0117 paslaug\u0173, svarbu i&scaron;sirinkti aukl\u0119, kuri atitikt\u0173 j\u016bs\u0173 &scaron;eimos poreikius ir b\u016bt\u0173 tinkama j\u016bs\u0173 vaikui, kadangi kiekvienas vaikas yra unikalus. Ar tai b\u016bt\u0173 prie\u017ei\u016bra reikalinga retkar\u010diais reikalams susitvarkyti ar aukl\u0117 pilnu etatu, jog t\u0117vai gal\u0117t\u0173 i&scaron;eiti \u012f darbus. Naujo asmens \u012fsileidimas \u012f savo namus bei vaik\u0173 gyvenimus gali kelti nema\u017e\u0105 jaudul\u012f, ypatingai &scaron;eimoms, kurios ie&scaron;ko aukl\u0117s pirm\u0105 kart\u0105. &Scaron;iame straipsnyje pateikiame kelet\u0105 patarim\u0173 ir gudrybi\u0173, kaip rasti tinkam\u0105 aukl\u0119 berniukui ar mergaitei Vilniuje bei kituose Lietuvos miestuose.<\/p>\n<ul>\n<li>Nustatykite savo poreikius: Prie&scaron; prad\u0117dami ie&scaron;koti aukl\u0117s, apibr\u0117\u017ekite savo &scaron;eimos poreikius. Ar jums reikia valandin\u0117s aukl\u0117s, ar vis\u0105 darbo dien\u0105? Ar aukl\u0117 tur\u0117t\u0173 mokinti bei lavinti vaik\u0105, ar tik u\u017eimti ir \u017eaisti su vaiku. Ar jums reikalinga aukl\u0117, kuri pri\u017ei\u016br\u0117t\u0173 vaik\u0105 ligos atveju? Atsakykite sau \u012f &scaron;iuos klausimus, kad geriau suprastum\u0117te, kokios aukl\u0117s jums reikia.<\/li>\n<li>Ie&scaron;kokite rekomendacij\u0173: Pasikonsultuokite su draugais, &scaron;eimos nariais ar kolegomis, kurie naudojasi aukl\u0117s paslaugomis. Jie gali suteikti verting\u0173 rekomendacij\u0173, pad\u0117sian\u010di\u0173 jums rasti patikim\u0105 aukl\u0119.<\/li>\n<li>Naudokit\u0117s aukli\u0173 paie&scaron;kos platformomis bei agent\u016bromis: yoopies.lt puslapyje galite rasti kokybi&scaron;kai atrinktas aukles Vilniuje, Kaune, Klaip\u0117doje bei kituose did\u017eiuosiuose Lietuvos miestuose. Taip pat galite kreiptis \u012f aukli\u0173 agent\u016br\u0105, kuri pad\u0117s jums surasti tinkam\u0105 aukl\u0119. <\/li>\n<li>Stiprinkite bendravim\u0105: Per pokalb\u012f su aukle svarbu i&scaron;siai&scaron;kinti jos l\u016bkes\u010dius ir u\u017etikrinti, kad ji turi patirties dirbant su vaikais, atitinkan\u010diais j\u016bs\u0173 &scaron;eimos poreikius. Taip pat svarbu aptarti, koki\u0173 metod\u0173 aukl\u0117 naudoja vaik\u0173 ugdyme, mokyme ir lavinime.<\/li>\n<li>Susipa\u017einkite su aukle asmeni&scaron;kai: Susitikimas su aukle asmeni&scaron;kai yra labai svarbus \u017eingsnis siekiant \u012fsitikinti, kad ji bus tinkama j\u016bs\u0173 vaikui. Stenkit\u0117s pasteb\u0117ti, kaip aukl\u0117 bendrauja su j\u016bs\u0173 vaiku.<\/li>\n<li>Skaitykite daugiau, <a href=\"https:\/\/yoopies.lt\/c\/ieskau-aukles\/kaip-surasti-tinkama-aukle\">kaip i&scaron;sirinkti tinkam\u0105 aukl\u0119<\/a>.\n<\/li>\n<\/ul>\n<h2><strong>Nuo ko prad\u0117ti aukl\u0117s paie&scaron;k\u0105?<\/strong><\/h2>\n<\/p>\n<p>\u012esivardinkite sau kriterijus, kuriais remsit\u0117s ie&scaron;kant j\u016bs\u0173 &scaron;eimai tinkamiausios aukl\u0117s. Tai gali b\u016bti patirtis vaik\u0173 prie\u017ei\u016broje, i&scaron;silavinimas, am\u017eius, atstumas nuo j\u016bs\u0173 nam\u0173, kit\u0173 &scaron;eim\u0173 rekomendacijos, vairuotojo pa\u017eym\u0117jimas ir automobilis&#8230; Ie&scaron;kant aukl\u0117s tur\u0117tum\u0117t tiksliai \u017einoti, kas jums yra svarbiausia ir kokia aukl\u0117 b\u016bt\u0173 tinkamiausia, priklausomai, ar reik\u0117s vaikus ve\u017eti \u012f mokykl\u0105, ar reik\u0117s pri\u017ei\u016br\u0117ti naujagim\u012f, ar da\u017enai esate situacijose kuomet jums reikalinga skubi aukl\u0117s pagalba &#8211; tuomet nor\u0117tum\u0117t i&scaron;sirinkti aukl\u0119, kuri gyvent\u0173 &scaron;alia j\u016bs\u0173. Taip pat labai svarbu nusimatyti savo &scaron;eimos biud\u017eet\u0105 ir \u012fsivardinti, <a href=\"https:\/\/yoopies.lt\/c\/ieskau-aukles\/kiek-kainuoja-aukle\">kiek galite mok\u0117ti auklei<\/a>.<\/p>\n<\/p>\n<h2><strong>Kur ie&scaron;koti aukl\u0117s?<\/strong><\/h2>\n<\/p>\n<p>&Scaron;iais laikais yra daugyb\u0117 b\u016bd\u0173, kaip galite rasti aukl\u0119. Vienas i&scaron; seniausi\u0173 aukl\u0117s paie&scaron;kos b\u016bd\u0173 yra kit\u0173 <strong>&scaron;eim\u0173 rekomendacijos<\/strong>. Ta\u010diau atkreipkite d\u0117mes\u012f, jog da\u017enai aukl\u0117, kuri tiko vienai &scaron;eimai, neb\u016btinai bus tinkama j\u016bs\u0173 &scaron;eimai. Vis\u0173 pirma d\u0117l atstumo nuo j\u016bs\u0173 nam\u0173 bei kit\u0173 jums svarbi\u0173 kriterij\u0173, kuriuos nusibr\u0117\u017e\u0117te aukl\u0117s paie&scaron;kos prad\u017eioje.<\/p>\n<p>Kitas b\u016bdas, kaip surasti tinkam\u0105 aukl\u0119, gali b\u016bti <strong>aukli\u0173 agent\u016bros<\/strong>. Nors aukli\u0173 agent\u016bros pasir\u016bpins visu aukl\u0117s paie&scaron;kos ir \u012fdarbinimo procesu u\u017e jus, tai da\u017enai yra tinkamesnis b\u016bdas toms &scaron;eimoms, kurios ie&scaron;ko aukl\u0117s ilgalaikiam bendradarbiavimui su pastoviu grafiku. Ta\u010diau net ir tuomet &scaron;i paslauga bus prieinama ne visoms &scaron;eimoms kadangi tai yra gan\u0117tinai brangi paslauga.<\/p>\n<p>Vis da\u017eniau &scaron;eimos renkasi <strong>internetines aukli\u0173 paslaug\u0173 platformas<\/strong>, kuri\u0173 pagalba &scaron;eima gali greitai ir pakankamai tiksliai i&scaron;sirinkti jiems tinkamiausi\u0105 aukl\u0119. <a target=\"_blank\" rel=\"noopener\" href=\"https:\/\/yoopies.lt\/aukle\">Yoopies platforma<\/a> yra pa\u017eangus ir patikimas aukli\u0173 paie&scaron;kos b\u016bdas, kur filtr\u0173 pagalba gal\u0117site ie&scaron;koti aukl\u0117s &scaron;alia savo nam\u0173, u\u017e jums prieinam\u0105 kain\u0105, su reikalaujama patirtimi ir kt. Per internetin\u0119 aukli\u0173 platform\u0105 galite ne tik rinktis ir ie&scaron;koti aukl\u0117s, bet ir u\u017esakyti aukl\u0117s paslaugas bei <a href=\"https:\/\/yoopies.lt\/c\/ieskau-aukles\/uzsakymas-internetu\">atlikti saugius mok\u0117jimus<\/a>.<\/p>\n<\/p>\n<h2><strong>Kaip i&scaron;sirinkti tinkam\u0105 aukl\u0119?<\/strong><\/h2>\n<\/p>\n<p>Jau \u017einote, kur galite ie&scaron;koti aukl\u0117s, o kaip atsirinkti tinkamiausi\u0105 j\u016bs\u0173 &scaron;eimai? &Scaron;iuo etapu jau nor\u0117site susitikti su aukle ir geriau susipa\u017einti. Susitikimo metu yra labai svarbu <a href=\"https:\/\/yoopies.lt\/c\/ieskau-aukles\/aukles-interviu-klausimai\">u\u017eduoti tinkamus klausimus<\/a>, i&scaron;siai&scaron;kinti aukl\u0117s patirt\u012f su tam tikro am\u017eiaus vaikais, po\u017ei\u016br\u012f \u012f vaik\u0173 aukl\u0117jim\u0105 bei tiesiog geriau pa\u017einti aukl\u0119. Aukl\u0117 paprastai tampa svarbia &scaron;eimos dalimi, tad b\u016bkite tikri, jog renkat\u0117s \u017emog\u0173, kuris atitinka j\u016bs\u0173 &scaron;eimos energetik\u0105, skirkite laiko pa\u017einti aukl\u0119 bei suprasti, ar tai j\u016bs\u0173 \u017emogus.<\/p>\n<p>part susipa\u017einimo su aukle, svarbu papra&scaron;yti aukl\u0117s <a href=\"https:\/\/yoopies.lt\/c\/ieskau-aukles\/aukles-interviu-klausimai\">atsine&scaron;ti dokumentus<\/a>, kuriuos nor\u0117site, jog aukl\u0117 pateikt\u0173. Tai gali b\u016bti<strong> kit\u0173 &scaron;eim\u0173 rekomendacijos<\/strong>, <strong>asmens dokumento kopija<\/strong>, <strong>(ne)teistumo pa\u017eyma<\/strong> ar <strong>pirmosios pagalbos kurs\u0173 pa\u017eyma<\/strong> ar kt. &Scaron;ie dokumentai pad\u0117s jums jaustis ramiau d\u0117l j\u016bs\u0173 vaiko saugumo bei labiau pasitik\u0117ti aukle ir jos kompetencija. Po pokalbio su aukle, gerai b\u016bt\u0173, jog suteiktum\u0117t auklei galimyb\u0119 pa\u017eaisti su j\u016bs\u0173 vaiku. Steb\u0117kite kaip j\u016bs\u0173 vaikas jau\u010diasi vienoje patalpoje su aukle, kaip aukl\u0117 prieina prie j\u016bs\u0173 vaiko, kaip elgiasi ir kita. Tai suteiks jums daug informacijos apie aukl\u0117s tinkamum\u0105 j\u016bs\u0173 &scaron;eimai. \u017dinoma, geriausia b\u016bt\u0173, jeigu susitiktum\u0117te su keliomis aukl\u0117mis, kad paskui tur\u0117tum\u0117te su kuo palyginti ir gal\u0117tum\u0117te lengviau atsirinkti.<\/p>\n<\/p>\n<h2><strong>Aukl\u0117s darbo prad\u017eia<\/strong><\/h2>\n<\/p>\n<p>I&scaron;sirinkus jums tinkamiausi\u0105 aukl\u0119, rekomenduojame pasilikti namuose ma\u017edaug 15 minu\u010di\u0173, kol j\u016bs\u0173 vaikai apsipras su nauju veidu. Nenustebkite, jei jums m\u0117ginant palikti namus, vaikas nusimins. Tai visi&scaron;kai normalu ir a&scaron;aros greitai i&scaron;nyks, kadangi aukl\u0117 pasir\u016bpins \u012fvairiomis veiklomis, kuriomis u\u017eims j\u016bs\u0173 vaik\u0105. Galite b\u016bti ram\u016bs, jog aukl\u0117 bus pripratusi prie &scaron;ios situacijos ir tur\u0117s \u012fg\u016bd\u017ei\u0173 atitraukti vaiko d\u0117mes\u012f bei nuraminti.<\/p>\n<p>Prie&scaron; i&scaron;einant, b\u016bt\u0173 gerai auklei aprodyti namus. Kur yra pirmosios pagalbos rinkinys? Kaip naudotis esan\u010diomis technologijomis namuose, kaip televizorius, virdulys, virykl\u0117? Taip pat tur\u0117tum\u0117te informuoti aukl\u0119 apie tai, kokie u\u017ekand\u017eiai ir (arba) valgiai leid\u017eiami vaikams bei ar auklei taipogi yra palikta maisto. Savaime suprantama, kad gali b\u016bti sunku nar&scaron;yti po nauj\u0105 virtuv\u0119, tod\u0117l b\u016btini virtuv\u0117s reikmenys tur\u0117t\u0173 b\u016bti palikti matomoje vietoje arba tuomet reik\u0117t\u0173 supa\u017eindinti aukl\u0119 su virtuve, kur k\u0105 galima rasti.<\/p>\n<p>Daugelis &scaron;eim\u0173 pamir&scaron;ta pasir\u016bpinti <strong>aukl\u0117s sutartimi<\/strong>. Tai ypatingai svarbus dokumentas, siekiant u\u017etikrinti susitarim\u0173 laikym\u0105si bei j\u016bs\u0173 vaiko saugumo. <a href=\"https:\/\/yoopies-cms.cdn.prismic.io\/yoopies-cms\/8e1dc723-b644-4066-ad26-03c353d105c8_paslaugu-teikimo-sutartis-aukle.doc\">Atsisi\u0173skite sutarties pavyzd\u012f<\/a> ir parenkite sutart\u012f remiantis sutartomis s\u0105lygomis ir reikalavimais, kuriuos aptar\u0117te su aukle. Reikia patarim\u0173, <a href=\"https:\/\/yoopies.lt\/c\/ieskau-aukles\/sutartis-su-aukle\">kokias s\u0105lygas b\u016bt\u0173 gerai \u012fsitraukti \u012f sutart\u012f su aukle<\/a>? Nepamir&scaron;kite pamin\u0117ti darbo laiko, u\u017emokes\u010dio, papildom\u0173 darb\u0173, kaip maisto gaminimas ar tvarkymas bei kit\u0173 svarbi\u0173 punkt\u0173, kurie u\u017etikrins j\u016bs\u0173 vaiko saugum\u0105 bei ai&scaron;kiai nubr\u0117\u017et\u0173 reikalavim\u0173 laikym\u0105si. Taipogi nepamir&scaron;kite, jog \u012fdarbindami legaliai dirban\u010di\u0105 aukl\u0119, pagal individualios veiklos pa\u017eym\u0105 ar verslo liudijim\u0105, gal\u0117site pasinaudoti <a href=\"https:\/\/yoopies.lt\/c\/ieskau-aukles\/lengvata-uz-aukles-paslaugas\">GPM lengvata<\/a> bei pajam\u0173 deklaravimo metu<strong> susigr\u0105\u017einti net iki 400eur<\/strong>. <\/p>\n<p>Susitvarkius svarbiausius dokumentus bei prie&scaron; paliekant aukl\u0119 su vaiku, \u012fsitikinkite jog aukl\u0117 turi vis\u0105 reikaling\u0105 informacij\u0105, kaip j\u016bs\u0173 kontaktiniai duomenys, informacija apie vaiko alergijas ar valgymo \u012fpro\u010dius, pirmosios pagalbos rinkinys ir kt.<\/p>\n<\/p>\n<h2><strong>Kiek kainuoja aukl\u0117?<\/strong><\/h2>\n<\/p>\n<p>Vidutin\u0117 <strong>aukl\u0117s kaina<\/strong> yra 8eur.\/val. Ta\u010diau, kaina gali svyruoti nuo 6-12 eur.\/val., priklausomai nuo:<\/p>\n<ul>\n<li>Gyvenamosios vietos &#8211; priklausomai ar gyvenate Vilniuje, Kaune, Klaip\u0117doje ar ma\u017eesniuose miestuose, aukl\u0117s \u012fkainiai skiriasi atitinkamai. Daugiau informacijos apie kainas:<br \/>\n-&gt; <a href=\"https:\/\/yoopies.lt\/c\/ieskau-aukles\/kiek-kainuoja-aukle-vilniuje\">kiek kainuoja aukl\u0117 Vilniuje<\/a>;<\/li>\n<li>-&gt; <a href=\"https:\/\/yoopies.lt\/c\/ieskau-aukles\/kiek-kainuoja-aukle-kaune\">kiek kainuoja aukl\u0117 Kaune<\/a>;<\/li>\n<li>-&gt; <a href=\"https:\/\/yoopies.lt\/c\/ieskau-aukles\/kiek-kainuoja-aukle-klaipedoje\">kiek kainuoja aukl\u0117 Klaip\u0117doje<\/a>.<\/li>\n<li>Papildomos nam\u0173 ruo&scaron;os u\u017eduotys, kaip nam\u0173 sutvarkymas, skalbimas, maisto apipirkimas ir kt. paprastai rei&scaron;kia didesn\u012f aukl\u0117s \u012fkain\u012f. Neapsigaukite, paprastai nam\u0173 aptvarkymas po vaiko (\u017eaisl\u0173 surinkimas, ind\u0173 suplovimas vaikui pavalgius) neturi \u012ftakos aukl\u0117s \u012fkainiams.<\/li>\n<li>Aukl\u0117s patirties. Da\u017eniausiai aukl\u0117s su patirtimi, aukl\u0117tojos ar mokytojos \u012fkainiai yra didesni negu ma\u017eiau patyrusi\u0173 jaunesni\u0173 aukli\u0173.<\/li>\n<li>Darbo valandos. Priklausomai, ar aukl\u0117 dirbs vis\u0105 dien\u0105 ar kelias valandas &#8211; tai taipogi tur\u0117s \u012ftakos aukl\u0117s valandiniam \u012fkainiui. Jeigu aukl\u0117 dirba pilna darbo dien\u0105 penkias dienas per savait\u0119, ar kelias dienas per savait\u0119, tikriausiai tarsit\u0117s d\u0117l m\u0117nesinio u\u017emokes\u010dio ir valandinis \u012fkainis atitinkamai bus ma\u017eesnis. Tuo tarpu, aukl\u0117s, kuri atvyks vaik\u0105 pri\u017ei\u016br\u0117ti tik kelias valandas, tik\u0117tina, kad \u012fkainis bus didesnis. Taip yra tod\u0117l, kad auklei kainuoja bei u\u017eima laiko iki j\u016bs\u0173 atvykti, tad kaina atitinkamai truputi i&scaron;auga.<\/li>\n<\/ul>\n<p>Skaitykite pla\u010diau, <a href=\"https:\/\/yoopies.lt\/c\/ieskau-aukles\/kiek-kainuoja-aukle\">kiek kainuoja aukl\u0117<\/a>.<\/p>\n<\/p>\n<h2><strong>Dar\u017eelis ar aukl\u0117 <\/strong><\/h2>\n<p>Be abejo vieno atsakymo n\u0117ra, visi vaikai, &scaron;eimos ir j\u0173 situacijos labai skirtingos. Tiek vienas, tiek kitas variantas turi savo plius\u0173 ir minus\u0173. \u012e k\u0105 reik\u0117t\u0173 atkreipti d\u0117mes\u012f ir k\u0105 apsvarstyti tur\u0117t\u0173 &scaron;eima prie&scaron; priimant sprendim\u0105, galite skaityti m\u016bs\u0173 <a href=\"https:\/\/yoopies.lt\/c\/darzelis-ar-aukle\">&scaron;iame straipsnyje<\/a>.<\/p>\n<\/p>\n<h2><strong>Darbo ir &scaron;eimos balansas<\/strong><\/h2>\n<\/p>\n<p>Atrasti pusiausvyr\u0105 tarp darbo ir &scaron;eimos atsakomybi\u0173, da\u017enai n\u0117ra paprasta. Norime su jumis pasidalinti <a href=\"https:\/\/yoopies.lt\/c\/ieskau-aukles\/darbo-ir-seimos-balansas\">keliais patarimais<\/a>, kurie galb\u016bt pad\u0117s suderinti skirtingas atsakomybes.<\/p>\n<p>Kiekviena mama tur\u0117t\u0173 nepamir&scaron;ti skirti truputi laiko sau ir atsipalaiduoti, <a href=\"https:\/\/yoopies.lt\/c\/ieskau-aukles\/treatwell-grozio-paslaugos\">pasim\u0117gauti gro\u017eio proced\u016bromis<\/a> ir pasilepinti. I&scaron;sirinkite savait\u0117je laik\u0105 kuomet keliausite \u012f gro\u017eio salon\u0105 susitvarkyti plauk\u0173, nag\u0173, o gal pasim\u0117gauti nugaros masa\u017eu!<\/p>\n<\/p>\n<h2><strong><a target=\"_blank\" rel=\"noopener\" href=\"https:\/\/yoopies.lt\/aukles\">Ie&scaron;kau aukl\u0117s<\/a> jau dabar!<\/strong><\/h2>\n<\/p>\n<p>&bdquo;Yoopies&ldquo; aukl\u0117s si\u016blo patikim\u0105 ir auk&scaron;tos kokyb\u0117s prie\u017ei\u016br\u0105 j\u016bs\u0173 vaikams &#8211; <a target=\"_blank\" rel=\"noopener\" href=\"https:\/\/yoopies.lt\/aukles\">susisiekite jau dabar<\/a>!<\/p>\n<p>U\u017esiregistruokite nemokamai, \u012fkelkite skelbim\u0105 bei nurodykite savo poreikius. Aukl\u0117s susisieks su jumis su pasi\u016blymais arba galite patys ie&scaron;koti aukl\u0117s ir atsirinkti tinkamiausias aukles filtr\u0173 pagalba.<\/p>\n<\/p>\n<p><a class=\"button\" href=\"https:\/\/yoopies.lt\/aukles\">Ie\u0161koti aukl\u0117s!<\/a><\/p>\n<p><p class=\"block-img\"><img decoding=\"async\" src=\"https:\/\/yoopies.lt\/c\/wp-content\/uploads\/sites\/12\/2024\/02\/779bab5c-e3cf-4aa3-a7b7-8ba3ff73bb1c_23.jpg\" alt=\"vaikas\"><\/p><\/p>\n","protected":false},"excerpt":{"rendered":"<p>Rasti tinkam\u0105 aukl\u0119 savo vaikui gali b\u016bti i&scaron;&scaron;\u016bkis. Nors rinkoje yra daugyb\u0117 paslaug\u0173, svarbu i&scaron;sirinkti &hellip; <\/p>\n","protected":false},"author":10,"featured_media":45,"parent":0,"menu_order":0,"comment_status":"closed","ping_status":"closed","template":"","meta":{"_acf_changed":false,"footnotes":""},"class_list":["post-43","page","type-page","status-publish","has-post-thumbnail","hentry"],"acf":[],"yoast_head":"<!-- This site is optimized with the Yoast SEO plugin v26.9 - https:\/\/yoast.com\/product\/yoast-seo-wordpress\/ -->\n<title>Ie\u0161kai aukl\u0117s? Visa informacija t\u0117vams!<\/title>\n<meta name=\"description\" content=\"Informacija t\u0117vams, kaip surasti tinkam\u0105 aukl\u0119, nuo ko prad\u0117ti, kur ie\u0161koti aukl\u0117s, kaip atsirinkti ir kt.\" \/>\n<meta name=\"robots\" content=\"index, follow, max-snippet:-1, max-image-preview:large, max-video-preview:-1\" \/>\n<link rel=\"canonical\" href=\"https:\/\/yoopies.lt\/c\/ieskau-aukles\/\" \/>\n<meta property=\"og:locale\" content=\"lt_LT\" \/>\n<meta property=\"og:type\" content=\"article\" \/>\n<meta property=\"og:title\" content=\"Ie\u0161kai aukl\u0117s? Visa informacija t\u0117vams!\" \/>\n<meta property=\"og:description\" content=\"Informacija t\u0117vams, kaip surasti tinkam\u0105 aukl\u0119, nuo ko prad\u0117ti, kur ie\u0161koti aukl\u0117s, kaip atsirinkti ir kt.\" \/>\n<meta property=\"og:url\" content=\"https:\/\/yoopies.lt\/c\/ieskau-aukles\/\" \/>\n<meta property=\"og:site_name\" content=\"Yoopies Lietuva Blog\" \/>\n<meta property=\"article:modified_time\" content=\"2025-06-12T08:48:24+00:00\" \/>\n<meta property=\"og:image\" content=\"https:\/\/yoopies.lt\/c\/wp-content\/uploads\/sites\/12\/2024\/02\/e6c27de22094c7e6409977cb431ead30a9517a32-done1.jpg\" \/>\n\t<meta property=\"og:image:width\" content=\"1200\" \/>\n\t<meta property=\"og:image:height\" content=\"483\" \/>\n\t<meta property=\"og:image:type\" content=\"image\/jpeg\" \/>\n<meta name=\"twitter:card\" content=\"summary_large_image\" \/>\n<meta name=\"twitter:label1\" content=\"Est. reading time\" \/>\n\t<meta name=\"twitter:data1\" content=\"9 minut\u0117s\" \/>\n<script type=\"application\/ld+json\" class=\"yoast-schema-graph\">{\"@context\":\"https:\/\/schema.org\",\"@graph\":[{\"@type\":\"WebPage\",\"@id\":\"https:\/\/yoopies.lt\/c\/ieskau-aukles\/\",\"url\":\"https:\/\/yoopies.lt\/c\/ieskau-aukles\/\",\"name\":\"Ie\u0161kai aukl\u0117s? Visa informacija t\u0117vams!\",\"isPartOf\":{\"@id\":\"https:\/\/yoopies.lt\/c\/#website\"},\"primaryImageOfPage\":{\"@id\":\"https:\/\/yoopies.lt\/c\/ieskau-aukles\/#primaryimage\"},\"image\":{\"@id\":\"https:\/\/yoopies.lt\/c\/ieskau-aukles\/#primaryimage\"},\"thumbnailUrl\":\"https:\/\/yoopies.lt\/c\/wp-content\/uploads\/sites\/12\/2024\/02\/e6c27de22094c7e6409977cb431ead30a9517a32-done1.jpg\",\"datePublished\":\"2024-02-19T12:18:50+00:00\",\"dateModified\":\"2025-06-12T08:48:24+00:00\",\"description\":\"Informacija t\u0117vams, kaip surasti tinkam\u0105 aukl\u0119, nuo ko prad\u0117ti, kur ie\u0161koti aukl\u0117s, kaip atsirinkti ir kt.\",\"breadcrumb\":{\"@id\":\"https:\/\/yoopies.lt\/c\/ieskau-aukles\/#breadcrumb\"},\"inLanguage\":\"lt-LT\",\"potentialAction\":[{\"@type\":\"ReadAction\",\"target\":[\"https:\/\/yoopies.lt\/c\/ieskau-aukles\/\"]}]},{\"@type\":\"ImageObject\",\"inLanguage\":\"lt-LT\",\"@id\":\"https:\/\/yoopies.lt\/c\/ieskau-aukles\/#primaryimage\",\"url\":\"https:\/\/yoopies.lt\/c\/wp-content\/uploads\/sites\/12\/2024\/02\/e6c27de22094c7e6409977cb431ead30a9517a32-done1.jpg\",\"contentUrl\":\"https:\/\/yoopies.lt\/c\/wp-content\/uploads\/sites\/12\/2024\/02\/e6c27de22094c7e6409977cb431ead30a9517a32-done1.jpg\",\"width\":1200,\"height\":483},{\"@type\":\"BreadcrumbList\",\"@id\":\"https:\/\/yoopies.lt\/c\/ieskau-aukles\/#breadcrumb\",\"itemListElement\":[{\"@type\":\"ListItem\",\"position\":1,\"name\":\"Home\",\"item\":\"https:\/\/yoopies.lt\/c\/\"},{\"@type\":\"ListItem\",\"position\":2,\"name\":\"Kaip rasti tinkam\u0105 aukl\u0119: patarimai ir gudryb\u0117s\"}]},{\"@type\":\"WebSite\",\"@id\":\"https:\/\/yoopies.lt\/c\/#website\",\"url\":\"https:\/\/yoopies.lt\/c\/\",\"name\":\"Yoopies Lietuva Blog\",\"description\":\"\",\"publisher\":{\"@id\":\"https:\/\/yoopies.lt\/c\/#organization\"},\"potentialAction\":[{\"@type\":\"SearchAction\",\"target\":{\"@type\":\"EntryPoint\",\"urlTemplate\":\"https:\/\/yoopies.lt\/c\/?s={search_term_string}\"},\"query-input\":{\"@type\":\"PropertyValueSpecification\",\"valueRequired\":true,\"valueName\":\"search_term_string\"}}],\"inLanguage\":\"lt-LT\"},{\"@type\":\"Organization\",\"@id\":\"https:\/\/yoopies.lt\/c\/#organization\",\"name\":\"Yoopies Lietuva Blog\",\"url\":\"https:\/\/yoopies.lt\/c\/\",\"logo\":{\"@type\":\"ImageObject\",\"inLanguage\":\"lt-LT\",\"@id\":\"https:\/\/yoopies.lt\/c\/#\/schema\/logo\/image\/\",\"url\":\"https:\/\/yoopies.lt\/c\/wp-content\/uploads\/sites\/12\/2025\/05\/cropped-Logo_Yoopies-2.png\",\"contentUrl\":\"https:\/\/yoopies.lt\/c\/wp-content\/uploads\/sites\/12\/2025\/05\/cropped-Logo_Yoopies-2.png\",\"width\":512,\"height\":512,\"caption\":\"Yoopies Lietuva Blog\"},\"image\":{\"@id\":\"https:\/\/yoopies.lt\/c\/#\/schema\/logo\/image\/\"}}]}<\/script>\n<!-- \/ Yoast SEO plugin. -->","yoast_head_json":{"title":"Ie\u0161kai aukl\u0117s? Visa informacija t\u0117vams!","description":"Informacija t\u0117vams, kaip surasti tinkam\u0105 aukl\u0119, nuo ko prad\u0117ti, kur ie\u0161koti aukl\u0117s, kaip atsirinkti ir kt.","robots":{"index":"index","follow":"follow","max-snippet":"max-snippet:-1","max-image-preview":"max-image-preview:large","max-video-preview":"max-video-preview:-1"},"canonical":"https:\/\/yoopies.lt\/c\/ieskau-aukles\/","og_locale":"lt_LT","og_type":"article","og_title":"Ie\u0161kai aukl\u0117s? Visa informacija t\u0117vams!","og_description":"Informacija t\u0117vams, kaip surasti tinkam\u0105 aukl\u0119, nuo ko prad\u0117ti, kur ie\u0161koti aukl\u0117s, kaip atsirinkti ir kt.","og_url":"https:\/\/yoopies.lt\/c\/ieskau-aukles\/","og_site_name":"Yoopies Lietuva Blog","article_modified_time":"2025-06-12T08:48:24+00:00","og_image":[{"width":1200,"height":483,"url":"https:\/\/yoopies.lt\/c\/wp-content\/uploads\/sites\/12\/2024\/02\/e6c27de22094c7e6409977cb431ead30a9517a32-done1.jpg","type":"image\/jpeg"}],"twitter_card":"summary_large_image","twitter_misc":{"Est. reading time":"9 minut\u0117s"},"schema":{"@context":"https:\/\/schema.org","@graph":[{"@type":"WebPage","@id":"https:\/\/yoopies.lt\/c\/ieskau-aukles\/","url":"https:\/\/yoopies.lt\/c\/ieskau-aukles\/","name":"Ie\u0161kai aukl\u0117s? Visa informacija t\u0117vams!","isPartOf":{"@id":"https:\/\/yoopies.lt\/c\/#website"},"primaryImageOfPage":{"@id":"https:\/\/yoopies.lt\/c\/ieskau-aukles\/#primaryimage"},"image":{"@id":"https:\/\/yoopies.lt\/c\/ieskau-aukles\/#primaryimage"},"thumbnailUrl":"https:\/\/yoopies.lt\/c\/wp-content\/uploads\/sites\/12\/2024\/02\/e6c27de22094c7e6409977cb431ead30a9517a32-done1.jpg","datePublished":"2024-02-19T12:18:50+00:00","dateModified":"2025-06-12T08:48:24+00:00","description":"Informacija t\u0117vams, kaip surasti tinkam\u0105 aukl\u0119, nuo ko prad\u0117ti, kur ie\u0161koti aukl\u0117s, kaip atsirinkti ir kt.","breadcrumb":{"@id":"https:\/\/yoopies.lt\/c\/ieskau-aukles\/#breadcrumb"},"inLanguage":"lt-LT","potentialAction":[{"@type":"ReadAction","target":["https:\/\/yoopies.lt\/c\/ieskau-aukles\/"]}]},{"@type":"ImageObject","inLanguage":"lt-LT","@id":"https:\/\/yoopies.lt\/c\/ieskau-aukles\/#primaryimage","url":"https:\/\/yoopies.lt\/c\/wp-content\/uploads\/sites\/12\/2024\/02\/e6c27de22094c7e6409977cb431ead30a9517a32-done1.jpg","contentUrl":"https:\/\/yoopies.lt\/c\/wp-content\/uploads\/sites\/12\/2024\/02\/e6c27de22094c7e6409977cb431ead30a9517a32-done1.jpg","width":1200,"height":483},{"@type":"BreadcrumbList","@id":"https:\/\/yoopies.lt\/c\/ieskau-aukles\/#breadcrumb","itemListElement":[{"@type":"ListItem","position":1,"name":"Home","item":"https:\/\/yoopies.lt\/c\/"},{"@type":"ListItem","position":2,"name":"Kaip rasti tinkam\u0105 aukl\u0119: patarimai ir gudryb\u0117s"}]},{"@type":"WebSite","@id":"https:\/\/yoopies.lt\/c\/#website","url":"https:\/\/yoopies.lt\/c\/","name":"Yoopies Lietuva Blog","description":"","publisher":{"@id":"https:\/\/yoopies.lt\/c\/#organization"},"potentialAction":[{"@type":"SearchAction","target":{"@type":"EntryPoint","urlTemplate":"https:\/\/yoopies.lt\/c\/?s={search_term_string}"},"query-input":{"@type":"PropertyValueSpecification","valueRequired":true,"valueName":"search_term_string"}}],"inLanguage":"lt-LT"},{"@type":"Organization","@id":"https:\/\/yoopies.lt\/c\/#organization","name":"Yoopies Lietuva Blog","url":"https:\/\/yoopies.lt\/c\/","logo":{"@type":"ImageObject","inLanguage":"lt-LT","@id":"https:\/\/yoopies.lt\/c\/#\/schema\/logo\/image\/","url":"https:\/\/yoopies.lt\/c\/wp-content\/uploads\/sites\/12\/2025\/05\/cropped-Logo_Yoopies-2.png","contentUrl":"https:\/\/yoopies.lt\/c\/wp-content\/uploads\/sites\/12\/2025\/05\/cropped-Logo_Yoopies-2.png","width":512,"height":512,"caption":"Yoopies Lietuva Blog"},"image":{"@id":"https:\/\/yoopies.lt\/c\/#\/schema\/logo\/image\/"}}]}},"_links":{"self":[{"href":"https:\/\/yoopies.lt\/c\/wp-json\/wp\/v2\/pages\/43","targetHints":{"allow":["GET"]}}],"collection":[{"href":"https:\/\/yoopies.lt\/c\/wp-json\/wp\/v2\/pages"}],"about":[{"href":"https:\/\/yoopies.lt\/c\/wp-json\/wp\/v2\/types\/page"}],"author":[{"embeddable":true,"href":"https:\/\/yoopies.lt\/c\/wp-json\/wp\/v2\/users\/10"}],"replies":[{"embeddable":true,"href":"https:\/\/yoopies.lt\/c\/wp-json\/wp\/v2\/comments?post=43"}],"version-history":[{"count":1,"href":"https:\/\/yoopies.lt\/c\/wp-json\/wp\/v2\/pages\/43\/revisions"}],"predecessor-version":[{"id":46,"href":"https:\/\/yoopies.lt\/c\/wp-json\/wp\/v2\/pages\/43\/revisions\/46"}],"wp:featuredmedia":[{"embeddable":true,"href":"https:\/\/yoopies.lt\/c\/wp-json\/wp\/v2\/media\/45"}],"wp:attachment":[{"href":"https:\/\/yoopies.lt\/c\/wp-json\/wp\/v2\/media?parent=43"}],"curies":[{"name":"wp","href":"https:\/\/api.w.org\/{rel}","templated":true}]}}