{"id":47,"date":"2024-02-19T14:10:57","date_gmt":"2024-02-19T14:10:57","guid":{"rendered":"https:\/\/blog.yoopies.lt\/senyvo-amziaus-zmoniu-slaugymas-ka-reiketu-zinoti\/"},"modified":"2025-06-12T08:48:25","modified_gmt":"2025-06-12T08:48:25","slug":"senyvo-amziaus-zmoniu-slaugymas-ka-reiketu-zinoti","status":"publish","type":"page","link":"https:\/\/yoopies.lt\/c\/senyvo-amziaus-zmoniu-slaugymas-ka-reiketu-zinoti\/","title":{"rendered":"Senyvo am\u017eiaus \u017emoni\u0173 slaugymo darbas, k\u0105 reik\u0117t\u0173 \u017einoti?"},"content":{"rendered":"<p><p>Pagalba pri\u017ei\u016brint&nbsp;senyvus \u017emon\u0117s Sen\u0117janti visuomen\u0117, Covid-19 pandemijos pasekm\u0117s, emigracija, kurios metu i&scaron; &scaron;alies i&scaron;vyksta slaug\u0117s, atveria galimybes rasti darb\u0105 naujiems darbuotojams. Be darbo slaugos namuose, ligonin\u0117se, kuriose reikalingas slaugytojos i&scaron;silavinimas ir licenzija, galimybi\u0173 r\u016bpintis senyvo am\u017eiaus \u017emon\u0117mis namuose galite rasti yoopies.lt svetain\u0117je. Artim\u0173j\u0173 slaugymas namuose aktualus toms &scaron;eimoms, kuri\u0173 nariai yra emigrav\u0119 ir negali pasir\u016bpinti pavyzd\u017eiui senyvais t\u0117vais, taip da\u017enai, kaip nor\u0117t\u0173si.<\/p>\n<p>&Scaron;iame straipsnyje kalb\u0117sime daugiau apie senyvo am\u017eiaus \u017emoni\u0173 prie\u017ei\u016bros paslaugas, kai neb\u016btinai reikalingas&nbsp;medicininis i&scaron;silavinimas.<\/p>\n<p class=\"block-img\"><img decoding=\"async\" src=\"https:\/\/yoopies.lt\/c\/wp-content\/uploads\/sites\/12\/2024\/02\/de0c5444-613e-49b6-bd18-c0b8c04aa5d5_slaugytojosdarbas.jpg\" alt=\"slauga\"><\/p>\n<h3>Slauga namuose &#8211; koks tai darbas?<\/h3>\n<p>Senyvo am\u017eiaus \u017emoni\u0173 prie\u017ei\u016bra namuose tai pagalba tokiems \u017emon\u0117ms, kurie nebegali savimi pasir\u016bpinti patys, jiems reikalinga pagalba buityje.  \u012evair\u016bs nam\u0173 ruo&scaron;os darbai, skalbimas, maisto produkt\u0173 pirkimas, maisto gamyba tai \u012fprastos kasdienin\u0117s u\u017eduotys. Turintiems didesni\u0173 poreiki\u0173, gali reik\u0117ti pad\u0117ti apsirengti, nusiprausti, i&scaron;eiti kartu pasivaik&scaron;\u010dioti. Slaugomiems pacientams svarbu u\u017etikrinti visapusi&scaron;k\u0105 tiek fizin\u0119, tiek emocin\u0119 pagalb\u0105. Neretai \u017emon\u0117ms po ligos ar turintiems sunkesni\u0173 sveikatos sutrikim\u0173 reikalinga prie\u017ei\u016bra ir pagalba 24h.  Tokiu atveju darbdaviai si\u016blo ir apgyvendinim\u0105. <\/p>\n<p>Prie&scaron; pradedant slaugyti vyresnio am\u017eiaus \u017emones kruop&scaron;\u010diai i&scaron;siai&scaron;kinkite visas detales apie j\u0173 ligas, emocin\u0119 b\u016bkl\u0119, charakter\u012f, \u012fpro\u010dius. <\/p>\n<p class=\"block-img\"><img decoding=\"async\" src=\"https:\/\/yoopies.lt\/c\/wp-content\/uploads\/sites\/12\/2024\/02\/bc2c5982-227f-4488-8635-661c50cd7c02_slauganamuose.jpg\" alt=\"\"><\/p>\n<h3>Seneli\u0173 prie\u017ei\u016bra &#8211; prasmingas darbas<\/h3>\n<p>Senyvo am\u017eiaus slaugymas namuose tai darbas turintis tiek fizini\u0173, tiek emocini\u0173 i&scaron;&scaron;\u016bki\u0173, bet kartu ir labai prasmingas. Nepaisant vis\u0173 fizini\u0173 u\u017eduo\u010di\u0173, bendravimas ir pokalbiai turi did\u017eiul\u0119 reik&scaron;m\u0119 toki\u0173 \u017emoni\u0173 psichinei sveikatai.<\/p>\n<p>Senyvi \u017emon\u0117s stokoja bendravimo. Jie da\u017eniausiai turi siaur\u0105 socialin\u012f rat\u0105, da\u017eno kasdienyb\u0117 vienoda ir rutini&scaron;ka. Tad slaugytojo pasirodymas tai dar viena malonus dienos \u012fvykis.<\/p>\n<p>Senyvo am\u017eiaus \u017emon\u0117s kupini \u012fdomi\u0173 istorij\u0173 ir fakt\u0173 apie save ar i&scaron;gyvent\u0105 laik\u0105. Skirtingai nei dauguma \u017emoni\u0173, su kuriais susiduriate darbe, vyresnio am\u017eiaus \u017emon\u0117s m\u0117gsta skirti laiko dalytis savo patirtimi. Kartais tai yra romantika, kartais karas, bet tai istorijos, galin\u010dios perkelti jus \u012f kit\u0105 laik\u0105.<\/p>\n<p class=\"block-img\"><img decoding=\"async\" src=\"https:\/\/yoopies.lt\/c\/wp-content\/uploads\/sites\/12\/2024\/02\/1bb33d0f-bb70-4b3e-9393-1f6e02f8c996_senutevuslauga.jpg\" alt=\"slaugytoja\"><\/p>\n<h3>Kur rasti slaugos darb\u0105? <\/h3>\n<p>Senjor\u0173 slaugos ir globos namai, ligonin\u0117s tai da\u017eniausi slaugytoj\u0173 su atitinkamu i&scaron;silavinimu darbo vietos.<\/p>\n<p>Ie&scaron;kantys papildomo u\u017edarbio pri\u017ei\u016brint senyvo am\u017eiaus \u017emones, galite rasti pagal darbo skelbimus arba \u012fd\u0117dami juos patys. <a target=\"_blank\" rel=\"noopener\" href=\"https:\/\/yoopies.lt\/registration\/elderlycare\/applicant\">Yoopies.lt<\/a> platformoje patogiai galite u\u017epildyti savo anket\u0105, nurodant pageidaujam\u0105 atlygi, darbo s\u0105lygas, \u012fkelti rekomendacijas, jeigu turite ir savo slaugytojo sertifikat\u0105. Atlikus paslaugas nepamir&scaron;kite papra&scaron;yti atsiliepimo, \u012fvertinimas bus matomas visiems darbdaviams ateityje, taip padidindamas j\u016bs\u0173 anketos kokyb\u0119. <\/p>\n<\/p>\n<p><a class=\"button\" href=\"https:\/\/yoopies.lt\/slauges-darbas\">Darbas slaugytojoms<\/a><\/p>\n","protected":false},"excerpt":{"rendered":"<p>Pagalba pri\u017ei\u016brint&nbsp;senyvus \u017emon\u0117s Sen\u0117janti visuomen\u0117, Covid-19 pandemijos pasekm\u0117s, emigracija, kurios metu i&scaron; &scaron;alies i&scaron;vyksta slaug\u0117s, &hellip; <\/p>\n","protected":false},"author":10,"featured_media":51,"parent":0,"menu_order":0,"comment_status":"closed","ping_status":"closed","template":"","meta":{"_acf_changed":false,"footnotes":""},"class_list":["post-47","page","type-page","status-publish","has-post-thumbnail","hentry"],"acf":[],"yoast_head":"<!-- This site is optimized with the Yoast SEO plugin v26.9 - https:\/\/yoast.com\/product\/yoast-seo-wordpress\/ -->\n<title>Senyvo am\u017eiaus \u017emoni\u0173 slaugymas, k\u0105 reik\u0117t\u0173 \u017einoti?<\/title>\n<meta name=\"description\" content=\"Paruo\u0161\u0117me trump\u0105 gid\u0105, k\u0105 reik\u0117t\u0173 \u017einoti teikiant senyvo am\u017eiaus \u017emoni\u0173 prie\u017ei\u016bros paslaugas bei kur greitai ir paprastai susirasti slaugytojos darb\u0105.\" \/>\n<meta name=\"robots\" content=\"index, follow, max-snippet:-1, max-image-preview:large, max-video-preview:-1\" \/>\n<link rel=\"canonical\" href=\"https:\/\/yoopies.lt\/c\/senyvo-amziaus-zmoniu-slaugymas-ka-reiketu-zinoti\/\" \/>\n<meta property=\"og:locale\" content=\"lt_LT\" \/>\n<meta property=\"og:type\" content=\"article\" \/>\n<meta property=\"og:title\" content=\"Senyvo am\u017eiaus \u017emoni\u0173 slaugymas, k\u0105 reik\u0117t\u0173 \u017einoti?\" \/>\n<meta property=\"og:description\" content=\"Paruo\u0161\u0117me trump\u0105 gid\u0105, k\u0105 reik\u0117t\u0173 \u017einoti teikiant senyvo am\u017eiaus \u017emoni\u0173 prie\u017ei\u016bros paslaugas bei kur greitai ir paprastai susirasti slaugytojos darb\u0105.\" \/>\n<meta property=\"og:url\" content=\"https:\/\/yoopies.lt\/c\/senyvo-amziaus-zmoniu-slaugymas-ka-reiketu-zinoti\/\" \/>\n<meta property=\"og:site_name\" content=\"Yoopies Lietuva Blog\" \/>\n<meta property=\"article:modified_time\" content=\"2025-06-12T08:48:25+00:00\" \/>\n<meta property=\"og:image\" content=\"https:\/\/yoopies.lt\/c\/wp-content\/uploads\/sites\/12\/2024\/02\/de0c5444-613e-49b6-bd18-c0b8c04aa5d5-slaugytojosdarbas.jpg\" \/>\n\t<meta property=\"og:image:width\" content=\"1200\" \/>\n\t<meta property=\"og:image:height\" content=\"400\" \/>\n\t<meta property=\"og:image:type\" content=\"image\/jpeg\" \/>\n<meta name=\"twitter:card\" content=\"summary_large_image\" \/>\n<meta name=\"twitter:label1\" content=\"Est. reading time\" \/>\n\t<meta name=\"twitter:data1\" content=\"2 minut\u0117s\" \/>\n<script type=\"application\/ld+json\" class=\"yoast-schema-graph\">{\"@context\":\"https:\/\/schema.org\",\"@graph\":[{\"@type\":\"WebPage\",\"@id\":\"https:\/\/yoopies.lt\/c\/senyvo-amziaus-zmoniu-slaugymas-ka-reiketu-zinoti\/\",\"url\":\"https:\/\/yoopies.lt\/c\/senyvo-amziaus-zmoniu-slaugymas-ka-reiketu-zinoti\/\",\"name\":\"Senyvo am\u017eiaus \u017emoni\u0173 slaugymas, k\u0105 reik\u0117t\u0173 \u017einoti?\",\"isPartOf\":{\"@id\":\"https:\/\/yoopies.lt\/c\/#website\"},\"primaryImageOfPage\":{\"@id\":\"https:\/\/yoopies.lt\/c\/senyvo-amziaus-zmoniu-slaugymas-ka-reiketu-zinoti\/#primaryimage\"},\"image\":{\"@id\":\"https:\/\/yoopies.lt\/c\/senyvo-amziaus-zmoniu-slaugymas-ka-reiketu-zinoti\/#primaryimage\"},\"thumbnailUrl\":\"https:\/\/yoopies.lt\/c\/wp-content\/uploads\/sites\/12\/2024\/02\/de0c5444-613e-49b6-bd18-c0b8c04aa5d5-slaugytojosdarbas.jpg\",\"datePublished\":\"2024-02-19T14:10:57+00:00\",\"dateModified\":\"2025-06-12T08:48:25+00:00\",\"description\":\"Paruo\u0161\u0117me trump\u0105 gid\u0105, k\u0105 reik\u0117t\u0173 \u017einoti teikiant senyvo am\u017eiaus \u017emoni\u0173 prie\u017ei\u016bros paslaugas bei kur greitai ir paprastai susirasti slaugytojos darb\u0105.\",\"breadcrumb\":{\"@id\":\"https:\/\/yoopies.lt\/c\/senyvo-amziaus-zmoniu-slaugymas-ka-reiketu-zinoti\/#breadcrumb\"},\"inLanguage\":\"lt-LT\",\"potentialAction\":[{\"@type\":\"ReadAction\",\"target\":[\"https:\/\/yoopies.lt\/c\/senyvo-amziaus-zmoniu-slaugymas-ka-reiketu-zinoti\/\"]}]},{\"@type\":\"ImageObject\",\"inLanguage\":\"lt-LT\",\"@id\":\"https:\/\/yoopies.lt\/c\/senyvo-amziaus-zmoniu-slaugymas-ka-reiketu-zinoti\/#primaryimage\",\"url\":\"https:\/\/yoopies.lt\/c\/wp-content\/uploads\/sites\/12\/2024\/02\/de0c5444-613e-49b6-bd18-c0b8c04aa5d5-slaugytojosdarbas.jpg\",\"contentUrl\":\"https:\/\/yoopies.lt\/c\/wp-content\/uploads\/sites\/12\/2024\/02\/de0c5444-613e-49b6-bd18-c0b8c04aa5d5-slaugytojosdarbas.jpg\",\"width\":1200,\"height\":400},{\"@type\":\"BreadcrumbList\",\"@id\":\"https:\/\/yoopies.lt\/c\/senyvo-amziaus-zmoniu-slaugymas-ka-reiketu-zinoti\/#breadcrumb\",\"itemListElement\":[{\"@type\":\"ListItem\",\"position\":1,\"name\":\"Home\",\"item\":\"https:\/\/yoopies.lt\/c\/\"},{\"@type\":\"ListItem\",\"position\":2,\"name\":\"Senyvo am\u017eiaus \u017emoni\u0173 slaugymo darbas, k\u0105 reik\u0117t\u0173 \u017einoti?\"}]},{\"@type\":\"WebSite\",\"@id\":\"https:\/\/yoopies.lt\/c\/#website\",\"url\":\"https:\/\/yoopies.lt\/c\/\",\"name\":\"Yoopies Lietuva Blog\",\"description\":\"\",\"publisher\":{\"@id\":\"https:\/\/yoopies.lt\/c\/#organization\"},\"potentialAction\":[{\"@type\":\"SearchAction\",\"target\":{\"@type\":\"EntryPoint\",\"urlTemplate\":\"https:\/\/yoopies.lt\/c\/?s={search_term_string}\"},\"query-input\":{\"@type\":\"PropertyValueSpecification\",\"valueRequired\":true,\"valueName\":\"search_term_string\"}}],\"inLanguage\":\"lt-LT\"},{\"@type\":\"Organization\",\"@id\":\"https:\/\/yoopies.lt\/c\/#organization\",\"name\":\"Yoopies Lietuva Blog\",\"url\":\"https:\/\/yoopies.lt\/c\/\",\"logo\":{\"@type\":\"ImageObject\",\"inLanguage\":\"lt-LT\",\"@id\":\"https:\/\/yoopies.lt\/c\/#\/schema\/logo\/image\/\",\"url\":\"https:\/\/yoopies.lt\/c\/wp-content\/uploads\/sites\/12\/2025\/05\/cropped-Logo_Yoopies-2.png\",\"contentUrl\":\"https:\/\/yoopies.lt\/c\/wp-content\/uploads\/sites\/12\/2025\/05\/cropped-Logo_Yoopies-2.png\",\"width\":512,\"height\":512,\"caption\":\"Yoopies Lietuva Blog\"},\"image\":{\"@id\":\"https:\/\/yoopies.lt\/c\/#\/schema\/logo\/image\/\"}}]}<\/script>\n<!-- \/ Yoast SEO plugin. -->","yoast_head_json":{"title":"Senyvo am\u017eiaus \u017emoni\u0173 slaugymas, k\u0105 reik\u0117t\u0173 \u017einoti?","description":"Paruo\u0161\u0117me trump\u0105 gid\u0105, k\u0105 reik\u0117t\u0173 \u017einoti teikiant senyvo am\u017eiaus \u017emoni\u0173 prie\u017ei\u016bros paslaugas bei kur greitai ir paprastai susirasti slaugytojos darb\u0105.","robots":{"index":"index","follow":"follow","max-snippet":"max-snippet:-1","max-image-preview":"max-image-preview:large","max-video-preview":"max-video-preview:-1"},"canonical":"https:\/\/yoopies.lt\/c\/senyvo-amziaus-zmoniu-slaugymas-ka-reiketu-zinoti\/","og_locale":"lt_LT","og_type":"article","og_title":"Senyvo am\u017eiaus \u017emoni\u0173 slaugymas, k\u0105 reik\u0117t\u0173 \u017einoti?","og_description":"Paruo\u0161\u0117me trump\u0105 gid\u0105, k\u0105 reik\u0117t\u0173 \u017einoti teikiant senyvo am\u017eiaus \u017emoni\u0173 prie\u017ei\u016bros paslaugas bei kur greitai ir paprastai susirasti slaugytojos darb\u0105.","og_url":"https:\/\/yoopies.lt\/c\/senyvo-amziaus-zmoniu-slaugymas-ka-reiketu-zinoti\/","og_site_name":"Yoopies Lietuva Blog","article_modified_time":"2025-06-12T08:48:25+00:00","og_image":[{"width":1200,"height":400,"url":"https:\/\/yoopies.lt\/c\/wp-content\/uploads\/sites\/12\/2024\/02\/de0c5444-613e-49b6-bd18-c0b8c04aa5d5-slaugytojosdarbas.jpg","type":"image\/jpeg"}],"twitter_card":"summary_large_image","twitter_misc":{"Est. reading time":"2 minut\u0117s"},"schema":{"@context":"https:\/\/schema.org","@graph":[{"@type":"WebPage","@id":"https:\/\/yoopies.lt\/c\/senyvo-amziaus-zmoniu-slaugymas-ka-reiketu-zinoti\/","url":"https:\/\/yoopies.lt\/c\/senyvo-amziaus-zmoniu-slaugymas-ka-reiketu-zinoti\/","name":"Senyvo am\u017eiaus \u017emoni\u0173 slaugymas, k\u0105 reik\u0117t\u0173 \u017einoti?","isPartOf":{"@id":"https:\/\/yoopies.lt\/c\/#website"},"primaryImageOfPage":{"@id":"https:\/\/yoopies.lt\/c\/senyvo-amziaus-zmoniu-slaugymas-ka-reiketu-zinoti\/#primaryimage"},"image":{"@id":"https:\/\/yoopies.lt\/c\/senyvo-amziaus-zmoniu-slaugymas-ka-reiketu-zinoti\/#primaryimage"},"thumbnailUrl":"https:\/\/yoopies.lt\/c\/wp-content\/uploads\/sites\/12\/2024\/02\/de0c5444-613e-49b6-bd18-c0b8c04aa5d5-slaugytojosdarbas.jpg","datePublished":"2024-02-19T14:10:57+00:00","dateModified":"2025-06-12T08:48:25+00:00","description":"Paruo\u0161\u0117me trump\u0105 gid\u0105, k\u0105 reik\u0117t\u0173 \u017einoti teikiant senyvo am\u017eiaus \u017emoni\u0173 prie\u017ei\u016bros paslaugas bei kur greitai ir paprastai susirasti slaugytojos darb\u0105.","breadcrumb":{"@id":"https:\/\/yoopies.lt\/c\/senyvo-amziaus-zmoniu-slaugymas-ka-reiketu-zinoti\/#breadcrumb"},"inLanguage":"lt-LT","potentialAction":[{"@type":"ReadAction","target":["https:\/\/yoopies.lt\/c\/senyvo-amziaus-zmoniu-slaugymas-ka-reiketu-zinoti\/"]}]},{"@type":"ImageObject","inLanguage":"lt-LT","@id":"https:\/\/yoopies.lt\/c\/senyvo-amziaus-zmoniu-slaugymas-ka-reiketu-zinoti\/#primaryimage","url":"https:\/\/yoopies.lt\/c\/wp-content\/uploads\/sites\/12\/2024\/02\/de0c5444-613e-49b6-bd18-c0b8c04aa5d5-slaugytojosdarbas.jpg","contentUrl":"https:\/\/yoopies.lt\/c\/wp-content\/uploads\/sites\/12\/2024\/02\/de0c5444-613e-49b6-bd18-c0b8c04aa5d5-slaugytojosdarbas.jpg","width":1200,"height":400},{"@type":"BreadcrumbList","@id":"https:\/\/yoopies.lt\/c\/senyvo-amziaus-zmoniu-slaugymas-ka-reiketu-zinoti\/#breadcrumb","itemListElement":[{"@type":"ListItem","position":1,"name":"Home","item":"https:\/\/yoopies.lt\/c\/"},{"@type":"ListItem","position":2,"name":"Senyvo am\u017eiaus \u017emoni\u0173 slaugymo darbas, k\u0105 reik\u0117t\u0173 \u017einoti?"}]},{"@type":"WebSite","@id":"https:\/\/yoopies.lt\/c\/#website","url":"https:\/\/yoopies.lt\/c\/","name":"Yoopies Lietuva Blog","description":"","publisher":{"@id":"https:\/\/yoopies.lt\/c\/#organization"},"potentialAction":[{"@type":"SearchAction","target":{"@type":"EntryPoint","urlTemplate":"https:\/\/yoopies.lt\/c\/?s={search_term_string}"},"query-input":{"@type":"PropertyValueSpecification","valueRequired":true,"valueName":"search_term_string"}}],"inLanguage":"lt-LT"},{"@type":"Organization","@id":"https:\/\/yoopies.lt\/c\/#organization","name":"Yoopies Lietuva Blog","url":"https:\/\/yoopies.lt\/c\/","logo":{"@type":"ImageObject","inLanguage":"lt-LT","@id":"https:\/\/yoopies.lt\/c\/#\/schema\/logo\/image\/","url":"https:\/\/yoopies.lt\/c\/wp-content\/uploads\/sites\/12\/2025\/05\/cropped-Logo_Yoopies-2.png","contentUrl":"https:\/\/yoopies.lt\/c\/wp-content\/uploads\/sites\/12\/2025\/05\/cropped-Logo_Yoopies-2.png","width":512,"height":512,"caption":"Yoopies Lietuva Blog"},"image":{"@id":"https:\/\/yoopies.lt\/c\/#\/schema\/logo\/image\/"}}]}},"_links":{"self":[{"href":"https:\/\/yoopies.lt\/c\/wp-json\/wp\/v2\/pages\/47","targetHints":{"allow":["GET"]}}],"collection":[{"href":"https:\/\/yoopies.lt\/c\/wp-json\/wp\/v2\/pages"}],"about":[{"href":"https:\/\/yoopies.lt\/c\/wp-json\/wp\/v2\/types\/page"}],"author":[{"embeddable":true,"href":"https:\/\/yoopies.lt\/c\/wp-json\/wp\/v2\/users\/10"}],"replies":[{"embeddable":true,"href":"https:\/\/yoopies.lt\/c\/wp-json\/wp\/v2\/comments?post=47"}],"version-history":[{"count":1,"href":"https:\/\/yoopies.lt\/c\/wp-json\/wp\/v2\/pages\/47\/revisions"}],"predecessor-version":[{"id":52,"href":"https:\/\/yoopies.lt\/c\/wp-json\/wp\/v2\/pages\/47\/revisions\/52"}],"wp:featuredmedia":[{"embeddable":true,"href":"https:\/\/yoopies.lt\/c\/wp-json\/wp\/v2\/media\/51"}],"wp:attachment":[{"href":"https:\/\/yoopies.lt\/c\/wp-json\/wp\/v2\/media?parent=47"}],"curies":[{"name":"wp","href":"https:\/\/api.w.org\/{rel}","templated":true}]}}