{"id":53,"date":"2024-02-19T13:14:18","date_gmt":"2024-02-19T13:14:18","guid":{"rendered":"https:\/\/blog.yoopies.lt\/gyvunu-prieziura-namuose\/"},"modified":"2025-06-12T08:48:24","modified_gmt":"2025-06-12T08:48:24","slug":"gyvunu-prieziura-namuose","status":"publish","type":"page","link":"https:\/\/yoopies.lt\/c\/gyvunu-prieziura-namuose\/","title":{"rendered":"Gyv\u016bn\u0173 pri\u017ei\u016br\u0117tojai: Visa informacija augintini\u0173 \u0161eimininkams"},"content":{"rendered":"<figure><img decoding=\"async\" src=\"https:\/\/yoopies.lt\/c\/wp-content\/uploads\/sites\/12\/2024\/02\/0c244921-da02-4098-b775-294e3c29be6b-aguideforpetsitter.jpg\" \/><\/figure>\n<p><p>Tradicinis gyv\u016bn\u0173 prie\u017ei\u016bros \u012fsivaizdavimas gali b\u016bti &scaron;un\u0173 ved\u017eiojimas, bet i&scaron; tikr\u0173j\u0173 jie si\u016blo daug daugiau! Augintinio pri\u017ei\u016br\u0117tojo tur\u0117jimas gali ne tik palengvinti j\u016bs\u0173 gyvenim\u0105, bet ir pagerinti j\u016bs\u0173 augintinio gyvenimo kokyb\u0119. Suprantame, kad tai yra did\u017eiulis \u012fsipareigojimas palikti savo brang\u0173 augintin\u012f kito asmens prie\u017ei\u016broje, tod\u0117l pareng\u0117me jums i&scaron;sam\u0173 ir informatyv\u0173 vadov\u0105 su visa informacija, kuri\u0105 turite \u017einoti apie namini\u0173 gyv\u016bn\u0117li\u0173 pri\u017ei\u016br\u0117toj\u0173 samdym\u0105.<\/p>\n<\/p>\n<h2><strong>Turinys:<\/strong><\/h2>\n<ul>\n<li><a href=\"https:\/\/#h2-2\">Ko galite tik\u0117tis i&scaron; gyv\u016bn\u0173 pri\u017ei\u016br\u0117tojo?<\/a><\/li>\n<li><a href=\"https:\/\/#h2-3\">Kada gali prireikti gyv\u016bn\u0173 pri\u017ei\u016br\u0117tojo?<\/a><\/li>\n<li><a href=\"https:\/\/#h2-4\">Gyv\u016bn\u0173 pri\u017ei\u016br\u0117toj\u0173 tipai<\/a><\/li>\n<li><a href=\"https:\/\/#h2-5\">Kokia yra gyv\u016bn\u0173 prie\u017ei\u016bros kaina?<\/a><\/li>\n<li><a href=\"https:\/\/#h2-6\">Kur ie&scaron;koti gyv\u016bn\u0173 pri\u017ei\u016br\u0117tojo?<\/a><\/li>\n<li><a href=\"https:\/\/#h2-7\">Kaip i&scaron;sirinkti gyv\u016bn\u0173 pri\u017ei\u016br\u0117toj\u0105?<\/a><\/li>\n<\/ul>\n<figure><img decoding=\"async\" src=\"https:\/\/yoopies.lt\/c\/wp-content\/uploads\/sites\/12\/2024\/02\/e461e7ee-3b54-46e4-aff2-5e29466e1495-matt-nelson-ai3eblvcyu4-unsplash.jpg\" \/><\/figure>\n<p><h2><strong>Ko galite tik\u0117tis i&scaron; gyv\u016bn\u0173 pri\u017ei\u016br\u0117tojo? <\/strong><\/h2>\n<\/p>\n<p>Pateikiame kelet\u0105 galim\u0173 gyv\u016bn\u0173 prie\u017ei\u016bros situacij\u0173:<\/p>\n<ul>\n<li>&Scaron;un\u0173 ved\u017eiojimas<\/li>\n<li>Atvykimas pamaitinti<\/li>\n<li>Prausimas ir\/ar narvo valymas<\/li>\n<li>Naminio gyv\u016bno prie\u017ei\u016bra per nakt\u012f<\/li>\n<li>Nuvedimas pas veterinar\u0105 ar dres\u016br\u0105<\/li>\n<\/ul>\n<p>Jeigu i&scaron;vykstate ilgesniam laikui ir jums reikalinga gyv\u016bn\u0173 prie\u017ei\u016bra, galite taip pat papra&scaron;yti gyv\u016bn\u0173 pri\u017ei\u016br\u0117tojo atlikti ir kitus darbus, kol j\u016bs\u0173 nebus namuose. Tai gal\u0117t\u0173 b\u016bti, pavyzd\u017eiui, pa&scaron;to d\u0117\u017eut\u0117s tikrinimas, augal\u0173 laistymas ir kt.<\/p>\n<\/p>\n<h2><strong>Kada gali prireikti gyv\u016bn\u0173 pri\u017ei\u016br\u0117tojo?<\/strong><\/h2>\n<\/p>\n<p>Ne paslaptis, kad augintinio tur\u0117jimas yra atsakingas darbas, ir da\u017enai negalime skirti tiek d\u0117mesio, kiek nor\u0117tume. Jeigu esate ypatingai u\u017eimti, gal\u0117site b\u016bti ram\u016bs, jog negav\u0119 progos praleisti kokybi&scaron;ko laiko, j\u016bs\u0173 augintinis yra gerose rankose ir smagiai leid\u017eia laik\u0105.<\/p>\n<p>Taip pat, jeigu turite ma\u017e\u0105 augintin\u012f, kuriam reikalingas j\u016bs\u0173 d\u0117mesys ir prie\u017ei\u016bra vis\u0105 dien\u0105, kol esate darbe, gyv\u016bn\u0173 pri\u017ei\u016br\u0117tojas gali b\u016bti puikus sprendimas jums ir j\u016bs\u0173 augintiniui.<\/p>\n<p>Tuo tarpu kelioni\u0173 metu, galite b\u016bti ram\u016bs, jog j\u016bs\u0173 augintiniai yra pamaitinti ir paved\u017eioti.<\/p>\n<\/p>\n<h2><strong>Gyv\u016bn\u0173 pri\u017ei\u016br\u0117toj\u0173 tipai<\/strong><\/h2>\n<\/p>\n<p>Populiariausios gyv\u016bn\u0173 prie\u017ei\u016bros yra &scaron;ios dvi:<\/p>\n<p><strong>&Scaron;un\u0173 ved\u017eiotojas. <\/strong>Kiekvienam &scaron;uns &scaron;eimininkui gali prireikti pagalbos i&scaron;vesti &scaron;un\u012f pasivaik&scaron;\u010dioti \u012f lauk\u0105, kai nesate namuose. Gyvenime da\u017enai susiduriame su situacijomis, kai n\u0117ra taip paprasta atsidurti tam tikroje vietoje tam tikru laiku. Jeigu j\u016bs\u0173 &scaron;uniui reikia da\u017eniau i&scaron;eiti pasilakstyti ir atlikti gamtini\u0173 reikal\u0173, &scaron;uns ved\u017eiotojo samdymas gali b\u016bti puiki i&scaron;eitis.<\/p>\n<p><strong>Gyv\u016bn\u0173 prie\u017ei\u016bra atostog\u0173 metu: <\/strong>Jei atostogaujate ar galb\u016bt keliaujate \u012f komandiruot\u0119, gyv\u016bn\u0173 vie&scaron;butis gali b\u016bti per brangus sprendimas, o ir draug\u0173 ar &scaron;eimos nari\u0173 eilin\u012f kart\u0105 pra&scaron;yti nesinori. Tuo tarpu gyv\u016bn\u0173 pri\u017ei\u016br\u0117tojas, gali apsistoti j\u016bs\u0173 namuose ir pasir\u016bpinti j\u016bs\u0173 gyv\u016bno prie\u017ei\u016bra arba gali ateiti retkar\u010diais pamaitinti, i&scaron;valyti d\u0117\u017eut\u0119, i&scaron;vesti pasivaik&scaron;\u010dioti \u012f lauk\u0105 bei pa\u017eaisti.  Taip pat gyv\u016bn\u0173 pri\u017ei\u016br\u0117tojai u\u017etikrins j\u016bs\u0173 nam\u0173 saugum\u0105, kol esate i&scaron;vyk\u0119.<\/p>\n<\/p>\n<h2><strong>Kokia yra gyv\u016bn\u0173 prie\u017ei\u016bros kaina?<\/strong><\/h2>\n<\/p>\n<p>Vidutin\u0117 gyv\u016bn\u0173 prie\u017ei\u016bros kaina skiriasi priklausomai nuo pareig\u0173, kurias jie privalo atlikti, kokio tipo gyv\u016bnus jie pri\u017ei\u016bri, kiek gyv\u016bn\u0173 reikia pri\u017ei\u016br\u0117ti ir pan. Skirtingi \u012fkainiai yra taikomi skirtingoms paslaugoms. &Scaron;un\u0173 ved\u017eiojimo valandin\u0117 kaina gali svyruoti nuo 7eur. iki 20eur., priklausomai nuo ved\u017eiojimo trukm\u0117s bei &scaron;uns ved\u017eiotojo kvalifikacijos. Pavyzd\u017eiui, jei j\u016bs\u0173 &scaron;un\u012f ved\u017eioja dresiruotojas, tuomet automati&scaron;kai kaina bus didesn\u0117. Tuo tarpu gyv\u016bn\u0173 aplankymas pamaitinti, i&scaron;valyti d\u0117\u017eut\u0119 ar atlikti kitas gyv\u016bn\u0173 prie\u017ei\u016bros u\u017eduotis, gali kainuoti ma\u017eiau, kadangi tai paprastai u\u017etrunka trumpiau. <\/p>\n<p>Jei i&scaron;vykstate ilgesniam laikui, gali b\u016bti pigiau susitarti su gyv\u016bn\u0173 pri\u017ei\u016br\u0117toju d\u0117l fiksuoto atlyginimo, kad jis pri\u017ei\u016br\u0117t\u0173 j\u016bs\u0173 gyv\u016bn\u0105 j\u0173 namuose, o ne mok\u0117ti u\u017e tai, kad atvykt\u0173 kelis kartus per dien\u0105 \u012f j\u016bs\u0173 namus. Dauguma gyv\u016bn\u0173 pri\u017ei\u016br\u0117toj\u0173 lanks\u010diai \u017ei\u016bri \u012f kaina, priklausomai nuo prie\u017ei\u016bros tipo bei prie\u017ei\u016bros trukm\u0117s, tad tikrai galite tartis ir der\u0117tis d\u0117l kainos.<\/p>\n<\/p>\n<h2><strong>Kur ie&scaron;koti gyv\u016bn\u0173 pri\u017ei\u016br\u0117tojo?<\/strong><\/h2>\n<\/p>\n<p>Gali b\u016bti sunku \u017einoti, nuo ko prad\u0117ti, nes patik\u0117ti kitam asmeniui atsakomyb\u0119 pri\u017ei\u016br\u0117ti savo augintin\u012f kai kuriems \u017emon\u0117ms gali b\u016bti nelengvas ir sunkus \u017eingsnis, ta\u010diau nebijokite, naudodamiesi internetine prie\u017ei\u016bros platforma, tokia kaip<a target=\"_blank\" rel=\"noopener\" href=\"https:\/\/yoopies.lt\/gyvunu-prieziura\"> &bdquo;Yoopies&ldquo;<\/a>, galite surasti jums patinkant\u012f gyv\u016bn\u0173 pri\u017ei\u016br\u0117toj\u0105.<\/p>\n<p>Didelis gyv\u016bn\u0173 prie\u017ei\u016bros internetin\u0117s platformos prana&scaron;umas yra tai, kad galite per\u017ei\u016br\u0117ti &scaron;imtus gyv\u016bn\u0173 pri\u017ei\u016br\u0117toj\u0173 profili\u0173 bei filtr\u0173 pagalb\u0105 i&scaron;sirinkti tuos, kurie galb\u016bt yra &scaron;alia j\u016bs\u0173 nam\u0173 ar turi tam tikros patirties, pri\u017ei\u016brint gyv\u016bnus ir kt. Tiesiog prisiregistruokite <a target=\"_self\" rel=\"noopener\" href=\"https:\/\/yoopies.lt\/gyvunu-prieziura \">&bdquo;Yoopies&ldquo;<\/a> ir sukurkite skelbim\u0105 ir nurodykite gyv\u016bn\u0173 prie\u017ei\u016bros poreikius. Tuomet ne tik j\u016bs gal\u0117site susisiekti su potencialiais gyv\u016bn\u0173 pri\u017ei\u016br\u0117tojais, bet it gyv\u016bn\u0173 pri\u017ei\u016br\u0117tojai gal\u0117s su jumis susisiekti. <\/p>\n<\/p>\n<h2><strong>Kaip i&scaron;sirinkti gyv\u016bn\u0173 pri\u017ei\u016br\u0117toj\u0105?<\/strong><\/h2>\n<\/p>\n<p><strong>Nurodykite savo reikalavimus:<\/strong> \u012fsitikinkite, kad j\u016bs\u0173 skelbimas yra ai&scaron;kus ir i&scaron;samus, \u012fskaitant visas pareigas ir atsakomyb\u0119. Svarbu, kad kandidatas \u017einot\u0173, ko i&scaron; j\u0173 reikalaujama, kad gal\u0117t\u0173 \u012fsivertinti, ar sugeb\u0117s susitvarkyti su u\u017eduotimis. <\/p>\n<p><strong>Ie&scaron;kokite j\u016bs\u0173 asmenybei priimtino \u017emogaus: <\/strong>prie&scaron; pasirenkant gyv\u016bn\u0173 pri\u017ei\u016br\u0117toj\u0105, pasi\u017ei\u016br\u0117kite kaip jam\/jai sekasi sutarti su j\u016bs\u0173 augintiniu, ar j\u016bs\u0173 augintinis priima &scaron;\u012f asmen\u012f. Kadangi prie\u017ei\u016bros metu gali b\u016bti \u012fvairi\u0173 situacij\u0173, geriausia i&scaron;sirinkti asmen\u012f, kuris atitinka j\u016bs\u0173 po\u017ei\u016br\u012f \u012f gyv\u016bn\u0173 aukl\u0117jim\u0105 ir kt. <\/p>\n<p><strong>Papra&scaron;ykite rekomendacij\u0173<\/strong>: Kaip ir bet kurioje kitoje vietoje, jei namini\u0173 gyv\u016bn\u0117li\u0173 pri\u017ei\u016br\u0117tojas teigia tur\u0117j\u0119s ankstesn\u0117s patirties, papra&scaron;ykite buvusio darbdavio kontaktin\u0117s informacijos ir \u012fsitikinkite, jog j\u016bs\u0173 i&scaron;sirinktas gyv\u016bn\u0173 pri\u017ei\u016br\u0117tojas yra jums tinkamas(-a). <\/p>\n<p>Nepamir&scaron;kite suteikti kuo daugiau informacijos gyv\u016bno pri\u017ei\u016br\u0117tojui, taip jis gal\u0117s pasir\u016bpinti juo kuo geriau. Galite pasinaudoti m\u016bs\u0173 paruo&scaron;ta &#8222;Gyv\u016bno pri\u017ei\u016br\u0117tojo anketa&#8221;, kuri\u0105 atsispaudinus ir u\u017epild\u017eius gal\u0117site jam palikti vis\u0105 svarbi\u0105 informacij\u0105. Anket\u0105 spausdinimui rasite <a href=\"https:\/\/yoopies-cms.cdn.prismic.io\/yoopies-cms\/a824e2b1-fca0-4947-a11c-523144ff8857_LT-pet+sitter+sheet+.pdf\">\u010dia <\/a><\/p>\n<p>Daugiau informacijos, kaip rasti gyv\u016bn\u0173 pri\u017ei\u016br\u0117toj\u0105 &#8211; <a href=\"https:\/\/yoopies.lt\/c\/gyvunu-prieziura-namuose\/geriausi-gyvunu-priziuretojai\">raskite \u010dia<\/a>.<\/p>\n<\/p>\n<p><a class=\"button\" href=\"https:\/\/yoopies.lt\/gyvunu-prieziura\">IE\u0160KOK GYV\u016aN\u0172 PRI\u017dI\u016aR\u0116TOJO!<\/a><\/p>\n","protected":false},"excerpt":{"rendered":"<p>Tradicinis gyv\u016bn\u0173 prie\u017ei\u016bros \u012fsivaizdavimas gali b\u016bti &scaron;un\u0173 ved\u017eiojimas, bet i&scaron; tikr\u0173j\u0173 jie si\u016blo daug daugiau! &hellip; <\/p>\n","protected":false},"author":10,"featured_media":56,"parent":0,"menu_order":0,"comment_status":"closed","ping_status":"closed","template":"","meta":{"_acf_changed":false,"footnotes":""},"class_list":["post-53","page","type-page","status-publish","has-post-thumbnail","hentry"],"acf":[],"yoast_head":"<!-- This site is optimized with the Yoast SEO plugin v26.9 - https:\/\/yoast.com\/product\/yoast-seo-wordpress\/ -->\n<title>Reikalinga naminio gyv\u016bno prie\u017ei\u016bra namuose?<\/title>\n<meta name=\"description\" content=\"Naudinga informacija ie\u0161kantiems gyv\u016bn\u0173 prie\u017ei\u016bros. Gyv\u016bn\u0173 pri\u017ei\u016br\u0117tojo kaina, teikiamos paslaugos, patarimai, kaip rasti gyv\u016bn\u0173 pri\u017ei\u016br\u0117toj\u0105 ir dar daugiau.\" \/>\n<meta name=\"robots\" content=\"index, follow, max-snippet:-1, max-image-preview:large, max-video-preview:-1\" \/>\n<link rel=\"canonical\" href=\"https:\/\/yoopies.lt\/c\/gyvunu-prieziura-namuose\/\" \/>\n<meta property=\"og:locale\" content=\"lt_LT\" \/>\n<meta property=\"og:type\" content=\"article\" \/>\n<meta property=\"og:title\" content=\"Reikalinga naminio gyv\u016bno prie\u017ei\u016bra namuose?\" \/>\n<meta property=\"og:description\" content=\"Naudinga informacija ie\u0161kantiems gyv\u016bn\u0173 prie\u017ei\u016bros. Gyv\u016bn\u0173 pri\u017ei\u016br\u0117tojo kaina, teikiamos paslaugos, patarimai, kaip rasti gyv\u016bn\u0173 pri\u017ei\u016br\u0117toj\u0105 ir dar daugiau.\" \/>\n<meta property=\"og:url\" content=\"https:\/\/yoopies.lt\/c\/gyvunu-prieziura-namuose\/\" \/>\n<meta property=\"og:site_name\" content=\"Yoopies Lietuva Blog\" \/>\n<meta property=\"article:modified_time\" content=\"2025-06-12T08:48:24+00:00\" \/>\n<meta property=\"og:image\" content=\"https:\/\/yoopies.lt\/c\/wp-content\/uploads\/sites\/12\/2024\/02\/e461e7ee-3b54-46e4-aff2-5e29466e1495-matt-nelson-ai3eblvcyu4-unsplash-1.jpg\" \/>\n\t<meta property=\"og:image:width\" content=\"1200\" \/>\n\t<meta property=\"og:image:height\" content=\"800\" \/>\n\t<meta property=\"og:image:type\" content=\"image\/jpeg\" \/>\n<meta name=\"twitter:card\" content=\"summary_large_image\" \/>\n<meta name=\"twitter:label1\" content=\"Est. reading time\" \/>\n\t<meta name=\"twitter:data1\" content=\"6 minut\u0117s\" \/>\n<script type=\"application\/ld+json\" class=\"yoast-schema-graph\">{\"@context\":\"https:\/\/schema.org\",\"@graph\":[{\"@type\":\"WebPage\",\"@id\":\"https:\/\/yoopies.lt\/c\/gyvunu-prieziura-namuose\/\",\"url\":\"https:\/\/yoopies.lt\/c\/gyvunu-prieziura-namuose\/\",\"name\":\"Reikalinga naminio gyv\u016bno prie\u017ei\u016bra namuose?\",\"isPartOf\":{\"@id\":\"https:\/\/yoopies.lt\/c\/#website\"},\"primaryImageOfPage\":{\"@id\":\"https:\/\/yoopies.lt\/c\/gyvunu-prieziura-namuose\/#primaryimage\"},\"image\":{\"@id\":\"https:\/\/yoopies.lt\/c\/gyvunu-prieziura-namuose\/#primaryimage\"},\"thumbnailUrl\":\"https:\/\/yoopies.lt\/c\/wp-content\/uploads\/sites\/12\/2024\/02\/e461e7ee-3b54-46e4-aff2-5e29466e1495-matt-nelson-ai3eblvcyu4-unsplash-1.jpg\",\"datePublished\":\"2024-02-19T13:14:18+00:00\",\"dateModified\":\"2025-06-12T08:48:24+00:00\",\"description\":\"Naudinga informacija ie\u0161kantiems gyv\u016bn\u0173 prie\u017ei\u016bros. Gyv\u016bn\u0173 pri\u017ei\u016br\u0117tojo kaina, teikiamos paslaugos, patarimai, kaip rasti gyv\u016bn\u0173 pri\u017ei\u016br\u0117toj\u0105 ir dar daugiau.\",\"breadcrumb\":{\"@id\":\"https:\/\/yoopies.lt\/c\/gyvunu-prieziura-namuose\/#breadcrumb\"},\"inLanguage\":\"lt-LT\",\"potentialAction\":[{\"@type\":\"ReadAction\",\"target\":[\"https:\/\/yoopies.lt\/c\/gyvunu-prieziura-namuose\/\"]}]},{\"@type\":\"ImageObject\",\"inLanguage\":\"lt-LT\",\"@id\":\"https:\/\/yoopies.lt\/c\/gyvunu-prieziura-namuose\/#primaryimage\",\"url\":\"https:\/\/yoopies.lt\/c\/wp-content\/uploads\/sites\/12\/2024\/02\/e461e7ee-3b54-46e4-aff2-5e29466e1495-matt-nelson-ai3eblvcyu4-unsplash-1.jpg\",\"contentUrl\":\"https:\/\/yoopies.lt\/c\/wp-content\/uploads\/sites\/12\/2024\/02\/e461e7ee-3b54-46e4-aff2-5e29466e1495-matt-nelson-ai3eblvcyu4-unsplash-1.jpg\",\"width\":1200,\"height\":800},{\"@type\":\"BreadcrumbList\",\"@id\":\"https:\/\/yoopies.lt\/c\/gyvunu-prieziura-namuose\/#breadcrumb\",\"itemListElement\":[{\"@type\":\"ListItem\",\"position\":1,\"name\":\"Home\",\"item\":\"https:\/\/yoopies.lt\/c\/\"},{\"@type\":\"ListItem\",\"position\":2,\"name\":\"Gyv\u016bn\u0173 pri\u017ei\u016br\u0117tojai: Visa informacija augintini\u0173 \u0161eimininkams\"}]},{\"@type\":\"WebSite\",\"@id\":\"https:\/\/yoopies.lt\/c\/#website\",\"url\":\"https:\/\/yoopies.lt\/c\/\",\"name\":\"Yoopies Lietuva Blog\",\"description\":\"\",\"publisher\":{\"@id\":\"https:\/\/yoopies.lt\/c\/#organization\"},\"potentialAction\":[{\"@type\":\"SearchAction\",\"target\":{\"@type\":\"EntryPoint\",\"urlTemplate\":\"https:\/\/yoopies.lt\/c\/?s={search_term_string}\"},\"query-input\":{\"@type\":\"PropertyValueSpecification\",\"valueRequired\":true,\"valueName\":\"search_term_string\"}}],\"inLanguage\":\"lt-LT\"},{\"@type\":\"Organization\",\"@id\":\"https:\/\/yoopies.lt\/c\/#organization\",\"name\":\"Yoopies Lietuva Blog\",\"url\":\"https:\/\/yoopies.lt\/c\/\",\"logo\":{\"@type\":\"ImageObject\",\"inLanguage\":\"lt-LT\",\"@id\":\"https:\/\/yoopies.lt\/c\/#\/schema\/logo\/image\/\",\"url\":\"https:\/\/yoopies.lt\/c\/wp-content\/uploads\/sites\/12\/2025\/05\/cropped-Logo_Yoopies-2.png\",\"contentUrl\":\"https:\/\/yoopies.lt\/c\/wp-content\/uploads\/sites\/12\/2025\/05\/cropped-Logo_Yoopies-2.png\",\"width\":512,\"height\":512,\"caption\":\"Yoopies Lietuva Blog\"},\"image\":{\"@id\":\"https:\/\/yoopies.lt\/c\/#\/schema\/logo\/image\/\"}}]}<\/script>\n<!-- \/ Yoast SEO plugin. -->","yoast_head_json":{"title":"Reikalinga naminio gyv\u016bno prie\u017ei\u016bra namuose?","description":"Naudinga informacija ie\u0161kantiems gyv\u016bn\u0173 prie\u017ei\u016bros. Gyv\u016bn\u0173 pri\u017ei\u016br\u0117tojo kaina, teikiamos paslaugos, patarimai, kaip rasti gyv\u016bn\u0173 pri\u017ei\u016br\u0117toj\u0105 ir dar daugiau.","robots":{"index":"index","follow":"follow","max-snippet":"max-snippet:-1","max-image-preview":"max-image-preview:large","max-video-preview":"max-video-preview:-1"},"canonical":"https:\/\/yoopies.lt\/c\/gyvunu-prieziura-namuose\/","og_locale":"lt_LT","og_type":"article","og_title":"Reikalinga naminio gyv\u016bno prie\u017ei\u016bra namuose?","og_description":"Naudinga informacija ie\u0161kantiems gyv\u016bn\u0173 prie\u017ei\u016bros. Gyv\u016bn\u0173 pri\u017ei\u016br\u0117tojo kaina, teikiamos paslaugos, patarimai, kaip rasti gyv\u016bn\u0173 pri\u017ei\u016br\u0117toj\u0105 ir dar daugiau.","og_url":"https:\/\/yoopies.lt\/c\/gyvunu-prieziura-namuose\/","og_site_name":"Yoopies Lietuva Blog","article_modified_time":"2025-06-12T08:48:24+00:00","og_image":[{"width":1200,"height":800,"url":"https:\/\/yoopies.lt\/c\/wp-content\/uploads\/sites\/12\/2024\/02\/e461e7ee-3b54-46e4-aff2-5e29466e1495-matt-nelson-ai3eblvcyu4-unsplash-1.jpg","type":"image\/jpeg"}],"twitter_card":"summary_large_image","twitter_misc":{"Est. reading time":"6 minut\u0117s"},"schema":{"@context":"https:\/\/schema.org","@graph":[{"@type":"WebPage","@id":"https:\/\/yoopies.lt\/c\/gyvunu-prieziura-namuose\/","url":"https:\/\/yoopies.lt\/c\/gyvunu-prieziura-namuose\/","name":"Reikalinga naminio gyv\u016bno prie\u017ei\u016bra namuose?","isPartOf":{"@id":"https:\/\/yoopies.lt\/c\/#website"},"primaryImageOfPage":{"@id":"https:\/\/yoopies.lt\/c\/gyvunu-prieziura-namuose\/#primaryimage"},"image":{"@id":"https:\/\/yoopies.lt\/c\/gyvunu-prieziura-namuose\/#primaryimage"},"thumbnailUrl":"https:\/\/yoopies.lt\/c\/wp-content\/uploads\/sites\/12\/2024\/02\/e461e7ee-3b54-46e4-aff2-5e29466e1495-matt-nelson-ai3eblvcyu4-unsplash-1.jpg","datePublished":"2024-02-19T13:14:18+00:00","dateModified":"2025-06-12T08:48:24+00:00","description":"Naudinga informacija ie\u0161kantiems gyv\u016bn\u0173 prie\u017ei\u016bros. Gyv\u016bn\u0173 pri\u017ei\u016br\u0117tojo kaina, teikiamos paslaugos, patarimai, kaip rasti gyv\u016bn\u0173 pri\u017ei\u016br\u0117toj\u0105 ir dar daugiau.","breadcrumb":{"@id":"https:\/\/yoopies.lt\/c\/gyvunu-prieziura-namuose\/#breadcrumb"},"inLanguage":"lt-LT","potentialAction":[{"@type":"ReadAction","target":["https:\/\/yoopies.lt\/c\/gyvunu-prieziura-namuose\/"]}]},{"@type":"ImageObject","inLanguage":"lt-LT","@id":"https:\/\/yoopies.lt\/c\/gyvunu-prieziura-namuose\/#primaryimage","url":"https:\/\/yoopies.lt\/c\/wp-content\/uploads\/sites\/12\/2024\/02\/e461e7ee-3b54-46e4-aff2-5e29466e1495-matt-nelson-ai3eblvcyu4-unsplash-1.jpg","contentUrl":"https:\/\/yoopies.lt\/c\/wp-content\/uploads\/sites\/12\/2024\/02\/e461e7ee-3b54-46e4-aff2-5e29466e1495-matt-nelson-ai3eblvcyu4-unsplash-1.jpg","width":1200,"height":800},{"@type":"BreadcrumbList","@id":"https:\/\/yoopies.lt\/c\/gyvunu-prieziura-namuose\/#breadcrumb","itemListElement":[{"@type":"ListItem","position":1,"name":"Home","item":"https:\/\/yoopies.lt\/c\/"},{"@type":"ListItem","position":2,"name":"Gyv\u016bn\u0173 pri\u017ei\u016br\u0117tojai: Visa informacija augintini\u0173 \u0161eimininkams"}]},{"@type":"WebSite","@id":"https:\/\/yoopies.lt\/c\/#website","url":"https:\/\/yoopies.lt\/c\/","name":"Yoopies Lietuva Blog","description":"","publisher":{"@id":"https:\/\/yoopies.lt\/c\/#organization"},"potentialAction":[{"@type":"SearchAction","target":{"@type":"EntryPoint","urlTemplate":"https:\/\/yoopies.lt\/c\/?s={search_term_string}"},"query-input":{"@type":"PropertyValueSpecification","valueRequired":true,"valueName":"search_term_string"}}],"inLanguage":"lt-LT"},{"@type":"Organization","@id":"https:\/\/yoopies.lt\/c\/#organization","name":"Yoopies Lietuva Blog","url":"https:\/\/yoopies.lt\/c\/","logo":{"@type":"ImageObject","inLanguage":"lt-LT","@id":"https:\/\/yoopies.lt\/c\/#\/schema\/logo\/image\/","url":"https:\/\/yoopies.lt\/c\/wp-content\/uploads\/sites\/12\/2025\/05\/cropped-Logo_Yoopies-2.png","contentUrl":"https:\/\/yoopies.lt\/c\/wp-content\/uploads\/sites\/12\/2025\/05\/cropped-Logo_Yoopies-2.png","width":512,"height":512,"caption":"Yoopies Lietuva Blog"},"image":{"@id":"https:\/\/yoopies.lt\/c\/#\/schema\/logo\/image\/"}}]}},"_links":{"self":[{"href":"https:\/\/yoopies.lt\/c\/wp-json\/wp\/v2\/pages\/53","targetHints":{"allow":["GET"]}}],"collection":[{"href":"https:\/\/yoopies.lt\/c\/wp-json\/wp\/v2\/pages"}],"about":[{"href":"https:\/\/yoopies.lt\/c\/wp-json\/wp\/v2\/types\/page"}],"author":[{"embeddable":true,"href":"https:\/\/yoopies.lt\/c\/wp-json\/wp\/v2\/users\/10"}],"replies":[{"embeddable":true,"href":"https:\/\/yoopies.lt\/c\/wp-json\/wp\/v2\/comments?post=53"}],"version-history":[{"count":1,"href":"https:\/\/yoopies.lt\/c\/wp-json\/wp\/v2\/pages\/53\/revisions"}],"predecessor-version":[{"id":57,"href":"https:\/\/yoopies.lt\/c\/wp-json\/wp\/v2\/pages\/53\/revisions\/57"}],"wp:featuredmedia":[{"embeddable":true,"href":"https:\/\/yoopies.lt\/c\/wp-json\/wp\/v2\/media\/56"}],"wp:attachment":[{"href":"https:\/\/yoopies.lt\/c\/wp-json\/wp\/v2\/media?parent=53"}],"curies":[{"name":"wp","href":"https:\/\/api.w.org\/{rel}","templated":true}]}}