{"id":58,"date":"2024-02-19T13:15:55","date_gmt":"2024-02-19T13:15:55","guid":{"rendered":"https:\/\/blog.yoopies.lt\/gyvunu-prieziura-papildomas-darbas\/"},"modified":"2025-06-12T08:48:24","modified_gmt":"2025-06-12T08:48:24","slug":"gyvunu-prieziura-papildomas-darbas","status":"publish","type":"page","link":"https:\/\/yoopies.lt\/c\/gyvunu-prieziura-papildomas-darbas\/","title":{"rendered":"Gyv\u016bn\u0173 prie\u017ei\u016bra &#8211; puikus b\u016bdas u\u017esidirbti papildomai"},"content":{"rendered":"<p><p>Namini\u0173 gyv\u016bn\u0173 prie\u017ei\u016bra yra viena i&scaron; spar\u010diai did\u0117jan\u010di\u0173 paslaug\u0173 sektori\u0173. Vis daugiau \u017emoni\u0173 \u012f savo namus parsiveda p\u016bkuotus draugus. Augintinio tur\u0117jimas namuose turi be galo daug prana&scaron;um\u0173, ta\u010diau tai kartu ir didel\u0117 atsakomyb\u0117. &Scaron;eimininkams, kurie turi \u012ftemptus grafikus, pamainin\u012f darb\u0105, komandiruotes, neplanuotas i&scaron;vykas, atostogas <strong>gyv\u016bn\u0173 prie\u017ei\u016bra<\/strong> gali tapti puikia i&scaron;eitimi. <\/p>\n<p class=\"block-img\"><img decoding=\"async\" src=\"https:\/\/yoopies.lt\/c\/wp-content\/uploads\/sites\/12\/2024\/02\/6de2f0f2-a8df-47fd-a130-4e902dd2dc61_gyvunuprieziura.jpg\" alt=\"\"><\/p>\n<\/p>\n<p><p>Jei svarstote tapti namini\u0173 gyv\u016bn\u0173 pri\u017ei\u016br\u0117toju, jums prireiks ne tik meil\u0117s gyv\u016bnams, bet ir praktini\u0173 \u012fg\u016bd\u017ei\u0173, toki\u0173 kaip geb\u0117jimas&nbsp;atpa\u017einti ir suprasti, kokios prie\u017ei\u016bros gali prireikti vienokiems ar kitokiems gyv\u016bnams. Kat\u0117s poreikiai tikrai skirsis nuo &scaron;uns ar grau\u017eik\u0173 nuo pauk&scaron;\u010di\u0173. Imantis didelio &scaron;uns prie\u017ei\u016bros darbo apgalvokite, ar turite fizini\u0173 galimybi\u0173 i&scaron;laikyti ved\u017eiojam\u0105 &scaron;un\u012f, kuris pamat\u0117 kit\u0105 keturkoj\u012f kitoje gatv\u0117s pus\u0117je.<\/p>\n<\/p>\n<h4><strong>Darbas su gyv\u016bnais net tik papildomas u\u017edarbis, bet ir privalumai Jums<\/strong><\/h4>\n<p>Namini\u0173 gyv\u016bn\u0173 prie\u017ei\u016bra yra naudinga ne tik praktiniu po\u017ei\u016briu, bet ir daug asmenini\u0173 privalum\u0173, \u012fskaitant j\u016bs\u0173 psichin\u0117s ir fizin\u0117s sveikatos gerinim\u0105. Pavyzd\u017eiui <strong>&scaron;un\u0173 ved\u017eiojimas<\/strong> neabejotinai turi daug naudos sveikatai &ndash; grynas oras pasivaik&scaron;\u010diojimo metu, puiki fizin\u0117 treniruot\u0117 po s\u0117dimo darbo, o kur dar teigiamos emocijos.<\/p>\n<p>Pri\u017ei\u016brint augintinius galite u\u017esidirbti pinig\u0173 ir gauti asmenin\u0117s naudos! <a target=\"_blank\" rel=\"noopener\" href=\"https:\/\/yoopies.lt\/gyvunu-priziuretojo-darbas\">Gyv\u016bno pri\u017ei\u016br\u0117tojo darbas<\/a><\/p>\n<p class=\"block-img\"><img decoding=\"async\" src=\"https:\/\/yoopies.lt\/c\/wp-content\/uploads\/sites\/12\/2024\/02\/903974c4-e798-4f06-ae05-80772bd4ad61_sunuvedziojimas.jpg\" alt=\"gyvunu prieziura\"><\/p>\n<\/p>\n<h4><strong>Kiek u\u017edirba namini\u0173 gyv\u016bn\u0173 pri\u017ei\u016br\u0117tojas?<\/strong><\/h4>\n<p>Tai n\u0117ra labai pigi paslauga ir &scaron;eimininkai tai \u017eino. Vienos valandos vienkartinio &scaron;uns paved\u017eiojimo kaina gali kainuoti nuo 10&euro; iki 15&euro;. Teikiant nuolatin\u0117s ir pastovios gyv\u016bn\u0173 prie\u017ei\u016bros paslaugas kaina be abejo derinama individualiai. Jei &scaron;eimininkai pageidauja, kad aktyvus &scaron;uo b\u016bt\u0173 ne tik paved\u017eiotas, bet j\u012f ir treniruot\u0173, i&scaron;kraut\u0173, kaina gali b\u016bti ir dar didesn\u0117. Tik pa\u017eym\u0117tina, kad tokiai prie\u017ei\u016brai jau reikia ir pasiruo&scaron;imo. Aptarkite tai su &scaron;eimininkais. <\/p>\n<p>Naminio katino prie\u017ei\u016bros paros kaina pas pri\u017ei\u016br\u0117toj\u0105 namuose gali svyruoti nuo 15&euro; iki 25&euro;, o tik apsilankymas pas katin\u0105 namuose nuo 6&euro; iki 10&euro; u\u017e kart\u0105. <\/p>\n<\/p>\n<h4><strong>Gyv\u016bn\u0173 pri\u017ei\u016br\u0117tojo darbo paie&scaron;ka<\/strong><\/h4>\n<p>Kitas \u017eingsnis b\u016bt\u0173 apgalvoti, kaip rasti darbdavius. J\u016bs\u0173, kaip gyv\u016bno pri\u017ei\u016br\u0117tojo privalumas lyginant su gyv\u016bn\u0173 vie&scaron;bu\u010diu &ndash; nedalijamas d\u0117mesys. Lanks\u010diai derinamas laikas, konkre\u010di\u0173 poreiki\u0173 tenkinimas. Skirtingai nuo gyv\u016bn\u0173 vie&scaron;bu\u010dio, j\u016bs galite atvykti pas gyv\u016bn\u0105 \u012f namus arba esant galimybei ir pasiimti \u012f savo namus. <a target=\"_blank\" rel=\"noopener\" href=\"https:\/\/www.yoopies.lt\">Yoopies.lt<\/a> platformoje galite patogiai u\u017epildyti savo gyv\u016bno pri\u017ei\u016br\u0117tojo anket\u0105. Nepamir&scaron;kite kuo i&scaron;samiau apra&scaron;yti savo darbo patirt\u012f, kokios j\u016bs\u0173 darbo s\u0105lygos, \u012fd\u0117kite nuotrauk\u0105.  Sutarus su darbdaviu d\u0117l prie\u017ei\u016bros, nepamir&scaron;kite gauti kuo daugiau informacijos apie augintin\u012f, taip gal\u0117site pasir\u016bpinti juo kuo geriau. Galite pasinaudoti m\u016bs\u0173 paruo&scaron;ta &#8222;Gyv\u016bno pri\u017ei\u016br\u0117tojo anketa&#8221;, kuri\u0105 atsispaudinus ir u\u017epild\u017eius gal\u0117site tur\u0117ti palikti vis\u0105 svarbi\u0105 informacij\u0105. Anket\u0105 spausdinimui rasite <a href=\"https:\/\/yoopies-cms.cdn.prismic.io\/yoopies-cms\/a824e2b1-fca0-4947-a11c-523144ff8857_LT-pet+sitter+sheet+.pdf\">\u010dia<br \/>\n<\/a>Atlikus paslaugas nepamir&scaron;kite papra&scaron;yti darbdavio atsiliepimo. J\u012f matys visi darbdaviai, kam reikalinga gyv\u016bno prie\u017ei\u016bros paslaugos. Rekomendacijos yra pati geriausia reklama.<\/p>\n<\/p>\n<p><a class=\"button\" href=\"https:\/\/yoopies.lt\/gyvunu-priziuretojo-darbas\">Darbas su gyv\u016bnais<\/a><\/p>\n","protected":false},"excerpt":{"rendered":"<p>Namini\u0173 gyv\u016bn\u0173 prie\u017ei\u016bra yra viena i&scaron; spar\u010diai did\u0117jan\u010di\u0173 paslaug\u0173 sektori\u0173. Vis daugiau \u017emoni\u0173 \u012f savo &hellip; <\/p>\n","protected":false},"author":10,"featured_media":61,"parent":0,"menu_order":0,"comment_status":"closed","ping_status":"closed","template":"","meta":{"_acf_changed":false,"footnotes":""},"class_list":["post-58","page","type-page","status-publish","has-post-thumbnail","hentry"],"acf":[],"yoast_head":"<!-- This site is optimized with the Yoast SEO plugin v26.9 - https:\/\/yoast.com\/product\/yoast-seo-wordpress\/ -->\n<title>Gyv\u016bn\u0173 prie\u017ei\u016bra - papildomas u\u017edarbis turintiems laisvo laiko<\/title>\n<meta name=\"description\" content=\"Gyv\u016bn\u0173 prie\u017ei\u016bra viena i\u0161 grei\u010diausiai augan\u010di\u0173 paslaug\u0173 sektori\u0173. Meil\u0117 ir r\u016bpestis gyv\u016bnais gali tapti puikiu papildomu u\u017edarbio \u0161altiniu.\" \/>\n<meta name=\"robots\" content=\"index, follow, max-snippet:-1, max-image-preview:large, max-video-preview:-1\" \/>\n<link rel=\"canonical\" href=\"https:\/\/yoopies.lt\/c\/gyvunu-prieziura-papildomas-darbas\/\" \/>\n<meta property=\"og:locale\" content=\"lt_LT\" \/>\n<meta property=\"og:type\" content=\"article\" \/>\n<meta property=\"og:title\" content=\"Gyv\u016bn\u0173 prie\u017ei\u016bra - papildomas u\u017edarbis turintiems laisvo laiko\" \/>\n<meta property=\"og:description\" content=\"Gyv\u016bn\u0173 prie\u017ei\u016bra viena i\u0161 grei\u010diausiai augan\u010di\u0173 paslaug\u0173 sektori\u0173. Meil\u0117 ir r\u016bpestis gyv\u016bnais gali tapti puikiu papildomu u\u017edarbio \u0161altiniu.\" \/>\n<meta property=\"og:url\" content=\"https:\/\/yoopies.lt\/c\/gyvunu-prieziura-papildomas-darbas\/\" \/>\n<meta property=\"og:site_name\" content=\"Yoopies Lietuva Blog\" \/>\n<meta property=\"article:modified_time\" content=\"2025-06-12T08:48:24+00:00\" \/>\n<meta property=\"og:image\" content=\"https:\/\/yoopies.lt\/c\/wp-content\/uploads\/sites\/12\/2024\/02\/6de2f0f2-a8df-47fd-a130-4e902dd2dc61-gyvunuprieziura.jpg\" \/>\n\t<meta property=\"og:image:width\" content=\"1200\" \/>\n\t<meta property=\"og:image:height\" content=\"400\" \/>\n\t<meta property=\"og:image:type\" content=\"image\/jpeg\" \/>\n<meta name=\"twitter:card\" content=\"summary_large_image\" \/>\n<meta name=\"twitter:label1\" content=\"Est. reading time\" \/>\n\t<meta name=\"twitter:data1\" content=\"3 minut\u0117s\" \/>\n<script type=\"application\/ld+json\" class=\"yoast-schema-graph\">{\"@context\":\"https:\/\/schema.org\",\"@graph\":[{\"@type\":\"WebPage\",\"@id\":\"https:\/\/yoopies.lt\/c\/gyvunu-prieziura-papildomas-darbas\/\",\"url\":\"https:\/\/yoopies.lt\/c\/gyvunu-prieziura-papildomas-darbas\/\",\"name\":\"Gyv\u016bn\u0173 prie\u017ei\u016bra - papildomas u\u017edarbis turintiems laisvo laiko\",\"isPartOf\":{\"@id\":\"https:\/\/yoopies.lt\/c\/#website\"},\"primaryImageOfPage\":{\"@id\":\"https:\/\/yoopies.lt\/c\/gyvunu-prieziura-papildomas-darbas\/#primaryimage\"},\"image\":{\"@id\":\"https:\/\/yoopies.lt\/c\/gyvunu-prieziura-papildomas-darbas\/#primaryimage\"},\"thumbnailUrl\":\"https:\/\/yoopies.lt\/c\/wp-content\/uploads\/sites\/12\/2024\/02\/6de2f0f2-a8df-47fd-a130-4e902dd2dc61-gyvunuprieziura.jpg\",\"datePublished\":\"2024-02-19T13:15:55+00:00\",\"dateModified\":\"2025-06-12T08:48:24+00:00\",\"description\":\"Gyv\u016bn\u0173 prie\u017ei\u016bra viena i\u0161 grei\u010diausiai augan\u010di\u0173 paslaug\u0173 sektori\u0173. Meil\u0117 ir r\u016bpestis gyv\u016bnais gali tapti puikiu papildomu u\u017edarbio \u0161altiniu.\",\"breadcrumb\":{\"@id\":\"https:\/\/yoopies.lt\/c\/gyvunu-prieziura-papildomas-darbas\/#breadcrumb\"},\"inLanguage\":\"lt-LT\",\"potentialAction\":[{\"@type\":\"ReadAction\",\"target\":[\"https:\/\/yoopies.lt\/c\/gyvunu-prieziura-papildomas-darbas\/\"]}]},{\"@type\":\"ImageObject\",\"inLanguage\":\"lt-LT\",\"@id\":\"https:\/\/yoopies.lt\/c\/gyvunu-prieziura-papildomas-darbas\/#primaryimage\",\"url\":\"https:\/\/yoopies.lt\/c\/wp-content\/uploads\/sites\/12\/2024\/02\/6de2f0f2-a8df-47fd-a130-4e902dd2dc61-gyvunuprieziura.jpg\",\"contentUrl\":\"https:\/\/yoopies.lt\/c\/wp-content\/uploads\/sites\/12\/2024\/02\/6de2f0f2-a8df-47fd-a130-4e902dd2dc61-gyvunuprieziura.jpg\",\"width\":1200,\"height\":400},{\"@type\":\"BreadcrumbList\",\"@id\":\"https:\/\/yoopies.lt\/c\/gyvunu-prieziura-papildomas-darbas\/#breadcrumb\",\"itemListElement\":[{\"@type\":\"ListItem\",\"position\":1,\"name\":\"Home\",\"item\":\"https:\/\/yoopies.lt\/c\/\"},{\"@type\":\"ListItem\",\"position\":2,\"name\":\"Gyv\u016bn\u0173 prie\u017ei\u016bra &#8211; puikus b\u016bdas u\u017esidirbti papildomai\"}]},{\"@type\":\"WebSite\",\"@id\":\"https:\/\/yoopies.lt\/c\/#website\",\"url\":\"https:\/\/yoopies.lt\/c\/\",\"name\":\"Yoopies Lietuva Blog\",\"description\":\"\",\"publisher\":{\"@id\":\"https:\/\/yoopies.lt\/c\/#organization\"},\"potentialAction\":[{\"@type\":\"SearchAction\",\"target\":{\"@type\":\"EntryPoint\",\"urlTemplate\":\"https:\/\/yoopies.lt\/c\/?s={search_term_string}\"},\"query-input\":{\"@type\":\"PropertyValueSpecification\",\"valueRequired\":true,\"valueName\":\"search_term_string\"}}],\"inLanguage\":\"lt-LT\"},{\"@type\":\"Organization\",\"@id\":\"https:\/\/yoopies.lt\/c\/#organization\",\"name\":\"Yoopies Lietuva Blog\",\"url\":\"https:\/\/yoopies.lt\/c\/\",\"logo\":{\"@type\":\"ImageObject\",\"inLanguage\":\"lt-LT\",\"@id\":\"https:\/\/yoopies.lt\/c\/#\/schema\/logo\/image\/\",\"url\":\"https:\/\/yoopies.lt\/c\/wp-content\/uploads\/sites\/12\/2025\/05\/cropped-Logo_Yoopies-2.png\",\"contentUrl\":\"https:\/\/yoopies.lt\/c\/wp-content\/uploads\/sites\/12\/2025\/05\/cropped-Logo_Yoopies-2.png\",\"width\":512,\"height\":512,\"caption\":\"Yoopies Lietuva Blog\"},\"image\":{\"@id\":\"https:\/\/yoopies.lt\/c\/#\/schema\/logo\/image\/\"}}]}<\/script>\n<!-- \/ Yoast SEO plugin. -->","yoast_head_json":{"title":"Gyv\u016bn\u0173 prie\u017ei\u016bra - papildomas u\u017edarbis turintiems laisvo laiko","description":"Gyv\u016bn\u0173 prie\u017ei\u016bra viena i\u0161 grei\u010diausiai augan\u010di\u0173 paslaug\u0173 sektori\u0173. Meil\u0117 ir r\u016bpestis gyv\u016bnais gali tapti puikiu papildomu u\u017edarbio \u0161altiniu.","robots":{"index":"index","follow":"follow","max-snippet":"max-snippet:-1","max-image-preview":"max-image-preview:large","max-video-preview":"max-video-preview:-1"},"canonical":"https:\/\/yoopies.lt\/c\/gyvunu-prieziura-papildomas-darbas\/","og_locale":"lt_LT","og_type":"article","og_title":"Gyv\u016bn\u0173 prie\u017ei\u016bra - papildomas u\u017edarbis turintiems laisvo laiko","og_description":"Gyv\u016bn\u0173 prie\u017ei\u016bra viena i\u0161 grei\u010diausiai augan\u010di\u0173 paslaug\u0173 sektori\u0173. Meil\u0117 ir r\u016bpestis gyv\u016bnais gali tapti puikiu papildomu u\u017edarbio \u0161altiniu.","og_url":"https:\/\/yoopies.lt\/c\/gyvunu-prieziura-papildomas-darbas\/","og_site_name":"Yoopies Lietuva Blog","article_modified_time":"2025-06-12T08:48:24+00:00","og_image":[{"width":1200,"height":400,"url":"https:\/\/yoopies.lt\/c\/wp-content\/uploads\/sites\/12\/2024\/02\/6de2f0f2-a8df-47fd-a130-4e902dd2dc61-gyvunuprieziura.jpg","type":"image\/jpeg"}],"twitter_card":"summary_large_image","twitter_misc":{"Est. reading time":"3 minut\u0117s"},"schema":{"@context":"https:\/\/schema.org","@graph":[{"@type":"WebPage","@id":"https:\/\/yoopies.lt\/c\/gyvunu-prieziura-papildomas-darbas\/","url":"https:\/\/yoopies.lt\/c\/gyvunu-prieziura-papildomas-darbas\/","name":"Gyv\u016bn\u0173 prie\u017ei\u016bra - papildomas u\u017edarbis turintiems laisvo laiko","isPartOf":{"@id":"https:\/\/yoopies.lt\/c\/#website"},"primaryImageOfPage":{"@id":"https:\/\/yoopies.lt\/c\/gyvunu-prieziura-papildomas-darbas\/#primaryimage"},"image":{"@id":"https:\/\/yoopies.lt\/c\/gyvunu-prieziura-papildomas-darbas\/#primaryimage"},"thumbnailUrl":"https:\/\/yoopies.lt\/c\/wp-content\/uploads\/sites\/12\/2024\/02\/6de2f0f2-a8df-47fd-a130-4e902dd2dc61-gyvunuprieziura.jpg","datePublished":"2024-02-19T13:15:55+00:00","dateModified":"2025-06-12T08:48:24+00:00","description":"Gyv\u016bn\u0173 prie\u017ei\u016bra viena i\u0161 grei\u010diausiai augan\u010di\u0173 paslaug\u0173 sektori\u0173. Meil\u0117 ir r\u016bpestis gyv\u016bnais gali tapti puikiu papildomu u\u017edarbio \u0161altiniu.","breadcrumb":{"@id":"https:\/\/yoopies.lt\/c\/gyvunu-prieziura-papildomas-darbas\/#breadcrumb"},"inLanguage":"lt-LT","potentialAction":[{"@type":"ReadAction","target":["https:\/\/yoopies.lt\/c\/gyvunu-prieziura-papildomas-darbas\/"]}]},{"@type":"ImageObject","inLanguage":"lt-LT","@id":"https:\/\/yoopies.lt\/c\/gyvunu-prieziura-papildomas-darbas\/#primaryimage","url":"https:\/\/yoopies.lt\/c\/wp-content\/uploads\/sites\/12\/2024\/02\/6de2f0f2-a8df-47fd-a130-4e902dd2dc61-gyvunuprieziura.jpg","contentUrl":"https:\/\/yoopies.lt\/c\/wp-content\/uploads\/sites\/12\/2024\/02\/6de2f0f2-a8df-47fd-a130-4e902dd2dc61-gyvunuprieziura.jpg","width":1200,"height":400},{"@type":"BreadcrumbList","@id":"https:\/\/yoopies.lt\/c\/gyvunu-prieziura-papildomas-darbas\/#breadcrumb","itemListElement":[{"@type":"ListItem","position":1,"name":"Home","item":"https:\/\/yoopies.lt\/c\/"},{"@type":"ListItem","position":2,"name":"Gyv\u016bn\u0173 prie\u017ei\u016bra &#8211; puikus b\u016bdas u\u017esidirbti papildomai"}]},{"@type":"WebSite","@id":"https:\/\/yoopies.lt\/c\/#website","url":"https:\/\/yoopies.lt\/c\/","name":"Yoopies Lietuva Blog","description":"","publisher":{"@id":"https:\/\/yoopies.lt\/c\/#organization"},"potentialAction":[{"@type":"SearchAction","target":{"@type":"EntryPoint","urlTemplate":"https:\/\/yoopies.lt\/c\/?s={search_term_string}"},"query-input":{"@type":"PropertyValueSpecification","valueRequired":true,"valueName":"search_term_string"}}],"inLanguage":"lt-LT"},{"@type":"Organization","@id":"https:\/\/yoopies.lt\/c\/#organization","name":"Yoopies Lietuva Blog","url":"https:\/\/yoopies.lt\/c\/","logo":{"@type":"ImageObject","inLanguage":"lt-LT","@id":"https:\/\/yoopies.lt\/c\/#\/schema\/logo\/image\/","url":"https:\/\/yoopies.lt\/c\/wp-content\/uploads\/sites\/12\/2025\/05\/cropped-Logo_Yoopies-2.png","contentUrl":"https:\/\/yoopies.lt\/c\/wp-content\/uploads\/sites\/12\/2025\/05\/cropped-Logo_Yoopies-2.png","width":512,"height":512,"caption":"Yoopies Lietuva Blog"},"image":{"@id":"https:\/\/yoopies.lt\/c\/#\/schema\/logo\/image\/"}}]}},"_links":{"self":[{"href":"https:\/\/yoopies.lt\/c\/wp-json\/wp\/v2\/pages\/58","targetHints":{"allow":["GET"]}}],"collection":[{"href":"https:\/\/yoopies.lt\/c\/wp-json\/wp\/v2\/pages"}],"about":[{"href":"https:\/\/yoopies.lt\/c\/wp-json\/wp\/v2\/types\/page"}],"author":[{"embeddable":true,"href":"https:\/\/yoopies.lt\/c\/wp-json\/wp\/v2\/users\/10"}],"replies":[{"embeddable":true,"href":"https:\/\/yoopies.lt\/c\/wp-json\/wp\/v2\/comments?post=58"}],"version-history":[{"count":1,"href":"https:\/\/yoopies.lt\/c\/wp-json\/wp\/v2\/pages\/58\/revisions"}],"predecessor-version":[{"id":62,"href":"https:\/\/yoopies.lt\/c\/wp-json\/wp\/v2\/pages\/58\/revisions\/62"}],"wp:featuredmedia":[{"embeddable":true,"href":"https:\/\/yoopies.lt\/c\/wp-json\/wp\/v2\/media\/61"}],"wp:attachment":[{"href":"https:\/\/yoopies.lt\/c\/wp-json\/wp\/v2\/media?parent=58"}],"curies":[{"name":"wp","href":"https:\/\/api.w.org\/{rel}","templated":true}]}}