{"id":7,"date":"2024-04-03T11:14:37","date_gmt":"2024-04-03T11:14:37","guid":{"rendered":"https:\/\/blog.yoopies.lt\/gyvunu-priziuretojas-ar-gyvunu-viesbutis\/"},"modified":"2025-06-12T08:48:24","modified_gmt":"2025-06-12T08:48:24","slug":"gyvunu-priziuretojas-ar-gyvunu-viesbutis","status":"publish","type":"page","link":"https:\/\/yoopies.lt\/c\/gyvunu-priziuretojas-ar-gyvunu-viesbutis\/","title":{"rendered":"Gyv\u016bn\u0173 pri\u017ei\u016br\u0117tojas ar gyv\u016bn\u0173 vie\u0161butis? Trumpas gidas \u0161eimininkams"},"content":{"rendered":"<figure><img decoding=\"async\" src=\"https:\/\/yoopies.lt\/c\/wp-content\/uploads\/sites\/12\/2024\/04\/f50e27fd-5bac-4d23-a285-ac3a55c3706a-gyvunupriziuretojas.jpg\" \/><\/figure>\n<p><p>Kiekvienas &scaron;eimininkas planuodamas tolimesn\u0119 ir ilgesn\u0119 kelione svarsto, kur palikti savo augintin\u012f. Neturint &scaron;eimos ar kaimyn\u0173, kurie gal\u0117t\u0173 pasir\u016bpinti augintiniu atostog\u0173 metu, lieka du variantai gyv\u016bn\u0173 vie&scaron;butis arba gyv\u016bn\u0173 pri\u017ei\u016br\u0117tojas. <\/p>\n<p>Kuo jie skiriasi ir kuo pana&scaron;\u016bs, kokie prana&scaron;umai ir skirtumai renkantis geriausi\u0105 prie\u017ei\u016br\u0105 savo keturkojams draugams? <\/p>\n<p>&nbsp;<\/p>\n<h4><strong>Gyv\u016bn\u0173 pri\u017ei\u016br\u0117tojas vs gyv\u016bn\u0173 vie&scaron;butis <\/strong><\/h4>\n<\/p>\n<figure><img decoding=\"async\" src=\"https:\/\/yoopies.lt\/c\/wp-content\/uploads\/sites\/12\/2024\/04\/84b07d7c-dca4-4f75-91da-bafb48283839-craftsforkidslt.jpg\" \/><\/figure>\n<p><h4><strong>Gyv\u016bn\u0173 pri\u017ei\u016br\u0117tojai &ndash; pliusai ir minusai<\/strong><\/h4>\n<\/p>\n<p>Nusprendus patik\u0117ti savo augintin\u012f pri\u017ei\u016br\u0117tojui galite parengti i&scaron;samias instrukcijas, kuriomis vadovaudamasis pri\u017ei\u016br\u0117tojas atliks visus nurodymus. Galite palikti reikiamus vaistus, maitinimo grafik\u0105 ir kitas, j\u016bs\u0173 manymu, svarbias detales. <\/p>\n<p>Gyv\u016bn\u0173 pri\u017ei\u016br\u0117tojai ypa\u010d tinka ypating\u0173 poreiki\u0173 turintiems augintiniams. Konkre\u010diai galite papasakoti savo augintinio keistenybes, sveikatos problemas ar bet kokias kitas elgesio problemas, kad asmuo tur\u0117t\u0173 vis\u0105 reikiam\u0105 informacij\u0105. Tuomet pri\u017ei\u016br\u0117tojas gal\u0117s pasinaudoti ja ir pasir\u016bpinti j\u016bs\u0173 augintiniu taip, kaip pageidaujate, bus ma\u017eiau galimybi\u0173 kilti nesklandumams, kai b\u016bsite i&scaron;vyk\u0119. Gyv\u016bn\u0173 pri\u017ei\u016br\u0117tojas, pri\u017ei\u016brintis &scaron;un\u012f, kat\u0119 ar kitus naminius gyv\u016bnus, turin\u010dius ypating\u0173 poreiki\u0173, gali suteikti jiems kokybi&scaron;kesn\u0119 prie\u017ei\u016br\u0105. Tokie gyv\u016bnai nepatiria papildomos sumai&scaron;ties ar streso b\u016bdami svetimoje aplinkoje.<\/p>\n<p>Dar vienas privalumas patikint augintin\u012f pri\u017ei\u016br\u0117tojui &ndash; skiriamas laikas. Gyv\u016bnai su pri\u017ei\u016br\u0117tojais gali praleisti tiek laiko kiek reikia, kad pavyzd\u017eiui &scaron;uo b\u016bt\u0173 pilnai i&scaron;krautas. Gyv\u016bn\u0173 pri\u017ei\u016br\u0117tojas visada ras laiko jus tiesiogiai informuoti, kaip augintinis laikosi ar atsi\u0173sti u\u017efiksuot\u0173 dienos akimirk\u0173. <\/p>\n<p>Renkantis pri\u017ei\u016br\u0117toj\u0105 turite galimyb\u0119 pasikviesti kelis kandidatus \u012f pokalb\u012f. Matysite kaip j\u016bs\u0173 augintis jau\u010diasi su juo, ar noriai prieina, nesibaido. Kartu ir j\u016bs matysite kaip pri\u017ei\u016br\u0117tojas moka pakalbinti j\u016bs\u0173 gyv\u016bn\u0105, ar abu sukurs ry&scaron;\u012f kol j\u016bs\u0173 nebus. Daugiau aoie gyv\u016bn\u0173 pri\u017ei\u016br\u0117toj\u0173 paie&scaron;k\u0105 ir pasirinkim\u0105 skaitykite <a href=\"https:\/\/yoopies.lt\/c\/gyvunu-prieziura-namuose\">\u010dia<\/a>.<\/p>\n<p>&nbsp;<\/p>\n<h4><\/h4>\n<\/p>\n<p><a class=\"button\" href=\"https:\/\/yoopies.lt\/gyvunu-prieziura\">Gyv\u016bn\u0173 pri\u017ei\u016br\u0117tojai \u0161alia j\u016bs\u0173 nam\u0173<\/a><\/p>\n<figure><img decoding=\"async\" src=\"https:\/\/yoopies.lt\/c\/wp-content\/uploads\/sites\/12\/2024\/04\/8ea04bb5-81cb-4b59-b1e8-8d7d4fc7ee31-craftsforkidslt28129.jpg\" \/><\/figure>\n<p><h4><strong>Gyv\u016bn\u0173 vie&scaron;butis &#8211; pliusai ir minusai<\/strong><\/h4>\n<\/p>\n<p>Gyv\u016bn\u0173 vie&scaron;bu\u010diai &#8211; tai vietos, kuriose laikomi keli &scaron;unys ar kat\u0117s, kol j\u0173 &scaron;eimininkai yra i&scaron;vyk\u0119. Daugelyje vie&scaron;bu\u010di\u0173 galioja konkre\u010dios taisykl\u0117s ar nuostatai, tod\u0117l prie&scaron; pasirinkdami viet\u0105 pasidom\u0117kite, kokios ten yra s\u0105lygos. Vie&scaron;bu\u010diuose da\u017eniausiai dirba apmokyti specialistai, kad j\u016bs\u0173 &scaron;unimi ar kate b\u016bt\u0173 tinkamai pasir\u016bpinta, kol juos pasiimsite.<\/p>\n<p>B\u016bdamas vie&scaron;butyje, j\u016bs\u0173 augintinis bendrauja su kitais gyv\u016bnais ir pri\u017ei\u016br\u0117tojais. Tai gali b\u016bti itin tinkamas pasirinkimas &scaron;unims ar kat\u0117ms, kurie labai m\u0117gsta \u017eaisti su kitais. Labai social\u016bs gyv\u016bnai, kurie puikiai jau\u010diasi bendraudami, paprastai labai gerai jau\u010diasi tokioje aplinkoje.<\/p>\n<p>Jei turite gyv\u016bn\u0105, kuris &scaron;iek tiek nerimauja d\u0117l nauj\u0173 \u017emoni\u0173 ir viet\u0173, prie&scaron; i&scaron;vykdami turite b\u016btinai informuoti vie&scaron;but\u012f apie bet kokius nuog\u0105stavimus. Ypa\u010d agresyv\u016bs, bail\u016bs &scaron;unys ar kat\u0117s gali sunkiai priimti nauj\u0105 viet\u0105, kai jiems teks b\u016bti &scaron;alia kit\u0173 keturkoj\u0173 bi\u010diuli\u0173.<\/p>\n<p>Vienas i&scaron; gyv\u016bn\u0173 vie&scaron;bu\u010di\u0173 minus\u0173 &ndash; parazitai, ligos ir su\u017eeidimai \u017eaidim\u0173 metu. Niekas negali garantuoti, ar tikrai kiti atve\u017eti gyv\u016bnai bus visi&scaron;kai sveiki.  \u017dinoma, svarbiausia pasir\u016bpinti savo augintiniu, pasitikrinkite skiep\u0173 kalendori\u0173 su savo veterinaru, pasitarkite d\u0117l apsaugos nuo erki\u0173. <\/p>\n<\/p>\n<p>Tad tik &scaron;eimininkai \u012fvertin\u0119 visus individualius augintinio poreikius gali padaryti geriausi\u0105 sprendim\u0105, kur palikti savo keturkoj\u012f draug\u0105 &ndash;  gauti individuali\u0105  gyv\u016bno pri\u017ei\u016br\u0117tojo prie\u017ei\u016br\u0105ar ve\u017eti \u012f vie&scaron;but\u012f ir kartu pasib\u016bti su kitais gyv\u016bnais. <\/p>\n<\/p>\n<figure><img decoding=\"async\" src=\"https:\/\/yoopies.lt\/c\/wp-content\/uploads\/sites\/12\/2024\/04\/b3889198-63ac-4180-854f-eb94b391dc4f-craftsforkidslt28229.jpg\" \/><\/figure>\n","protected":false},"excerpt":{"rendered":"<p>Kiekvienas &scaron;eimininkas planuodamas tolimesn\u0119 ir ilgesn\u0119 kelione svarsto, kur palikti savo augintin\u012f. Neturint &scaron;eimos ar &hellip; <\/p>\n","protected":false},"author":10,"featured_media":12,"parent":0,"menu_order":0,"comment_status":"closed","ping_status":"closed","template":"","meta":{"_acf_changed":false,"footnotes":""},"class_list":["post-7","page","type-page","status-publish","has-post-thumbnail","hentry"],"acf":[],"yoast_head":"<!-- This site is optimized with the Yoast SEO plugin v26.9 - https:\/\/yoast.com\/product\/yoast-seo-wordpress\/ -->\n<title>Gyv\u016bn\u0173 pri\u017ei\u016br\u0117tojas ar gyv\u016bn\u0173 vie\u0161butis?<\/title>\n<meta name=\"description\" content=\"Kam patik\u0117ti savo augintin\u012f? Dalinam\u0117s gyv\u016bn\u0173 pri\u017ei\u016br\u0117tojo ir gyv\u016bn\u0173 vie\u0161bu\u010dio privalumais ir tr\u016bkumais, kurie pad\u0117s priimti jums tinkamiausi\u0105 variant\u0105.\" \/>\n<meta name=\"robots\" content=\"index, follow, max-snippet:-1, max-image-preview:large, max-video-preview:-1\" \/>\n<link rel=\"canonical\" href=\"https:\/\/yoopies.lt\/c\/gyvunu-priziuretojas-ar-gyvunu-viesbutis\/\" \/>\n<meta property=\"og:locale\" content=\"lt_LT\" \/>\n<meta property=\"og:type\" content=\"article\" \/>\n<meta property=\"og:title\" content=\"Gyv\u016bn\u0173 pri\u017ei\u016br\u0117tojas ar gyv\u016bn\u0173 vie\u0161butis?\" \/>\n<meta property=\"og:description\" content=\"Kam patik\u0117ti savo augintin\u012f? Dalinam\u0117s gyv\u016bn\u0173 pri\u017ei\u016br\u0117tojo ir gyv\u016bn\u0173 vie\u0161bu\u010dio privalumais ir tr\u016bkumais, kurie pad\u0117s priimti jums tinkamiausi\u0105 variant\u0105.\" \/>\n<meta property=\"og:url\" content=\"https:\/\/yoopies.lt\/c\/gyvunu-priziuretojas-ar-gyvunu-viesbutis\/\" \/>\n<meta property=\"og:site_name\" content=\"Yoopies Lietuva Blog\" \/>\n<meta property=\"article:modified_time\" content=\"2025-06-12T08:48:24+00:00\" \/>\n<meta property=\"og:image\" content=\"https:\/\/yoopies.lt\/c\/wp-content\/uploads\/sites\/12\/2024\/04\/f50e27fd-5bac-4d23-a285-ac3a55c3706a-gyvunupriziuretojas-1.jpg\" \/>\n\t<meta property=\"og:image:width\" content=\"1200\" \/>\n\t<meta property=\"og:image:height\" content=\"432\" \/>\n\t<meta property=\"og:image:type\" content=\"image\/jpeg\" \/>\n<meta name=\"twitter:card\" content=\"summary_large_image\" \/>\n<meta name=\"twitter:label1\" content=\"Est. reading time\" \/>\n\t<meta name=\"twitter:data1\" content=\"3 minut\u0117s\" \/>\n<script type=\"application\/ld+json\" class=\"yoast-schema-graph\">{\"@context\":\"https:\/\/schema.org\",\"@graph\":[{\"@type\":\"WebPage\",\"@id\":\"https:\/\/yoopies.lt\/c\/gyvunu-priziuretojas-ar-gyvunu-viesbutis\/\",\"url\":\"https:\/\/yoopies.lt\/c\/gyvunu-priziuretojas-ar-gyvunu-viesbutis\/\",\"name\":\"Gyv\u016bn\u0173 pri\u017ei\u016br\u0117tojas ar gyv\u016bn\u0173 vie\u0161butis?\",\"isPartOf\":{\"@id\":\"https:\/\/yoopies.lt\/c\/#website\"},\"primaryImageOfPage\":{\"@id\":\"https:\/\/yoopies.lt\/c\/gyvunu-priziuretojas-ar-gyvunu-viesbutis\/#primaryimage\"},\"image\":{\"@id\":\"https:\/\/yoopies.lt\/c\/gyvunu-priziuretojas-ar-gyvunu-viesbutis\/#primaryimage\"},\"thumbnailUrl\":\"https:\/\/yoopies.lt\/c\/wp-content\/uploads\/sites\/12\/2024\/04\/f50e27fd-5bac-4d23-a285-ac3a55c3706a-gyvunupriziuretojas-1.jpg\",\"datePublished\":\"2024-04-03T11:14:37+00:00\",\"dateModified\":\"2025-06-12T08:48:24+00:00\",\"description\":\"Kam patik\u0117ti savo augintin\u012f? Dalinam\u0117s gyv\u016bn\u0173 pri\u017ei\u016br\u0117tojo ir gyv\u016bn\u0173 vie\u0161bu\u010dio privalumais ir tr\u016bkumais, kurie pad\u0117s priimti jums tinkamiausi\u0105 variant\u0105.\",\"breadcrumb\":{\"@id\":\"https:\/\/yoopies.lt\/c\/gyvunu-priziuretojas-ar-gyvunu-viesbutis\/#breadcrumb\"},\"inLanguage\":\"lt-LT\",\"potentialAction\":[{\"@type\":\"ReadAction\",\"target\":[\"https:\/\/yoopies.lt\/c\/gyvunu-priziuretojas-ar-gyvunu-viesbutis\/\"]}]},{\"@type\":\"ImageObject\",\"inLanguage\":\"lt-LT\",\"@id\":\"https:\/\/yoopies.lt\/c\/gyvunu-priziuretojas-ar-gyvunu-viesbutis\/#primaryimage\",\"url\":\"https:\/\/yoopies.lt\/c\/wp-content\/uploads\/sites\/12\/2024\/04\/f50e27fd-5bac-4d23-a285-ac3a55c3706a-gyvunupriziuretojas-1.jpg\",\"contentUrl\":\"https:\/\/yoopies.lt\/c\/wp-content\/uploads\/sites\/12\/2024\/04\/f50e27fd-5bac-4d23-a285-ac3a55c3706a-gyvunupriziuretojas-1.jpg\",\"width\":1200,\"height\":432},{\"@type\":\"BreadcrumbList\",\"@id\":\"https:\/\/yoopies.lt\/c\/gyvunu-priziuretojas-ar-gyvunu-viesbutis\/#breadcrumb\",\"itemListElement\":[{\"@type\":\"ListItem\",\"position\":1,\"name\":\"Home\",\"item\":\"https:\/\/yoopies.lt\/c\/\"},{\"@type\":\"ListItem\",\"position\":2,\"name\":\"Gyv\u016bn\u0173 pri\u017ei\u016br\u0117tojas ar gyv\u016bn\u0173 vie\u0161butis? Trumpas gidas \u0161eimininkams\"}]},{\"@type\":\"WebSite\",\"@id\":\"https:\/\/yoopies.lt\/c\/#website\",\"url\":\"https:\/\/yoopies.lt\/c\/\",\"name\":\"Yoopies Lietuva Blog\",\"description\":\"\",\"publisher\":{\"@id\":\"https:\/\/yoopies.lt\/c\/#organization\"},\"potentialAction\":[{\"@type\":\"SearchAction\",\"target\":{\"@type\":\"EntryPoint\",\"urlTemplate\":\"https:\/\/yoopies.lt\/c\/?s={search_term_string}\"},\"query-input\":{\"@type\":\"PropertyValueSpecification\",\"valueRequired\":true,\"valueName\":\"search_term_string\"}}],\"inLanguage\":\"lt-LT\"},{\"@type\":\"Organization\",\"@id\":\"https:\/\/yoopies.lt\/c\/#organization\",\"name\":\"Yoopies Lietuva Blog\",\"url\":\"https:\/\/yoopies.lt\/c\/\",\"logo\":{\"@type\":\"ImageObject\",\"inLanguage\":\"lt-LT\",\"@id\":\"https:\/\/yoopies.lt\/c\/#\/schema\/logo\/image\/\",\"url\":\"https:\/\/yoopies.lt\/c\/wp-content\/uploads\/sites\/12\/2025\/05\/cropped-Logo_Yoopies-2.png\",\"contentUrl\":\"https:\/\/yoopies.lt\/c\/wp-content\/uploads\/sites\/12\/2025\/05\/cropped-Logo_Yoopies-2.png\",\"width\":512,\"height\":512,\"caption\":\"Yoopies Lietuva Blog\"},\"image\":{\"@id\":\"https:\/\/yoopies.lt\/c\/#\/schema\/logo\/image\/\"}}]}<\/script>\n<!-- \/ Yoast SEO plugin. -->","yoast_head_json":{"title":"Gyv\u016bn\u0173 pri\u017ei\u016br\u0117tojas ar gyv\u016bn\u0173 vie\u0161butis?","description":"Kam patik\u0117ti savo augintin\u012f? Dalinam\u0117s gyv\u016bn\u0173 pri\u017ei\u016br\u0117tojo ir gyv\u016bn\u0173 vie\u0161bu\u010dio privalumais ir tr\u016bkumais, kurie pad\u0117s priimti jums tinkamiausi\u0105 variant\u0105.","robots":{"index":"index","follow":"follow","max-snippet":"max-snippet:-1","max-image-preview":"max-image-preview:large","max-video-preview":"max-video-preview:-1"},"canonical":"https:\/\/yoopies.lt\/c\/gyvunu-priziuretojas-ar-gyvunu-viesbutis\/","og_locale":"lt_LT","og_type":"article","og_title":"Gyv\u016bn\u0173 pri\u017ei\u016br\u0117tojas ar gyv\u016bn\u0173 vie\u0161butis?","og_description":"Kam patik\u0117ti savo augintin\u012f? Dalinam\u0117s gyv\u016bn\u0173 pri\u017ei\u016br\u0117tojo ir gyv\u016bn\u0173 vie\u0161bu\u010dio privalumais ir tr\u016bkumais, kurie pad\u0117s priimti jums tinkamiausi\u0105 variant\u0105.","og_url":"https:\/\/yoopies.lt\/c\/gyvunu-priziuretojas-ar-gyvunu-viesbutis\/","og_site_name":"Yoopies Lietuva Blog","article_modified_time":"2025-06-12T08:48:24+00:00","og_image":[{"width":1200,"height":432,"url":"https:\/\/yoopies.lt\/c\/wp-content\/uploads\/sites\/12\/2024\/04\/f50e27fd-5bac-4d23-a285-ac3a55c3706a-gyvunupriziuretojas-1.jpg","type":"image\/jpeg"}],"twitter_card":"summary_large_image","twitter_misc":{"Est. reading time":"3 minut\u0117s"},"schema":{"@context":"https:\/\/schema.org","@graph":[{"@type":"WebPage","@id":"https:\/\/yoopies.lt\/c\/gyvunu-priziuretojas-ar-gyvunu-viesbutis\/","url":"https:\/\/yoopies.lt\/c\/gyvunu-priziuretojas-ar-gyvunu-viesbutis\/","name":"Gyv\u016bn\u0173 pri\u017ei\u016br\u0117tojas ar gyv\u016bn\u0173 vie\u0161butis?","isPartOf":{"@id":"https:\/\/yoopies.lt\/c\/#website"},"primaryImageOfPage":{"@id":"https:\/\/yoopies.lt\/c\/gyvunu-priziuretojas-ar-gyvunu-viesbutis\/#primaryimage"},"image":{"@id":"https:\/\/yoopies.lt\/c\/gyvunu-priziuretojas-ar-gyvunu-viesbutis\/#primaryimage"},"thumbnailUrl":"https:\/\/yoopies.lt\/c\/wp-content\/uploads\/sites\/12\/2024\/04\/f50e27fd-5bac-4d23-a285-ac3a55c3706a-gyvunupriziuretojas-1.jpg","datePublished":"2024-04-03T11:14:37+00:00","dateModified":"2025-06-12T08:48:24+00:00","description":"Kam patik\u0117ti savo augintin\u012f? Dalinam\u0117s gyv\u016bn\u0173 pri\u017ei\u016br\u0117tojo ir gyv\u016bn\u0173 vie\u0161bu\u010dio privalumais ir tr\u016bkumais, kurie pad\u0117s priimti jums tinkamiausi\u0105 variant\u0105.","breadcrumb":{"@id":"https:\/\/yoopies.lt\/c\/gyvunu-priziuretojas-ar-gyvunu-viesbutis\/#breadcrumb"},"inLanguage":"lt-LT","potentialAction":[{"@type":"ReadAction","target":["https:\/\/yoopies.lt\/c\/gyvunu-priziuretojas-ar-gyvunu-viesbutis\/"]}]},{"@type":"ImageObject","inLanguage":"lt-LT","@id":"https:\/\/yoopies.lt\/c\/gyvunu-priziuretojas-ar-gyvunu-viesbutis\/#primaryimage","url":"https:\/\/yoopies.lt\/c\/wp-content\/uploads\/sites\/12\/2024\/04\/f50e27fd-5bac-4d23-a285-ac3a55c3706a-gyvunupriziuretojas-1.jpg","contentUrl":"https:\/\/yoopies.lt\/c\/wp-content\/uploads\/sites\/12\/2024\/04\/f50e27fd-5bac-4d23-a285-ac3a55c3706a-gyvunupriziuretojas-1.jpg","width":1200,"height":432},{"@type":"BreadcrumbList","@id":"https:\/\/yoopies.lt\/c\/gyvunu-priziuretojas-ar-gyvunu-viesbutis\/#breadcrumb","itemListElement":[{"@type":"ListItem","position":1,"name":"Home","item":"https:\/\/yoopies.lt\/c\/"},{"@type":"ListItem","position":2,"name":"Gyv\u016bn\u0173 pri\u017ei\u016br\u0117tojas ar gyv\u016bn\u0173 vie\u0161butis? Trumpas gidas \u0161eimininkams"}]},{"@type":"WebSite","@id":"https:\/\/yoopies.lt\/c\/#website","url":"https:\/\/yoopies.lt\/c\/","name":"Yoopies Lietuva Blog","description":"","publisher":{"@id":"https:\/\/yoopies.lt\/c\/#organization"},"potentialAction":[{"@type":"SearchAction","target":{"@type":"EntryPoint","urlTemplate":"https:\/\/yoopies.lt\/c\/?s={search_term_string}"},"query-input":{"@type":"PropertyValueSpecification","valueRequired":true,"valueName":"search_term_string"}}],"inLanguage":"lt-LT"},{"@type":"Organization","@id":"https:\/\/yoopies.lt\/c\/#organization","name":"Yoopies Lietuva Blog","url":"https:\/\/yoopies.lt\/c\/","logo":{"@type":"ImageObject","inLanguage":"lt-LT","@id":"https:\/\/yoopies.lt\/c\/#\/schema\/logo\/image\/","url":"https:\/\/yoopies.lt\/c\/wp-content\/uploads\/sites\/12\/2025\/05\/cropped-Logo_Yoopies-2.png","contentUrl":"https:\/\/yoopies.lt\/c\/wp-content\/uploads\/sites\/12\/2025\/05\/cropped-Logo_Yoopies-2.png","width":512,"height":512,"caption":"Yoopies Lietuva Blog"},"image":{"@id":"https:\/\/yoopies.lt\/c\/#\/schema\/logo\/image\/"}}]}},"_links":{"self":[{"href":"https:\/\/yoopies.lt\/c\/wp-json\/wp\/v2\/pages\/7","targetHints":{"allow":["GET"]}}],"collection":[{"href":"https:\/\/yoopies.lt\/c\/wp-json\/wp\/v2\/pages"}],"about":[{"href":"https:\/\/yoopies.lt\/c\/wp-json\/wp\/v2\/types\/page"}],"author":[{"embeddable":true,"href":"https:\/\/yoopies.lt\/c\/wp-json\/wp\/v2\/users\/10"}],"replies":[{"embeddable":true,"href":"https:\/\/yoopies.lt\/c\/wp-json\/wp\/v2\/comments?post=7"}],"version-history":[{"count":1,"href":"https:\/\/yoopies.lt\/c\/wp-json\/wp\/v2\/pages\/7\/revisions"}],"predecessor-version":[{"id":13,"href":"https:\/\/yoopies.lt\/c\/wp-json\/wp\/v2\/pages\/7\/revisions\/13"}],"wp:featuredmedia":[{"embeddable":true,"href":"https:\/\/yoopies.lt\/c\/wp-json\/wp\/v2\/media\/12"}],"wp:attachment":[{"href":"https:\/\/yoopies.lt\/c\/wp-json\/wp\/v2\/media?parent=7"}],"curies":[{"name":"wp","href":"https:\/\/api.w.org\/{rel}","templated":true}]}}