{"id":73,"date":"2024-02-19T14:13:47","date_gmt":"2024-02-19T14:13:47","guid":{"rendered":"https:\/\/blog.yoopies.lt\/slauga-namuose\/"},"modified":"2025-06-12T08:48:25","modified_gmt":"2025-06-12T08:48:25","slug":"slauga-namuose","status":"publish","type":"page","link":"https:\/\/yoopies.lt\/c\/slauga-namuose\/","title":{"rendered":"Slauga namuose: seneli\u0173 prie\u017ei\u016bra bei slaugytoj\u0173 paie\u0161ka"},"content":{"rendered":"<figure><img decoding=\"async\" src=\"https:\/\/yoopies.lt\/c\/wp-content\/uploads\/sites\/12\/2024\/02\/278a3e52-b3c4-4bf3-9af3-d93867bd6e55-elderlycareandhomecareassistants.jpg\" \/><\/figure>\n<p><a class=\"button\" href=\"https:\/\/yoopies.lt\/slauga\">IE\u0160KOTI SLAUGYTOJO!<\/a><\/p>\n<p><p>Slauga namuose yra svarbi paslauga socialin\u0117s globos ir sveikatos prie\u017ei\u016bros srityje. Ji yra reikalinga tiems, kurie negali r\u016bpintis savimi d\u0117l \u012fvairi\u0173 prie\u017eas\u010di\u0173, pvz., d\u0117l am\u017eiaus, lig\u0173 ar negali\u0173. Pacient\u0173 namuose suteikiamos slaugos paslaugos yra da\u017enai reikalingos, kad b\u016bt\u0173 u\u017etikrintas geriausias paciento gyvenimo kokyb\u0117s lygis ir palaikytas j\u0173 sveikatos b\u016bkl\u0117. Tai socialin\u0117s globos paslaugos, skirtos tiems, kurie negali r\u016bpintis savimi d\u0117l \u012fvairi\u0173 prie\u017eas\u010di\u0173. Tai yra ambulatorin\u0117 slauga, kurios tikslas yra u\u017etikrinti paciento geriausi\u0105 gyvenimo kokyb\u0119 ir palaikyti j\u0173 sveikatos b\u016bkl\u0119, taip pat pad\u0117ti jiems savaranki&scaron;kai gyventi kuo ilgesn\u012f laik\u0105.<\/p>\n<p>Slaugytojas gali pad\u0117ti tiems, kurie negali pasir\u016bpinti savimi, nori atgauti nepriklausomyb\u0119 ir m\u0117gautis geresne gyvenimo kokybe. Galb\u016bt d\u0117l am\u017eiaus ar sveikatos b\u016bkl\u0117s j\u016bs (ar j\u016bs\u0173 artimasis) negalite gyventi taip lengvai, kaip gyvenote lygi &scaron;iol. Nesvarbu, ar tai b\u016bt\u0173 slaugymas namuose, ar seneli\u0173 prie\u017ei\u016bra, ar tiesiog draugija seneliams, jog nesijaust\u0173 tokie vieni&scaron;i, m\u016bs\u0173 u\u017esiregistrav\u0119 slaugytojai gali suteikti pagalb\u0105, atsi\u017evelgiant \u012f j\u016bs\u0173 turim\u0105 biud\u017eet\u0105, poreikius ir kita.<\/p>\n<h2><strong>Turinys:<\/strong><\/h2>\n<ul>\n<li><a href=\"https:\/\/#h2-2\">Kokias paslaugas teikia slaugytojai?<\/a><\/li>\n<li><a href=\"https:\/\/#h2-3\">Slaugytoj\u0173 tipai<\/a><\/li>\n<li><a href=\"https:\/\/#h2-4\">Kam slaugytojas gali b\u016bti naudingas?<\/a><\/li>\n<li><a href=\"https:\/\/#h2-5\">Kiek kainuoja slauga namuose?<\/a><\/li>\n<li><a href=\"https:\/\/#h2-6\">Kaip \u012fdarbinti slaugytoj\u0105?<\/a><\/li>\n<li><a href=\"https:\/\/#h2-7\">Patarimai, kaip i&scaron;sirinkti tinkam\u0105 slaugytoj\u0105<\/a><\/li>\n<\/ul>\n<figure><img decoding=\"async\" src=\"https:\/\/yoopies.lt\/c\/wp-content\/uploads\/sites\/12\/2024\/02\/724e4c22-d19d-40ee-8e08-398b6e1c11aa-528129.jpg\" \/><\/figure>\n<p><h2><strong>Kokias paslaugas teikia slaugytojai? <\/strong><\/h2>\n<\/p>\n<p>Slaugytojas gali pasi\u016blyti plat\u0173 paslaug\u0173 spektr\u0105, pritaikyt\u0105 kiekvieno asmens poreikiams. Yra skirtingi prie\u017ei\u016bros lygiai, pradedant nuo kasdieni\u0173 buitini\u0173 u\u017eduo\u010di\u0173, k\u016bno prie\u017ei\u016bros, maitinimo, maisto preki\u0173 pirkimo bei gaminimo iki speciali\u0173j\u0173 poreiki\u0173 patenkinimo.<\/p>\n<p>Priklausomai nuo ie&scaron;komos<a href=\"https:\/\/#h2-3\"> slaugos lygio<\/a>, galite rinktis prie\u017ei\u016br\u0105 seneliams, slaugytojo paslaugas, jei asmuo turi speciali\u0173j\u0173 poreiki\u0173 (atitinkamos kvalifikacijos slaugytojai) ar draugij\u0105 vieni&scaron;iems vyresnio am\u017eiaus \u017emon\u0117ms, kurie gal\u0117t\u0173 kartu i&scaron;eiti pasivaik&scaron;\u010dioti bei atlikti kitus pom\u0117gius kartu.<\/p>\n<\/p>\n<h2><strong>Slaugytoj\u0173 tipai:<\/strong><\/h2>\n<\/p>\n<p>Atsi\u017evelgiant \u012f asmens, kuriam reikalinga prie\u017ei\u016bra, poreikius ir asmenin\u0119 situacij\u0105, tam tikros prie\u017ei\u016bros galimyb\u0117s bus tinkamesn\u0117s u\u017e kitas. <\/p>\n<p><strong>Glob\u0117jas-draugas.<\/strong> Tiems, kurie gyvena toli nuo &scaron;eimos, gyvena vieni ar tiesiog labiau izoliuoti nuo visuomen\u0117s, glob\u0117jas-draugas gali b\u016bti puikus sprendimas palaikyti kompanij\u0105. Jie gali atlikti u\u017eduotis, kuri\u0173 asmuo pats nesugeba atlikti, arba tiesiog m\u0117gautis kokybi&scaron;kai ir smagiai praleistu laiku. Glob\u0117jas draugas gali suteikti ramyb\u0119 &scaron;eimos nariams, kurie gali gyventi toli nuo savo artimojo ir negali patys aplankyti taip da\u017enai, kaip nor\u0117t\u0173.<\/p>\n<p><strong>Apsigyvenantis slaugytojas. <\/strong>Slaugytojas, kuri apsigyvena kartu su asmeniu ,kuriam reikalinga slauga, paprastai yra did\u017eiausia galima parama ir pagalba, nes gali pad\u0117ti kiekviename \u017eingsnyje, tiek atsikeliant i&scaron; lovos, tiek nusiprausiant ar padedant nakt\u012f nueiti \u012f tualet\u0105. \u017dinoma, kadangi darba yra tiek dienos, tiek nakties metu, paprastai apsigyvenantis slaugytojas dirba pasikeisdamas su kitu slaugytoju arba artimaisiais. Apsigyvenantis slaugytojas gali b\u016bti puikus sprendimas tiems, kurie nebegali patys savimi pasir\u016bpinti namuose, bet ir dar nenori keliauti \u012f slaugos namus.<\/p>\n<p><strong>Nam\u0173 prie\u017ei\u016bros pagalbininkas. <\/strong>Jei nam\u0173 \u016bkio tvarkymas ir gyvenimas vienam tampa per dideliu i&scaron;&scaron;\u016bkiu, nam\u0173 tvarkytojas gali pad\u0117ti i&scaron;laikyti norim\u0105 pragyvenimo lyg\u012f tiems, kurie nori likti savo namuose. Nuo nam\u0173 tvarkymo darb\u0173, toki\u0173 kaip maisto preki\u0173 pirkimas ir recept\u0173 rinkimas, iki lengv\u0173 nam\u0173 ruo&scaron;os ir skalbimo darb\u0173 atlikimo, nam\u0173 prie\u017ei\u016bros pagalbininkas gali pad\u0117ti vyresnio am\u017eiaus \u017emon\u0117ms likti gyventi savo namuose, nepaisant to, kad jis turi ma\u017eiau palaikyti ir atlikti nam\u0173 ruo&scaron;os darbus..<\/p>\n<p><strong>Asmeninis glob\u0117jas.<\/strong> Asmeninis glob\u0117jas gali pad\u0117ti asmeniui atlikti bet koki\u0105 b\u016btin\u0105 u\u017eduot\u012f, kuri jam gali b\u016bti sunki d\u0117l negalios, am\u017eiaus ar kitoki\u0173 kli\u016b\u010di\u0173. Nuo asmens higienos palaikymo iki kit\u0173 reikmi\u0173, kurios pad\u0117t\u0173 asmeniui v\u0117l pasijusti savimi.<\/p>\n<p><strong>Ilgalaik\u0117s ligos slaugytojas. <\/strong>Tiems, kurie serga demencija ar kitomis pana&scaron;iomis ilgalaikemis ligomis, gali prireikti specializuoto slaugytojo, turin\u010dio profesin\u012f i&scaron;silavinim\u0105 ir kompetencij\u0105 &scaron;ioje srityje, kad pad\u0117t\u0173 &scaron;eimos nariams bei b\u016bt\u0173 u\u017etikrinta tinkama prie\u017ei\u016bra. Priklausomai nuo asmens, jie gali gauti labdaros organizacijos, susijusios su j\u0173 liga, param\u0105, tod\u0117l visada verta patikrinti atitinkam\u0173 labdaros organizacij\u0173 svetaines ir su\u017einoti, kokia parama yra prieinama.<\/p>\n<p><strong>Slaugytojas retkar\u010diais. <\/strong>Nors daugelis &scaron;eim\u0173 nori patys r\u016bpintis artimu \u017emogumi, kuriam reikia pagalbos, svarbu nepamir&scaron;ti, kad buvimas glob\u0117ju yra did\u017eiul\u0117 atsakomyb\u0117 ir po kurio laiko da\u017enai gali b\u016bti &scaron;eimai per sunku d\u0117l didelio psichologinio ar fizinio kr\u016bvio. Slaugytojas retkar\u010diais gali b\u016bti puiku i&scaron;sigelb\u0117jimas \u012fprastiems glob\u0117jams, kurie gal\u0117t\u0173 atsikv\u0117pti nuo \u012fprast\u0173 pareig\u0173, pakeisti aplinka ir sugry\u017eti kupini j\u0117g\u0173.<\/p>\n<\/p>\n<h2><strong>Kam slaugytojas gali b\u016bti naudingas?<\/strong><\/h2>\n<\/p>\n<p>Tai n\u0117ra paslaptis, kad senstant m\u016bs\u0173 k\u016bnas link\u0119s &scaron;iek tiek sul\u0117t\u0117ti ir galb\u016bt mes nesugebame pasir\u016bpinti savimi taip lengvai, kaip kadaise. Slaugytojus da\u017enai samdo vyresnio am\u017eiaus \u017emon\u0117s, nesvarbu, ar jie gyvena vieni, ar su partneriu, kad pad\u0117t\u0173 i&scaron;laikyti auk&scaron;t\u0105 pragyvenimo lyg\u012f savo namuose.<\/p>\n<p>Ta\u010diau ne tik pagyven\u0119 \u017emon\u0117s gali samdyti slaugytoj\u0105. Slaugytojai gali pasi\u016blyti tas pa\u010dias paslaugas \u017emon\u0117ms su negalia, kurie gali b\u016bti sunku atlikti visas b\u016btinas kasdienio gyvenimo u\u017eduotis. Kad ir kokia didel\u0117 ar ma\u017ea u\u017eduotis b\u016bt\u0173, slaugytojai gali pad\u0117ti i&scaron;laikyti auk&scaron;t\u0105 gyvenimo kokyb\u0119.<\/p>\n<p>Tiems, kurie serga sekinan\u010dia liga, slaugytojas gal\u0117t\u0173 b\u016bti tinkamas pasirinkimas dirbti kartu su &scaron;eimos nariais ar medicinos specialistais, kad gal\u0117t\u0173 suteikti asmeniui prie\u017ei\u016br\u0105 ir reikaling\u0105 param\u0105. Kai kurioms ligoms ir b\u016bkl\u0117ms, pavyzd\u017eiui, Alzheimeriui ar Demencijai, gali reik\u0117ti, kad slaugytojas, tur\u0117t\u0173 tam tikr\u0105 i&scaron;silavinim\u0105 ar patirt\u012f, gal\u0117t\u0173 suteikti tinkam\u0105 pagalb\u0105, reikaling\u0105 &scaron;iai b\u016bklei \u012fveikti.<\/p>\n<\/p>\n<h2><strong>Kiek kainuoja slauga namuose?<\/strong><\/h2>\n<\/p>\n<p>Slaugytojo namuose kaina gali skirtis priklausomai nuo suteikiamos pagalbos da\u017enumo bei atliekam\u0173 u\u017eduo\u010di\u0173.<\/p>\n<p>Vidutin\u0117 slaugytoja kaina yra apie 7 eur. per valand\u0105, ta\u010diau tai, \u017einoma, gali keistis, atsi\u017evelgiant \u012f teikiamos prie\u017ei\u016bros tip\u0105 bei kuriame mieste gyvenate.<\/p>\n<p>Kai kuriems asmenims gali b\u016bti skirtas Vyriausyb\u0117s finansavimas, kuris pad\u0117t\u0173 i&scaron; dalies arba visi&scaron;kai padengti slaugytoj\u0173 paslaug\u0173 i&scaron;laidas. Slaugos, paliatyviosios medicinos ir socialini\u0173 paslaug\u0173 klinikos (toliau &#8211; SPMSPK) specialistai teikia nemokamas medicinines bei socialines paslaugas pacientams, kuriems yra nustatytas specialusis nuolatin\u0117s slaugos poreikis (SPS-1), specialusis nuolatin\u0117s prie\u017ei\u016bros (pagalbos) poreikis (SPP-2), paliatyviems pacientams bei kitiems ne\u012fgaliems, vyresnio am\u017eiaus pacientams, negalintiems savaranki&scaron;kai atvykti \u012f asmens sveikatos prie\u017ei\u016bros \u012fstaig\u0105 paslaugoms gauti. SPMSPK siekia pagerinti pacient\u0173 ir j\u0173 artim\u0173j\u0173 gyvenimo kokyb\u0119, i&scaron;saugoti pacient\u0173 savaranki&scaron;kum\u0105 gyvenamojoje aplinkoje, skatinti j\u0173 savir\u016bp\u0105, u\u017etikrinti kokybi&scaron;k\u0173 paliatyviosios pagalbos, slaugos bei socialini\u0173 paslaug\u0173 teikim\u0105 paciento namuose ir poliklinikoje.Taip pat asmenims, kurie serga specifin\u0117mis ligomis, yra daugyb\u0117 labdaros organizacij\u0173, kurios remia \u017emones, kuriems reikia pagalbos, tod\u0117l prie&scaron; priimant pagalb\u0105 verta i&scaron;siai&scaron;kinti &scaron;ias galimybes.<\/p>\n<\/p>\n<h2><strong>Kaip \u012fdarbinti slaugytoj\u0105?<\/strong><\/h2>\n<\/p>\n<p>Slaugytojo samdymas yra svarbus sprendimas, o rasti tinkam\u0105 kandidat\u0105 gali atrodyti sud\u0117tinga. Ta\u010diau naudodamiesi internetine platforma galite atlikti paie&scaron;k\u0105 pagal savo tikslius reikalavimus. Tod\u0117l procesas tampa kur kas efektyvesnis ir nekelia tokios didel\u0117s \u012ftampos bei galite skirti daugiau laiko susitikimams su potencialiais slaugytojais.<\/p>\n<p><a target=\"_blank\" rel=\"noopener\" href=\"https:\/\/yoopies.lt\/slauga\"> &bdquo;Yoopies&ldquo; <\/a>platformoje gali lengvai ie&scaron;koti jums tinkamo slaugytojo, o taip pat ir patys slaugytojai gal\u0117s \u012f jus kreiptis, matydami j\u016bs\u0173 darbo skelbim\u0105. Nors kai kurie nusprend\u017eia pasinaudoti agent\u016bra nor\u0117dami rasti savo glob\u0117j\u0105, tai gali apriboti jums prieinam\u0173 kandidat\u0173 pasirinkim\u0105, be to, gali tekti sumok\u0117ti brangius agent\u016bros mokes\u010dius, vir&scaron;ijan\u010dius slaugytojo tarifus, kuri\u0173 daugelis \u017emoni\u0173 tiesiog negali sau leisti. Patys ie&scaron;kodami slaugytojo, galite ne tik sutaupyti pinig\u0173, bet ir leisti paie&scaron;k\u0105 padaryti labiau suasmenint\u0105 ir tur\u0117ti didesn\u0119 galimyb\u0119 rasti idealiai tinkant\u012f kandidat\u0105.<\/p>\n<p>Nor\u0117dami sukurti &bdquo;Yoopies&ldquo; skelbim\u0105, tiesiog <a target=\"_blank\" rel=\"noopener\" href=\"https:\/\/yoopies.lt\/slauga\">prisiregistruokite \u010dia<\/a> ir sukurkite profil\u012f su skelbimu, kuriame b\u016bt\u0173 i&scaron;samiai apra&scaron;yti j\u016bs\u0173 reikalavimai. Tuomet nedelsiant gal\u0117site prad\u0117ti paie&scaron;k\u0105 d\u0117l slaugos namuose. Naudodami kriterij\u0173 filtrus galite suasmeninti ir susiaurinti paie&scaron;k\u0105, kad procesas b\u016bt\u0173 efektyvus ir paprastas.<\/p>\n<\/p>\n<h2><strong>Patarimai, kaip i&scaron;sirinkti tinkam\u0105 slaugytoj\u0105:<\/strong><\/h2>\n<p>\nSlaugytojai, teikiantys paslaugas pacient\u0173 namuose, turi daug \u012fvairi\u0173 pareig\u0173, kurios da\u017enai reikalauja atsakingumo ir profesionalumo. Jie turi u\u017etikrinti, kad pacientai b\u016bt\u0173 tinkamai pri\u017ei\u016brimi ir kad j\u0173 sveikatos b\u016bkl\u0117 b\u016bt\u0173 kontroliuojama. Slaugos paslaugos gali apimti vaist\u0173 skirstym\u0105, maisto gaminim\u0105, higienos prie\u017ei\u016br\u0105 ir kitas reikalingas kasdienes veiklas.<\/p>\n<p>Kai renkat\u0117s slaugytoj\u0105 pacient\u0173 namuose, svarbu rasti patikim\u0105 ir atsaking\u0105 asmens, kuris sugeb\u0117t\u0173 tinkamai pri\u017ei\u016br\u0117ti j\u016bs\u0173 artim\u0105j\u012f. Pasirinkimas gali b\u016bti sunkus, ta\u010diau laikantis patarim\u0173 ir atid\u017eiai vertinant kandidatus, galite rasti tinkam\u0105 ir kvalifikuot\u0105 slaugytoj\u0105. Slaugytojai namuose yra svarb\u016bs ne tik pacientams, bet ir j\u0173 &scaron;eimai, kadangi jie gali pad\u0117ti u\u017etikrinti j\u0173 mylim\u0173j\u0173 gerov\u0119 ir geriausi\u0105 gyvenimo kokyb\u0119.<\/p>\n<p><strong>Paai&scaron;kinkite savo reikalavimus: <\/strong>\u012fsitikinkite, kad j\u016bs\u0173 skelbimas yra ai&scaron;kus ir i&scaron;samus, \u012fskaitant visas pareigas ir atsakomyb\u0119. Svarbu, kad kandidatas \u017einot\u0173, ko i&scaron; j\u0173 reikalaujama, kad jie gal\u0117t\u0173 nuspr\u0119sti, ar sugeb\u0117s susitvarkyti su reikalavimais ir u\u017eduotimis. Apklausiant kandidat\u0105, &scaron;iame etape verta apib\u016bdinti savo l\u016bkes\u010dius, kad \u012fsitikintum\u0117te, jog jie suprato, ko i&scaron; j\u0173 tikimasi &scaron;ioje pozicijoje. <\/p>\n<p><strong>Ie&scaron;kokite jums priimtino \u017emogaus su atitinkama patirtimi:<\/strong> J\u016bs\u0173 i&scaron;sirinktas slaugytojas praleis nema\u017eai laiko su slaugomu asmeniu, tod\u0117l \u012fsitinkinkite, jog j\u016bs\u0173 artimajam slaugytojas vis\u0173 pirma yra priimtinas, kaip asmenyb\u0117. Galb\u016bt b\u016bt\u0173 galima surengti kelet\u0105 neoficiali\u0173 bandom\u0173j\u0173 sesij\u0173 ar susitikim\u0173, kad su\u017einotum\u0117te, kaip jie sutaria, prie&scaron; jums pradedant oficial\u0173 samdymo proces\u0105. \u017dinoma, svarbu ie&scaron;koti asmens su atitinkama patirtimi ir u\u017etikrinti, kad kandidatas b\u016bt\u0173 kvalifikuotas u\u017eimti &scaron;ias pareigas.<\/p>\n<p><strong>Papra&scaron;ykite rekomendacij\u0173: <\/strong>kaip ir bet kurioje kitoje vietoje, taip pat svarbu u\u017etikrinti, kad samdytum\u0117te patikim\u0105 asmen\u012f. Glob\u0117jui bus patik\u0117ta pri\u017ei\u016br\u0117ti labiausiai pa\u017eeid\u017eiamus visuomen\u0117s narius, tod\u0117l ypa\u010d svarbu patikrinti j\u0173 rekomendacijas, \u012fsitikinti, kad j\u0173 darbas yra auk&scaron;\u010diausios kokyb\u0117s. Patartina papra&scaron;yti keli\u0173 ankstesni\u0173 darbdavi\u0173 rekomendacij\u0173.<\/p><\/p>\n","protected":false},"excerpt":{"rendered":"<p>IE\u0160KOTI SLAUGYTOJO! Slauga namuose yra svarbi paslauga socialin\u0117s globos ir sveikatos prie\u017ei\u016bros srityje. Ji yra &hellip; <\/p>\n","protected":false},"author":10,"featured_media":76,"parent":0,"menu_order":0,"comment_status":"closed","ping_status":"closed","template":"","meta":{"_acf_changed":false,"footnotes":""},"class_list":["post-73","page","type-page","status-publish","has-post-thumbnail","hentry"],"acf":[],"yoast_head":"<!-- This site is optimized with the Yoast SEO plugin v26.9 - https:\/\/yoast.com\/product\/yoast-seo-wordpress\/ -->\n<title>Slauga namuose: seneli\u0173 prie\u017ei\u016bra bei slaugytoj\u0173 paie\u0161ka<\/title>\n<meta name=\"description\" content=\"Visa informacija apie slaugytojus: slaugos reikalavimai, slaugytoj\u0173 pasirinkimas, patyrusi\u0173 slaugytoj\u0173 paie\u0161ka, slaugos kaina, pareigos bei kt.\" \/>\n<meta name=\"robots\" content=\"index, follow, max-snippet:-1, max-image-preview:large, max-video-preview:-1\" \/>\n<link rel=\"canonical\" href=\"https:\/\/yoopies.lt\/c\/slauga-namuose\/\" \/>\n<meta property=\"og:locale\" content=\"lt_LT\" \/>\n<meta property=\"og:type\" content=\"article\" \/>\n<meta property=\"og:title\" content=\"Slauga namuose: seneli\u0173 prie\u017ei\u016bra bei slaugytoj\u0173 paie\u0161ka\" \/>\n<meta property=\"og:description\" content=\"Visa informacija apie slaugytojus: slaugos reikalavimai, slaugytoj\u0173 pasirinkimas, patyrusi\u0173 slaugytoj\u0173 paie\u0161ka, slaugos kaina, pareigos bei kt.\" \/>\n<meta property=\"og:url\" content=\"https:\/\/yoopies.lt\/c\/slauga-namuose\/\" \/>\n<meta property=\"og:site_name\" content=\"Yoopies Lietuva Blog\" \/>\n<meta property=\"article:modified_time\" content=\"2025-06-12T08:48:25+00:00\" \/>\n<meta property=\"og:image\" content=\"https:\/\/yoopies.lt\/c\/wp-content\/uploads\/sites\/12\/2024\/02\/724e4c22-d19d-40ee-8e08-398b6e1c11aa-528129-1.jpg\" \/>\n\t<meta property=\"og:image:width\" content=\"1200\" \/>\n\t<meta property=\"og:image:height\" content=\"675\" \/>\n\t<meta property=\"og:image:type\" content=\"image\/jpeg\" \/>\n<meta name=\"twitter:card\" content=\"summary_large_image\" \/>\n<meta name=\"twitter:label1\" content=\"Est. reading time\" \/>\n\t<meta name=\"twitter:data1\" content=\"9 minut\u0117s\" \/>\n<script type=\"application\/ld+json\" class=\"yoast-schema-graph\">{\"@context\":\"https:\/\/schema.org\",\"@graph\":[{\"@type\":\"WebPage\",\"@id\":\"https:\/\/yoopies.lt\/c\/slauga-namuose\/\",\"url\":\"https:\/\/yoopies.lt\/c\/slauga-namuose\/\",\"name\":\"Slauga namuose: seneli\u0173 prie\u017ei\u016bra bei slaugytoj\u0173 paie\u0161ka\",\"isPartOf\":{\"@id\":\"https:\/\/yoopies.lt\/c\/#website\"},\"primaryImageOfPage\":{\"@id\":\"https:\/\/yoopies.lt\/c\/slauga-namuose\/#primaryimage\"},\"image\":{\"@id\":\"https:\/\/yoopies.lt\/c\/slauga-namuose\/#primaryimage\"},\"thumbnailUrl\":\"https:\/\/yoopies.lt\/c\/wp-content\/uploads\/sites\/12\/2024\/02\/724e4c22-d19d-40ee-8e08-398b6e1c11aa-528129-1.jpg\",\"datePublished\":\"2024-02-19T14:13:47+00:00\",\"dateModified\":\"2025-06-12T08:48:25+00:00\",\"description\":\"Visa informacija apie slaugytojus: slaugos reikalavimai, slaugytoj\u0173 pasirinkimas, patyrusi\u0173 slaugytoj\u0173 paie\u0161ka, slaugos kaina, pareigos bei kt.\",\"breadcrumb\":{\"@id\":\"https:\/\/yoopies.lt\/c\/slauga-namuose\/#breadcrumb\"},\"inLanguage\":\"lt-LT\",\"potentialAction\":[{\"@type\":\"ReadAction\",\"target\":[\"https:\/\/yoopies.lt\/c\/slauga-namuose\/\"]}]},{\"@type\":\"ImageObject\",\"inLanguage\":\"lt-LT\",\"@id\":\"https:\/\/yoopies.lt\/c\/slauga-namuose\/#primaryimage\",\"url\":\"https:\/\/yoopies.lt\/c\/wp-content\/uploads\/sites\/12\/2024\/02\/724e4c22-d19d-40ee-8e08-398b6e1c11aa-528129-1.jpg\",\"contentUrl\":\"https:\/\/yoopies.lt\/c\/wp-content\/uploads\/sites\/12\/2024\/02\/724e4c22-d19d-40ee-8e08-398b6e1c11aa-528129-1.jpg\",\"width\":1200,\"height\":675},{\"@type\":\"BreadcrumbList\",\"@id\":\"https:\/\/yoopies.lt\/c\/slauga-namuose\/#breadcrumb\",\"itemListElement\":[{\"@type\":\"ListItem\",\"position\":1,\"name\":\"Home\",\"item\":\"https:\/\/yoopies.lt\/c\/\"},{\"@type\":\"ListItem\",\"position\":2,\"name\":\"Slauga namuose: seneli\u0173 prie\u017ei\u016bra bei slaugytoj\u0173 paie\u0161ka\"}]},{\"@type\":\"WebSite\",\"@id\":\"https:\/\/yoopies.lt\/c\/#website\",\"url\":\"https:\/\/yoopies.lt\/c\/\",\"name\":\"Yoopies Lietuva Blog\",\"description\":\"\",\"publisher\":{\"@id\":\"https:\/\/yoopies.lt\/c\/#organization\"},\"potentialAction\":[{\"@type\":\"SearchAction\",\"target\":{\"@type\":\"EntryPoint\",\"urlTemplate\":\"https:\/\/yoopies.lt\/c\/?s={search_term_string}\"},\"query-input\":{\"@type\":\"PropertyValueSpecification\",\"valueRequired\":true,\"valueName\":\"search_term_string\"}}],\"inLanguage\":\"lt-LT\"},{\"@type\":\"Organization\",\"@id\":\"https:\/\/yoopies.lt\/c\/#organization\",\"name\":\"Yoopies Lietuva Blog\",\"url\":\"https:\/\/yoopies.lt\/c\/\",\"logo\":{\"@type\":\"ImageObject\",\"inLanguage\":\"lt-LT\",\"@id\":\"https:\/\/yoopies.lt\/c\/#\/schema\/logo\/image\/\",\"url\":\"https:\/\/yoopies.lt\/c\/wp-content\/uploads\/sites\/12\/2025\/05\/cropped-Logo_Yoopies-2.png\",\"contentUrl\":\"https:\/\/yoopies.lt\/c\/wp-content\/uploads\/sites\/12\/2025\/05\/cropped-Logo_Yoopies-2.png\",\"width\":512,\"height\":512,\"caption\":\"Yoopies Lietuva Blog\"},\"image\":{\"@id\":\"https:\/\/yoopies.lt\/c\/#\/schema\/logo\/image\/\"}}]}<\/script>\n<!-- \/ Yoast SEO plugin. -->","yoast_head_json":{"title":"Slauga namuose: seneli\u0173 prie\u017ei\u016bra bei slaugytoj\u0173 paie\u0161ka","description":"Visa informacija apie slaugytojus: slaugos reikalavimai, slaugytoj\u0173 pasirinkimas, patyrusi\u0173 slaugytoj\u0173 paie\u0161ka, slaugos kaina, pareigos bei kt.","robots":{"index":"index","follow":"follow","max-snippet":"max-snippet:-1","max-image-preview":"max-image-preview:large","max-video-preview":"max-video-preview:-1"},"canonical":"https:\/\/yoopies.lt\/c\/slauga-namuose\/","og_locale":"lt_LT","og_type":"article","og_title":"Slauga namuose: seneli\u0173 prie\u017ei\u016bra bei slaugytoj\u0173 paie\u0161ka","og_description":"Visa informacija apie slaugytojus: slaugos reikalavimai, slaugytoj\u0173 pasirinkimas, patyrusi\u0173 slaugytoj\u0173 paie\u0161ka, slaugos kaina, pareigos bei kt.","og_url":"https:\/\/yoopies.lt\/c\/slauga-namuose\/","og_site_name":"Yoopies Lietuva Blog","article_modified_time":"2025-06-12T08:48:25+00:00","og_image":[{"width":1200,"height":675,"url":"https:\/\/yoopies.lt\/c\/wp-content\/uploads\/sites\/12\/2024\/02\/724e4c22-d19d-40ee-8e08-398b6e1c11aa-528129-1.jpg","type":"image\/jpeg"}],"twitter_card":"summary_large_image","twitter_misc":{"Est. reading time":"9 minut\u0117s"},"schema":{"@context":"https:\/\/schema.org","@graph":[{"@type":"WebPage","@id":"https:\/\/yoopies.lt\/c\/slauga-namuose\/","url":"https:\/\/yoopies.lt\/c\/slauga-namuose\/","name":"Slauga namuose: seneli\u0173 prie\u017ei\u016bra bei slaugytoj\u0173 paie\u0161ka","isPartOf":{"@id":"https:\/\/yoopies.lt\/c\/#website"},"primaryImageOfPage":{"@id":"https:\/\/yoopies.lt\/c\/slauga-namuose\/#primaryimage"},"image":{"@id":"https:\/\/yoopies.lt\/c\/slauga-namuose\/#primaryimage"},"thumbnailUrl":"https:\/\/yoopies.lt\/c\/wp-content\/uploads\/sites\/12\/2024\/02\/724e4c22-d19d-40ee-8e08-398b6e1c11aa-528129-1.jpg","datePublished":"2024-02-19T14:13:47+00:00","dateModified":"2025-06-12T08:48:25+00:00","description":"Visa informacija apie slaugytojus: slaugos reikalavimai, slaugytoj\u0173 pasirinkimas, patyrusi\u0173 slaugytoj\u0173 paie\u0161ka, slaugos kaina, pareigos bei kt.","breadcrumb":{"@id":"https:\/\/yoopies.lt\/c\/slauga-namuose\/#breadcrumb"},"inLanguage":"lt-LT","potentialAction":[{"@type":"ReadAction","target":["https:\/\/yoopies.lt\/c\/slauga-namuose\/"]}]},{"@type":"ImageObject","inLanguage":"lt-LT","@id":"https:\/\/yoopies.lt\/c\/slauga-namuose\/#primaryimage","url":"https:\/\/yoopies.lt\/c\/wp-content\/uploads\/sites\/12\/2024\/02\/724e4c22-d19d-40ee-8e08-398b6e1c11aa-528129-1.jpg","contentUrl":"https:\/\/yoopies.lt\/c\/wp-content\/uploads\/sites\/12\/2024\/02\/724e4c22-d19d-40ee-8e08-398b6e1c11aa-528129-1.jpg","width":1200,"height":675},{"@type":"BreadcrumbList","@id":"https:\/\/yoopies.lt\/c\/slauga-namuose\/#breadcrumb","itemListElement":[{"@type":"ListItem","position":1,"name":"Home","item":"https:\/\/yoopies.lt\/c\/"},{"@type":"ListItem","position":2,"name":"Slauga namuose: seneli\u0173 prie\u017ei\u016bra bei slaugytoj\u0173 paie\u0161ka"}]},{"@type":"WebSite","@id":"https:\/\/yoopies.lt\/c\/#website","url":"https:\/\/yoopies.lt\/c\/","name":"Yoopies Lietuva Blog","description":"","publisher":{"@id":"https:\/\/yoopies.lt\/c\/#organization"},"potentialAction":[{"@type":"SearchAction","target":{"@type":"EntryPoint","urlTemplate":"https:\/\/yoopies.lt\/c\/?s={search_term_string}"},"query-input":{"@type":"PropertyValueSpecification","valueRequired":true,"valueName":"search_term_string"}}],"inLanguage":"lt-LT"},{"@type":"Organization","@id":"https:\/\/yoopies.lt\/c\/#organization","name":"Yoopies Lietuva Blog","url":"https:\/\/yoopies.lt\/c\/","logo":{"@type":"ImageObject","inLanguage":"lt-LT","@id":"https:\/\/yoopies.lt\/c\/#\/schema\/logo\/image\/","url":"https:\/\/yoopies.lt\/c\/wp-content\/uploads\/sites\/12\/2025\/05\/cropped-Logo_Yoopies-2.png","contentUrl":"https:\/\/yoopies.lt\/c\/wp-content\/uploads\/sites\/12\/2025\/05\/cropped-Logo_Yoopies-2.png","width":512,"height":512,"caption":"Yoopies Lietuva Blog"},"image":{"@id":"https:\/\/yoopies.lt\/c\/#\/schema\/logo\/image\/"}}]}},"_links":{"self":[{"href":"https:\/\/yoopies.lt\/c\/wp-json\/wp\/v2\/pages\/73","targetHints":{"allow":["GET"]}}],"collection":[{"href":"https:\/\/yoopies.lt\/c\/wp-json\/wp\/v2\/pages"}],"about":[{"href":"https:\/\/yoopies.lt\/c\/wp-json\/wp\/v2\/types\/page"}],"author":[{"embeddable":true,"href":"https:\/\/yoopies.lt\/c\/wp-json\/wp\/v2\/users\/10"}],"replies":[{"embeddable":true,"href":"https:\/\/yoopies.lt\/c\/wp-json\/wp\/v2\/comments?post=73"}],"version-history":[{"count":1,"href":"https:\/\/yoopies.lt\/c\/wp-json\/wp\/v2\/pages\/73\/revisions"}],"predecessor-version":[{"id":77,"href":"https:\/\/yoopies.lt\/c\/wp-json\/wp\/v2\/pages\/73\/revisions\/77"}],"wp:featuredmedia":[{"embeddable":true,"href":"https:\/\/yoopies.lt\/c\/wp-json\/wp\/v2\/media\/76"}],"wp:attachment":[{"href":"https:\/\/yoopies.lt\/c\/wp-json\/wp\/v2\/media?parent=73"}],"curies":[{"name":"wp","href":"https:\/\/api.w.org\/{rel}","templated":true}]}}