{"id":82,"date":"2024-02-19T14:16:04","date_gmt":"2024-02-19T14:16:04","guid":{"rendered":"https:\/\/blog.yoopies.lt\/reikalinga-namu-tvarkytoja\/"},"modified":"2025-06-12T08:48:25","modified_gmt":"2025-06-12T08:48:25","slug":"reikalinga-namu-tvarkytoja","status":"publish","type":"page","link":"https:\/\/yoopies.lt\/c\/reikalinga-namu-tvarkytoja\/","title":{"rendered":"Reikalinga nam\u0173 tvarkytoja ir ne\u017einote nuo ko prad\u0117ti?"},"content":{"rendered":"<figure><img decoding=\"async\" src=\"https:\/\/yoopies.lt\/c\/wp-content\/uploads\/sites\/12\/2024\/02\/06be7f4d-8402-4f5e-85e4-a614b348f26c-whatisahousekeeper.jpg\" \/><\/figure>\n<p><p>Nam\u0173 tvarkytoj\u0173 samdymas tampa vis da\u017enesn\u0117 praktika Lietuvoje. Daugelis esame u\u017esi\u0117m\u0119 savo darbo reikalais bei kitomis veiklos, jog laiko nam\u0173 tvarkymui vis ma\u017e\u0117ja. Tuo tarpu, nam\u0173 tvarkytoj\u0173 paslaugos tampa vis labiau prieinamos daugeliui. Jeigu jums yra reikalinga nam\u0173 tvarkytoja, norime pasidalinti su jumis informacija, kur galite ie&scaron;koti nam\u0173 tvarkytojos, kokios nam\u0173 tvarkytojos kainos bei pasidalinti keliais patarimais greitai ir paprastai paie&scaron;kai u\u017etikrinti.<\/p>\n<\/p>\n<p><h2><strong>Rasti nam\u0173 tvarkytoj\u0105 yra visai paprasta<\/strong><\/h2>\n<\/p>\n<p>Vis\u0173 pirma, d\u0117ka interneto nam\u0173 tvarkytojos yra lengvai prieinamos ir randamos u\u017e prieinam\u0105 kain\u0105. Pavyzd\u017eiui, internetin\u0117je platformoje <a target=\"_blank\" rel=\"noopener\" href=\"https:\/\/yoopies.lt\/namu-tvarkytoja\">Yoopies <\/a>galite matyti u\u017esiregistravusias nam\u0173 tvarkytojas be joki\u0173 papildom\u0173 agent\u016br\u0173 mokes\u010di\u0173, t.y. u\u017e sutart\u0105 kain\u0105 su nam\u0173 tvarkytoja. Naudodamiesi paie&scaron;kos filtrais galite rasti nam\u0173 tvarkytoj\u0105 savo gyvenviet\u0117je pagal jums prieinam\u0105 kain\u0105, norimas atlikti u\u017eduotis, kvalifikacij\u0105 bei patirt\u012f. Taip pat, jeigu norite, galite \u012fkelti savo skelbim\u0105 su visa informacij\u0105, koki\u0173 nam\u0173 tvarkytojos paslaug\u0173 ie&scaron;kote bei kok\u012f atlyginim\u0105 si\u016blote ir nam\u0173 tvarkytojos atitinkamai gal\u0117s matyti j\u016bs\u0173 skelbim\u0105 bei su jumis susisiekti ir pasi\u016blyti savo paslaugas.<\/p>\n<p>Nam\u0173 tvarkytojos si\u016blo \u012fvairias paslaugas, kaip vienkartinis ar reguliarus valymas, giluminis ar paprastas valymas, lang\u0173 valymas, skalbimas, lyginimas bei kita. Visuomet sutarkite tikslias u\u017eduotis, kurias nam\u0173 tvarkytoja tur\u0117t\u0173 atlikti, jog j\u016bs\u0173 l\u016bkes\u010diai b\u016bt\u0173 patenkinti.<\/p>\n<\/p>\n<h2><strong>Kiek kainuoja nam\u0173 tvarkytojos paslaugos?<\/strong><\/h2>\n<\/p>\n<p>Nam\u0173 tvarkytoj\u0173 paslaugos kaina priklauso nuo daugelio veiksni\u0173. Vis\u0173 pirma, kaina priklauso nuo to, kuriame mieste gyvenate. Pavyzd\u017eiui, Vilniuje kainos bus didesn\u0117s nei Kaune ar Klaip\u0117doje. Taip pat, priklausomai ar rinksit\u0117s agent\u016br\u0105 ir mok\u0117site komisinius mokes\u010dius, ar pasirinksite individualiai dirban\u010dias nam\u0173 tvarkytojas, kaip <a target=\"_blank\" rel=\"noopener\" href=\"https:\/\/yoopies.lt\/namu-tvarkytoja\">Yoopies <\/a>platformoje. Vidutin\u0117 <a target=\"_blank\" rel=\"noopener\" href=\"https:\/\/yoopies.lt\/namu-tvarkytoja\/vilnius\">nam\u0173 tvarkytojos kaina Vilniuje<\/a> yra 10 eur.\/val., ta\u010diau kituose miestuose vidutin\u0117 kaina bus kiek ma\u017eesn\u0117. Jeigu nuspr\u0119site pasirinkti nam\u0173 tvarkytoj\u0105 su ma\u017eesne patirtimi, tikrai galite mok\u0117ti ma\u017eiau. Valandin\u0117s kainos intervalas Vilniuje svyruoja nuo 8eur.\/val. iki 15eur.\/val. Tuo tarpu <a target=\"_blank\" rel=\"noopener\" href=\"https:\/\/yoopies.lt\/namu-tvarkytoja\/kaunas\">nam\u0173 tvarkytojas kaina Kaune<\/a> svyruoja nuo 7eur.\/val. iki 14eur.\/val. Kainos intervalas yra gan\u0117tinai platus ir priklauso nuo nam\u0173 tvarkytojos atliekam\u0173 u\u017eduo\u010di\u0173, patirties, valymo priemoni\u0173 apr\u016bpinimo.<\/p>\n<\/p>\n<h2><strong>Patarimai, kaip surasti tinkam\u0105 nam\u0173 tvarkytoj\u0105:<\/strong><\/h2>\n<\/p>\n<p><strong>Pateikite i&scaron;sami\u0105 informacij\u0105:<\/strong> \u012fsitikinkite, kad j\u016bs\u0173 skelbimas yra ai&scaron;kus ir i&scaron;samus, \u012fskaitant visas pareigas ir atsakomyb\u0119. Svarbu, kad nam\u0173 tvarkytoj\u0105 \u017einot\u0173, ko i&scaron; jos reikalaujama, kad gal\u0117t\u0173 \u012fsivertinti, ar sugeb\u0117s susitvarkyti su u\u017eduotimis. <\/p>\n<p><strong>Papra&scaron;ykite rekomendacij\u0173<\/strong>: Kaip ir bet kurioje kitoje vietoje, jei namini\u0173 gyv\u016bn\u0117li\u0173 pri\u017ei\u016br\u0117tojas teigia tur\u0117j\u0119s ankstesn\u0117s patirties, papra&scaron;ykite buvusio darbdavio kontaktin\u0117s informacijos ir \u012fsitikinkite, jog j\u016bs\u0173 i&scaron;sirinktas gyv\u016bn\u0173 pri\u017ei\u016br\u0117tojas yra jums tinkamas(-a). <\/p>\n<p><strong>Pasir\u016bpinkite dokumentacija:<\/strong> Nors i&scaron; pirmo \u017evilgsnio j\u016bs\u0173 pasirinkta nam\u0173 tvarkytoja gali pasirodyti padori ir patikima moteris, ta\u010diau visuomet pasir\u016bpinkite savo nam\u0173 saugumu ir pasira&scaron;ykite darbo sutart\u012f, papra&scaron;ykite asmens dokument\u0173.<\/p>\n<p>Esate pasiruo&scaron;\u0119 ie&scaron;koti nam\u0173 tvarkytojos? Per\u017ei\u016br\u0117kite m\u016bs\u0173 u\u017esiregistravusias nam\u0173 tvarkytojas <a target=\"_blank\" rel=\"noopener\" href=\"https:\/\/yoopies.lt\/namu-tvarkytoja\">\u010dia!<\/a><\/p>\n<\/p>\n<p><a class=\"button\" href=\"https:\/\/yoopies.lt\/namu-tvarkytoja\">IE\u0160KOK NAM\u0172 TVARKYTOJOS!<\/a><\/p>\n","protected":false},"excerpt":{"rendered":"<p>Nam\u0173 tvarkytoj\u0173 samdymas tampa vis da\u017enesn\u0117 praktika Lietuvoje. Daugelis esame u\u017esi\u0117m\u0119 savo darbo reikalais bei &hellip; <\/p>\n","protected":false},"author":10,"featured_media":84,"parent":0,"menu_order":0,"comment_status":"closed","ping_status":"closed","template":"","meta":{"_acf_changed":false,"footnotes":""},"class_list":["post-82","page","type-page","status-publish","has-post-thumbnail","hentry"],"acf":[],"yoast_head":"<!-- This site is optimized with the Yoast SEO plugin v26.9 - https:\/\/yoast.com\/product\/yoast-seo-wordpress\/ -->\n<title>Reikalinga nam\u0173 tvarkytoja?<\/title>\n<meta name=\"description\" content=\"Ie\u0161kau nam\u0173 tvarkytojos - raskite vis\u0105 informacij\u0105, kiek kainuoja nam\u0173 tvarkymas, kaip i\u0161sirinkti bei greitai surasti tinkamiausi\u0105 nam\u0173 tvarkytoj\u0105 bei kt.\" \/>\n<meta name=\"robots\" content=\"index, follow, max-snippet:-1, max-image-preview:large, max-video-preview:-1\" \/>\n<link rel=\"canonical\" href=\"https:\/\/yoopies.lt\/c\/reikalinga-namu-tvarkytoja\/\" \/>\n<meta property=\"og:locale\" content=\"lt_LT\" \/>\n<meta property=\"og:type\" content=\"article\" \/>\n<meta property=\"og:title\" content=\"Reikalinga nam\u0173 tvarkytoja?\" \/>\n<meta property=\"og:description\" content=\"Ie\u0161kau nam\u0173 tvarkytojos - raskite vis\u0105 informacij\u0105, kiek kainuoja nam\u0173 tvarkymas, kaip i\u0161sirinkti bei greitai surasti tinkamiausi\u0105 nam\u0173 tvarkytoj\u0105 bei kt.\" \/>\n<meta property=\"og:url\" content=\"https:\/\/yoopies.lt\/c\/reikalinga-namu-tvarkytoja\/\" \/>\n<meta property=\"og:site_name\" content=\"Yoopies Lietuva Blog\" \/>\n<meta property=\"article:modified_time\" content=\"2025-06-12T08:48:25+00:00\" \/>\n<meta property=\"og:image\" content=\"https:\/\/yoopies.lt\/c\/wp-content\/uploads\/sites\/12\/2024\/02\/f87beb60-aebd-43f9-8d1b-970eb5c73fbb-shutterstock-1062019226-ld.jpg\" \/>\n\t<meta property=\"og:image:width\" content=\"1200\" \/>\n\t<meta property=\"og:image:height\" content=\"800\" \/>\n\t<meta property=\"og:image:type\" content=\"image\/jpeg\" \/>\n<meta name=\"twitter:card\" content=\"summary_large_image\" \/>\n<meta name=\"twitter:label1\" content=\"Est. reading time\" \/>\n\t<meta name=\"twitter:data1\" content=\"3 minut\u0117s\" \/>\n<script type=\"application\/ld+json\" class=\"yoast-schema-graph\">{\"@context\":\"https:\/\/schema.org\",\"@graph\":[{\"@type\":\"WebPage\",\"@id\":\"https:\/\/yoopies.lt\/c\/reikalinga-namu-tvarkytoja\/\",\"url\":\"https:\/\/yoopies.lt\/c\/reikalinga-namu-tvarkytoja\/\",\"name\":\"Reikalinga nam\u0173 tvarkytoja?\",\"isPartOf\":{\"@id\":\"https:\/\/yoopies.lt\/c\/#website\"},\"primaryImageOfPage\":{\"@id\":\"https:\/\/yoopies.lt\/c\/reikalinga-namu-tvarkytoja\/#primaryimage\"},\"image\":{\"@id\":\"https:\/\/yoopies.lt\/c\/reikalinga-namu-tvarkytoja\/#primaryimage\"},\"thumbnailUrl\":\"https:\/\/yoopies.lt\/c\/wp-content\/uploads\/sites\/12\/2024\/02\/f87beb60-aebd-43f9-8d1b-970eb5c73fbb-shutterstock-1062019226-ld.jpg\",\"datePublished\":\"2024-02-19T14:16:04+00:00\",\"dateModified\":\"2025-06-12T08:48:25+00:00\",\"description\":\"Ie\u0161kau nam\u0173 tvarkytojos - raskite vis\u0105 informacij\u0105, kiek kainuoja nam\u0173 tvarkymas, kaip i\u0161sirinkti bei greitai surasti tinkamiausi\u0105 nam\u0173 tvarkytoj\u0105 bei kt.\",\"breadcrumb\":{\"@id\":\"https:\/\/yoopies.lt\/c\/reikalinga-namu-tvarkytoja\/#breadcrumb\"},\"inLanguage\":\"lt-LT\",\"potentialAction\":[{\"@type\":\"ReadAction\",\"target\":[\"https:\/\/yoopies.lt\/c\/reikalinga-namu-tvarkytoja\/\"]}]},{\"@type\":\"ImageObject\",\"inLanguage\":\"lt-LT\",\"@id\":\"https:\/\/yoopies.lt\/c\/reikalinga-namu-tvarkytoja\/#primaryimage\",\"url\":\"https:\/\/yoopies.lt\/c\/wp-content\/uploads\/sites\/12\/2024\/02\/f87beb60-aebd-43f9-8d1b-970eb5c73fbb-shutterstock-1062019226-ld.jpg\",\"contentUrl\":\"https:\/\/yoopies.lt\/c\/wp-content\/uploads\/sites\/12\/2024\/02\/f87beb60-aebd-43f9-8d1b-970eb5c73fbb-shutterstock-1062019226-ld.jpg\",\"width\":1200,\"height\":800},{\"@type\":\"BreadcrumbList\",\"@id\":\"https:\/\/yoopies.lt\/c\/reikalinga-namu-tvarkytoja\/#breadcrumb\",\"itemListElement\":[{\"@type\":\"ListItem\",\"position\":1,\"name\":\"Home\",\"item\":\"https:\/\/yoopies.lt\/c\/\"},{\"@type\":\"ListItem\",\"position\":2,\"name\":\"Reikalinga nam\u0173 tvarkytoja ir ne\u017einote nuo ko prad\u0117ti?\"}]},{\"@type\":\"WebSite\",\"@id\":\"https:\/\/yoopies.lt\/c\/#website\",\"url\":\"https:\/\/yoopies.lt\/c\/\",\"name\":\"Yoopies Lietuva Blog\",\"description\":\"\",\"publisher\":{\"@id\":\"https:\/\/yoopies.lt\/c\/#organization\"},\"potentialAction\":[{\"@type\":\"SearchAction\",\"target\":{\"@type\":\"EntryPoint\",\"urlTemplate\":\"https:\/\/yoopies.lt\/c\/?s={search_term_string}\"},\"query-input\":{\"@type\":\"PropertyValueSpecification\",\"valueRequired\":true,\"valueName\":\"search_term_string\"}}],\"inLanguage\":\"lt-LT\"},{\"@type\":\"Organization\",\"@id\":\"https:\/\/yoopies.lt\/c\/#organization\",\"name\":\"Yoopies Lietuva Blog\",\"url\":\"https:\/\/yoopies.lt\/c\/\",\"logo\":{\"@type\":\"ImageObject\",\"inLanguage\":\"lt-LT\",\"@id\":\"https:\/\/yoopies.lt\/c\/#\/schema\/logo\/image\/\",\"url\":\"https:\/\/yoopies.lt\/c\/wp-content\/uploads\/sites\/12\/2025\/05\/cropped-Logo_Yoopies-2.png\",\"contentUrl\":\"https:\/\/yoopies.lt\/c\/wp-content\/uploads\/sites\/12\/2025\/05\/cropped-Logo_Yoopies-2.png\",\"width\":512,\"height\":512,\"caption\":\"Yoopies Lietuva Blog\"},\"image\":{\"@id\":\"https:\/\/yoopies.lt\/c\/#\/schema\/logo\/image\/\"}}]}<\/script>\n<!-- \/ Yoast SEO plugin. -->","yoast_head_json":{"title":"Reikalinga nam\u0173 tvarkytoja?","description":"Ie\u0161kau nam\u0173 tvarkytojos - raskite vis\u0105 informacij\u0105, kiek kainuoja nam\u0173 tvarkymas, kaip i\u0161sirinkti bei greitai surasti tinkamiausi\u0105 nam\u0173 tvarkytoj\u0105 bei kt.","robots":{"index":"index","follow":"follow","max-snippet":"max-snippet:-1","max-image-preview":"max-image-preview:large","max-video-preview":"max-video-preview:-1"},"canonical":"https:\/\/yoopies.lt\/c\/reikalinga-namu-tvarkytoja\/","og_locale":"lt_LT","og_type":"article","og_title":"Reikalinga nam\u0173 tvarkytoja?","og_description":"Ie\u0161kau nam\u0173 tvarkytojos - raskite vis\u0105 informacij\u0105, kiek kainuoja nam\u0173 tvarkymas, kaip i\u0161sirinkti bei greitai surasti tinkamiausi\u0105 nam\u0173 tvarkytoj\u0105 bei kt.","og_url":"https:\/\/yoopies.lt\/c\/reikalinga-namu-tvarkytoja\/","og_site_name":"Yoopies Lietuva Blog","article_modified_time":"2025-06-12T08:48:25+00:00","og_image":[{"width":1200,"height":800,"url":"https:\/\/yoopies.lt\/c\/wp-content\/uploads\/sites\/12\/2024\/02\/f87beb60-aebd-43f9-8d1b-970eb5c73fbb-shutterstock-1062019226-ld.jpg","type":"image\/jpeg"}],"twitter_card":"summary_large_image","twitter_misc":{"Est. reading time":"3 minut\u0117s"},"schema":{"@context":"https:\/\/schema.org","@graph":[{"@type":"WebPage","@id":"https:\/\/yoopies.lt\/c\/reikalinga-namu-tvarkytoja\/","url":"https:\/\/yoopies.lt\/c\/reikalinga-namu-tvarkytoja\/","name":"Reikalinga nam\u0173 tvarkytoja?","isPartOf":{"@id":"https:\/\/yoopies.lt\/c\/#website"},"primaryImageOfPage":{"@id":"https:\/\/yoopies.lt\/c\/reikalinga-namu-tvarkytoja\/#primaryimage"},"image":{"@id":"https:\/\/yoopies.lt\/c\/reikalinga-namu-tvarkytoja\/#primaryimage"},"thumbnailUrl":"https:\/\/yoopies.lt\/c\/wp-content\/uploads\/sites\/12\/2024\/02\/f87beb60-aebd-43f9-8d1b-970eb5c73fbb-shutterstock-1062019226-ld.jpg","datePublished":"2024-02-19T14:16:04+00:00","dateModified":"2025-06-12T08:48:25+00:00","description":"Ie\u0161kau nam\u0173 tvarkytojos - raskite vis\u0105 informacij\u0105, kiek kainuoja nam\u0173 tvarkymas, kaip i\u0161sirinkti bei greitai surasti tinkamiausi\u0105 nam\u0173 tvarkytoj\u0105 bei kt.","breadcrumb":{"@id":"https:\/\/yoopies.lt\/c\/reikalinga-namu-tvarkytoja\/#breadcrumb"},"inLanguage":"lt-LT","potentialAction":[{"@type":"ReadAction","target":["https:\/\/yoopies.lt\/c\/reikalinga-namu-tvarkytoja\/"]}]},{"@type":"ImageObject","inLanguage":"lt-LT","@id":"https:\/\/yoopies.lt\/c\/reikalinga-namu-tvarkytoja\/#primaryimage","url":"https:\/\/yoopies.lt\/c\/wp-content\/uploads\/sites\/12\/2024\/02\/f87beb60-aebd-43f9-8d1b-970eb5c73fbb-shutterstock-1062019226-ld.jpg","contentUrl":"https:\/\/yoopies.lt\/c\/wp-content\/uploads\/sites\/12\/2024\/02\/f87beb60-aebd-43f9-8d1b-970eb5c73fbb-shutterstock-1062019226-ld.jpg","width":1200,"height":800},{"@type":"BreadcrumbList","@id":"https:\/\/yoopies.lt\/c\/reikalinga-namu-tvarkytoja\/#breadcrumb","itemListElement":[{"@type":"ListItem","position":1,"name":"Home","item":"https:\/\/yoopies.lt\/c\/"},{"@type":"ListItem","position":2,"name":"Reikalinga nam\u0173 tvarkytoja ir ne\u017einote nuo ko prad\u0117ti?"}]},{"@type":"WebSite","@id":"https:\/\/yoopies.lt\/c\/#website","url":"https:\/\/yoopies.lt\/c\/","name":"Yoopies Lietuva Blog","description":"","publisher":{"@id":"https:\/\/yoopies.lt\/c\/#organization"},"potentialAction":[{"@type":"SearchAction","target":{"@type":"EntryPoint","urlTemplate":"https:\/\/yoopies.lt\/c\/?s={search_term_string}"},"query-input":{"@type":"PropertyValueSpecification","valueRequired":true,"valueName":"search_term_string"}}],"inLanguage":"lt-LT"},{"@type":"Organization","@id":"https:\/\/yoopies.lt\/c\/#organization","name":"Yoopies Lietuva Blog","url":"https:\/\/yoopies.lt\/c\/","logo":{"@type":"ImageObject","inLanguage":"lt-LT","@id":"https:\/\/yoopies.lt\/c\/#\/schema\/logo\/image\/","url":"https:\/\/yoopies.lt\/c\/wp-content\/uploads\/sites\/12\/2025\/05\/cropped-Logo_Yoopies-2.png","contentUrl":"https:\/\/yoopies.lt\/c\/wp-content\/uploads\/sites\/12\/2025\/05\/cropped-Logo_Yoopies-2.png","width":512,"height":512,"caption":"Yoopies Lietuva Blog"},"image":{"@id":"https:\/\/yoopies.lt\/c\/#\/schema\/logo\/image\/"}}]}},"_links":{"self":[{"href":"https:\/\/yoopies.lt\/c\/wp-json\/wp\/v2\/pages\/82","targetHints":{"allow":["GET"]}}],"collection":[{"href":"https:\/\/yoopies.lt\/c\/wp-json\/wp\/v2\/pages"}],"about":[{"href":"https:\/\/yoopies.lt\/c\/wp-json\/wp\/v2\/types\/page"}],"author":[{"embeddable":true,"href":"https:\/\/yoopies.lt\/c\/wp-json\/wp\/v2\/users\/10"}],"replies":[{"embeddable":true,"href":"https:\/\/yoopies.lt\/c\/wp-json\/wp\/v2\/comments?post=82"}],"version-history":[{"count":1,"href":"https:\/\/yoopies.lt\/c\/wp-json\/wp\/v2\/pages\/82\/revisions"}],"predecessor-version":[{"id":85,"href":"https:\/\/yoopies.lt\/c\/wp-json\/wp\/v2\/pages\/82\/revisions\/85"}],"wp:featuredmedia":[{"embeddable":true,"href":"https:\/\/yoopies.lt\/c\/wp-json\/wp\/v2\/media\/84"}],"wp:attachment":[{"href":"https:\/\/yoopies.lt\/c\/wp-json\/wp\/v2\/media?parent=82"}],"curies":[{"name":"wp","href":"https:\/\/api.w.org\/{rel}","templated":true}]}}