{"id":86,"date":"2024-02-15T14:59:15","date_gmt":"2024-02-15T14:59:15","guid":{"rendered":"https:\/\/blog.yoopies.lt\/informacija-auklems\/"},"modified":"2025-06-17T12:55:09","modified_gmt":"2025-06-17T12:55:09","slug":"informacija-auklems","status":"publish","type":"page","link":"https:\/\/yoopies.lt\/c\/informacija-auklems\/","title":{"rendered":"Visa informacija ir patarimai aukl\u0117ms"},"content":{"rendered":"<p>Ie\u0161kai aukl\u0117s darbo, o gal jau dirbi aukle? Norime pasidalinti visa informacija ir patarimais, kurie gali jums praversti: nuo \u017eaidim\u0173 su vaikais id\u0117j\u0173 iki individualios veiklos pagal pa\u017eym\u0105 informacijos.<\/p>\n<h4><strong>Pirmasis susitikimas su \u0161eima<\/strong><\/h4>\n<p>Jeigu ie\u0161kote aukl\u0117s darbo, labai svarbu tinkamai pasiruo\u0161ti susitikimui su \u0161eima. Pirmas \u012fsp\u016bdis yra pats svarbiausias, tad i\u0161 anksto pasiruo\u0161kite savo klausimus, kuriuos nor\u0117site aptarti. I\u0161 anksto nusistatykite savo preliminar\u0173 \u012fkain\u012f, kuri paskui gal\u0117site aptarti su \u0161eima, priklausomai nuo j\u0173 reikalavim\u0173 ir galimybi\u0173. Taipogi, nepamir\u0161kite paklausti visos informacijus apie vaik\u0105 ar vaikus, kaip miego ir valgymo \u012fpro\u010diai, leistinos pramogos, kaip kompiuteris ar televizoriaus \u017ei\u016br\u0117jimas. Pasistenkite su\u017einoti kuo daugiau informacijos apie vaik\u0105, kad v\u0117liau nesusidurtum\u0117t su nesusipratimais. Daugiau informacijos apie pirm\u0105 susitikim\u0105 su \u0161eima galite rasti <a href=\"https:\/\/yoopies.lt\/c\/kaip-pasiruosti-aukles-darbui\" target=\"_blank\" rel=\"noopener\">\u010dia<\/a>.<\/p>\n<p><a class=\"button\" href=\"https:\/\/yoopies.lt\/c\/informacija-auklems\/kaip-pasiruosti-aukles-darbui\/\">Kaip pasiruo\u0161ti pirmam susitikimui su \u0161eima<\/a><\/p>\n<h4><strong>\u017daidimai<\/strong><\/h4>\n<p>Jau turite aukl\u0117s darb\u0105 ir tr\u016bksta veikl\u0173 bei u\u017esii\u0117mim\u0173, kuriuos gal\u0117tum\u0117t atlikti kartu su vaiku ar vaikais? Norime su jumis pasidalinti vidaus bei lauko \u017eaidimais! Kiekviena aukl\u0117 kartais pritr\u016bksta id\u0117j\u0173, kokia veikla u\u017esiimti su vaikais bei kaip i\u0161laikyti j\u0173 susidom\u0117jim\u0105. U\u017esiimdami smagia veikla net nepasteb\u0117site, kaip greitai laikas prab\u0117gs.<\/p>\n<p><a class=\"button\" href=\"https:\/\/yoopies.lt\/c\/informacija-auklems\/zaidimai-su-vaikais\/\">\u017daidimai su vaikais<\/a><\/p>\n<h4><strong>Sutartis<\/strong><\/h4>\n<p>Da\u017enai \u0161i dalis praleid\u017eiama, ta\u010diau yra lygiaverti\u0161kai svarbi. Sutarties pagalba gal\u0117site \u012fforminti visus sutarimus, kad abiems pus\u0117s paskui nekilt\u0173 klausim\u0173. \u017dodinis sutarimas grind\u017eiamas pasitik\u0117jimu, ta\u010diau ai\u0161kus u\u017eduo\u010di\u0173 apra\u0161ymas sutartyje tikrai jums pad\u0117s i\u0161vengti nesusipratim\u0173 ateityje. Taipogi, nesudarydami sutarties su \u0161eima, negalite b\u016bti tikri d\u0117l savo apmok\u0117jimo. Atsisi\u0173sti sutarties pavyzd\u012f bei rasti daugiau informacijos galite <a href=\"https:\/\/yoopies.lt\/c\/sutartis-su-aukle\" target=\"_blank\" rel=\"noopener\">\u010dia<\/a>.<\/p>\n<p><a class=\"button\" href=\"https:\/\/yoopies.lt\/c\/informacija-auklems\/sutartis\/\">Sutarties sudarymas<\/a><\/p>\n<h4><strong>Legalus darbas &#8211; individuali veikla pagal pa\u017eym\u0105<\/strong><\/h4>\n<p>Suteikdami aukl\u0117s paslaugas, tur\u0117tum\u0117t b\u016bti pasir\u016bpin\u0119 verslo liudijimu arba individualios veiklos pa\u017eyma. Dirbant legaliai, nebereik\u0117s nerimauti, ar \u0161eima n\u0117ra i\u0161 Darbo saugos inspekcijos ar VMI, imituojantis paslaugos u\u017esakym\u0105 ir visk\u0105 filmuojantis. Individuali veikla suteiks jums saugumo jausm\u0105 bei atvers nema\u017eai nauj\u0173 galimybi\u0173. Mokes\u010diai n\u0117ra dideli, o susirgus jums nebus pateikta kosmin\u0117 s\u0105skaita u\u017e gydymo paslaugas i\u0161 Ligoni\u0173 kas\u0173. Informacij\u0105, kaip i\u0161siimti pa\u017eym\u0105 pagal individuali\u0105 veikl\u0105, kokie mokes\u010diai, reikalingi dokumentai bei privalumai, galite rasti <a href=\"https:\/\/yoopies.lt\/c\/individuali-veikla-pagal-pazyma\" target=\"_blank\" rel=\"noopener\">\u010dia<\/a>.<\/p>\n<p><a class=\"button\" href=\"https:\/\/yoopies.lt\/c\/informacija-auklems\/individuali-veikla-pagal-pazyma\/\">Individuali veikla pagal pa\u017eym\u0105<\/a><\/p>\n<p><a class=\"button\" href=\"https:\/\/yoopies.lt\/ieskau-aukles-darbo\">IE\u0160KOTI AUKL\u0116S DARBO<\/a><\/p>\n<figure><img decoding=\"async\" src=\"https:\/\/yoopies.lt\/c\/wp-content\/uploads\/sites\/12\/2024\/02\/8261a2dac39505c6673a5f9307974940d98ef214-shutterstock-393893716.jpg\" \/><\/figure>\n","protected":false},"excerpt":{"rendered":"<p>Ie\u0161kai aukl\u0117s darbo, o gal jau dirbi aukle? Norime pasidalinti visa informacija ir patarimais, kurie &hellip; <\/p>\n","protected":false},"author":10,"featured_media":88,"parent":0,"menu_order":0,"comment_status":"closed","ping_status":"closed","template":"","meta":{"_acf_changed":false,"footnotes":""},"class_list":["post-86","page","type-page","status-publish","has-post-thumbnail","hentry"],"acf":[],"yoast_head":"<!-- This site is optimized with the Yoast SEO plugin v26.9 - https:\/\/yoast.com\/product\/yoast-seo-wordpress\/ -->\n<title>Patarimai aukl\u0117ms, ie\u0161kan\u010dioms darbo su vaikais<\/title>\n<meta name=\"description\" content=\"Kaip i\u0161siskirti i\u0161 kit\u0173 aukli\u0173 ir puikiai pasirodyti susitikimo su t\u0117vais metu? Kuom u\u017esiimti su vaikais, kai truksta u\u017eimtumo? Yoopies dalinasi patarimais.\" \/>\n<meta name=\"robots\" content=\"index, follow, max-snippet:-1, max-image-preview:large, max-video-preview:-1\" \/>\n<link rel=\"canonical\" href=\"https:\/\/yoopies.lt\/c\/informacija-auklems\/\" \/>\n<meta property=\"og:locale\" content=\"lt_LT\" \/>\n<meta property=\"og:type\" content=\"article\" \/>\n<meta property=\"og:title\" content=\"Patarimai aukl\u0117ms, ie\u0161kan\u010dioms darbo su vaikais\" \/>\n<meta property=\"og:description\" content=\"Kaip i\u0161siskirti i\u0161 kit\u0173 aukli\u0173 ir puikiai pasirodyti susitikimo su t\u0117vais metu? Kuom u\u017esiimti su vaikais, kai truksta u\u017eimtumo? Yoopies dalinasi patarimais.\" \/>\n<meta property=\"og:url\" content=\"https:\/\/yoopies.lt\/c\/informacija-auklems\/\" \/>\n<meta property=\"og:site_name\" content=\"Yoopies Lietuva Blog\" \/>\n<meta property=\"article:modified_time\" content=\"2025-06-17T12:55:09+00:00\" \/>\n<meta property=\"og:image\" content=\"https:\/\/yoopies.lt\/c\/wp-content\/uploads\/sites\/12\/2024\/02\/739d5a200a0895721ef6a1ac5ae0e7feed0a7a61-2774aadfa75809bd9ff41ecf9dc190a720237985-baby-sitter-pic-3.jpg\" \/>\n\t<meta property=\"og:image:width\" content=\"1200\" \/>\n\t<meta property=\"og:image:height\" content=\"800\" \/>\n\t<meta property=\"og:image:type\" content=\"image\/jpeg\" \/>\n<meta name=\"twitter:card\" content=\"summary_large_image\" \/>\n<meta name=\"twitter:label1\" content=\"Est. reading time\" \/>\n\t<meta name=\"twitter:data1\" content=\"3 minut\u0117s\" \/>\n<script type=\"application\/ld+json\" class=\"yoast-schema-graph\">{\"@context\":\"https:\/\/schema.org\",\"@graph\":[{\"@type\":\"WebPage\",\"@id\":\"https:\/\/yoopies.lt\/c\/informacija-auklems\/\",\"url\":\"https:\/\/yoopies.lt\/c\/informacija-auklems\/\",\"name\":\"Patarimai aukl\u0117ms, ie\u0161kan\u010dioms darbo su vaikais\",\"isPartOf\":{\"@id\":\"https:\/\/yoopies.lt\/c\/#website\"},\"primaryImageOfPage\":{\"@id\":\"https:\/\/yoopies.lt\/c\/informacija-auklems\/#primaryimage\"},\"image\":{\"@id\":\"https:\/\/yoopies.lt\/c\/informacija-auklems\/#primaryimage\"},\"thumbnailUrl\":\"https:\/\/yoopies.lt\/c\/wp-content\/uploads\/sites\/12\/2024\/02\/739d5a200a0895721ef6a1ac5ae0e7feed0a7a61-2774aadfa75809bd9ff41ecf9dc190a720237985-baby-sitter-pic-3.jpg\",\"datePublished\":\"2024-02-15T14:59:15+00:00\",\"dateModified\":\"2025-06-17T12:55:09+00:00\",\"description\":\"Kaip i\u0161siskirti i\u0161 kit\u0173 aukli\u0173 ir puikiai pasirodyti susitikimo su t\u0117vais metu? Kuom u\u017esiimti su vaikais, kai truksta u\u017eimtumo? Yoopies dalinasi patarimais.\",\"breadcrumb\":{\"@id\":\"https:\/\/yoopies.lt\/c\/informacija-auklems\/#breadcrumb\"},\"inLanguage\":\"lt-LT\",\"potentialAction\":[{\"@type\":\"ReadAction\",\"target\":[\"https:\/\/yoopies.lt\/c\/informacija-auklems\/\"]}]},{\"@type\":\"ImageObject\",\"inLanguage\":\"lt-LT\",\"@id\":\"https:\/\/yoopies.lt\/c\/informacija-auklems\/#primaryimage\",\"url\":\"https:\/\/yoopies.lt\/c\/wp-content\/uploads\/sites\/12\/2024\/02\/739d5a200a0895721ef6a1ac5ae0e7feed0a7a61-2774aadfa75809bd9ff41ecf9dc190a720237985-baby-sitter-pic-3.jpg\",\"contentUrl\":\"https:\/\/yoopies.lt\/c\/wp-content\/uploads\/sites\/12\/2024\/02\/739d5a200a0895721ef6a1ac5ae0e7feed0a7a61-2774aadfa75809bd9ff41ecf9dc190a720237985-baby-sitter-pic-3.jpg\",\"width\":1200,\"height\":800},{\"@type\":\"BreadcrumbList\",\"@id\":\"https:\/\/yoopies.lt\/c\/informacija-auklems\/#breadcrumb\",\"itemListElement\":[{\"@type\":\"ListItem\",\"position\":1,\"name\":\"Home\",\"item\":\"https:\/\/yoopies.lt\/c\/\"},{\"@type\":\"ListItem\",\"position\":2,\"name\":\"Visa informacija ir patarimai aukl\u0117ms\"}]},{\"@type\":\"WebSite\",\"@id\":\"https:\/\/yoopies.lt\/c\/#website\",\"url\":\"https:\/\/yoopies.lt\/c\/\",\"name\":\"Yoopies Lietuva Blog\",\"description\":\"\",\"publisher\":{\"@id\":\"https:\/\/yoopies.lt\/c\/#organization\"},\"potentialAction\":[{\"@type\":\"SearchAction\",\"target\":{\"@type\":\"EntryPoint\",\"urlTemplate\":\"https:\/\/yoopies.lt\/c\/?s={search_term_string}\"},\"query-input\":{\"@type\":\"PropertyValueSpecification\",\"valueRequired\":true,\"valueName\":\"search_term_string\"}}],\"inLanguage\":\"lt-LT\"},{\"@type\":\"Organization\",\"@id\":\"https:\/\/yoopies.lt\/c\/#organization\",\"name\":\"Yoopies Lietuva Blog\",\"url\":\"https:\/\/yoopies.lt\/c\/\",\"logo\":{\"@type\":\"ImageObject\",\"inLanguage\":\"lt-LT\",\"@id\":\"https:\/\/yoopies.lt\/c\/#\/schema\/logo\/image\/\",\"url\":\"https:\/\/yoopies.lt\/c\/wp-content\/uploads\/sites\/12\/2025\/05\/cropped-Logo_Yoopies-2.png\",\"contentUrl\":\"https:\/\/yoopies.lt\/c\/wp-content\/uploads\/sites\/12\/2025\/05\/cropped-Logo_Yoopies-2.png\",\"width\":512,\"height\":512,\"caption\":\"Yoopies Lietuva Blog\"},\"image\":{\"@id\":\"https:\/\/yoopies.lt\/c\/#\/schema\/logo\/image\/\"}}]}<\/script>\n<!-- \/ Yoast SEO plugin. -->","yoast_head_json":{"title":"Patarimai aukl\u0117ms, ie\u0161kan\u010dioms darbo su vaikais","description":"Kaip i\u0161siskirti i\u0161 kit\u0173 aukli\u0173 ir puikiai pasirodyti susitikimo su t\u0117vais metu? Kuom u\u017esiimti su vaikais, kai truksta u\u017eimtumo? Yoopies dalinasi patarimais.","robots":{"index":"index","follow":"follow","max-snippet":"max-snippet:-1","max-image-preview":"max-image-preview:large","max-video-preview":"max-video-preview:-1"},"canonical":"https:\/\/yoopies.lt\/c\/informacija-auklems\/","og_locale":"lt_LT","og_type":"article","og_title":"Patarimai aukl\u0117ms, ie\u0161kan\u010dioms darbo su vaikais","og_description":"Kaip i\u0161siskirti i\u0161 kit\u0173 aukli\u0173 ir puikiai pasirodyti susitikimo su t\u0117vais metu? Kuom u\u017esiimti su vaikais, kai truksta u\u017eimtumo? Yoopies dalinasi patarimais.","og_url":"https:\/\/yoopies.lt\/c\/informacija-auklems\/","og_site_name":"Yoopies Lietuva Blog","article_modified_time":"2025-06-17T12:55:09+00:00","og_image":[{"width":1200,"height":800,"url":"https:\/\/yoopies.lt\/c\/wp-content\/uploads\/sites\/12\/2024\/02\/739d5a200a0895721ef6a1ac5ae0e7feed0a7a61-2774aadfa75809bd9ff41ecf9dc190a720237985-baby-sitter-pic-3.jpg","type":"image\/jpeg"}],"twitter_card":"summary_large_image","twitter_misc":{"Est. reading time":"3 minut\u0117s"},"schema":{"@context":"https:\/\/schema.org","@graph":[{"@type":"WebPage","@id":"https:\/\/yoopies.lt\/c\/informacija-auklems\/","url":"https:\/\/yoopies.lt\/c\/informacija-auklems\/","name":"Patarimai aukl\u0117ms, ie\u0161kan\u010dioms darbo su vaikais","isPartOf":{"@id":"https:\/\/yoopies.lt\/c\/#website"},"primaryImageOfPage":{"@id":"https:\/\/yoopies.lt\/c\/informacija-auklems\/#primaryimage"},"image":{"@id":"https:\/\/yoopies.lt\/c\/informacija-auklems\/#primaryimage"},"thumbnailUrl":"https:\/\/yoopies.lt\/c\/wp-content\/uploads\/sites\/12\/2024\/02\/739d5a200a0895721ef6a1ac5ae0e7feed0a7a61-2774aadfa75809bd9ff41ecf9dc190a720237985-baby-sitter-pic-3.jpg","datePublished":"2024-02-15T14:59:15+00:00","dateModified":"2025-06-17T12:55:09+00:00","description":"Kaip i\u0161siskirti i\u0161 kit\u0173 aukli\u0173 ir puikiai pasirodyti susitikimo su t\u0117vais metu? Kuom u\u017esiimti su vaikais, kai truksta u\u017eimtumo? Yoopies dalinasi patarimais.","breadcrumb":{"@id":"https:\/\/yoopies.lt\/c\/informacija-auklems\/#breadcrumb"},"inLanguage":"lt-LT","potentialAction":[{"@type":"ReadAction","target":["https:\/\/yoopies.lt\/c\/informacija-auklems\/"]}]},{"@type":"ImageObject","inLanguage":"lt-LT","@id":"https:\/\/yoopies.lt\/c\/informacija-auklems\/#primaryimage","url":"https:\/\/yoopies.lt\/c\/wp-content\/uploads\/sites\/12\/2024\/02\/739d5a200a0895721ef6a1ac5ae0e7feed0a7a61-2774aadfa75809bd9ff41ecf9dc190a720237985-baby-sitter-pic-3.jpg","contentUrl":"https:\/\/yoopies.lt\/c\/wp-content\/uploads\/sites\/12\/2024\/02\/739d5a200a0895721ef6a1ac5ae0e7feed0a7a61-2774aadfa75809bd9ff41ecf9dc190a720237985-baby-sitter-pic-3.jpg","width":1200,"height":800},{"@type":"BreadcrumbList","@id":"https:\/\/yoopies.lt\/c\/informacija-auklems\/#breadcrumb","itemListElement":[{"@type":"ListItem","position":1,"name":"Home","item":"https:\/\/yoopies.lt\/c\/"},{"@type":"ListItem","position":2,"name":"Visa informacija ir patarimai aukl\u0117ms"}]},{"@type":"WebSite","@id":"https:\/\/yoopies.lt\/c\/#website","url":"https:\/\/yoopies.lt\/c\/","name":"Yoopies Lietuva Blog","description":"","publisher":{"@id":"https:\/\/yoopies.lt\/c\/#organization"},"potentialAction":[{"@type":"SearchAction","target":{"@type":"EntryPoint","urlTemplate":"https:\/\/yoopies.lt\/c\/?s={search_term_string}"},"query-input":{"@type":"PropertyValueSpecification","valueRequired":true,"valueName":"search_term_string"}}],"inLanguage":"lt-LT"},{"@type":"Organization","@id":"https:\/\/yoopies.lt\/c\/#organization","name":"Yoopies Lietuva Blog","url":"https:\/\/yoopies.lt\/c\/","logo":{"@type":"ImageObject","inLanguage":"lt-LT","@id":"https:\/\/yoopies.lt\/c\/#\/schema\/logo\/image\/","url":"https:\/\/yoopies.lt\/c\/wp-content\/uploads\/sites\/12\/2025\/05\/cropped-Logo_Yoopies-2.png","contentUrl":"https:\/\/yoopies.lt\/c\/wp-content\/uploads\/sites\/12\/2025\/05\/cropped-Logo_Yoopies-2.png","width":512,"height":512,"caption":"Yoopies Lietuva Blog"},"image":{"@id":"https:\/\/yoopies.lt\/c\/#\/schema\/logo\/image\/"}}]}},"_links":{"self":[{"href":"https:\/\/yoopies.lt\/c\/wp-json\/wp\/v2\/pages\/86","targetHints":{"allow":["GET"]}}],"collection":[{"href":"https:\/\/yoopies.lt\/c\/wp-json\/wp\/v2\/pages"}],"about":[{"href":"https:\/\/yoopies.lt\/c\/wp-json\/wp\/v2\/types\/page"}],"author":[{"embeddable":true,"href":"https:\/\/yoopies.lt\/c\/wp-json\/wp\/v2\/users\/10"}],"replies":[{"embeddable":true,"href":"https:\/\/yoopies.lt\/c\/wp-json\/wp\/v2\/comments?post=86"}],"version-history":[{"count":2,"href":"https:\/\/yoopies.lt\/c\/wp-json\/wp\/v2\/pages\/86\/revisions"}],"predecessor-version":[{"id":256,"href":"https:\/\/yoopies.lt\/c\/wp-json\/wp\/v2\/pages\/86\/revisions\/256"}],"wp:featuredmedia":[{"embeddable":true,"href":"https:\/\/yoopies.lt\/c\/wp-json\/wp\/v2\/media\/88"}],"wp:attachment":[{"href":"https:\/\/yoopies.lt\/c\/wp-json\/wp\/v2\/media?parent=86"}],"curies":[{"name":"wp","href":"https:\/\/api.w.org\/{rel}","templated":true}]}}