{"id":94,"date":"2022-10-18T10:27:20","date_gmt":"2022-10-18T10:27:20","guid":{"rendered":"https:\/\/blog.yoopies.lt\/apie-yoopies\/"},"modified":"2025-06-12T08:48:23","modified_gmt":"2025-06-12T08:48:23","slug":"apie-yoopies","status":"publish","type":"page","link":"https:\/\/yoopies.lt\/c\/apie-yoopies\/","title":{"rendered":"Apie Yoopies"},"content":{"rendered":"<figure><img decoding=\"async\" src=\"https:\/\/yoopies.lt\/c\/wp-content\/uploads\/sites\/12\/2022\/10\/20788670-0f5c-4439-b2b8-72da2fe83c8b-pt-welcome.jpg\" \/><\/figure>\n<p><h2>Kas yra Yoopies?<\/h2>\n<p><a target=\"_blank\" rel=\"noopener\" href=\"https:\/\/www.yoopies.lt\">Yoopies<\/a> yra skaitmenin\u0117 nam\u0173 prie\u017ei\u016bros platforma, palengvinanti susisiekim\u0105 tarp &scaron;eim\u0173 ir paslaug\u0173 teik\u0117j\u0173. Esame 3 milijonai vartotoj\u0173 (ir dar skai\u010diuojame!) bendruomen\u0117 visoje Europoje, kurios bendras tikslas: <strong>supaprastinti ir demokratizuoti nam\u0173 prie\u017ei\u016bros paslaug\u0173 prieinamum\u0105! <\/strong>\ud83d\udc47<\/p>\n<ul>\n<li><a target=\"_blank\" rel=\"noopener\" href=\"https:\/\/yoopies.lt\/aukle\">Vaik\u0173 prie\u017ei\u016bra<\/a><\/li>\n<li><a target=\"_blank\" rel=\"noopener\" href=\"https:\/\/yoopies.lt\/gyvunu-prieziura\">Gyv\u016bn\u0173 prie\u017ei\u016bra<\/a><\/li>\n<li><a target=\"_blank\" rel=\"noopener\" href=\"https:\/\/yoopies.lt\/namu-tvarkymas\">Nam\u0173 tvarkymas<\/a><\/li>\n<li><a target=\"_blank\" rel=\"noopener\" href=\"https:\/\/yoopies.lt\/slauga\">Slaugymas<\/a><\/li>\n<li><a target=\"_blank\" rel=\"noopener\" href=\"https:\/\/yoopies.lt\/korepetitoriai\">Korepetitoriai<\/a><\/li>\n<\/ul>\n<p class=\"block-img\"><img decoding=\"async\" src=\"https:\/\/yoopies.lt\/c\/wp-content\/uploads\/sites\/12\/2022\/10\/8172ed6f-f8ae-4fce-8116-f004082d3da8_PT-SobrenC3B3spage.png\" alt=\"yoopies vertyb\u0117s\"><\/p>\n<\/p>\n<p><h2>Kaip mes veikiame?<\/h2>\n<p><a target=\"_blank\" rel=\"noopener\" href=\"https:\/\/yoopies.lt\/\">&bdquo;Yoopies&ldquo; <\/a>yra unikali \u012fvairi\u0173 paslaug\u0173 platforma, padedanti namuose nuo A iki Z. &bdquo;Yoopies&ldquo; padeda savo vartotojams rasti ideal\u0173 asmen\u012f, kuris gal\u0117s pad\u0117ti su vaik\u0173 prie\u017ei\u016bra, nam\u0173 tvarkymu, guv\u016bn\u0173 prie\u017ei\u016br\u0105, pamokomis ar vyresnio am\u017eiaus \u017emoni\u0173 slaugymu.<\/p>\n<p>D\u0117ka m\u016bs\u0173 bendruomen\u0117s bei atsiliepim\u0173 sistemos, &bdquo;Yoopies&ldquo; leid\u017eia &scaron;eimoms i&scaron;sirinkti patikim\u0105 paslaug\u0173 teik\u0117j\u0105 bei palengvina darbo paie&scaron;kas tiems, kurie nori suteikti savo paslaugas per platform\u0105. <\/p>\n<p>&bdquo;Yoopies&ldquo; taip pat si\u016blo korporacin\u012f pasi\u016blym\u0105 &bdquo;<a target=\"_blank\" rel=\"noopener\" href=\"https:\/\/lt.worklife.io\/\">Worklife<\/a>&ldquo;, kuris padeda \u012fmon\u0117ms subalansuoti asmenin\u012f ir profesin\u012f darbuotoj\u0173 gyvenim\u0105. M\u016bs\u0173 novatori&scaron;k\u0105 darbo ir asmeninio gyvenimo pusiausvyros sprendim\u0105 dabar turi daugiau nei 100 kompanij\u0173.<\/p>\n<p class=\"block-img\"><img decoding=\"async\" src=\"https:\/\/yoopies.lt\/c\/wp-content\/uploads\/sites\/12\/2022\/10\/c5087f96-d2a4-4269-931c-b28e4ccfba0c_PT-SobrenC3B3spage28129.png\" alt=\"\"><\/p>\n<\/p>\n<p><p>2012 m. Benjamin Suchar \u012fkv\u0117ptas savo patirties, m\u0117ginant surasti vaik\u0173 prie\u017ei\u016bros paslaugas savo &scaron;eimai, suk\u016br\u0117 <a target=\"_blank\" rel=\"noopener\" href=\"https:\/\/yoopies.lt\/\">&bdquo;Yoopies&ldquo;.<\/a> Bendradarbiaudamas su savo drauge, tinklara&scaron;tininke ir keturi\u0173 vaik\u0173 mama Jessica Cymerman, pora atidar\u0117 &bdquo;Yoopies&ldquo; &#8211; platform\u0105, skirt\u0105 pad\u0117ti t\u0117vams susisiekti su patikimomis aukl\u0117mis, i&scaron;vengiant brangi\u0173 agent\u016bros mokes\u010di\u0173. Yoopies netrukus pasi\u016bl\u0117 kitas nam\u0173 prie\u017ei\u016bros paslaugas ir tapo viena s\u0117kmingiausi\u0173 tokio tipo daugiafunkcini\u0173 paslaug\u0173 platform\u0173. <\/p>\n<p>Dabar mus galite rasti 19 &scaron;ali\u0173 ir esame \u012fsipareigoj\u0119 palengvinti ir supaprastinti vaik\u0173 prie\u017ei\u016bros, nam\u0173 tvarkymo, gyv\u016bn\u0173 prie\u017ei\u016bros, mokym\u0173 bei vyresnio am\u017eiaus \u017emoni\u0173 prie\u017ei\u016bros paslaug\u0173 apklaus\u0105 bei pasi\u016bl\u0105.<\/p>\n<p> Raskite mus visame pasaulyje\ud83d\udc47 <\/p>\n<ul>\n<li><a target=\"_blank\" rel=\"noopener\" href=\"https:\/\/yoopies.fr\/\">Pranc\u016bzija<\/a> \ud83c\uddeb\ud83c\uddf7<\/li>\n<li><a target=\"_blank\" rel=\"noopener\" href=\"https:\/\/yoopies.co.uk\/\">Jungtin\u0117 Karalyst\u0117<\/a> \ud83c\uddec\ud83c\udde7<\/li>\n<li><a target=\"_blank\" rel=\"noopener\" href=\"https:\/\/de.yoopies.ch\/\">&Scaron;veicarija<\/a> \ud83c\udde8\ud83c\udded<\/li>\n<li><a target=\"_blank\" rel=\"noopener\" href=\"https:\/\/yoopies.be\/\">Belgija<\/a> \ud83c\udde7\ud83c\uddea<\/li>\n<li><a target=\"_blank\" rel=\"noopener\" href=\"https:\/\/yoopies.it\/\">Italija <\/a>\ud83c\uddee\ud83c\uddf9<\/li>\n<li><a target=\"_blank\" rel=\"noopener\" href=\"https:\/\/yoopies.de\/\">Vokietija<\/a> \ud83c\udde9\ud83c\uddea<\/li>\n<li><a target=\"_blank\" rel=\"noopener\" href=\"https:\/\/yoopies.at\/\">Austrija<\/a> \ud83c\udde6\ud83c\uddf9<\/li>\n<li><a target=\"_blank\" rel=\"noopener\" href=\"https:\/\/yoopies.es\/\">Ispanija<\/a> \ud83c\uddea\ud83c\uddf8<\/li>\n<li><a target=\"_blank\" rel=\"noopener\" href=\"https:\/\/yoopies.pt\/\">Portugalija<\/a> \ud83c\uddf5\ud83c\uddf9<\/li>\n<li><a target=\"_blank\" rel=\"noopener\" href=\"https:\/\/yoopies.fi\/\">Suomija<\/a> \ud83c\uddeb\ud83c\uddee<\/li>\n<li><a target=\"_blank\" rel=\"noopener\" href=\"https:\/\/yoopies.lu\/\">Liuksemburgas<\/a>\ud83c\uddf1\ud83c\uddfa<\/li>\n<li><a target=\"_blank\" rel=\"noopener\" href=\"https:\/\/yoopies.se\/\">&Scaron;vedija<\/a> \ud83c\uddf8\ud83c\uddea<\/li>\n<li><a target=\"_blank\" rel=\"noopener\" href=\"https:\/\/yoopies.nl\/\">Olandija<\/a> \ud83c\uddf3\ud83c\uddf1<\/li>\n<li><a target=\"_blank\" rel=\"noopener\" href=\"https:\/\/yoopies.dk\/\">Danija<\/a> \ud83c\udde9\ud83c\uddf0<\/li>\n<li><a target=\"_blank\" rel=\"noopener\" href=\"https:\/\/helperchoice.com\/?_ga=2.199374823.811341316.1587629794-1748504594.1558633672\">Honkongas<\/a> \ud83c\udded\ud83c\uddf0<\/li>\n<li><a target=\"_blank\" rel=\"noopener\" href=\"https:\/\/helperchoice.com\/?_ga=2.96164309.811341316.1587629794-1748504594.1558633672\">Singap\u016bras<\/a> \ud83c\uddf8\ud83c\uddec<\/li>\n<li><a target=\"_blank\" rel=\"noopener\" href=\"https:\/\/yoopies.pl\/\">Lenkija<\/a> \ud83c\uddf5\ud83c\uddf1<\/li>\n<li><a target=\"_blank\" rel=\"noopener\" href=\"https:\/\/yoopies.lt\/\">Lietuva<\/a> \ud83c\uddf1\ud83c\uddf9<\/li>\n<li><a target=\"_blank\" rel=\"noopener\" href=\"https:\/\/yoopies.no\/\">Norvegija<\/a> \ud83c\uddf3\ud83c\uddf4<\/li>\n<\/ul>\n<p>2019 m. Liep\u0105 &bdquo;Yoopies&ldquo; \u012fsigijo startuol\u012f <a target=\"_blank\" rel=\"noopener\" href=\"https:\/\/helperchoice.com\/?_ga=2.199374823.811341316.1587629794-1748504594.1558633672\">HelperChoice<\/a> &#8211; pirm\u0105j\u0105 socialiai veikian\u010di\u0105 bendrov\u0119, skirt\u0105 \u012fdarbinimo ir prekybos \u017emon\u0117mis mokes\u010diams panaikinti priverstinio darbo tikslais. Nuo to laiko &bdquo;Yoopies&ldquo; i&scaron;pl\u0117t\u0117 savo veikl\u0105 visoje Azijoje ir Viduriniuose Rytuose, vykdydama socialin\u0119 misij\u0105: <strong>i&scaron;naikinti &scaron;iuolaikin\u0119 vergij\u0105 ir pasitelkti technologijas, kurios pakeit\u0173 \u012fdarbinimo agent\u016br\u0173 pramon\u0119<\/strong>.<\/p>\n<p class=\"block-img\"><img decoding=\"async\" src=\"https:\/\/yoopies.lt\/c\/wp-content\/uploads\/sites\/12\/2022\/10\/3e22ab39-a76f-4432-9432-ded036492f70_PT-SobrenC3B3spage28229.png\" alt=\"\"><\/p>\n<h3><\/h3>\n<\/p>\n<p><p><em><a target=\"_blank\" rel=\"noopener\" href=\"https:\/\/yoopies.lt\/\">&bdquo;Yoopies&ldquo;<\/a> suprantame, kad t\u0117vams ypatingai svarbus patikimumas ir norite auk&scaron;tos kokyb\u0117s prie\u017ei\u016bros savo &scaron;eimai. Ie&scaron;kantiems darbo, suprantame, kad norite surasti j\u016bs\u0173 galimybes bei pa&scaron;aukim\u0105 atitinkant\u012f darb\u0105 Yoopies yra \u010dia, kad pad\u0117t\u0173 jums kiekviename \u017eingsnyje!<\/em><\/p>\n<\/p>\n<p><a class=\"button\" href=\"https:\/\/yoopies.lt\/registration\">Prisijunk prie Yoopies!<\/a><\/p>\n","protected":false},"excerpt":{"rendered":"<p>Kas yra Yoopies? Yoopies yra skaitmenin\u0117 nam\u0173 prie\u017ei\u016bros platforma, palengvinanti susisiekim\u0105 tarp &scaron;eim\u0173 ir paslaug\u0173 &hellip; <\/p>\n","protected":false},"author":10,"featured_media":99,"parent":0,"menu_order":0,"comment_status":"closed","ping_status":"closed","template":"","meta":{"_acf_changed":false,"footnotes":""},"class_list":["post-94","page","type-page","status-publish","has-post-thumbnail","hentry"],"acf":[],"yoast_head":"<!-- This site is optimized with the Yoast SEO plugin v26.9 - https:\/\/yoast.com\/product\/yoast-seo-wordpress\/ -->\n<title>Kas yra Yoopies?<\/title>\n<meta name=\"description\" content=\"Visa informacija apie Yoopies: paslaugos, vertyb\u0117s, istorija bei \u0161alys, kuriose galite rasti Yoopies platformos paslaugas.\" \/>\n<meta name=\"robots\" content=\"index, follow, max-snippet:-1, max-image-preview:large, max-video-preview:-1\" \/>\n<link rel=\"canonical\" href=\"https:\/\/yoopies.lt\/c\/apie-yoopies\/\" \/>\n<meta property=\"og:locale\" content=\"lt_LT\" \/>\n<meta property=\"og:type\" content=\"article\" \/>\n<meta property=\"og:title\" content=\"Kas yra Yoopies?\" \/>\n<meta property=\"og:description\" content=\"Visa informacija apie Yoopies: paslaugos, vertyb\u0117s, istorija bei \u0161alys, kuriose galite rasti Yoopies platformos paslaugas.\" \/>\n<meta property=\"og:url\" content=\"https:\/\/yoopies.lt\/c\/apie-yoopies\/\" \/>\n<meta property=\"og:site_name\" content=\"Yoopies Lietuva Blog\" \/>\n<meta property=\"article:modified_time\" content=\"2025-06-12T08:48:23+00:00\" \/>\n<meta property=\"og:image\" content=\"https:\/\/yoopies.lt\/c\/wp-content\/uploads\/sites\/12\/2022\/10\/20788670-0f5c-4439-b2b8-72da2fe83c8b-pt-welcome-1.jpg\" \/>\n\t<meta property=\"og:image:width\" content=\"1200\" \/>\n\t<meta property=\"og:image:height\" content=\"420\" \/>\n\t<meta property=\"og:image:type\" content=\"image\/jpeg\" \/>\n<meta name=\"twitter:card\" content=\"summary_large_image\" \/>\n<meta name=\"twitter:label1\" content=\"Est. reading time\" \/>\n\t<meta name=\"twitter:data1\" content=\"2 minut\u0117s\" \/>\n<script type=\"application\/ld+json\" class=\"yoast-schema-graph\">{\"@context\":\"https:\/\/schema.org\",\"@graph\":[{\"@type\":\"WebPage\",\"@id\":\"https:\/\/yoopies.lt\/c\/apie-yoopies\/\",\"url\":\"https:\/\/yoopies.lt\/c\/apie-yoopies\/\",\"name\":\"Kas yra Yoopies?\",\"isPartOf\":{\"@id\":\"https:\/\/yoopies.lt\/c\/#website\"},\"primaryImageOfPage\":{\"@id\":\"https:\/\/yoopies.lt\/c\/apie-yoopies\/#primaryimage\"},\"image\":{\"@id\":\"https:\/\/yoopies.lt\/c\/apie-yoopies\/#primaryimage\"},\"thumbnailUrl\":\"https:\/\/yoopies.lt\/c\/wp-content\/uploads\/sites\/12\/2022\/10\/20788670-0f5c-4439-b2b8-72da2fe83c8b-pt-welcome-1.jpg\",\"datePublished\":\"2022-10-18T10:27:20+00:00\",\"dateModified\":\"2025-06-12T08:48:23+00:00\",\"description\":\"Visa informacija apie Yoopies: paslaugos, vertyb\u0117s, istorija bei \u0161alys, kuriose galite rasti Yoopies platformos paslaugas.\",\"breadcrumb\":{\"@id\":\"https:\/\/yoopies.lt\/c\/apie-yoopies\/#breadcrumb\"},\"inLanguage\":\"lt-LT\",\"potentialAction\":[{\"@type\":\"ReadAction\",\"target\":[\"https:\/\/yoopies.lt\/c\/apie-yoopies\/\"]}]},{\"@type\":\"ImageObject\",\"inLanguage\":\"lt-LT\",\"@id\":\"https:\/\/yoopies.lt\/c\/apie-yoopies\/#primaryimage\",\"url\":\"https:\/\/yoopies.lt\/c\/wp-content\/uploads\/sites\/12\/2022\/10\/20788670-0f5c-4439-b2b8-72da2fe83c8b-pt-welcome-1.jpg\",\"contentUrl\":\"https:\/\/yoopies.lt\/c\/wp-content\/uploads\/sites\/12\/2022\/10\/20788670-0f5c-4439-b2b8-72da2fe83c8b-pt-welcome-1.jpg\",\"width\":1200,\"height\":420},{\"@type\":\"BreadcrumbList\",\"@id\":\"https:\/\/yoopies.lt\/c\/apie-yoopies\/#breadcrumb\",\"itemListElement\":[{\"@type\":\"ListItem\",\"position\":1,\"name\":\"Home\",\"item\":\"https:\/\/yoopies.lt\/c\/\"},{\"@type\":\"ListItem\",\"position\":2,\"name\":\"Apie Yoopies\"}]},{\"@type\":\"WebSite\",\"@id\":\"https:\/\/yoopies.lt\/c\/#website\",\"url\":\"https:\/\/yoopies.lt\/c\/\",\"name\":\"Yoopies Lietuva Blog\",\"description\":\"\",\"publisher\":{\"@id\":\"https:\/\/yoopies.lt\/c\/#organization\"},\"potentialAction\":[{\"@type\":\"SearchAction\",\"target\":{\"@type\":\"EntryPoint\",\"urlTemplate\":\"https:\/\/yoopies.lt\/c\/?s={search_term_string}\"},\"query-input\":{\"@type\":\"PropertyValueSpecification\",\"valueRequired\":true,\"valueName\":\"search_term_string\"}}],\"inLanguage\":\"lt-LT\"},{\"@type\":\"Organization\",\"@id\":\"https:\/\/yoopies.lt\/c\/#organization\",\"name\":\"Yoopies Lietuva Blog\",\"url\":\"https:\/\/yoopies.lt\/c\/\",\"logo\":{\"@type\":\"ImageObject\",\"inLanguage\":\"lt-LT\",\"@id\":\"https:\/\/yoopies.lt\/c\/#\/schema\/logo\/image\/\",\"url\":\"https:\/\/yoopies.lt\/c\/wp-content\/uploads\/sites\/12\/2025\/05\/cropped-Logo_Yoopies-2.png\",\"contentUrl\":\"https:\/\/yoopies.lt\/c\/wp-content\/uploads\/sites\/12\/2025\/05\/cropped-Logo_Yoopies-2.png\",\"width\":512,\"height\":512,\"caption\":\"Yoopies Lietuva Blog\"},\"image\":{\"@id\":\"https:\/\/yoopies.lt\/c\/#\/schema\/logo\/image\/\"}}]}<\/script>\n<!-- \/ Yoast SEO plugin. -->","yoast_head_json":{"title":"Kas yra Yoopies?","description":"Visa informacija apie Yoopies: paslaugos, vertyb\u0117s, istorija bei \u0161alys, kuriose galite rasti Yoopies platformos paslaugas.","robots":{"index":"index","follow":"follow","max-snippet":"max-snippet:-1","max-image-preview":"max-image-preview:large","max-video-preview":"max-video-preview:-1"},"canonical":"https:\/\/yoopies.lt\/c\/apie-yoopies\/","og_locale":"lt_LT","og_type":"article","og_title":"Kas yra Yoopies?","og_description":"Visa informacija apie Yoopies: paslaugos, vertyb\u0117s, istorija bei \u0161alys, kuriose galite rasti Yoopies platformos paslaugas.","og_url":"https:\/\/yoopies.lt\/c\/apie-yoopies\/","og_site_name":"Yoopies Lietuva Blog","article_modified_time":"2025-06-12T08:48:23+00:00","og_image":[{"width":1200,"height":420,"url":"https:\/\/yoopies.lt\/c\/wp-content\/uploads\/sites\/12\/2022\/10\/20788670-0f5c-4439-b2b8-72da2fe83c8b-pt-welcome-1.jpg","type":"image\/jpeg"}],"twitter_card":"summary_large_image","twitter_misc":{"Est. reading time":"2 minut\u0117s"},"schema":{"@context":"https:\/\/schema.org","@graph":[{"@type":"WebPage","@id":"https:\/\/yoopies.lt\/c\/apie-yoopies\/","url":"https:\/\/yoopies.lt\/c\/apie-yoopies\/","name":"Kas yra Yoopies?","isPartOf":{"@id":"https:\/\/yoopies.lt\/c\/#website"},"primaryImageOfPage":{"@id":"https:\/\/yoopies.lt\/c\/apie-yoopies\/#primaryimage"},"image":{"@id":"https:\/\/yoopies.lt\/c\/apie-yoopies\/#primaryimage"},"thumbnailUrl":"https:\/\/yoopies.lt\/c\/wp-content\/uploads\/sites\/12\/2022\/10\/20788670-0f5c-4439-b2b8-72da2fe83c8b-pt-welcome-1.jpg","datePublished":"2022-10-18T10:27:20+00:00","dateModified":"2025-06-12T08:48:23+00:00","description":"Visa informacija apie Yoopies: paslaugos, vertyb\u0117s, istorija bei \u0161alys, kuriose galite rasti Yoopies platformos paslaugas.","breadcrumb":{"@id":"https:\/\/yoopies.lt\/c\/apie-yoopies\/#breadcrumb"},"inLanguage":"lt-LT","potentialAction":[{"@type":"ReadAction","target":["https:\/\/yoopies.lt\/c\/apie-yoopies\/"]}]},{"@type":"ImageObject","inLanguage":"lt-LT","@id":"https:\/\/yoopies.lt\/c\/apie-yoopies\/#primaryimage","url":"https:\/\/yoopies.lt\/c\/wp-content\/uploads\/sites\/12\/2022\/10\/20788670-0f5c-4439-b2b8-72da2fe83c8b-pt-welcome-1.jpg","contentUrl":"https:\/\/yoopies.lt\/c\/wp-content\/uploads\/sites\/12\/2022\/10\/20788670-0f5c-4439-b2b8-72da2fe83c8b-pt-welcome-1.jpg","width":1200,"height":420},{"@type":"BreadcrumbList","@id":"https:\/\/yoopies.lt\/c\/apie-yoopies\/#breadcrumb","itemListElement":[{"@type":"ListItem","position":1,"name":"Home","item":"https:\/\/yoopies.lt\/c\/"},{"@type":"ListItem","position":2,"name":"Apie Yoopies"}]},{"@type":"WebSite","@id":"https:\/\/yoopies.lt\/c\/#website","url":"https:\/\/yoopies.lt\/c\/","name":"Yoopies Lietuva Blog","description":"","publisher":{"@id":"https:\/\/yoopies.lt\/c\/#organization"},"potentialAction":[{"@type":"SearchAction","target":{"@type":"EntryPoint","urlTemplate":"https:\/\/yoopies.lt\/c\/?s={search_term_string}"},"query-input":{"@type":"PropertyValueSpecification","valueRequired":true,"valueName":"search_term_string"}}],"inLanguage":"lt-LT"},{"@type":"Organization","@id":"https:\/\/yoopies.lt\/c\/#organization","name":"Yoopies Lietuva Blog","url":"https:\/\/yoopies.lt\/c\/","logo":{"@type":"ImageObject","inLanguage":"lt-LT","@id":"https:\/\/yoopies.lt\/c\/#\/schema\/logo\/image\/","url":"https:\/\/yoopies.lt\/c\/wp-content\/uploads\/sites\/12\/2025\/05\/cropped-Logo_Yoopies-2.png","contentUrl":"https:\/\/yoopies.lt\/c\/wp-content\/uploads\/sites\/12\/2025\/05\/cropped-Logo_Yoopies-2.png","width":512,"height":512,"caption":"Yoopies Lietuva Blog"},"image":{"@id":"https:\/\/yoopies.lt\/c\/#\/schema\/logo\/image\/"}}]}},"_links":{"self":[{"href":"https:\/\/yoopies.lt\/c\/wp-json\/wp\/v2\/pages\/94","targetHints":{"allow":["GET"]}}],"collection":[{"href":"https:\/\/yoopies.lt\/c\/wp-json\/wp\/v2\/pages"}],"about":[{"href":"https:\/\/yoopies.lt\/c\/wp-json\/wp\/v2\/types\/page"}],"author":[{"embeddable":true,"href":"https:\/\/yoopies.lt\/c\/wp-json\/wp\/v2\/users\/10"}],"replies":[{"embeddable":true,"href":"https:\/\/yoopies.lt\/c\/wp-json\/wp\/v2\/comments?post=94"}],"version-history":[{"count":1,"href":"https:\/\/yoopies.lt\/c\/wp-json\/wp\/v2\/pages\/94\/revisions"}],"predecessor-version":[{"id":100,"href":"https:\/\/yoopies.lt\/c\/wp-json\/wp\/v2\/pages\/94\/revisions\/100"}],"wp:featuredmedia":[{"embeddable":true,"href":"https:\/\/yoopies.lt\/c\/wp-json\/wp\/v2\/media\/99"}],"wp:attachment":[{"href":"https:\/\/yoopies.lt\/c\/wp-json\/wp\/v2\/media?parent=94"}],"curies":[{"name":"wp","href":"https:\/\/api.w.org\/{rel}","templated":true}]}}